{"id":1711,"date":"2023-10-17T19:57:27","date_gmt":"2023-10-17T22:57:27","guid":{"rendered":"https:\/\/hificlub.com.br\/loja2\/produto\/mcintosh-d100-digital-preamplifier-dac-32-bits-192khz\/"},"modified":"2024-10-07T17:10:36","modified_gmt":"2024-10-07T20:10:36","slug":"mcintosh-d100-digital-preamplifier-dac-32-bits-192khz","status":"publish","type":"product","link":"https:\/\/hificlub.com.br\/loja\/produto\/mcintosh-d100-digital-preamplifier-dac-32-bits-192khz\/","title":{"rendered":"MCINTOSH D150  Digital Preamp DAC  32 bits\/192kHz"},"content":{"rendered":"<p>CONDI\u00c7\u00c3O: 9\/10<\/p>\n<p>Pr\u00e9-amplificador digital, DAC incluindo USB com 32 bits 192KHz e amplificador de fone de ouvido<\/p>\n<p>O pr\u00e9-amplificador est\u00e9reo digital McIntosh D150 expande os recursos de reprodu\u00e7\u00e3o de m\u00fasica digital McIntosh, suportando muitos novos formatos de \u00e1udio digital, como DSD e DXD. A entrada USB suporta sinais de at\u00e9 32 bits\/384 kHz e DSD64, DSD128, DXD 352,8 kHz e DXD 384 kHz. As duas entradas coaxiais e \u00f3pticas processam at\u00e9 24 bits\/192 kHz. O D150 da McIntosh \u00e9 uma solu\u00e7\u00e3o simples para expandir seu sistema existente com muitas entradas digitais.<\/p>\n<p>A entrada DIN \u00e0 qual o novo transporte do leitor SACD\/CD McIntosh MCT450 pode ser conectado \u00e9 \u00fanica, de modo que a resolu\u00e7\u00e3o digital completa do SACD \u00e9 transmitida.<\/p>\n<p>ESPECIFICA\u00c7\u00d5ES<br \/>\nCOR:\tpreto<br \/>\nCONVERSOR D\/A:\tN \/ D<br \/>\nENTRADAS ANAL\u00d3GICAS:\tN\u00e3o<br \/>\nSA\u00cdDAS ANAL\u00d3GICAS:\t1 x est\u00e9reo Cinch fixo, 1 x XLR est\u00e9reo vari\u00e1vel, 1x XLR est\u00e9reo fixo, 1 x est\u00e9reo Cinch vari\u00e1vel<br \/>\nENTRADAS DIGITAIS:\t2 x \u00f3ptico (Toslink), USB-B, 2 x coaxial<br \/>\nSA\u00cdDAS DIGITAIS:\tN\u00e3o<br \/>\nENTRADA BALANCEADA:\tN\u00e3o<br \/>\nSA\u00cdDA BALANCEADA:\tXLR est\u00e9reo<br \/>\nFORMATOS SUPORTADOS:\tat\u00e9 DSD64, DSD128 e DSD256<br \/>\nSUPORTE DSD:\tDSD64, DSD128 e DSD256<br \/>\nFUN\u00c7\u00c3O DE TRANSMISS\u00c3O:\tN\u00e3o<br \/>\nSA\u00cdDA DE FONE DE OUVIDO:\tConector est\u00e9reo de 6,3 mm<br \/>\nPESO:\t6,1kg<br \/>\nDIMENS\u00d5ES (AXLXP):\t98 x 44,45 x 40,64 mm<\/p>\n","protected":false},"excerpt":{"rendered":"<p>CONDI\u00c7\u00c3O: 9\/10 Pr\u00e9-amplificador digital, DAC incluindo USB com 32 bits 192KHz e amplificador de fone de ouvido O pr\u00e9-amplificador est\u00e9reo digital McIntosh D150 expande os recursos de reprodu\u00e7\u00e3o de m\u00fasica digital McIntosh, suportando muitos novos formatos de \u00e1udio digital, como DSD e DXD. A entrada USB suporta sinais de at\u00e9 32 bits\/384 kHz e DSD64, [&hellip;]<\/p>\n","protected":false},"featured_media":15180,"template":"","meta":{"_acf_changed":false},"product_brand":[],"product_cat":[43,41,39,38],"product_tag":[],"class_list":{"0":"post-1711","1":"product","2":"type-product","3":"status-publish","4":"has-post-thumbnail","6":"product_cat-dac","7":"product_cat-digital","8":"product_cat-mcintosh","9":"product_cat-pre-amplificador","11":"first","12":"instock","13":"sold-individually","14":"shipping-taxable","15":"purchasable","16":"product-type-simple"},"acf":[],"aioseo_notices":[],"_links":{"self":[{"href":"https:\/\/hificlub.com.br\/loja\/wp-json\/wp\/v2\/product\/1711","targetHints":{"allow":["GET"]}}],"collection":[{"href":"https:\/\/hificlub.com.br\/loja\/wp-json\/wp\/v2\/product"}],"about":[{"href":"https:\/\/hificlub.com.br\/loja\/wp-json\/wp\/v2\/types\/product"}],"wp:featuredmedia":[{"embeddable":true,"href":"https:\/\/hificlub.com.br\/loja\/wp-json\/wp\/v2\/media\/15180"}],"wp:attachment":[{"href":"https:\/\/hificlub.com.br\/loja\/wp-json\/wp\/v2\/media?parent=1711"}],"wp:term":[{"taxonomy":"product_brand","embeddable":true,"href":"https:\/\/hificlub.com.br\/loja\/wp-json\/wp\/v2\/product_brand?post=1711"},{"taxonomy":"product_cat","embeddable":true,"href":"https:\/\/hificlub.com.br\/loja\/wp-json\/wp\/v2\/product_cat?post=1711"},{"taxonomy":"product_tag","embeddable":true,"href":"https:\/\/hificlub.com.br\/loja\/wp-json\/wp\/v2\/product_tag?post=1711"}],"curies":[{"name":"wp","href":"https:\/\/api.w.org\/{rel}","templated":true}]}}