{"id":16936,"date":"2024-08-02T06:40:33","date_gmt":"2024-08-02T09:40:33","guid":{"rendered":"https:\/\/hificlub.com.br\/loja\/?post_type=product&#038;p=16936"},"modified":"2024-10-07T16:51:23","modified_gmt":"2024-10-07T19:51:23","slug":"pass-labs-x5-5x-125-watts","status":"publish","type":"product","link":"https:\/\/hificlub.com.br\/loja\/produto\/pass-labs-x5-5x-125-watts\/","title":{"rendered":"PASS LABS X5  5x 125 watts"},"content":{"rendered":"<p>ESTADO 9\/10<\/p>\n<p>O X5 \u00e9 um amplificador de pot\u00eancia de 5 canais constru\u00eddo no mesmo chassi dos amplificadores X150 e X3. Como o X150, o X5 incorpora a tecnologia de design e os refinamentos dos amplificadores maiores da s\u00e9rie &#8220;X&#8221;, incluindo o circuito Supersymmetric patenteado. O X5 \u00e9 classificado em 125 watts por canal em 8 ohms, todos os canais acionados. Um pr\u00e1tico interruptor de espera, um recurso de todos os amplificadores de pot\u00eancia da s\u00e9rie X, est\u00e1 localizado no painel frontal do amplificador. Cada canal aceita entradas balanceadas e single-ended, e as sa\u00eddas s\u00e3o fornecidas por meio de bornes de cinco vias com classifica\u00e7\u00e3o de seguran\u00e7a internacional. O X5 oferece excelente desempenho sonoro e valor em um ambiente de audi\u00e7\u00e3o multicanal, lidando com finesse com passagens musicais e com autoridade com os transientes r\u00e1pidos e frequ\u00eancias graves profundas de apresenta\u00e7\u00f5es de v\u00eddeo. Os canais de sa\u00edda s\u00e3o projetados para operar independentemente um do outro, portanto, uma variedade de conex\u00f5es de alto-falantes s\u00e3o poss\u00edveis sem penalidade do X5. Com qualidade de constru\u00e7\u00e3o robusta, design industrial premiado e o legado de g\u00eanio do circuito Pass por tr\u00e1s dele, acreditamos que o X5 \u00e9 classificado como um dos melhores amplificadores multicanal de sua faixa de pre\u00e7o no mercado hoje&#8230;<\/p>\n<p>Ganho: 30dB<br \/>\nResposta de frequ\u00eancia: -0 dB em CC, -3 dB em 100 kHz<br \/>\nSa\u00edda de pot\u00eancia: 5x 125 watts<br \/>\nImped\u00e2ncia de entrada: 22 kohm balanceado, 11 kohm desbalanceado<br \/>\nTens\u00e3o de sa\u00edda: M\u00e1ximo mais, menos aprox. 50 volts<br \/>\nCorrente de sa\u00edda: M\u00e1ximo mais, menos aprox. 10 amp\u00e8res<br \/>\nFator de amortecimento: 200 ref 8 ohms nominal<br \/>\nTaxa de varia\u00e7\u00e3o: aprox. mais, menos 50 V\/uS<br \/>\nRu\u00eddo de sa\u00edda aprox. 300 uV n\u00e3o ponderado 20-20 kHz<br \/>\nPiso de ru\u00eddo aleat\u00f3rio: aproximadamente 2 uV<br \/>\nFaixa din\u00e2mica: 140 dB (piso de ru\u00eddo aleat\u00f3rio para sa\u00edda de pico)<br \/>\nCMRR balanceado: aprox. -85 dB a 1 kHz<br \/>\n(taxa de rejei\u00e7\u00e3o de modo comum de entrada)<br \/>\nDeslocamento de CC: &lt; 100 mv<br \/>\nConsumo de energia: 200 watts ocioso, 600 watts m\u00e1x.<\/p>\n<p>Peso: 38,5 kg<br \/>\nDi\u00e2metro: 482 mm<br \/>\nAltura: 177 mm<br \/>\nDi\u00e2metro: 508 mm<\/p>\n","protected":false},"excerpt":{"rendered":"<p>ESTADO 9\/10 O X5 \u00e9 um amplificador de pot\u00eancia de 5 canais constru\u00eddo no mesmo chassi dos amplificadores X150 e X3. Como o X150, o X5 incorpora a tecnologia de design e os refinamentos dos amplificadores maiores da s\u00e9rie &#8220;X&#8221;, incluindo o circuito Supersymmetric patenteado. O X5 \u00e9 classificado em 125 watts por canal em [&hellip;]<\/p>\n","protected":false},"featured_media":16942,"template":"","meta":{"_acf_changed":false},"product_brand":[],"product_cat":[27,48,219],"product_tag":[],"class_list":{"0":"post-16936","1":"product","2":"type-product","3":"status-publish","4":"has-post-thumbnail","6":"product_cat-amplificador","7":"product_cat-multicanal","8":"product_cat-pass-labs","10":"first","11":"instock","12":"sold-individually","13":"shipping-taxable","14":"purchasable","15":"product-type-simple"},"acf":[],"aioseo_notices":[],"_links":{"self":[{"href":"https:\/\/hificlub.com.br\/loja\/wp-json\/wp\/v2\/product\/16936","targetHints":{"allow":["GET"]}}],"collection":[{"href":"https:\/\/hificlub.com.br\/loja\/wp-json\/wp\/v2\/product"}],"about":[{"href":"https:\/\/hificlub.com.br\/loja\/wp-json\/wp\/v2\/types\/product"}],"wp:featuredmedia":[{"embeddable":true,"href":"https:\/\/hificlub.com.br\/loja\/wp-json\/wp\/v2\/media\/16942"}],"wp:attachment":[{"href":"https:\/\/hificlub.com.br\/loja\/wp-json\/wp\/v2\/media?parent=16936"}],"wp:term":[{"taxonomy":"product_brand","embeddable":true,"href":"https:\/\/hificlub.com.br\/loja\/wp-json\/wp\/v2\/product_brand?post=16936"},{"taxonomy":"product_cat","embeddable":true,"href":"https:\/\/hificlub.com.br\/loja\/wp-json\/wp\/v2\/product_cat?post=16936"},{"taxonomy":"product_tag","embeddable":true,"href":"https:\/\/hificlub.com.br\/loja\/wp-json\/wp\/v2\/product_tag?post=16936"}],"curies":[{"name":"wp","href":"https:\/\/api.w.org\/{rel}","templated":true}]}}