{"id":16895,"date":"2024-08-01T07:18:03","date_gmt":"2024-08-01T10:18:03","guid":{"rendered":"https:\/\/hificlub.com.br\/loja\/?post_type=product&#038;p=16895"},"modified":"2026-03-03T22:18:24","modified_gmt":"2026-03-04T01:18:24","slug":"kef-lsx-ii-wireless","status":"publish","type":"product","link":"https:\/\/hificlub.com.br\/loja\/produto\/kef-lsx-ii-wireless\/","title":{"rendered":"KEF LSX II Wireless &#8211; Caixa Bookshelf"},"content":{"rendered":"<p>KEF LSX II o compacto definitivo sem fio HiFi<\/p>\n<p>Bem-vindo a um mundo de som de alta fidelidade que \u00e9 verdadeiro o suficiente para tocar. Este sistema de alto-falantes tudo em um em sua segunda gera\u00e7\u00e3o: atualizado para oferecer um som mais equilibrado em resolu\u00e7\u00e3o mais alta com conectividade com tudo inclu\u00eddo. Basta transmitir qualquer coisa, incluindo AirPlay 2, Chromecast, Spotify e Tidal, ou conectar o LSX II ao seu laptop, TV e muitos outros dispositivos.<\/p>\n<p>Nunca houve um momento melhor para descobrir a alegria de poder ouvir todos os detalhes de suas m\u00fasicas favoritas. As seis d\u00e9cadas de experi\u00eancia da KEF em excel\u00eancia ac\u00fastica combinadas com inova\u00e7\u00e3o constante e o desenvolvimento da tecnologia sem fio levaram \u00e0 cria\u00e7\u00e3o do LSX II; um sistema Hi-Fi sem fio compacto que oferece som puro e preciso, mas com a compatibilidade e conveni\u00eancia da melhor tecnologia sem fio.<\/p>\n<p>Muito mais do que uma simples atualiza\u00e7\u00e3o do premiado original, o LSX II combina som l\u00edder de classe com a abrangente plataforma sem fio W2 do LS50 Wireless II. As op\u00e7\u00f5es de conectividade s\u00e3o aprimoradas pela adi\u00e7\u00e3o de HDMI e USB-C, tornando-o um companheiro ideal para sistemas de TV e computadores de mesa.<\/p>\n<p>O LSX II oferece um som preciso, natural e envolvente de qualquer fonte, gra\u00e7as ao conhecimento e \u00e0 experi\u00eancia dos talentosos engenheiros da KEF e ao ic\u00f4nico conjunto de drivers Uni-Q. Al\u00e9m disso, tem um design contempor\u00e2neo, cortesia do famoso designer industrial Michael Young, e est\u00e1 dispon\u00edvel em cinco acabamentos elegantes.<\/p>\n<p>&nbsp;<\/p>\n<p><a href=\"https:\/\/www-whathifi-com.translate.goog\/reviews\/kef-lsx-ii?_x_tr_sl=en&amp;_x_tr_tl=pt&amp;_x_tr_hl=pt&amp;_x_tr_pto=tc\" target=\"_blank\" rel=\"noopener\"><img loading=\"lazy\" decoding=\"async\" class=\"alignnone wp-image-22882 size-full\" src=\"https:\/\/hificlub.com.br\/loja\/wp-content\/uploads\/2025\/06\/what-hifi-awards.png\" alt=\"\" width=\"316\" height=\"160\" srcset=\"https:\/\/hificlub.com.br\/loja\/wp-content\/uploads\/2025\/06\/what-hifi-awards.png 316w, https:\/\/hificlub.com.br\/loja\/wp-content\/uploads\/2025\/06\/what-hifi-awards-300x152.png 300w\" sizes=\"auto, (max-width: 316px) 100vw, 316px\" \/><\/a>\u00a0 \u00a0 \u00a0 \u00a0 \u00a0 \u00a0<a href=\"https:\/\/www.theabsolutesound.com\/articles\/kef-lsx-ii-wireless-loudspeaker\/\" target=\"_blank\" rel=\"noopener\"><img loading=\"lazy\" decoding=\"async\" class=\"alignnone wp-image-22935 size-full\" src=\"https:\/\/hificlub.com.br\/loja\/wp-content\/uploads\/2025\/06\/The-absolute-sound-award.jpg\" alt=\"\" width=\"325\" height=\"81\" srcset=\"https:\/\/hificlub.com.br\/loja\/wp-content\/uploads\/2025\/06\/The-absolute-sound-award.jpg 325w, https:\/\/hificlub.com.br\/loja\/wp-content\/uploads\/2025\/06\/The-absolute-sound-award-300x75.jpg 300w\" sizes=\"auto, (max-width: 325px) 100vw, 325px\" \/><\/a>\u00a0 \u00a0 <a href=\"https:\/\/www.ecoustics.com\/products\/kefs-lsx-ii-wireless-speakers\/\" target=\"_blank\" rel=\"noopener\"><img loading=\"lazy\" decoding=\"async\" class=\"alignnone wp-image-23031\" src=\"https:\/\/hificlub.com.br\/loja\/wp-content\/uploads\/2024\/08\/Ecoustics-award.jpg\" alt=\"\" width=\"302\" height=\"81\" \/><\/a><\/p>\n","protected":false},"excerpt":{"rendered":"<p>KEF LSX II o compacto definitivo sem fio HiFi Bem-vindo a um mundo de som de alta fidelidade que \u00e9 verdadeiro o suficiente para tocar. Este sistema de alto-falantes tudo em um em sua segunda gera\u00e7\u00e3o: atualizado para oferecer um som mais equilibrado em resolu\u00e7\u00e3o mais alta com conectividade com tudo inclu\u00eddo. Basta transmitir qualquer [&hellip;]<\/p>\n","protected":false},"featured_media":23025,"template":"","meta":{"_acf_changed":false},"product_brand":[],"product_cat":[25,17,56],"product_tag":[],"class_list":{"0":"post-16895","1":"product","2":"type-product","3":"status-publish","4":"has-post-thumbnail","6":"product_cat-bookshelf","7":"product_cat-caixas","8":"product_cat-kef","10":"first","11":"instock","12":"sold-individually","13":"shipping-taxable","14":"purchasable","15":"product-type-simple"},"acf":[],"aioseo_notices":[],"_links":{"self":[{"href":"https:\/\/hificlub.com.br\/loja\/wp-json\/wp\/v2\/product\/16895","targetHints":{"allow":["GET"]}}],"collection":[{"href":"https:\/\/hificlub.com.br\/loja\/wp-json\/wp\/v2\/product"}],"about":[{"href":"https:\/\/hificlub.com.br\/loja\/wp-json\/wp\/v2\/types\/product"}],"wp:featuredmedia":[{"embeddable":true,"href":"https:\/\/hificlub.com.br\/loja\/wp-json\/wp\/v2\/media\/23025"}],"wp:attachment":[{"href":"https:\/\/hificlub.com.br\/loja\/wp-json\/wp\/v2\/media?parent=16895"}],"wp:term":[{"taxonomy":"product_brand","embeddable":true,"href":"https:\/\/hificlub.com.br\/loja\/wp-json\/wp\/v2\/product_brand?post=16895"},{"taxonomy":"product_cat","embeddable":true,"href":"https:\/\/hificlub.com.br\/loja\/wp-json\/wp\/v2\/product_cat?post=16895"},{"taxonomy":"product_tag","embeddable":true,"href":"https:\/\/hificlub.com.br\/loja\/wp-json\/wp\/v2\/product_tag?post=16895"}],"curies":[{"name":"wp","href":"https:\/\/api.w.org\/{rel}","templated":true}]}}