{"id":16888,"date":"2024-08-01T07:00:36","date_gmt":"2024-08-01T10:00:36","guid":{"rendered":"https:\/\/hificlub.com.br\/loja\/?post_type=product&#038;p=16888"},"modified":"2025-12-02T07:24:07","modified_gmt":"2025-12-02T10:24:07","slug":"revel-ultima-voice-2-central","status":"publish","type":"product","link":"https:\/\/hificlub.com.br\/loja\/produto\/revel-ultima-voice-2-central\/","title":{"rendered":"REVEL ULTIMA VOICE 2 Black Piano Caixa Central Reference"},"content":{"rendered":"<p>&nbsp;<\/p>\n<p>Extra\u00eddo da not\u00e1vel nova fam\u00edlia de transdutores Ultima2 da Revel, o Voice 2 ostenta um par de woofers de 8 polegadas, e um midrange de 5 1\/4 polegadas e enormes bobinas de voz de fio plano de 2 polegadas de di\u00e2metro. O Voice2 oferece n\u00e3o apenas uma faixa din\u00e2mica extraordinariamente ampla, mas o luxo do desempenho sem compress\u00e3o. Adicione a resolu\u00e7\u00e3o imaculada do tweeter de domo de 1 polegada da s\u00e9rie Ultima2 de ber\u00edlio puro e redes de filtros de alta ordem otimizadas por computador, e o Revel Ultima Voice2 reproduzir\u00e1 a express\u00e3o mais suave ou a concuss\u00e3o mais alta. Por qualquer padr\u00e3o, o Voice2 fornece uma experi\u00eancia sonora elevada nos n\u00edveis de sa\u00edda mais exigentes.<\/p>\n<p>Em um sistema multicanal, nenhum alto-falante \u00e9 encarregado de uma miss\u00e3o mais importante do que o canal central. Muitas vezes carregando at\u00e9 75% de uma trilha sonora de cinema moderna em um instante, o canal central \u00e9 a \u00e2ncora ac\u00fastica para todo o sistema.<\/p>\n<p>\u00c9 por isso que a Revel criou o alto-falante Voice2. Constru\u00eddo com os mesmos padr\u00f5es exigentes de precis\u00e3o tonal residentes em cada Ultima2, o Voice2 desfruta de um comando sem esfor\u00e7o de contrastes din\u00e2micos, detalhes texturais e poder de resolu\u00e7\u00e3o. E sua sa\u00edda incans\u00e1vel permite que ele articule cada crescendo musical e efeito especial de sucesso que comp\u00f5em a experi\u00eancia multicanal e de som surround de hoje.<\/p>\n<p>Destaques do Voice 2<br \/>\nDefletores e inv\u00f3lucros arredondados praticamente eliminam a difra\u00e7\u00e3o<br \/>\nOs transdutores woofer e de m\u00e9dio alcance apresentam designs de domo invertido para um comportamento superior semelhante ao de um pist\u00e3o<br \/>\nOs tweeters usam guias de onda acusticamente otimizados para transi\u00e7\u00f5es perfeitas entre o tweeter e o m\u00e9dio alcance<br \/>\nOs tweeters de domo de ber\u00edlio puro apresentam o equil\u00edbrio ideal entre alta pot\u00eancia, baixa distor\u00e7\u00e3o e compress\u00e3o<br \/>\nPlacas de filtro separadas para cada faixa de frequ\u00eancia<br \/>\nIdeal para uso como alto-falante LCR<\/p>\n<p>Especifica\u00e7\u00f5es Gerais<br \/>\nResposta de frequ\u00eancia 3 dB de 60 Hz a 45 kHz \u00b10,5 dB de 65 Hz a 18 kHz \u00b11,0 dB de 65 Hz a 20 kHz<br \/>\nAltura 14,7&#8243; (37,3 cm)<br \/>\nLargura 25,5&#8243; (64,8 cm)<br \/>\nProfundidade 14&#8243; (35,6 cm)<br \/>\nPeso 62 lb (28,2 kg) Peso de envio 74,5 lb (33,8 kg)<br \/>\nFrequ\u00eancias de Crossover Resposta ac\u00fastica de alta ordem de tr\u00eas vias a 235 Hz e 2 kHz<br \/>\nAcabamentos Acabamento em preto piano ou mogno<br \/>\nComponentes de driver de alta frequ\u00eancia Tweeter de ber\u00edlio de 1&#8243; (2,5 cm)<br \/>\nImped\u00e2ncia nominal 6 ohms (nominal) 3,6 ohms (m\u00ednimo @ 90 Hz)<br \/>\nExtens\u00e3o de baixa frequ\u00eancia -10 dB a 36 Hz -6 dB a 49 Hz -3 dB a 60 Hz<br \/>\nComponentes de driver de baixa frequ\u00eancia Dois woofers c\u00f4nicos de tit\u00e2nio de 8&#8243; (20 cm)<br \/>\nComponentes de driver de m\u00e9dia frequ\u00eancia Cone de tit\u00e2nio de m\u00e9dio alcance de 5 \u00bc&#8221; (13,3 cm)<br \/>\nSensibilidade 89 dB SPL com 2,83 V @ 1m (4 pi anec\u00f3ico)<br \/>\nacess\u00f3rios opcionais Pedestal de piso opcional para Voice2 \u2022 Adiciona 24,2&#8243; (61,4 cm) \u00e0 altura do Voice2 \u2022 Acabamento somente em preto piano<br \/>\nDocumentos e Downloads<br \/>\nOs mais recentes manuais do propriet\u00e1rio, guias de in\u00edcio r\u00e1pido e documentos.<\/p>\n<p>&nbsp;<\/p>\n","protected":false},"excerpt":{"rendered":"<p>&nbsp; Extra\u00eddo da not\u00e1vel nova fam\u00edlia de transdutores Ultima2 da Revel, o Voice 2 ostenta um par de woofers de 8 polegadas, e um midrange de 5 1\/4 polegadas e enormes bobinas de voz de fio plano de 2 polegadas de di\u00e2metro. O Voice2 oferece n\u00e3o apenas uma faixa din\u00e2mica extraordinariamente ampla, mas o luxo [&hellip;]<\/p>\n","protected":false},"featured_media":16889,"template":"","meta":{"_acf_changed":false},"product_brand":[],"product_cat":[35,17,82],"product_tag":[],"class_list":{"0":"post-16888","1":"product","2":"type-product","3":"status-publish","4":"has-post-thumbnail","6":"product_cat-caixas-centrais","7":"product_cat-caixas","8":"product_cat-revel","10":"first","11":"instock","12":"sold-individually","13":"shipping-taxable","14":"purchasable","15":"product-type-simple"},"acf":[],"aioseo_notices":[],"_links":{"self":[{"href":"https:\/\/hificlub.com.br\/loja\/wp-json\/wp\/v2\/product\/16888","targetHints":{"allow":["GET"]}}],"collection":[{"href":"https:\/\/hificlub.com.br\/loja\/wp-json\/wp\/v2\/product"}],"about":[{"href":"https:\/\/hificlub.com.br\/loja\/wp-json\/wp\/v2\/types\/product"}],"wp:featuredmedia":[{"embeddable":true,"href":"https:\/\/hificlub.com.br\/loja\/wp-json\/wp\/v2\/media\/16889"}],"wp:attachment":[{"href":"https:\/\/hificlub.com.br\/loja\/wp-json\/wp\/v2\/media?parent=16888"}],"wp:term":[{"taxonomy":"product_brand","embeddable":true,"href":"https:\/\/hificlub.com.br\/loja\/wp-json\/wp\/v2\/product_brand?post=16888"},{"taxonomy":"product_cat","embeddable":true,"href":"https:\/\/hificlub.com.br\/loja\/wp-json\/wp\/v2\/product_cat?post=16888"},{"taxonomy":"product_tag","embeddable":true,"href":"https:\/\/hificlub.com.br\/loja\/wp-json\/wp\/v2\/product_tag?post=16888"}],"curies":[{"name":"wp","href":"https:\/\/api.w.org\/{rel}","templated":true}]}}