{"id":16881,"date":"2024-08-01T06:38:59","date_gmt":"2024-08-01T09:38:59","guid":{"rendered":"https:\/\/hificlub.com.br\/loja\/?post_type=product&#038;p=16881"},"modified":"2024-10-07T16:51:24","modified_gmt":"2024-10-07T19:51:24","slug":"psb-subseries-300-12-300-watts","status":"publish","type":"product","link":"https:\/\/hificlub.com.br\/loja\/produto\/psb-subseries-300-12-300-watts\/","title":{"rendered":"PSB SUBSERIES 300 12&#8243; 300 watts"},"content":{"rendered":"<p>ESTADO 9\/10<\/p>\n<p>O SubSeries 300 \u00e9 o primeiro de uma nova linha de designs de subwoofer a ser alimentado pelo amplificador sofisticado e de alta efici\u00eancia da NAD. O SubSeries 300 tamb\u00e9m apresenta tecnologia trickle-down do premiado carro-chefe SubSeries 500 da PSB, incluindo o circuito limitador de \u201cgraves inteligentes\u201d exclusivo da empresa. Como resultado, o SubSeries 300 oferece uma combina\u00e7\u00e3o vencedora de pot\u00eancia, graves de alto impacto e musicalidade.<\/p>\n<p>O SubSeries 300 lida habilmente com transientes exigentes e explosivos na m\u00fasica gra\u00e7as \u00e0 capacidade do amplificador NAD de produzir 850 W de pot\u00eancia din\u00e2mica de pico, 425 W de pot\u00eancia din\u00e2mica e 300 W de pot\u00eancia cont\u00ednua (a &lt;0,08% THD). O est\u00e1gio de sa\u00edda do amplificador MOSFET discreto Classe D de alta pot\u00eancia \u00e9 90% eficiente, exigindo menos energia para produzir mais pot\u00eancia. Os engenheiros do PSB tamb\u00e9m redesenharam a fonte de alimenta\u00e7\u00e3o para reduzir o consumo de energia em modo de espera para um valor notavelmente baixo &lt;0,5 watts. O pequeno gabinete do SubSeries 300 abriga um woofer de 12 polegadas altamente otimizado com cone de polipropileno, borda de borracha but\u00edlica, bobina de voz de alta pot\u00eancia de 50 mm e enorme \u00edm\u00e3 de 50 on\u00e7as. Uma grande porta de disparo para baixo com raio interno e externo de 75 mm de di\u00e2metro torna o ru\u00eddo da porta quase inexistente. Os engenheiros da PSB empregaram o software FEA (an\u00e1lise de elementos finitos) e o sofisticado Sistema Analisador de Distor\u00e7\u00e3o da Klippel para minimizar a distor\u00e7\u00e3o ao projetar o woofer do SubSeries 300. O SubSeries 300 herda a tecnologia do SubSeries 500 (vencedor do Pr\u00eamio EISA de melhor subwoofer HT europeu 2010-2011) ao incorporar a mais recente implementa\u00e7\u00e3o do circuito limitador de &quot;graves inteligentes&quot; propriet\u00e1rio da PSB. O &quot;grave inteligente&quot; evita sobrecarga aud\u00edvel, mesmo reproduzindo as trilhas sonoras de m\u00fasicas e filmes mais exigentes, permitindo que o SubSeries 300 forne\u00e7a musicalidade consistentemente limpa e precisa, mesmo quando sobrecarregado.<\/p>\n<p>Destaques do produto:<br \/>\nresposta de frequ\u00eancia 27-150 Hz (\u00b13dB)<br \/>\namplificador MOSFET discreto Classe D integrado desenvolvido em parceria com a NAD Electronics<br \/>\nAmplificador de 300 watts RMS<br \/>\ncrossover passa-baixo continuamente vari\u00e1vel de 50-150 Hz<br \/>\nCone do woofer de polipropileno de 12&quot; com borda de borracha but\u00edlica<br \/>\ngabinete bass-reflex (portado)<br \/>\nconvenientes controles de volume e crossover montados na frente<br \/>\ninterruptor de fase montado na frente<br \/>\nentradas e sa\u00eddas de n\u00edvel de linha\/LFE<br \/>\nentradas de n\u00edvel de alto-falante<br \/>\nligar\/desligar autom\u00e1tico<br \/>\nultrabaixo, economia de energia &lt;0,5 W de consumo de energia em espera<br \/>\ncabo de alimenta\u00e7\u00e3o remov\u00edvel de 8 p\u00e9s<br \/>\nacabamento cinza preto<br \/>\n15-1\/4&quot;L x 19-15\/16&quot;A x 18-11\/16&quot;P<br \/>\npeso: 43 libras<\/p>\n","protected":false},"excerpt":{"rendered":"<p>ESTADO 9\/10 O SubSeries 300 \u00e9 o primeiro de uma nova linha de designs de subwoofer a ser alimentado pelo amplificador sofisticado e de alta efici\u00eancia da NAD. O SubSeries 300 tamb\u00e9m apresenta tecnologia trickle-down do premiado carro-chefe SubSeries 500 da PSB, incluindo o circuito limitador de \u201cgraves inteligentes\u201d exclusivo da empresa. Como resultado, o [&hellip;]<\/p>\n","protected":false},"featured_media":16882,"template":"","meta":{"_acf_changed":false},"product_brand":[],"product_cat":[17,70,36],"product_tag":[],"class_list":{"0":"post-16881","1":"product","2":"type-product","3":"status-publish","4":"has-post-thumbnail","6":"product_cat-caixas","7":"product_cat-psb","8":"product_cat-subwoofer","10":"first","11":"instock","12":"sold-individually","13":"shipping-taxable","14":"purchasable","15":"product-type-simple"},"acf":[],"aioseo_notices":[],"_links":{"self":[{"href":"https:\/\/hificlub.com.br\/loja\/wp-json\/wp\/v2\/product\/16881","targetHints":{"allow":["GET"]}}],"collection":[{"href":"https:\/\/hificlub.com.br\/loja\/wp-json\/wp\/v2\/product"}],"about":[{"href":"https:\/\/hificlub.com.br\/loja\/wp-json\/wp\/v2\/types\/product"}],"wp:featuredmedia":[{"embeddable":true,"href":"https:\/\/hificlub.com.br\/loja\/wp-json\/wp\/v2\/media\/16882"}],"wp:attachment":[{"href":"https:\/\/hificlub.com.br\/loja\/wp-json\/wp\/v2\/media?parent=16881"}],"wp:term":[{"taxonomy":"product_brand","embeddable":true,"href":"https:\/\/hificlub.com.br\/loja\/wp-json\/wp\/v2\/product_brand?post=16881"},{"taxonomy":"product_cat","embeddable":true,"href":"https:\/\/hificlub.com.br\/loja\/wp-json\/wp\/v2\/product_cat?post=16881"},{"taxonomy":"product_tag","embeddable":true,"href":"https:\/\/hificlub.com.br\/loja\/wp-json\/wp\/v2\/product_tag?post=16881"}],"curies":[{"name":"wp","href":"https:\/\/api.w.org\/{rel}","templated":true}]}}