{"id":16848,"date":"2024-07-31T06:32:50","date_gmt":"2024-07-31T09:32:50","guid":{"rendered":"https:\/\/hificlub.com.br\/loja\/?post_type=product&#038;p=16848"},"modified":"2026-02-09T06:30:05","modified_gmt":"2026-02-09T09:30:05","slug":"cardas-clear-xlr-1-5-metro","status":"publish","type":"product","link":"https:\/\/hificlub.com.br\/loja\/produto\/cardas-clear-xlr-1-5-metro\/","title":{"rendered":"CARDAS CLEAR XLR  1.5 metro"},"content":{"rendered":"<p>ESTADO 9\/10<\/p>\n<p>O novo Cardas Clear \u00e9 incr\u00edvel! A mais recente busca pela perfei\u00e7\u00e3o de George Cardas. Este cabo dan\u00e7a o fio da navalha da musicalidade e da resolu\u00e7\u00e3o. Alguns cabos de alto desempenho tendem a ser \u201cmuito reveladores\u201d. N\u00e3o o Clear&#8230; devido \u00e0 sua constru\u00e7\u00e3o sofisticada \u00e9 uma pura janela para a m\u00fasica.<\/p>\n<p>A interconex\u00e3o clara \u00e9 a continua\u00e7\u00e3o da minha \u201cbusca pela perfei\u00e7\u00e3o\u201d. Clara \u00e9 a geometria da nossa interliga\u00e7\u00e3o Golden Reference, mas altamente refinada. Clear \u00e9 diel\u00e9tricos e metalurgia atuais e de \u00faltima gera\u00e7\u00e3o. Clear casa os dois com um condutor tubular ultrafino e tran\u00e7ado. Clara \u00e9 a vis\u00e3o da geometria perfeita. Clear tem sido meu projeto mais intenso. Os avan\u00e7os metal\u00fargicos e as t\u00e9cnicas de teste de metais que evolu\u00edram a partir deste projeto est\u00e3o encontrando aplica\u00e7\u00f5es muito al\u00e9m de qualquer coisa que eu jamais imaginei. Os insights sobre a rela\u00e7\u00e3o diel\u00e9trica b\u00e1sica do condutor levaram a uma nova fronteira de compreens\u00e3o e a uma patente associada, mas foi o dram\u00e1tico silenciamento dos pr\u00f3prios cabos e a melhoria completamente inimagin\u00e1vel na profundidade e clareza do som que foi a verdadeira recompensa. Claro ser\u00e1 minha declara\u00e7\u00e3o mais duradoura.<\/p>\n<p>&#8220;Clear pode ser o \u00faltimo upgrade que voc\u00ea far\u00e1&#8221;<br \/>\nCardas Clear Interconnect traz uma nova abordagem \u00e0 tecnologia de condutores, aplicando design, engenharia e metalurgia avan\u00e7ados para desempenho sem precedentes. Essa mesma tecnologia \u00e9 usada em toda a fam\u00edlia de cabos Cardas Clear.<\/p>\n<p>Especifica\u00e7\u00f5es:<\/p>\n<p>Di\u00e2metro externo: 0,4<br \/>\nTipo diel\u00e9trico: Teflon\u00ae, Ar<br \/>\nCapacit\u00e2ncia RCA: 16 pf\/pf\/p\u00e9s<br \/>\nCapacit\u00e2ncia XLR: 8 pf\/f pf\/ft<br \/>\nCabo AWG: 25,5<br \/>\nTipo de blindagem: 100% espiral x 2 e composto de grafite Teflon<br \/>\nTipo de condutor: Propaga\u00e7\u00e3o combinada, Propor\u00e7\u00e3o \u00e1urea, Q constante, Crossfield, Cobre puro, Litz<\/p>\n","protected":false},"excerpt":{"rendered":"<p>ESTADO 9\/10 O novo Cardas Clear \u00e9 incr\u00edvel! A mais recente busca pela perfei\u00e7\u00e3o de George Cardas. Este cabo dan\u00e7a o fio da navalha da musicalidade e da resolu\u00e7\u00e3o. Alguns cabos de alto desempenho tendem a ser \u201cmuito reveladores\u201d. N\u00e3o o Clear&#8230; devido \u00e0 sua constru\u00e7\u00e3o sofisticada \u00e9 uma pura janela para a m\u00fasica. A [&hellip;]<\/p>\n","protected":false},"featured_media":16849,"template":"","meta":{"_acf_changed":false},"product_brand":[],"product_cat":[61,73],"product_tag":[],"class_list":{"0":"post-16848","1":"product","2":"type-product","3":"status-publish","4":"has-post-thumbnail","6":"product_cat-cabos","7":"product_cat-interconnect-xlr","9":"first","10":"instock","11":"sold-individually","12":"shipping-taxable","13":"purchasable","14":"product-type-simple"},"acf":[],"aioseo_notices":[],"_links":{"self":[{"href":"https:\/\/hificlub.com.br\/loja\/wp-json\/wp\/v2\/product\/16848","targetHints":{"allow":["GET"]}}],"collection":[{"href":"https:\/\/hificlub.com.br\/loja\/wp-json\/wp\/v2\/product"}],"about":[{"href":"https:\/\/hificlub.com.br\/loja\/wp-json\/wp\/v2\/types\/product"}],"wp:featuredmedia":[{"embeddable":true,"href":"https:\/\/hificlub.com.br\/loja\/wp-json\/wp\/v2\/media\/16849"}],"wp:attachment":[{"href":"https:\/\/hificlub.com.br\/loja\/wp-json\/wp\/v2\/media?parent=16848"}],"wp:term":[{"taxonomy":"product_brand","embeddable":true,"href":"https:\/\/hificlub.com.br\/loja\/wp-json\/wp\/v2\/product_brand?post=16848"},{"taxonomy":"product_cat","embeddable":true,"href":"https:\/\/hificlub.com.br\/loja\/wp-json\/wp\/v2\/product_cat?post=16848"},{"taxonomy":"product_tag","embeddable":true,"href":"https:\/\/hificlub.com.br\/loja\/wp-json\/wp\/v2\/product_tag?post=16848"}],"curies":[{"name":"wp","href":"https:\/\/api.w.org\/{rel}","templated":true}]}}