{"id":16827,"date":"2024-07-28T09:59:40","date_gmt":"2024-07-28T12:59:40","guid":{"rendered":"https:\/\/hificlub.com.br\/loja\/?post_type=product&#038;p=16827"},"modified":"2025-05-22T05:17:38","modified_gmt":"2025-05-22T08:17:38","slug":"antipodes-dx-reference-music-server","status":"publish","type":"product","link":"https:\/\/hificlub.com.br\/loja\/produto\/antipodes-dx-reference-music-server\/","title":{"rendered":"ANTIPODES DX Reference Music Server"},"content":{"rendered":"<p>ESTADO 9\/10<\/p>\n<p>A Antipodes Audio, uma empresa sediada na Nova Zel\u00e2ndia que \u00e9 nova para mim e para os EUA, fabrica uma variedade de tocadores de m\u00fasica; o DX Reference, seu modelo top, custa US$ 6.500 com armazenamento interno de estado s\u00f3lido de 1 TB, ou US$ 7.500 com 2 TB. (Recebi uma amostra com um 2,7 TB n\u00e3o padr\u00e3o.) Tamb\u00e9m est\u00e1 dispon\u00edvel o Antipodes DV Zero, destinado ao uso com unidades NAS \u2014 \u00e9 um servidor sem armazenamento interno \u2014 por US$ 5.000. A pre\u00e7os como esses, os produtos da Antipodes Audio est\u00e3o o mais longe que \u00e9 poss\u00edvel chegar da minha devo\u00e7\u00e3o frugal a computadores de uso geral.<br \/>\nUsar um computador de uso geral para reproduzir arquivos de \u00e1udio deve funcionar, mas, na pr\u00e1tica, o computador deve encaixar suas fun\u00e7\u00f5es de servir arquivos de \u00e1udio em todas as outras coisas que ele tem que fazer. (Usu\u00e1rios do Windows: Abra o aplicativo Gerenciador de Tarefas e verifique quantos processos est\u00e3o em execu\u00e7\u00e3o, mesmo quando seu PC aparentemente n\u00e3o tem nada para fazer.) Por outro lado, a m\u00e1quina Ant\u00edpodas faz apenas uma coisa: recupera arquivos de \u00e1udio de seu pr\u00f3prio armazenamento ou de armazenamento conectado \u00e0 rede (NAS) e alimenta os dados para suas duas portas USB 2.0. (H\u00e1 tamb\u00e9m um conector de 3,5 mm que fornece um sinal anal\u00f3gico est\u00e9reo e um fluxo de dados S\/PDIF \u00f3ptico, bem como outra porta USB para conectar uma unidade remov\u00edvel para backup.)<br \/>\nN\u00e3o h\u00e1 perif\u00e9ricos: apenas uma unidade de DVD\/CD de carregamento de slot para ripar discos e uma porta Ethernet RJ45 para permitir o controle por meio de outro computador na rede ou via WiFi usando um dispositivo iOS ou Android. Usando o sistema operacional Linux, o Antipodes DX executa apenas dois aplicativos: VortexBox para configura\u00e7\u00e3o, controle e ripagem de disco (consulte ); e, para gerenciar a biblioteca de m\u00fasica, o Logitech&#8217;s Squeezebox Server (anteriormente Slim Devices SlimServer, SqueezeCenter e Squeezebox Server; ele suporta reprodu\u00e7\u00e3o sem intervalos). O servidor Antipodes suporta uma ampla gama de formatos de arquivo de \u00e1udio: WAV, AIFF, FLAC, ALAC, AAC, M4A, MP3, Ogg, DSF e DFF. A resolu\u00e7\u00e3o do formato PCM pode ser de at\u00e9 32 bits, com taxas de amostragem de at\u00e9 384 kHz. Arquivos DSD64 e DSD128 podem ser reproduzidos.<\/p>\n<p>O cora\u00e7\u00e3o do DX \u00e9 uma placa-m\u00e3e com um processador Intel Atom quad-core e 4 GB de RAM DDR3, este \u00faltimo para armazenar em cache a lista de reprodu\u00e7\u00e3o selecionada para reprodu\u00e7\u00e3o direta. De acordo com o fundador da Antipodes, Mark Jenkins, a transfer\u00eancia do armazenamento de longo prazo para a RAM \u00e9 gerenciada &#8220;de uma forma melhor e mais consistente, o que melhora o som. Exatamente como os arquivos s\u00e3o colocados na RAM e lidos da RAM para a sa\u00edda de \u00e1udio \u00e9 muito importante para a qualidade do som.&#8221;<br \/>\n( Review Stereophile )<\/p>\n<p>Especifica\u00e7\u00f5es<br \/>\nDescri\u00e7\u00e3o: Media Server executando Linux (Fedora release 20), VortexBox v.2.3, Squeezebox Server 7.8.0. Formatos suportados: WAV, AIFF, FLAC, ALAC, AAC, M4A, MP3, Ogg, DSF, DFF. Resolu\u00e7\u00e3o e taxas de amostragem suportadas: PCM at\u00e9 32 bits\/384 kHz, DSD64 e DSD128. Entradas: USB 2.0 Audio 5V On, USB Audio 2.0 5V Off, Ethernet. Sa\u00edda: USB para backup, \u00e1udio anal\u00f3gico est\u00e9reo\/S\/PDIF TosLink em um \u00fanico conector de 3,5 mm.<br \/>\nDimens\u00f5es: 16,75&#8243; (430 mm) L por 3,3&#8243; (85 mm) A por 10,65&#8243; (273 mm) P. Peso de envio: 15,4 lbs (7 kg).<\/p>\n","protected":false},"excerpt":{"rendered":"<p>ESTADO 9\/10 A Antipodes Audio, uma empresa sediada na Nova Zel\u00e2ndia que \u00e9 nova para mim e para os EUA, fabrica uma variedade de tocadores de m\u00fasica; o DX Reference, seu modelo top, custa US$ 6.500 com armazenamento interno de estado s\u00f3lido de 1 TB, ou US$ 7.500 com 2 TB. (Recebi uma amostra com [&hellip;]<\/p>\n","protected":false},"featured_media":16828,"template":"","meta":{"_acf_changed":false},"product_brand":[],"product_cat":[261,41,50],"product_tag":[],"class_list":{"0":"post-16827","1":"product","2":"type-product","3":"status-publish","4":"has-post-thumbnail","6":"product_cat-antipodes","7":"product_cat-digital","8":"product_cat-music-server","10":"first","11":"instock","12":"sold-individually","13":"shipping-taxable","14":"purchasable","15":"product-type-simple"},"acf":[],"aioseo_notices":[],"_links":{"self":[{"href":"https:\/\/hificlub.com.br\/loja\/wp-json\/wp\/v2\/product\/16827","targetHints":{"allow":["GET"]}}],"collection":[{"href":"https:\/\/hificlub.com.br\/loja\/wp-json\/wp\/v2\/product"}],"about":[{"href":"https:\/\/hificlub.com.br\/loja\/wp-json\/wp\/v2\/types\/product"}],"wp:featuredmedia":[{"embeddable":true,"href":"https:\/\/hificlub.com.br\/loja\/wp-json\/wp\/v2\/media\/16828"}],"wp:attachment":[{"href":"https:\/\/hificlub.com.br\/loja\/wp-json\/wp\/v2\/media?parent=16827"}],"wp:term":[{"taxonomy":"product_brand","embeddable":true,"href":"https:\/\/hificlub.com.br\/loja\/wp-json\/wp\/v2\/product_brand?post=16827"},{"taxonomy":"product_cat","embeddable":true,"href":"https:\/\/hificlub.com.br\/loja\/wp-json\/wp\/v2\/product_cat?post=16827"},{"taxonomy":"product_tag","embeddable":true,"href":"https:\/\/hificlub.com.br\/loja\/wp-json\/wp\/v2\/product_tag?post=16827"}],"curies":[{"name":"wp","href":"https:\/\/api.w.org\/{rel}","templated":true}]}}