{"id":16808,"date":"2024-07-27T18:26:42","date_gmt":"2024-07-27T21:26:42","guid":{"rendered":"https:\/\/hificlub.com.br\/loja\/?post_type=product&#038;p=16808"},"modified":"2026-03-03T22:18:25","modified_gmt":"2026-03-04T01:18:25","slug":"mark-levinson-5105","status":"publish","type":"product","link":"https:\/\/hificlub.com.br\/loja\/produto\/mark-levinson-5105\/","title":{"rendered":"MARK LEVINSON 5105"},"content":{"rendered":"<p>Mark Levinson n\u00ba 5105 de 75 libras oferece anal\u00f3gico sublime: mesa girat\u00f3ria de fabrica\u00e7\u00e3o americana com engenharia de precis\u00e3o apresenta prato de alum\u00ednio de 14 libras e bra\u00e7o de fibra de carbono de 10 polegadas<br \/>\nQu\u00e3o bem concebido \u00e9 o toca-discos Mark Levinson No. 5105? O distintivo bot\u00e3o de ampulheta da empresa aparece at\u00e9 mesmo na forma de um peso recorde &#8211; um design de alum\u00ednio usinado suavemente curvo e jateado, carregado em massa com lat\u00e3o s\u00f3lido. S\u00e3o esses pequenos detalhes que ajudam a diferenciar o No. 5105 como um produto Levinson por completo. O mesmo vale para sua apar\u00eancia luxuosa, criada para combinar com outros componentes da s\u00e9rie Levinson 5000 por meio de um painel frontal de alum\u00ednio s\u00f3lido anodizado preto com uma polegada de espessura que se funde perfeitamente em uma elegante tela de vidro. Para completar, uma moldura recuada em alum\u00ednio anodizado transparente com bot\u00f5es de controle em alum\u00ednio garantem uma est\u00e9tica atemporal e uma sensa\u00e7\u00e3o t\u00e1til.<\/p>\n<p>\u00c9 claro que o n\u00ba 5105 de 75 libras prova muito mais do que um equipamento de \u00e1udio visualmente impressionante e de virar a cabe\u00e7a, de fabrica\u00e7\u00e3o americana. Fiel ao legado de Mark Levinson, a mesa de 6,1 x 17,2 x 15,6 polegadas (HWD) chega superconstru\u00edda para oferecer experi\u00eancias musicais sublimes pontuadas por din\u00e2micas envolventes, detalhes vivos e corpo not\u00e1vel. Para atingir esses objetivos, ele vem carregado com pe\u00e7as anal\u00f3gicas de n\u00edvel audi\u00f3filo e engenharia premium. Considere: um prato de alum\u00ednio s\u00f3lido de 14 libras suspenso em um eixo de a\u00e7o endurecido no solo gira sobre rolamentos ultraprecisos; um fundo de rolamento isento de \u00f3leo composto de material comp\u00f3sito com lubrifica\u00e7\u00e3o integrada e uma bucha de lat\u00e3o sinterizado livre de manuten\u00e7\u00e3o; e um pedestal de alum\u00ednio s\u00f3lido de quase cinco cent\u00edmetros de espessura usinado a partir de um \u00fanico tarugo e suspenso em tr\u00eas p\u00e9s de alum\u00ednio ajust\u00e1veis, cada um com um sistema de suspens\u00e3o interna de material misto. Um cartucho opcional Ortofon Quintet Black S tamb\u00e9m pode vir pr\u00e9-montado, se desejar (selecione no menu suspenso acima).<\/p>\n<p>Para excelente capacidade de acionamento, o No. 5105 conta com um motor s\u00edncrono isolado de 12 V. Totalmente controlado digitalmente, ele n\u00e3o apresenta varia\u00e7\u00e3o de temperatura, resultando em impressionante estabilidade de velocidade e vibra\u00e7\u00e3o\/vibra\u00e7\u00e3o ultrabaixa. Somando-se ao arsenal est\u00e1 um tubo de bra\u00e7o de fibra de carbono preto de alto brilho de 10 polegadas de alto brilho, ele pr\u00f3prio fundido a um cabe\u00e7ote de alum\u00ednio s\u00f3lido com um elevador de dedo integrado. Um n\u00edvel de bolha integrado, um tapete de prato e quatro cabos AC ajudam a completar uma plataforma girat\u00f3ria que exala funcionalidade e artesanato luxuosos. 100% de m\u00fasica direta garantida.<\/p>\n<p>&#8220;[O] No.5105 produziu&#8230; um som rico, relaxado, generoso e t\u00edpico de toca-discos de maior massa e estilo amortecido&#8230; Se minha experi\u00eancia for t\u00edpica, mesmo compradores inexperientes podem configur\u00e1-lo com facilidade e ou\u00e7a o que o vinil sozinho faz t\u00e3o bem.&#8221;<br \/>\n\u2014Michael Fremer, estere\u00f3filo<\/p>\n<p>&#8220;Este Mark Levinson parece robusto e composto, n\u00e3o importa o que joguemos nele&#8230;. O No.5105 \u00e9 cuidadosamente feito e \u00e9 um prazer de usar&#8230;&#8221;<br \/>\n\u2014 Que Hi-Fi?<\/p>\n<p>Sistema de acionamento: Motor CC integrado<br \/>\nFaixa de velocidade: 33 1\/3 RPM e 45 RPM<br \/>\nFonte de alimenta\u00e7\u00e3o: Adaptador de energia CA para CC interno; entrada de 100 V a 260 V CA 50-60 Hz<br \/>\nRolamento: Rolamento de alta precis\u00e3o<br \/>\nChassi: 17,2&#8243; x 15&#8243; x 2&#8243;; alum\u00ednio; 3 p\u00e9s ajust\u00e1veis \u200b\u200bem altura<br \/>\nPrato: 11,75&#8243; de di\u00e2metro x 1,33&#8243;; alum\u00ednio; peso: 13 lbs<br \/>\nBra\u00e7o: Comprimento efetivo 10&#8243;; dist\u00e2ncia de montagem 9,36&#8243;; sali\u00eancia 0,64&#8243;, altura ajust\u00e1vel<br \/>\nDimens\u00f5es: 17,2&#8243; x 15,6&#8243; x 6,1&#8243;<br \/>\nPeso: 75 lbs.<\/p>\n","protected":false},"excerpt":{"rendered":"<p>Mark Levinson n\u00ba 5105 de 75 libras oferece anal\u00f3gico sublime: mesa girat\u00f3ria de fabrica\u00e7\u00e3o americana com engenharia de precis\u00e3o apresenta prato de alum\u00ednio de 14 libras e bra\u00e7o de fibra de carbono de 10 polegadas Qu\u00e3o bem concebido \u00e9 o toca-discos Mark Levinson No. 5105? O distintivo bot\u00e3o de ampulheta da empresa aparece at\u00e9 mesmo [&hellip;]<\/p>\n","protected":false},"featured_media":16814,"template":"","meta":{"_acf_changed":false},"product_brand":[],"product_cat":[78,90,98],"product_tag":[],"class_list":{"0":"post-16808","1":"product","2":"type-product","3":"status-publish","4":"has-post-thumbnail","6":"product_cat-analogico-audio","7":"product_cat-mark-levinson","8":"product_cat-toca-discos","10":"first","11":"instock","12":"sold-individually","13":"shipping-taxable","14":"purchasable","15":"product-type-simple"},"acf":[],"aioseo_notices":[],"_links":{"self":[{"href":"https:\/\/hificlub.com.br\/loja\/wp-json\/wp\/v2\/product\/16808","targetHints":{"allow":["GET"]}}],"collection":[{"href":"https:\/\/hificlub.com.br\/loja\/wp-json\/wp\/v2\/product"}],"about":[{"href":"https:\/\/hificlub.com.br\/loja\/wp-json\/wp\/v2\/types\/product"}],"wp:featuredmedia":[{"embeddable":true,"href":"https:\/\/hificlub.com.br\/loja\/wp-json\/wp\/v2\/media\/16814"}],"wp:attachment":[{"href":"https:\/\/hificlub.com.br\/loja\/wp-json\/wp\/v2\/media?parent=16808"}],"wp:term":[{"taxonomy":"product_brand","embeddable":true,"href":"https:\/\/hificlub.com.br\/loja\/wp-json\/wp\/v2\/product_brand?post=16808"},{"taxonomy":"product_cat","embeddable":true,"href":"https:\/\/hificlub.com.br\/loja\/wp-json\/wp\/v2\/product_cat?post=16808"},{"taxonomy":"product_tag","embeddable":true,"href":"https:\/\/hificlub.com.br\/loja\/wp-json\/wp\/v2\/product_tag?post=16808"}],"curies":[{"name":"wp","href":"https:\/\/api.w.org\/{rel}","templated":true}]}}