{"id":16801,"date":"2024-07-27T18:06:37","date_gmt":"2024-07-27T21:06:37","guid":{"rendered":"https:\/\/hificlub.com.br\/loja\/?post_type=product&#038;p=16801"},"modified":"2026-03-03T22:18:25","modified_gmt":"2026-03-04T01:18:25","slug":"mark-levinson-5302-dual-mono-135-270-watts-stero-mono-bridge","status":"publish","type":"product","link":"https:\/\/hificlub.com.br\/loja\/produto\/mark-levinson-5302-dual-mono-135-270-watts-stero-mono-bridge\/","title":{"rendered":"MARK LEVINSON 5302 Dual Mono 135\/270 watts Stero\/Mono Bridge"},"content":{"rendered":"<p>Mark Levinson No 5302 Amplificador de pot\u00eancia dual-monaural Stereo ou Mono Bridgeable<\/p>\n<p>O Mark Levinson \u2116 5302 combina os melhores materiais, tecnologia e artesanato para beleza e desempenho excepcionais. Um poderoso amplificador de classe AB, totalmente discreto, de acoplamento direto, dual-monaural, que pode ser conectado em ponte para opera\u00e7\u00e3o mono, o \u2116 5302 oferece todo o desempenho e qualidade esperados da Mark Levinson com valor e flexibilidade excepcionais.<\/p>\n<p>EVOLU\u00c7\u00c3O:<br \/>\nO amplificador \u2116 5302 foi criado para oferecer todo o desempenho e qualidade esperados da Mark Levinson com valor e acessibilidade excepcionais a uma gama mais ampla de clientes.<\/p>\n<p>AMPLIFICA\u00c7\u00c3O:<br \/>\nOs canais do amplificador de classe AB, totalmente discretos, de acoplamento direto, obt\u00eam sua pot\u00eancia de um transformador toroidal de 1100 VA superdimensionado com enrolamentos secund\u00e1rios individuais para os canais esquerdo e direito. O est\u00e1gio de ganho de tens\u00e3o emprega uma topologia diretamente descendente do aclamado amplificador \u2116 534, que \u00e9 acoplado a um est\u00e1gio de sa\u00edda que compreende dois transistores de driver de alta velocidade operando em classe A e seis transistores de sa\u00edda de 260 V, 15 A. Dois dispositivos Thermal-Trak em uma configura\u00e7\u00e3o exclusiva garantem polariza\u00e7\u00e3o de sa\u00edda est\u00e1vel, independentemente da carga ou temperatura. Quatro capacitores de 10.000 microfarads por canal, localizados diretamente na placa de circuito do est\u00e1gio de sa\u00edda, fornecem facilmente corrente suficiente para 135 W\/canal conservadores a 8 Ohms, 270 W\/canal em 4 Ohms e 55 W em ponte em Mono e opera\u00e7\u00e3o est\u00e1vel em 2 Ohms.<\/p>\n<p>CONTROLE:<br \/>\nAs portas de integra\u00e7\u00e3o e comunica\u00e7\u00e3o do sistema incluem Ethernet, USB, RS-232, entrada IR e entrada e sa\u00edda de gatilho de 12 V. Um controle remoto IR de alum\u00ednio s\u00f3lido rec\u00e9m-projetado est\u00e1 inclu\u00eddo com o N\u00ba 5302. Finalmente, uma p\u00e1gina da web interna permite a configura\u00e7\u00e3o, importa\u00e7\u00e3o e exporta\u00e7\u00e3o de configura\u00e7\u00f5es e atualiza\u00e7\u00f5es de software usando um PC e um navegador da web padr\u00e3o.<\/p>\n<p>DESIGN INDUSTRIAL:<br \/>\nAcabamentos luxuosos e geometria ousada s\u00e3o atributos marcantes dos designs de Mark Levinson. Os pain\u00e9is frontais de alum\u00ednio s\u00f3lido, jateados e anodizados em preto, com uma polegada de espessura, s\u00e3o usinados e contornados para fluir perfeitamente no elegante display de vidro, que por sua vez \u00e9 recuado em uma moldura de alum\u00ednio anodizado transparente jateado. Um anel de luz acentua o grande bot\u00e3o de espera de alum\u00ednio, ao mesmo tempo que comunica sutilmente os estados de energia. Al\u00e7as de alum\u00ednio s\u00f3lido de grau cosm\u00e9tico e quarenta e duas aletas de sincroniza\u00e7\u00e3o de calor tri-agrupadas por lado expressam beleza e fun\u00e7\u00e3o robustas. Com detalhes meticulosos, incluindo aberturas de ventila\u00e7\u00e3o na tampa superior em relevo, logotipo e legendas serigrafados atr\u00e1s do painel de vidro e p\u00e9s de alum\u00ednio usinados personalizados, o \u2116 5302 exala eleg\u00e2ncia e estilo.<\/p>\n<p>Destaques<br \/>\nCanais de classe AB: 2 x 135 W\/canal em 8\u03a9<br \/>\n2 x 270 W em 4\u03a9<br \/>\nFacilmente conect\u00e1vel em ponte para Mono 550W a 4\u03a9<br \/>\nDissipadores de calor externos de grau cosm\u00e9tico<br \/>\nIP, RS-232, controle<br \/>\nGatilho de entrada\/sa\u00edda de 12 V<br \/>\nFeito nos Estados Unidos<br \/>\nO que est\u00e1 na caixa?<br \/>\nCabo de alimenta\u00e7\u00e3o<br \/>\nManual do propriet\u00e1rio<br \/>\nEspecifica\u00e7\u00f5es:<br \/>\nModo est\u00e9reo<br \/>\nPot\u00eancia de sa\u00edda: 135 W\/canal, carga de 8 \u03a9, 20 Hz a 20 kHz, a &lt; 0,35% THD, ambos os canais acionados, 270 W\/canal, carga de 4 \u03a9, 20 Hz a 20 kHz<br \/>\nGanho: 25,8 dB<br \/>\nSensibilidade de entrada: entrada RMS de 145 mV para sa\u00edda RMS de 2,83 V<br \/>\nDistor\u00e7\u00e3o harm\u00f4nica total: &lt;0,04% a 1 kHz, 135 W, carga de 8 \u03a9, 102dB, 20Hz a 20kHz, banda larga, n\u00e3o ponderada, referida a 135W\/8\u03a9<br \/>\nMODO MONAURAL EM PONTE<br \/>\nPot\u00eancia de sa\u00edda: 275 W, carga de 8 \u03a9, 20 Hz a 20 kHz, a &lt;0,3% THD 550 W, carga de 4 \u03a9, 20 Hz a 20 kHz<br \/>\nGanho: 31,8 dB<br \/>\nSensibilidade de entrada: entrada RMS de 73 mV para sa\u00edda RMS de 2,83 V<br \/>\nDistor\u00e7\u00e3o harm\u00f4nica total: &lt;0,04% a 1 kHz, 275 W, carga de 8 \u03a9, 105dB, 20Hz a 20kHz, banda larga, n\u00e3o ponderada, referida a 275W\/8\u03a9<br \/>\nEM GERAL<br \/>\nResposta de frequ\u00eancia: 20Hz a 20kHz, +0\/\u20130,35dB,<br \/>\nImped\u00e2ncia de entrada: Balanceada (XLR): 100k\u03a9, Desbalanceada\/termina\u00e7\u00e3o simples (RCA): 50k\u03a9<br \/>\nConectores de entrada: 1 par de entradas de n\u00edvel de linha balanceadas (XLR), 1 par de entradas de n\u00edvel de linha de termina\u00e7\u00e3o \u00fanica (RCA)<br \/>\nConectores de sa\u00edda: 2 pares de bornes de liga\u00e7\u00e3o multivias de alta corrente<br \/>\nConectores de controle<br \/>\n1 porta RS-232 (DB-9)<br \/>\n1 porta Ethernet (RJ-45)<br \/>\n1 porta USB para atualiza\u00e7\u00f5es de firmware (USB-A)<br \/>\n1 entrada IR de banda base (conector de telefone de \u215b\u201d\/3,5 mm)<br \/>\n1 sa\u00edda de gatilho program\u00e1vel de 12 V DC, 100 mA m\u00e1ximo (conector de telefone de \u215b\u201d\/3,5 mm)<br \/>\n1 entrada de gatilho program\u00e1vel de 12 V DC (conector de telefone de \u215b\u201d\/3,5 mm)<br \/>\nConsumo de energia<br \/>\nM\u00e1ximo: 1000W<br \/>\nLigado, inativo (modo est\u00e9reo): 90 W<br \/>\nLigado, inativo (modo em ponte): 70 W<br \/>\nEspera normal: 35W<br \/>\nEconomia de energia em espera: 2 W<br \/>\nEspera verde: &lt;0,4 W<br \/>\nDimens\u00f5es\/Unidade de peso somente:<br \/>\nAltura: 5,72\u2033\/145mm<br \/>\nAltura sem p\u00e9s: 5,25\u2033\/133mm<br \/>\nLargura: 17,25\u2033\/438mm<br \/>\nProfundidade, somente gabinete: 18,00\u2033\/457mm<br \/>\nProfundidade, com al\u00e7as e alto-falante<br \/>\nterminais: 20,75\u2033\/527mm<br \/>\nPeso: 70 lbs\/31,7 kg<br \/>\nCom embalagem<br \/>\nAltura: 13,63\u2033\/346mm<br \/>\nLargura: 24,25\u2033\/616mm<br \/>\nProfundidade: 29,00\u2033\/737mm<br \/>\nPeso: 85 lbs\/38,5 kg<\/p>\n","protected":false},"excerpt":{"rendered":"<p>Mark Levinson No 5302 Amplificador de pot\u00eancia dual-monaural Stereo ou Mono Bridgeable O Mark Levinson \u2116 5302 combina os melhores materiais, tecnologia e artesanato para beleza e desempenho excepcionais. Um poderoso amplificador de classe AB, totalmente discreto, de acoplamento direto, dual-monaural, que pode ser conectado em ponte para opera\u00e7\u00e3o mono, o \u2116 5302 oferece todo [&hellip;]<\/p>\n","protected":false},"featured_media":16802,"template":"","meta":{"_acf_changed":false},"product_brand":[],"product_cat":[27,28,90,31],"product_tag":[],"class_list":{"0":"post-16801","1":"product","2":"type-product","3":"status-publish","4":"has-post-thumbnail","6":"product_cat-amplificador","7":"product_cat-estereo","8":"product_cat-mark-levinson","9":"product_cat-mono","11":"first","12":"instock","13":"sold-individually","14":"shipping-taxable","15":"purchasable","16":"product-type-simple"},"acf":[],"aioseo_notices":[],"_links":{"self":[{"href":"https:\/\/hificlub.com.br\/loja\/wp-json\/wp\/v2\/product\/16801","targetHints":{"allow":["GET"]}}],"collection":[{"href":"https:\/\/hificlub.com.br\/loja\/wp-json\/wp\/v2\/product"}],"about":[{"href":"https:\/\/hificlub.com.br\/loja\/wp-json\/wp\/v2\/types\/product"}],"wp:featuredmedia":[{"embeddable":true,"href":"https:\/\/hificlub.com.br\/loja\/wp-json\/wp\/v2\/media\/16802"}],"wp:attachment":[{"href":"https:\/\/hificlub.com.br\/loja\/wp-json\/wp\/v2\/media?parent=16801"}],"wp:term":[{"taxonomy":"product_brand","embeddable":true,"href":"https:\/\/hificlub.com.br\/loja\/wp-json\/wp\/v2\/product_brand?post=16801"},{"taxonomy":"product_cat","embeddable":true,"href":"https:\/\/hificlub.com.br\/loja\/wp-json\/wp\/v2\/product_cat?post=16801"},{"taxonomy":"product_tag","embeddable":true,"href":"https:\/\/hificlub.com.br\/loja\/wp-json\/wp\/v2\/product_tag?post=16801"}],"curies":[{"name":"wp","href":"https:\/\/api.w.org\/{rel}","templated":true}]}}