{"id":16777,"date":"2024-07-27T07:47:22","date_gmt":"2024-07-27T10:47:22","guid":{"rendered":"https:\/\/hificlub.com.br\/loja\/?post_type=product&#038;p=16777"},"modified":"2024-11-13T16:58:21","modified_gmt":"2024-11-13T19:58:21","slug":"kinki-studio-ex-7p-full-balanced-line-preamp","status":"publish","type":"product","link":"https:\/\/hificlub.com.br\/loja\/produto\/kinki-studio-ex-7p-full-balanced-line-preamp\/","title":{"rendered":"KINKI STUDIO EX-7P  Full Balanced Line Preamp"},"content":{"rendered":"<p>ESTADO 9\/10<\/p>\n<p>A S\u00e9rie EX foi ajustada para alcan\u00e7ar uma qualidade de som bem equilibrada com extens\u00e3o suave nas extremidades altas e baixas do espectro de frequ\u00eancia.<\/p>\n<p>O pr\u00e9-amplificador EX-P7 apresenta uma verdadeira polariza\u00e7\u00e3o Classe A, bem como est\u00e1gios de entrada e sa\u00edda totalmente discretos, que s\u00e3o a base de seu design.<\/p>\n<p>Isso resulta em um som rico, detalhado e de alta resolu\u00e7\u00e3o que certamente impressionar\u00e1 at\u00e9 os audi\u00f3filos mais exigentes. Al\u00e9m disso, o pr\u00e9-amplificador possui um controle de volume suave como a seda, gra\u00e7as ao seu controle de volume R2R discreto. Este tipo de controle de volume \u00e9 conhecido por seus ajustes precisos e precisos, que s\u00e3o poss\u00edveis atrav\u00e9s do uso de resistores combinados com precis\u00e3o.<\/p>\n<p>CONTROLE DE VOLUME DA ESCADA DO RESISTOR<\/p>\n<p>Ao contr\u00e1rio da maioria dos pr\u00e9-amplificadores que usam um potenci\u00f4metro para controle de volume, o EX-P7 emprega um atenuador de passos R2R baseado em rel\u00e9 e controlado por microprocessador avan\u00e7ado.<\/p>\n<p>Este sistema de controle de volume de \u00faltima gera\u00e7\u00e3o possui um controle de volume linear fino e ultrapreciso, que permite fazer ajustes finos no n\u00edvel de volume, mesmo ao ouvir tarde da noite.<\/p>\n<p>O uso desta tecnologia avan\u00e7ada garante um controle de volume preciso, est\u00e1vel e confi\u00e1vel, sem introduzir qualquer distor\u00e7\u00e3o ou ru\u00eddo no sinal de \u00e1udio.<\/p>\n<p>QUALIDADE E DESEMPENHO ACIMA DO CUSTO<\/p>\n<p>O objetivo principal por tr\u00e1s do design do controle de volume anal\u00f3gico do pr\u00e9-amplificador EX-P7 era fornecer uma reprodu\u00e7\u00e3o de som de baixo ru\u00eddo, baixa distor\u00e7\u00e3o, detalhada e sem cor. Este objetivo foi alcan\u00e7ado com sucesso atrav\u00e9s do uso de um atenuador controlado por rel\u00e9, que emprega m\u00faltiplos rel\u00e9s e resistores para atenuar o volume. Embora a comuta\u00e7\u00e3o dos rel\u00e9s, em determinadas etapas, possa resultar em um som de estalo\/clique baixo e aud\u00edvel, isso \u00e9 completamente normal e n\u00e3o causa nenhum dano ao amplificador ou aos alto-falantes.<\/p>\n<p>Para atingir o mais alto n\u00edvel de transpar\u00eancia e qualidade de som, o KINKI STUDIO EX-P7 incorpora um atenuador controlado por rel\u00e9 de m\u00faltiplas etapas de precis\u00e3o altamente aclamado, juntamente com resistores de precis\u00e3o combinados manualmente que possuem longa durabilidade.<\/p>\n<p>Esta combina\u00e7\u00e3o garante que o objetivo do design de reproduzir a qualidade de som mais precisa e transparente foi alcan\u00e7ado, proporcionando uma experi\u00eancia auditiva que certamente agradar\u00e1 at\u00e9 mesmo os audi\u00f3filos mais exigentes.<\/p>\n<p>O pr\u00e9-amplificador EX-P7 incorpora uma placa de circuito impresso (PCB) banhada a ouro de 0,2 \u00b5m de custo extremamente alto, o que \u00e9 indicativo do profundo entendimento do projetista das limita\u00e7\u00f5es impostas pela fina \u00e1rea de contato das placas de circuito em geral.<\/p>\n<p>Para superar este desafio, o projetista tomou diversas medidas, como aumentar a \u00e1rea soldada em cada junta de solda e incorporar o m\u00e1ximo de blindagem poss\u00edvel, para garantir um desempenho ideal.<\/p>\n<p>Al\u00e9m disso, para evitar qualquer interfer\u00eancia entre as fontes de alimenta\u00e7\u00e3o dos canais esquerdo e direito, o EX-P7 est\u00e1 equipado com dois transformadores AMPLIMO fabricados no Reino Unido, um para cada canal. Esta escolha de design garante que a fonte de alimenta\u00e7\u00e3o de cada canal permane\u00e7a separada, melhorando assim a separa\u00e7\u00e3o dos canais.<\/p>\n<p>Al\u00e9m disso, o EX-P7 foi projetado com uma configura\u00e7\u00e3o dual-mono, alojado em um \u00fanico chassi, para proporcionar uma experi\u00eancia auditiva ainda mais superior.<\/p>\n<p>FEITO \u00c0 PERFEI\u00c7\u00c3O<\/p>\n<p>Os dois transformadores AMPLIMO, fabricados no Reino Unido, s\u00e3o instalados dentro de uma caixa de alum\u00ednio usinado em CNC, e todo o chassi do pr\u00e9-amplificador EX-P7 \u00e9 constru\u00eddo em bloco de alum\u00ednio anodizado de 8 a 10 mm de espessura.<\/p>\n<p>Este design garante a elimina\u00e7\u00e3o de interfer\u00eancia eletromagn\u00e9tica (EMI) e compatibilidade eletromagn\u00e9tica (EMC) indesejadas que podem ser induzidas pelo equipamento circundante. Como resultado, o pr\u00e9-amplificador EX-P7 oferece qualidade de som superior, com maior clareza, precis\u00e3o e detalhes.<\/p>\n<p>A filosofia de design do Kinki Studio estava focada em alcan\u00e7ar neutralidade e musicalidade. O objetivo era produzir uma assinatura sonora rica em qualidade tonal, que fornecesse imagens sonoras v\u00edvidas, detalhes, alta resolu\u00e7\u00e3o e faixa din\u00e2mica.<\/p>\n<p>Isto foi conseguido atrav\u00e9s da sele\u00e7\u00e3o cuidadosa de componentes de alta qualidade, design cuidadoso e ajuste meticuloso. A assinatura sonora resultante \u00e9 exclusiva do equipamento do KINKI STUDIO e representa o auge de suas proezas de engenharia.<\/p>\n<p>ESPECIFICA\u00c7\u00d5ES<\/p>\n<p>Resposta de frequ\u00eancia: 0-150kHz (\u00b11dB)<\/p>\n<p>THDN: 0,003% (-80dB)<\/p>\n<p>Rela\u00e7\u00e3o S\/N: &gt;90dB<\/p>\n<p>Separa\u00e7\u00e3o de canais: &gt;90dB<\/p>\n<p>ENTRADAS SA\u00cdDAS<br \/>\n\u200b\u200b<br \/>\nSensibilidade de entrada: 2,25 Vrms &#8211; 3,6 Vrms<\/p>\n<p>Imped\u00e2ncia de entrada: 50k\u03a9<\/p>\n<p>Conector de entrada: RCA x 2, XLR x 1<\/p>\n<p>Tens\u00e3o de sa\u00edda: 2,25Vrms &#8211; 3,6Vrms<\/p>\n<p>Imped\u00e2ncia de sa\u00edda: 75\u03a9<\/p>\n<p>Conector de sa\u00edda: RCA x 2, XLR x 1<br \/>\n\u200b\u200b<br \/>\nDimens\u00e3o: 430 L x 125 A x 370 P<\/p>\n<p>Peso: 13KG<\/p>\n","protected":false},"excerpt":{"rendered":"<p>ESTADO 9\/10 A S\u00e9rie EX foi ajustada para alcan\u00e7ar uma qualidade de som bem equilibrada com extens\u00e3o suave nas extremidades altas e baixas do espectro de frequ\u00eancia. O pr\u00e9-amplificador EX-P7 apresenta uma verdadeira polariza\u00e7\u00e3o Classe A, bem como est\u00e1gios de entrada e sa\u00edda totalmente discretos, que s\u00e3o a base de seu design. Isso resulta em [&hellip;]<\/p>\n","protected":false},"featured_media":16779,"template":"","meta":{"_acf_changed":false},"product_brand":[],"product_cat":[38],"product_tag":[],"class_list":{"0":"post-16777","1":"product","2":"type-product","3":"status-publish","4":"has-post-thumbnail","6":"product_cat-pre-amplificador","8":"first","9":"instock","10":"sold-individually","11":"shipping-taxable","12":"purchasable","13":"product-type-simple"},"acf":[],"aioseo_notices":[],"_links":{"self":[{"href":"https:\/\/hificlub.com.br\/loja\/wp-json\/wp\/v2\/product\/16777","targetHints":{"allow":["GET"]}}],"collection":[{"href":"https:\/\/hificlub.com.br\/loja\/wp-json\/wp\/v2\/product"}],"about":[{"href":"https:\/\/hificlub.com.br\/loja\/wp-json\/wp\/v2\/types\/product"}],"wp:featuredmedia":[{"embeddable":true,"href":"https:\/\/hificlub.com.br\/loja\/wp-json\/wp\/v2\/media\/16779"}],"wp:attachment":[{"href":"https:\/\/hificlub.com.br\/loja\/wp-json\/wp\/v2\/media?parent=16777"}],"wp:term":[{"taxonomy":"product_brand","embeddable":true,"href":"https:\/\/hificlub.com.br\/loja\/wp-json\/wp\/v2\/product_brand?post=16777"},{"taxonomy":"product_cat","embeddable":true,"href":"https:\/\/hificlub.com.br\/loja\/wp-json\/wp\/v2\/product_cat?post=16777"},{"taxonomy":"product_tag","embeddable":true,"href":"https:\/\/hificlub.com.br\/loja\/wp-json\/wp\/v2\/product_tag?post=16777"}],"curies":[{"name":"wp","href":"https:\/\/api.w.org\/{rel}","templated":true}]}}