{"id":16730,"date":"2024-07-25T06:49:54","date_gmt":"2024-07-25T09:49:54","guid":{"rendered":"https:\/\/hificlub.com.br\/loja\/?post_type=product&#038;p=16730"},"modified":"2026-03-03T22:18:25","modified_gmt":"2026-03-04T01:18:25","slug":"cambridge-edge-w-full-balanced-100-watts","status":"publish","type":"product","link":"https:\/\/hificlub.com.br\/loja\/produto\/cambridge-edge-w-full-balanced-100-watts\/","title":{"rendered":"CAMBRIDGE EDGE W &#8211; Amplificador Stereo Full Balanced &#8211; 100 watts"},"content":{"rendered":"<p>CAMBRIDGE EDGE W<\/p>\n<p>O melhor amplificador de pot\u00eancia que j\u00e1 fizemos.<br \/>\nO Edge W \u00e9 feito para ser tocado alto. Quando voc\u00ea aumenta, n\u00e3o espere nada al\u00e9m de um som din\u00e2mico e forte que capta toda a musicalidade de suas m\u00fasicas. Com apenas 14 componentes escolhidos a dedo, o Edge W tem um dos caminhos de sinal mais limpos dispon\u00edveis. Ele fornece o nosso som brit\u00e2nico de tirar o f\u00f4lego, n\u00e3o adulterado \u2013 nada adicionado, nada retirado.<\/p>\n<p>Edge W e NQ com alto-falantes<br \/>\nPilha Edge W e Edge NQ<br \/>\nGrelha de borda W close-up<br \/>\nAmplificador de pot\u00eancia Edge W com o player de rede Edge NQ<br \/>\nBorda W Close Up<br \/>\n02_<br \/>\nPoderosamente sutil.<br \/>\nApesar de todo o seu poder, o Edge W \u00e9 notavelmente detalhado. O som \u00e9 finamente equilibrado, com uma profundidade musical e clareza que vem com todas as notas. Tudo se resume a como escolhemos o componente dentro \u2013 nada foi escolhido em pre\u00e7o, especifica\u00e7\u00f5es ou desempenho medido. N\u00f3s ouvimos atentamente. E criamos nosso sistema com componentes que simplesmente soavam melhor. O resultado final \u00e9 um amplificador de pot\u00eancia que realmente traz uma grava\u00e7\u00e3o original para a vida como nenhum outro.<\/p>\n<p>03_<br \/>\nApenas 14 componentes no caminho do sinal.<br \/>\nEmbora m\u00ednimo em seu design externo, o Edge W possui uma engenharia de \u00e1udio complexa dentro dele. Para remover as barreiras entre voc\u00ea e sua m\u00fasica, trabalhamos duro para minimizar o n\u00famero de componentes no caminho do sinal.<\/p>\n<p>Como resultado, o Edge W oferece uma reprodu\u00e7\u00e3o mais fiel da grava\u00e7\u00e3o original; um som tridimensional impressionantemente detalhado, com encena\u00e7\u00e3o marcante e foco.<\/p>\n<p>04_<br \/>\nMais detalhes musicais.<br \/>\nFomos pioneiros no uso de transformadores toroidais em amplificadores, o que levou a um melhor desempenho. Na Edge, levamos isso um passo adiante, usando transformadores toroidais g\u00eameos de simetria opostos. Isso elimina a interfer\u00eancia eletromagn\u00e9tica ao mesmo tempo em que oferece excelente pot\u00eancia e mant\u00e9m uma tonalidade consistente, n\u00e3o importa o qu\u00e3o alto seja tocado.<\/p>\n<p>05_<br \/>\nPot\u00eancia sem esfor\u00e7o sem distor\u00e7\u00e3o.<br \/>\nO uso da tecnologia de amplificador de Classe A padr\u00e3o n\u00e3o seria eficiente o suficiente para o Edge W. Em vez disso, adicionamos uma tens\u00e3o de polariza\u00e7\u00e3o a um projeto tradicional de Classe AB, reduzindo a distor\u00e7\u00e3o a n\u00edveis inaud\u00edveis. Esta configura\u00e7\u00e3o \u00fanica tamb\u00e9m produz menos calor e torna todo o sistema muito mais eficaz.<\/p>\n<p>06_<br \/>\nParceiros perfeitos.<br \/>\nOs sistemas de borda s\u00e3o projetados para funcionar em perfeita sincroniza\u00e7\u00e3o. Combine o Edge W com o nosso mais vers\u00e1til player de rede de pr\u00e9-amplificador, o Edge NQ, para criar um sistema de alta fidelidade com som e uma apar\u00eancia diferente de qualquer outra coisa.<\/p>\n<p>&nbsp;<\/p>\n<p>&nbsp;<\/p>\n","protected":false},"excerpt":{"rendered":"<p>CAMBRIDGE EDGE W O melhor amplificador de pot\u00eancia que j\u00e1 fizemos. O Edge W \u00e9 feito para ser tocado alto. Quando voc\u00ea aumenta, n\u00e3o espere nada al\u00e9m de um som din\u00e2mico e forte que capta toda a musicalidade de suas m\u00fasicas. Com apenas 14 componentes escolhidos a dedo, o Edge W tem um dos caminhos [&hellip;]<\/p>\n","protected":false},"featured_media":16731,"template":"","meta":{"_acf_changed":false},"product_brand":[],"product_cat":[27,52,28],"product_tag":[],"class_list":{"0":"post-16730","1":"product","2":"type-product","3":"status-publish","4":"has-post-thumbnail","6":"product_cat-amplificador","7":"product_cat-cambridge","8":"product_cat-estereo","10":"first","11":"instock","12":"sold-individually","13":"shipping-taxable","14":"purchasable","15":"product-type-simple"},"acf":[],"aioseo_notices":[],"_links":{"self":[{"href":"https:\/\/hificlub.com.br\/loja\/wp-json\/wp\/v2\/product\/16730","targetHints":{"allow":["GET"]}}],"collection":[{"href":"https:\/\/hificlub.com.br\/loja\/wp-json\/wp\/v2\/product"}],"about":[{"href":"https:\/\/hificlub.com.br\/loja\/wp-json\/wp\/v2\/types\/product"}],"wp:featuredmedia":[{"embeddable":true,"href":"https:\/\/hificlub.com.br\/loja\/wp-json\/wp\/v2\/media\/16731"}],"wp:attachment":[{"href":"https:\/\/hificlub.com.br\/loja\/wp-json\/wp\/v2\/media?parent=16730"}],"wp:term":[{"taxonomy":"product_brand","embeddable":true,"href":"https:\/\/hificlub.com.br\/loja\/wp-json\/wp\/v2\/product_brand?post=16730"},{"taxonomy":"product_cat","embeddable":true,"href":"https:\/\/hificlub.com.br\/loja\/wp-json\/wp\/v2\/product_cat?post=16730"},{"taxonomy":"product_tag","embeddable":true,"href":"https:\/\/hificlub.com.br\/loja\/wp-json\/wp\/v2\/product_tag?post=16730"}],"curies":[{"name":"wp","href":"https:\/\/api.w.org\/{rel}","templated":true}]}}