{"id":16713,"date":"2024-07-25T06:21:09","date_gmt":"2024-07-25T09:21:09","guid":{"rendered":"https:\/\/hificlub.com.br\/loja\/?post_type=product&#038;p=16713"},"modified":"2024-10-07T16:51:24","modified_gmt":"2024-10-07T19:51:24","slug":"focal-aria-sr900-bipolar-surround","status":"publish","type":"product","link":"https:\/\/hificlub.com.br\/loja\/produto\/focal-aria-sr900-bipolar-surround\/","title":{"rendered":"FOCAL ARIA SR900 Bipolar Surround"},"content":{"rendered":"<p>ESTADO 9\/10<\/p>\n<p>O alto-falante surround traseiro de 2 vias Focal Aria SR 900 preto \u00e9 um alto-falante surround bipolar, com madeira combinada com os outros alto-falantes da s\u00e9rie Focal Aria para formar um sistema de som surround completo. O design de 2 vias apresenta dois cones de m\u00e9dios e graves Flax de 5&#8243; para m\u00e9dios e graves naturais, al\u00e9m de dois tweeters de domo invertido TNF de 1&#8243; com guias de onda para agudos suaves e diretividade mais baixa. O gabinete Aria SR 900 tem um perfil fino e suporte de parede inclu\u00eddo para f\u00e1cil instala\u00e7\u00e3o.<\/p>\n<p>Embora voc\u00ea possa combinar os alto-falantes surround SR 900 com quaisquer alto-falantes frontais da linha Aria, a Focal recomenda um par de alto-falantes Aria 936, um alto-falante central Aria CC 900, dois alto-falantes surround Aria SR 900 e o subwoofer Sub 300 P para um sistema surround 5.1 realmente excepcional.<\/p>\n<p>Todos os drivers de alto-falantes Focal s\u00e3o desenvolvidos e fabricados na Fran\u00e7a pela Focal.<\/p>\n<p>Tweeter de c\u00fapula invertida TNF<br \/>\nO produto de assinatura da marca Focal, o tweeter de domo invertido, tem sido continuamente desenvolvido desde que foi criado. Sua principal vantagem, al\u00e9m de sua diretividade muito baixa, est\u00e1 no uso de uma bobina de pequeno di\u00e2metro (portanto, muito leve e com melhor acelera\u00e7\u00e3o) fixada diretamente ao domo r\u00edgido. A suspens\u00e3o entre o domo e seu suporte usa Poron, um material com mem\u00f3ria de forma. Este m\u00e9todo de suspens\u00e3o \u00e9 derivado diretamente do famoso tweeter Utopia Ber\u00edlio da Focal, tornando poss\u00edvel reduzir a distor\u00e7\u00e3o por um fator de tr\u00eas na faixa de 2-3 kHz, onde o ouvido humano tem uma sensibilidade muito grande. Para melhorar ainda mais isso, um guia de ondas foi desenvolvido. Em um plano horizontal, sua resposta de frequ\u00eancia tem uma varia\u00e7\u00e3o de \u00b10,5 dB. Este desempenho garante um est\u00e1gio sonoro incrivelmente est\u00e1vel, o que torna a posi\u00e7\u00e3o de audi\u00e7\u00e3o muito menos cr\u00edtica.<br \/>\nCone de linho<br \/>\nMais de 30 anos de pesquisa e desenvolvimento na engenharia de um diafragma que seja leve, r\u00edgido, bem amortecido e feito de materiais sustent\u00e1veis \u200b\u200blevaram a Focal ao Flax Sandwich ou F Cone. O linho \u00e9 duas vezes mais leve que a fibra de vidro porque a fibra \u00e9 oca. Ele tamb\u00e9m tem elasticidade muito baixa, o que o torna ideal para aumentar a rigidez flexural do sandu\u00edche. Para projetar um diafragma de alto desempenho, voc\u00ea tem que otimizar um conjunto complexo de crit\u00e9rios, que s\u00e3o em sua maioria contradit\u00f3rios. A solu\u00e7\u00e3o composta usando linho em uma estrutura de sandu\u00edche com peles de fibra de vidro \u00e9 uma maneira muito harmoniosa de combinar baixa massa com alto amortecimento interno, alta velocidade do som e alta rigidez flexural.<br \/>\nO cone de linho \u00e9 feito na Fran\u00e7a exclusivamente pela Focal desde 2013. Com seu design original, o cone \u00e9 inteiramente orientado para o desempenho ac\u00fastico. Os cones F s\u00e3o caracterizados por seu som natural, com baixa colora\u00e7\u00e3o, sua riqueza de reprodu\u00e7\u00e3o no registro de m\u00e9dio alcance e seus graves mais firmes.<\/p>\n<p>Per\u00edodo de rodagem<br \/>\nOs alto-falantes da linha Aria 900 s\u00e3o conjuntos mec\u00e2nicos complexos que precisam de um per\u00edodo de adapta\u00e7\u00e3o (&#8220;amaciamento&#8221;) para operar da melhor forma poss\u00edvel e se aclimatar \u00e0s condi\u00e7\u00f5es de temperatura e umidade do seu ambiente. Esse per\u00edodo de amaciamento varia dependendo das condi\u00e7\u00f5es em quest\u00e3o e pode durar algumas semanas. Para facilitar o amaciamento, recomendamos operar os alto-falantes por aproximadamente vinte horas consecutivas. Uma vez que as caracter\u00edsticas dos alto-falantes estejam totalmente estabelecidas, voc\u00ea poder\u00e1 aproveitar ao m\u00e1ximo o desempenho do seu Aria 900.<\/p>\n<p>Especifica\u00e7\u00f5es principais<br \/>\nConfigura\u00e7\u00e3o do alto-falante<br \/>\n2 maneiras<br \/>\nAlto Falantes<br \/>\n2x 1&#8243; \/ 25,4 mm Tweeter de liga de magn\u00e9sio\/alum\u00ednio<br \/>\n2x 5&#8243; \/ 127 mm Cone Mid-Woofer<br \/>\nResposta de frequ\u00eancia<br \/>\n85 Hz a 28 kHz<br \/>\nEntradas sa\u00eddas<br \/>\n1x Par de postes de liga\u00e7\u00e3o de entrada<br \/>\nSistema de auto-falantes<br \/>\nConfigura\u00e7\u00e3o do alto-falante<br \/>\n2 maneiras<br \/>\nPot\u00eancia de amplificador recomendada<br \/>\n25 a 120 W<br \/>\nMotoristas<br \/>\n2x 1&#8243; \/ 25,4 mm Tweeter de liga de magn\u00e9sio\/alum\u00ednio<br \/>\n2x 5&#8243; \/ 127 mm Cone Mid-Woofer<br \/>\nRadiadores Passivos<br \/>\nN\u00e3o<br \/>\nTipo de gabinete<br \/>\nReflexo de baixo<br \/>\nResposta de frequ\u00eancia<br \/>\n85 Hz a 28 kHz<br \/>\nAlcance de frequ\u00eancia<br \/>\n67 Hz a 28 kHz<br \/>\nImped\u00e2ncia<br \/>\n8 Ohms<br \/>\nBlindagem Magn\u00e9tica<br \/>\nN\u00e3o<br \/>\nEntradas sa\u00eddas<br \/>\n1x Par de postes de liga\u00e7\u00e3o de entrada<br \/>\nCruzamento<br \/>\n2200 Hz<br \/>\nSensibilidade<br \/>\n90 dB<br \/>\nImped\u00e2ncia de entrada<br \/>\n8 Ohms<br \/>\nF\u00edsico<br \/>\nOp\u00e7\u00f5es de posicionamento e montagem\t<\/p>\n<p>Suporte de parede para mesa\/estante (com ferragens inclu\u00eddas)<br \/>\nMaterial do Gabinete<br \/>\nMDF<br \/>\nGrade<br \/>\nPano (Remov\u00edvel)<br \/>\nDimens\u00f5es<br \/>\n15,7 x 11,6 x 6,7&#8243; \/ 400 x 295 x 170 mm<br \/>\nPeso<br \/>\n12,3 lb \/ 5,6 kg<br \/>\nInforma\u00e7\u00f5es da embalagem<br \/>\npeso do pacote<br \/>\n16,865 libras<br \/>\nDimens\u00f5es da caixa (CxLxA)<br \/>\n18,3 x 15,1 x 13,5&#8243;<\/p>\n","protected":false},"excerpt":{"rendered":"<p>ESTADO 9\/10 O alto-falante surround traseiro de 2 vias Focal Aria SR 900 preto \u00e9 um alto-falante surround bipolar, com madeira combinada com os outros alto-falantes da s\u00e9rie Focal Aria para formar um sistema de som surround completo. O design de 2 vias apresenta dois cones de m\u00e9dios e graves Flax de 5&#8243; para m\u00e9dios [&hellip;]<\/p>\n","protected":false},"featured_media":16714,"template":"","meta":{"_acf_changed":false},"product_brand":[],"product_cat":[17,45],"product_tag":[],"class_list":{"0":"post-16713","1":"product","2":"type-product","3":"status-publish","4":"has-post-thumbnail","6":"product_cat-caixas","7":"product_cat-focal","9":"first","10":"instock","11":"sold-individually","12":"shipping-taxable","13":"purchasable","14":"product-type-simple"},"acf":[],"aioseo_notices":[],"_links":{"self":[{"href":"https:\/\/hificlub.com.br\/loja\/wp-json\/wp\/v2\/product\/16713","targetHints":{"allow":["GET"]}}],"collection":[{"href":"https:\/\/hificlub.com.br\/loja\/wp-json\/wp\/v2\/product"}],"about":[{"href":"https:\/\/hificlub.com.br\/loja\/wp-json\/wp\/v2\/types\/product"}],"wp:featuredmedia":[{"embeddable":true,"href":"https:\/\/hificlub.com.br\/loja\/wp-json\/wp\/v2\/media\/16714"}],"wp:attachment":[{"href":"https:\/\/hificlub.com.br\/loja\/wp-json\/wp\/v2\/media?parent=16713"}],"wp:term":[{"taxonomy":"product_brand","embeddable":true,"href":"https:\/\/hificlub.com.br\/loja\/wp-json\/wp\/v2\/product_brand?post=16713"},{"taxonomy":"product_cat","embeddable":true,"href":"https:\/\/hificlub.com.br\/loja\/wp-json\/wp\/v2\/product_cat?post=16713"},{"taxonomy":"product_tag","embeddable":true,"href":"https:\/\/hificlub.com.br\/loja\/wp-json\/wp\/v2\/product_tag?post=16713"}],"curies":[{"name":"wp","href":"https:\/\/api.w.org\/{rel}","templated":true}]}}