{"id":16643,"date":"2024-07-21T20:00:51","date_gmt":"2024-07-21T23:00:51","guid":{"rendered":"https:\/\/hificlub.com.br\/loja\/?post_type=product&#038;p=16643"},"modified":"2026-03-03T22:18:26","modified_gmt":"2026-03-04T01:18:26","slug":"magico-asub-10-500-watts","status":"publish","type":"product","link":"https:\/\/hificlub.com.br\/loja\/produto\/magico-asub-10-500-watts\/","title":{"rendered":"MAGICO ASUB  10&#8243;  500 watts"},"content":{"rendered":"<p>Seja em trilhas sonoras de m\u00fasica ou de filmes \u2013 a batida r\u00edtmica de graves profundos e poderosos ressoa em nosso n\u00facleo interno e gera n\u00edveis de excita\u00e7\u00e3o que podem causar arrepios. A Magico tem o orgulho de apresentar o novo subwoofer Magico ASUB que expande as capacidades de dimens\u00e3o sonora do A3, do A1 ou de qualquer outro alto-falante com refor\u00e7o de frequ\u00eancia de graves graves. O ASUB possui um gabinete de alum\u00ednio totalmente refor\u00e7ado, cone de alum\u00ednio ultrarr\u00edgido, amplifica\u00e7\u00e3o de pot\u00eancia interna, crossover eletr\u00f4nico e centro de controle DSP. Um verdadeiro design de alto-falante Magico que oferece excelente desempenho com amplo controle e engenharia descomprometida, merecendo a grava\u00e7\u00e3o Magico M. GABINETE O gabinete ASUB compartilha os princ\u00edpios da arquitetura QSUB com alum\u00ednio 6061 T6 de 3\/8\u201d de espessura, refor\u00e7o interno inovador e materiais de amortecimento avan\u00e7ados que s\u00e3o desenvolvidos e avaliados tanto em simula\u00e7\u00e3o usando software FEA quanto em testes f\u00edsicos para atender aos padr\u00f5es intransigentes do Magico como refere-se \u00e0 rigidez, estabilidade e contribui\u00e7\u00e3o ac\u00fastica m\u00ednima. O ASUB est\u00e1 dispon\u00edvel em um elegante acabamento em alum\u00ednio escovado preto anodizado.<\/p>\n<p>BASS DRIVER O subwoofer Magico ASUB utiliza um driver de alum\u00ednio Magico de 10 polegadas rec\u00e9m-desenvolvido que possui um cone de alum\u00ednio ultra-r\u00edgido com uma \u00f3tima rela\u00e7\u00e3o entre rigidez e peso. O driver \u00e9 calibrado para minimizar distor\u00e7\u00f5es relacionadas \u00e0 m\u00fasica na faixa de baixa frequ\u00eancia usando a mais recente simula\u00e7\u00e3o FEA de ac\u00fastica, mec\u00e2nica, comportamento eletromagn\u00e9tico e t\u00e9rmico, que agora s\u00e3o conclu\u00eddos em uma \u00fanica plataforma que aumenta o n\u00edvel de precis\u00e3o. O driver de disparo frontal possui um conjunto magn\u00e9tico extremamente poderoso que \u00e9 capaz de gerar frequ\u00eancias graves profundas, poderosas e controladas com velocidade e precis\u00e3o. O sistema de motor de bobina de voz de tit\u00e2nio puro de 55 mm fornece um campo magn\u00e9tico superestabilizado com uma longa taxa de excurs\u00e3o e \u00e9 capaz de reproduzir 50 Hz a 110 dB com distor\u00e7\u00e3o m\u00ednima.<\/p>\n<p>AMPLIFICADOR \/ CROSSOVER O amplificador digital interno do subwoofer Magico ASUB fornece 500 Watts de pot\u00eancia espec\u00edfica. A integra\u00e7\u00e3o perfeita com os alto-falantes principais em um sistema est\u00e9reo ou de home theater \u00e9 facilmente alcan\u00e7ada com o crossover ativo integrado controlado digitalmente e o controle DSP. O software DSP permite a integra\u00e7\u00e3o perfeita do subwoofer e dos alto-falantes principais operando juntos na sala de audi\u00e7\u00e3o. Outros recursos importantes incluem predefini\u00e7\u00f5es de 3 mem\u00f3rias para armazenar configura\u00e7\u00f5es individuais, detec\u00e7\u00e3o autom\u00e1tica, desligamento autom\u00e1tico, anticlip e prote\u00e7\u00e3o t\u00e9rmica. O tamanho relativamente pequeno do ASUB \u00e9 capaz de gerar enormes mudan\u00e7as na press\u00e3o do ar na sala de audi\u00e7\u00e3o e fornecer\u00e1 graves incrivelmente profundos e potentes com a velocidade e integridade dos alto-falantes principais. O design de disparo frontal do ASUB \u00e9 f\u00e1cil de posicionar na sala de audi\u00e7\u00e3o e far\u00e1 uma contribui\u00e7\u00e3o sonora emocionante para o desempenho sonoro geral de qualquer sistema.<\/p>\n<p>ESPECIFICA\u00c7\u00d5ES<\/p>\n<p>Dimens\u00f5es: 18&#8243; A x 17,6&#8243; P x 14,5&#8243;<\/p>\n<p>Peso: 108 libras. Complemento de driver: 1 x 10\u201d<\/p>\n<p>Imped\u00e2ncia de entrada RCA do Woofer de graves: 54 K Ohm<\/p>\n<p>Imped\u00e2ncia de entrada XLR: 44 K ohm<\/p>\n<p>Resposta de frequ\u00eancia: 20-120 Hz<\/p>\n","protected":false},"excerpt":{"rendered":"<p>Seja em trilhas sonoras de m\u00fasica ou de filmes \u2013 a batida r\u00edtmica de graves profundos e poderosos ressoa em nosso n\u00facleo interno e gera n\u00edveis de excita\u00e7\u00e3o que podem causar arrepios. A Magico tem o orgulho de apresentar o novo subwoofer Magico ASUB que expande as capacidades de dimens\u00e3o sonora do A3, do A1 [&hellip;]<\/p>\n","protected":false},"featured_media":16644,"template":"","meta":{"_acf_changed":false},"product_brand":[],"product_cat":[17,139,36],"product_tag":[],"class_list":{"0":"post-16643","1":"product","2":"type-product","3":"status-publish","4":"has-post-thumbnail","6":"product_cat-caixas","7":"product_cat-magico","8":"product_cat-subwoofer","10":"first","11":"instock","12":"sold-individually","13":"shipping-taxable","14":"product-type-simple"},"acf":[],"aioseo_notices":[],"_links":{"self":[{"href":"https:\/\/hificlub.com.br\/loja\/wp-json\/wp\/v2\/product\/16643","targetHints":{"allow":["GET"]}}],"collection":[{"href":"https:\/\/hificlub.com.br\/loja\/wp-json\/wp\/v2\/product"}],"about":[{"href":"https:\/\/hificlub.com.br\/loja\/wp-json\/wp\/v2\/types\/product"}],"wp:featuredmedia":[{"embeddable":true,"href":"https:\/\/hificlub.com.br\/loja\/wp-json\/wp\/v2\/media\/16644"}],"wp:attachment":[{"href":"https:\/\/hificlub.com.br\/loja\/wp-json\/wp\/v2\/media?parent=16643"}],"wp:term":[{"taxonomy":"product_brand","embeddable":true,"href":"https:\/\/hificlub.com.br\/loja\/wp-json\/wp\/v2\/product_brand?post=16643"},{"taxonomy":"product_cat","embeddable":true,"href":"https:\/\/hificlub.com.br\/loja\/wp-json\/wp\/v2\/product_cat?post=16643"},{"taxonomy":"product_tag","embeddable":true,"href":"https:\/\/hificlub.com.br\/loja\/wp-json\/wp\/v2\/product_tag?post=16643"}],"curies":[{"name":"wp","href":"https:\/\/api.w.org\/{rel}","templated":true}]}}