{"id":16636,"date":"2024-07-21T19:40:43","date_gmt":"2024-07-21T22:40:43","guid":{"rendered":"https:\/\/hificlub.com.br\/loja\/?post_type=product&#038;p=16636"},"modified":"2026-03-03T22:18:26","modified_gmt":"2026-03-04T01:18:26","slug":"magico-a1","status":"publish","type":"product","link":"https:\/\/hificlub.com.br\/loja\/produto\/magico-a1\/","title":{"rendered":"MAGICO A1"},"content":{"rendered":"<p>Com base no tremendo sucesso do A3, a Magico tem orgulho de expandir a S\u00e9rie A com a introdu\u00e7\u00e3o do novo alto-falante de estante Magico A1 &#8211; uma caixa de alum\u00ednio totalmente refor\u00e7ada, tweeter de c\u00fapula de ber\u00edlio, cone Nanographene de carbono e nosso renomado crossover el\u00edptico. O A1 representa um valor sem precedentes na sua categoria de pre\u00e7o.<\/p>\n<p>Gabinete de alum\u00ednio de grau aeron\u00e1utico<br \/>\nO gabinete de alto-falante de estante Magico A1 \u00e9 constru\u00eddo usando alum\u00ednio de grau aeron\u00e1utico 6061 T6 de 3\u20448\u201d de espessura, semelhante ao gabinete desenvolvido para o Q1 e est\u00e1 dispon\u00edvel em um elegante acabamento anodizado preto de alum\u00ednio escovado. Uma t\u00e9cnica inovadora de refor\u00e7o interno, juntamente com os materiais de amortecimento mais avan\u00e7ados, tornam o inv\u00f3lucro selado incrivelmente r\u00edgido e livre de resson\u00e2ncias mec\u00e2nicas indesejadas. O projeto completo do gabinete do A1 \u00e9 avaliado em simula\u00e7\u00e3o usando o software FEA mais recente, juntamente com testes f\u00edsicos para atender aos requisitos rigorosos do Magico para rigidez e estabilidade otimizadas do gabinete e para garantir padr\u00f5es ac\u00fasticos de refer\u00eancia.<\/p>\n<p>Driver de alta frequ\u00eancia<br \/>\nApresentando o mesmo tweeter da gama completa A3, o A1 utiliza um diafragma de ber\u00edlio puro com uma c\u00fapula otimizada de 28 mm baseada na plataforma de design fundamental e na geometria do nosso tweeter de refer\u00eancia da S\u00e9rie M. O sistema de motor de neod\u00edmio personalizado \u00e9 envolto em uma c\u00e2mara traseira aprimorada com nossos materiais de amortecimento de \u00faltima gera\u00e7\u00e3o que facilitam distor\u00e7\u00e3o ultrabaixa, maior pot\u00eancia, capacidades din\u00e2micas massivas e movimento linear estendido da bobina de voz.<\/p>\n<p>Driver Mid-Bass<br \/>\nO rec\u00e9m-desenvolvido driver mid-bass de 6,5 polegadas apresenta um cone de fibra de carbono Multi-Wall com uma camada de XG Nanographene, proporcionando \u00f3tima rela\u00e7\u00e3o entre rigidez e peso e um fator de amortecimento ideal. A estrutura do driver foi projetada, simulada e testada para obter a combina\u00e7\u00e3o ideal de rigidez e amortecimento. O impacto ac\u00fastico m\u00ednimo \u00e9 alcan\u00e7ado atrav\u00e9s da redu\u00e7\u00e3o dos modos de vibra\u00e7\u00e3o e, ao mesmo tempo, da maximiza\u00e7\u00e3o do fluxo de ar. O sistema do motor incorpora \u00edm\u00e3s extragrandes para garantir um campo magn\u00e9tico estabilizado na bobina de tit\u00e2nio puro de 39 mm. O driver mid-bass A1 \u00e9 otimizado para distor\u00e7\u00f5es m\u00ednimas relacionadas \u00e0 m\u00fasica em sua passagem de banda, tanto no dom\u00ednio da frequ\u00eancia quanto no dom\u00ednio do tempo, usando simula\u00e7\u00e3o de an\u00e1lise de elementos finitos de \u00faltima gera\u00e7\u00e3o para comportamento ac\u00fastico, mec\u00e2nico, eletromagn\u00e9tico e t\u00e9rmico.<\/p>\n<p>Crossover<br \/>\nOs drivers do A1 s\u00e3o integrados acusticamente usando a topologia Elliptical Symmetry Crossover propriet\u00e1ria da Magico que utiliza componentes de \u00faltima gera\u00e7\u00e3o da Mundorf da Alemanha. A rede bidirecional possui um filtro Linkwitz-Riley de 24db por oitava que maximiza a largura de banda de frequ\u00eancia enquanto preserva a linearidade de fase e minimiza a distor\u00e7\u00e3o de intermodula\u00e7\u00e3o.<\/p>\n<p>ESPECIFICA\u00c7\u00d5ES<\/p>\n<p>Dimens\u00f5es: 15,6\u201dA x 12\u201dP x 8,5\u201dL (39,62cm x 30,48cm x 21,59cm)<br \/>\nPeso: 45 libras. (20,41Kg)<br \/>\nAlto: Tweeter de c\u00fapula de ber\u00edlio de 1,1 \u2033<br \/>\nMid-Bass: Grafeno Nano-Tec Midbass de 6,5\u201d<br \/>\nSensibilidade: 85db<br \/>\nImped\u00e2ncia: 4 Ohms<\/p>\n","protected":false},"excerpt":{"rendered":"<p>Com base no tremendo sucesso do A3, a Magico tem orgulho de expandir a S\u00e9rie A com a introdu\u00e7\u00e3o do novo alto-falante de estante Magico A1 &#8211; uma caixa de alum\u00ednio totalmente refor\u00e7ada, tweeter de c\u00fapula de ber\u00edlio, cone Nanographene de carbono e nosso renomado crossover el\u00edptico. O A1 representa um valor sem precedentes na [&hellip;]<\/p>\n","protected":false},"featured_media":16637,"template":"","meta":{"_acf_changed":false},"product_brand":[],"product_cat":[25,17,139],"product_tag":[],"class_list":{"0":"post-16636","1":"product","2":"type-product","3":"status-publish","4":"has-post-thumbnail","6":"product_cat-bookshelf","7":"product_cat-caixas","8":"product_cat-magico","10":"first","11":"instock","12":"sold-individually","13":"shipping-taxable","14":"product-type-simple"},"acf":[],"aioseo_notices":[],"_links":{"self":[{"href":"https:\/\/hificlub.com.br\/loja\/wp-json\/wp\/v2\/product\/16636","targetHints":{"allow":["GET"]}}],"collection":[{"href":"https:\/\/hificlub.com.br\/loja\/wp-json\/wp\/v2\/product"}],"about":[{"href":"https:\/\/hificlub.com.br\/loja\/wp-json\/wp\/v2\/types\/product"}],"wp:featuredmedia":[{"embeddable":true,"href":"https:\/\/hificlub.com.br\/loja\/wp-json\/wp\/v2\/media\/16637"}],"wp:attachment":[{"href":"https:\/\/hificlub.com.br\/loja\/wp-json\/wp\/v2\/media?parent=16636"}],"wp:term":[{"taxonomy":"product_brand","embeddable":true,"href":"https:\/\/hificlub.com.br\/loja\/wp-json\/wp\/v2\/product_brand?post=16636"},{"taxonomy":"product_cat","embeddable":true,"href":"https:\/\/hificlub.com.br\/loja\/wp-json\/wp\/v2\/product_cat?post=16636"},{"taxonomy":"product_tag","embeddable":true,"href":"https:\/\/hificlub.com.br\/loja\/wp-json\/wp\/v2\/product_tag?post=16636"}],"curies":[{"name":"wp","href":"https:\/\/api.w.org\/{rel}","templated":true}]}}