{"id":16628,"date":"2024-07-21T19:25:04","date_gmt":"2024-07-21T22:25:04","guid":{"rendered":"https:\/\/hificlub.com.br\/loja\/?post_type=product&#038;p=16628"},"modified":"2026-03-03T22:18:26","modified_gmt":"2026-03-04T01:18:26","slug":"magico-a3","status":"publish","type":"product","link":"https:\/\/hificlub.com.br\/loja\/produto\/magico-a3\/","title":{"rendered":"MAGICO A3"},"content":{"rendered":"<p>Finalmente, a Magico introduziu um alto-falante acess\u00edvel a um p\u00fablico mais amplo com a postura de engenharia intransigente da Magico: o alto-falante Magico A3, equipado com tecnologias in\u00e9ditas em sua faixa de pre\u00e7o. Como todos os Magicos, o A3 \u00e9 um tour de force de engenharia, com uma caixa de alum\u00ednio anodizado totalmente refor\u00e7ada feita de alum\u00ednio 6061 T6 para aeronaves, tweeter de ber\u00edlio, cones de nanografeno de carbono, sistemas de motor baseados em neod\u00edmio e o renomado crossover el\u00edptico Magico. O Magico A3 possui todas as propriedades Magico de precis\u00e3o e exatid\u00e3o de palco, foco, detalhes e resolu\u00e7\u00e3o microdin\u00e2mica, apenas em um pacote menor projetado para uso auditivo mais real e acess\u00edvel.<\/p>\n<p>Magico, l\u00edder em design e fabrica\u00e7\u00e3o de alto-falantes de alto desempenho, tem o prazer de anunciar o novo alto-falante Magico A3.<\/p>\n<p>Usinado no metal de cada alto-falante Magico est\u00e1 um \u201cM\u201d sutil, mas permanente. Nosso s\u00edmbolo \u00e9 um simples lembrete ao propriet\u00e1rio de um produto Magico de que ele comprou um produto nascido de uma busca descomprometida e sem remorso pela excel\u00eancia de desempenho.<\/p>\n<p>Os padr\u00f5es que estabelecemos para um produto com o nosso log\u00f3tipo M n\u00e3o s\u00e3o sem consequ\u00eancias. O avan\u00e7o no desenvolvimento de tecnologias e materiais novos, ex\u00f3ticos e dispendiosos significou que estes produtos s\u00e3o acess\u00edveis apenas a uns poucos afortunados. Embora h\u00e1 muito que desejemos trazer um produto mais acess\u00edvel ao mercado, e apesar da constante experimenta\u00e7\u00e3o e teste de v\u00e1rios m\u00e9todos para reduzir custos para atingir este objectivo, os resultados sempre ficaram aqu\u00e9m de merecer a gravura Magico M.<\/p>\n<p>Atrav\u00e9s da Dedica\u00e7\u00e3o. Paix\u00e3o. Conhecimento.<br \/>\nDamos-lhe as boas-vindas ao imposs\u00edvel tornado poss\u00edvel.<\/p>\n<p>M\u00e1gico tem orgulho de lan\u00e7ar a s\u00e9rie A. Finalmente um alto-falante Magico dispon\u00edvel para um p\u00fablico mais amplo; o A3 re\u00fane um conjunto de tecnologias in\u00e9ditas em sua faixa de pre\u00e7o. Uma caixa de alum\u00ednio totalmente refor\u00e7ada e anodizada, tweeter de ber\u00edlio, cones de nanografeno de carbono, sistemas de motor baseados em neod\u00edmio e nosso renomado crossover el\u00edptico, o A3 \u00e9 o imposs\u00edvel tornado poss\u00edvel.<\/p>\n<p>Driver de alta frequ\u00eancia<br \/>\nAltas frequ\u00eancias estendidas s\u00e3o fornecidas por um tweeter de diafragma de ber\u00edlio puro Magico rec\u00e9m-projetado com uma superf\u00edcie de c\u00fapula otimizada de 28 mm baseada na plataforma de design fundamental e na geometria do tweeter M-Project. O sistema de motor de neod\u00edmio personalizado \u00e9 envolto em uma c\u00e2mara traseira aprimorada com nossos materiais de amortecimento de \u00faltima gera\u00e7\u00e3o que facilitam distor\u00e7\u00e3o ultrabaixa, maior pot\u00eancia, capacidades din\u00e2micas massivas e movimento linear estendido da bobina de voz.<\/p>\n<p>Driver de frequ\u00eancia de m\u00e9dio porte<br \/>\nO rec\u00e9m-desenvolvido midrange de 6 polegadas emprega um cone de fibra de carbono Multi-Wall com uma camada de Nanographene XG, proporcionando \u00f3tima rela\u00e7\u00e3o entre rigidez e peso e um fator de amortecimento ideal. Os sistemas de motor suspensos baseados em neod\u00edmio incorporam \u00edm\u00e3s extragrandes para garantir um campo magn\u00e9tico estabilizado nas bobinas de voz de tit\u00e2nio puro de 75 mm dos drivers de m\u00e9dios e graves.<\/p>\n<p>Driver de baixa frequ\u00eancia<br \/>\nOs woofers duplos de 7 polegadas incorporam uma vers\u00e3o do novo cone Gen 8 Magico Nano-Tec. As mesmas propriedades e materiais que permitem a combina\u00e7\u00e3o adequada de rigidez, massa e amortecimento s\u00e3o levados \u00e0s frequ\u00eancias mais baixas. O chassi tamb\u00e9m foi simulado e testado para obter a combina\u00e7\u00e3o ideal de rigidez e amortecimento. O impacto ac\u00fastico m\u00ednimo \u00e9 alcan\u00e7ado atrav\u00e9s da redu\u00e7\u00e3o dos modos de vibra\u00e7\u00e3o e, ao mesmo tempo, da maximiza\u00e7\u00e3o do fluxo de ar. Um novo sistema de motor baseado em neod\u00edmio (N48) ancora os reprodutores de baixa frequ\u00eancia para obter um campo magn\u00e9tico superestabilizado. Bobinas de voz de tit\u00e2nio puro de 75 mm s\u00e3o consistentes com a tecnologia utilizada nos m\u00e9dios.<\/p>\n<p>Os drivers de frequ\u00eancia m\u00e9dia e baixa A3 foram otimizados para distor\u00e7\u00f5es m\u00ednimas relacionadas \u00e0 m\u00fasica em sua passagem de banda, tanto no dom\u00ednio da frequ\u00eancia quanto no dom\u00ednio do tempo, usando a mais recente simula\u00e7\u00e3o FEA de comportamento ac\u00fastico, mec\u00e2nico, eletromagn\u00e9tico e t\u00e9rmico. Tudo isso agora est\u00e1 sendo feito em uma \u00fanica plataforma, permitindo que o Magico d\u00ea o pr\u00f3ximo passo na otimiza\u00e7\u00e3o de desempenho.<\/p>\n<p>Crossover<br \/>\nTodos os quatro drivers do A3 s\u00e3o integrados acusticamente usando a topologia Elliptical Symmetry Crossover propriet\u00e1ria da Magico que utiliza componentes de \u00faltima gera\u00e7\u00e3o da Mundorf da Alemanha. A rede de 3 vias possui um filtro Linkwitz-Riley de 24db por oitava que maximiza a largura de banda de frequ\u00eancia enquanto preserva a linearidade de fase e minimiza a distor\u00e7\u00e3o de intermodula\u00e7\u00e3o.<\/p>\n<p>Gabinete<br \/>\nO enorme gabinete selado do A3 \u00e9, como todos os Magicos, um tour-de-force de engenharia. O gabinete \u00e9 feito inteiramente de alum\u00ednio de grau aeron\u00e1utico 6061 T6, material id\u00eantico ao gabinete desenvolvido para a S\u00e9rie Q. Esta estrutura interna complexa e refor\u00e7ada \u00e9 finalizada externamente com uma elegante \u201cpele\u201d anodizada escovada.<\/p>\n<p>O gabinete A3 \u00e9 melhor considerado como um projeto simplificado da S\u00e9rie Q, com os mesmos materiais, o mesmo acabamento e a mesma aten\u00e7\u00e3o aos detalhes de projeto e constru\u00e7\u00e3o.<\/p>\n<p>ESPECIFICA\u00c7\u00d5ES<\/p>\n<p>Complemento de driver:<br \/>\n1 x 1,1\u201d (2,79cm) Tweeter de c\u00fapula de ber\u00edlio<br \/>\n1 x 6\u201d (15,24cm) Grafeno Nano-Tec Midrange<br \/>\n2 X 7\u201d (17,78cm) Grafeno Nano-Tec Bass<\/p>\n<p>Sensibilidade: 88db<\/p>\n<p>Imped\u00e2ncia: 4 Ohms<\/p>\n<p>Resposta de frequ\u00eancia:<br \/>\n26 Hz \u2013 50 KHz<\/p>\n<p>Pot\u00eancia recomendada:<br \/>\n50 watts RMS (min) \/ 300 watts (m\u00e1x.)<\/p>\n<p>Dimens\u00f5es:<br \/>\n44&#8243;A x 11&#8243;P x 9,25&#8243;L (112cm x 27cm x 23cm)<\/p>\n<p>Peso: 110 libras. (49,89kg)<\/p>\n","protected":false},"excerpt":{"rendered":"<p>Finalmente, a Magico introduziu um alto-falante acess\u00edvel a um p\u00fablico mais amplo com a postura de engenharia intransigente da Magico: o alto-falante Magico A3, equipado com tecnologias in\u00e9ditas em sua faixa de pre\u00e7o. Como todos os Magicos, o A3 \u00e9 um tour de force de engenharia, com uma caixa de alum\u00ednio anodizado totalmente refor\u00e7ada feita [&hellip;]<\/p>\n","protected":false},"featured_media":16629,"template":"","meta":{"_acf_changed":false},"product_brand":[],"product_cat":[17,139,18],"product_tag":[],"class_list":{"0":"post-16628","1":"product","2":"type-product","3":"status-publish","4":"has-post-thumbnail","6":"product_cat-caixas","7":"product_cat-magico","8":"product_cat-torres","10":"first","11":"instock","12":"sold-individually","13":"shipping-taxable","14":"product-type-simple"},"acf":[],"aioseo_notices":[],"_links":{"self":[{"href":"https:\/\/hificlub.com.br\/loja\/wp-json\/wp\/v2\/product\/16628","targetHints":{"allow":["GET"]}}],"collection":[{"href":"https:\/\/hificlub.com.br\/loja\/wp-json\/wp\/v2\/product"}],"about":[{"href":"https:\/\/hificlub.com.br\/loja\/wp-json\/wp\/v2\/types\/product"}],"wp:featuredmedia":[{"embeddable":true,"href":"https:\/\/hificlub.com.br\/loja\/wp-json\/wp\/v2\/media\/16629"}],"wp:attachment":[{"href":"https:\/\/hificlub.com.br\/loja\/wp-json\/wp\/v2\/media?parent=16628"}],"wp:term":[{"taxonomy":"product_brand","embeddable":true,"href":"https:\/\/hificlub.com.br\/loja\/wp-json\/wp\/v2\/product_brand?post=16628"},{"taxonomy":"product_cat","embeddable":true,"href":"https:\/\/hificlub.com.br\/loja\/wp-json\/wp\/v2\/product_cat?post=16628"},{"taxonomy":"product_tag","embeddable":true,"href":"https:\/\/hificlub.com.br\/loja\/wp-json\/wp\/v2\/product_tag?post=16628"}],"curies":[{"name":"wp","href":"https:\/\/api.w.org\/{rel}","templated":true}]}}