{"id":16608,"date":"2024-07-21T05:14:01","date_gmt":"2024-07-21T08:14:01","guid":{"rendered":"https:\/\/hificlub.com.br\/loja\/?post_type=product&#038;p=16608"},"modified":"2026-03-03T22:18:26","modified_gmt":"2026-03-04T01:18:26","slug":"jbl-stage-sub-a120p-subwoofer-12-500-watts","status":"publish","type":"product","link":"https:\/\/hificlub.com.br\/loja\/produto\/jbl-stage-sub-a120p-subwoofer-12-500-watts\/","title":{"rendered":"JBL STAGE SUB A120P Subwoofer 12&#8243;  500 watts"},"content":{"rendered":"<p>Subwoofer Ativo JBL Stage A120P 12 Polegadas 500w<br \/>\nExperimente a emo\u00e7\u00e3o de um show ao vivo bem na sua sala. Com graves aprimorados, o Stage A120P possui um woofer de 12 polegadas em policelulose que oferece 250w de pot\u00eancia RMS, com pico de at\u00e9 500w de pot\u00eancia. Esse subwoofer ativo de longa excurs\u00e3o oferece graves potentes, com grande clareza e precis\u00e3o, que \u00e9 distribu\u00eddo de maneira uniforme no ambiente. Transforme sua experi\u00eancia e ganhe mais envolvimento sonoro para aproveitar todas as suas m\u00fasicas e filmes com um \u00e1udio profundo e realista.<\/p>\n<p>Diferenciais<br \/>\nWoofer de baixa frequ\u00eancia em policelulose de 305 mm (12 pol.): Aproveite todas as suas m\u00fasicas e filmes com um \u00e1udio profundo e realista.<br \/>\nDesign \u00fanico em madeira: Garante qualidade de som rica, viva e totalmente precisa.<br \/>\nOs controles incluem: Auto Power, Crossover, Level e Phase.<\/p>\n<p>Caracter\u00edsticas<br \/>\nMarca\tJBL<br \/>\nModelo\tStage A120P<br \/>\nPolegadas\t12<br \/>\nPot\u00eancia\t250w<br \/>\nPot\u00eancia M\u00e1xima\t500w<br \/>\nResposta de Frequ\u00eancia\t32 Hz a 150 Hz<br \/>\nCor\tPreto<br \/>\nAlimenta\u00e7\u00e3o\tBivolt (120v &#8211; 220v)<br \/>\nConsumo M\u00e1ximo\t(com pot\u00eancia total\/inatividade): &lt;0,5 W (modo de espera) \/ 335 W\/2 A (m\u00e1ximo \u2013 230 V) \/ 335 W\/4 A (m\u00e1ximo \u2013 120 V)<br \/>\nConte\u00fado da Caixa\t\u2022 1 Subwoofer JBL Stage A120P com 500 watts de pot\u00eancia<br \/>\n\u2022 1 cabo de alimenta\u00e7\u00e3o<br \/>\n\u2022 4 spikes de piso<br \/>\n\u2022 1 manual do propriet\u00e1rio<br \/>\n\u2022 1 cart\u00e3o de garantia<br \/>\n\u2022 1 ficha de seguran\u00e7a<br \/>\nDimens\u00f5es do produto (A x L x P)\t39,5 x 37 x 42 cm<br \/>\nPeso\t18,64 Kg<br \/>\nGarantia\t12 Meses<\/p>\n","protected":false},"excerpt":{"rendered":"<p>Subwoofer Ativo JBL Stage A120P 12 Polegadas 500w Experimente a emo\u00e7\u00e3o de um show ao vivo bem na sua sala. Com graves aprimorados, o Stage A120P possui um woofer de 12 polegadas em policelulose que oferece 250w de pot\u00eancia RMS, com pico de at\u00e9 500w de pot\u00eancia. Esse subwoofer ativo de longa excurs\u00e3o oferece graves [&hellip;]<\/p>\n","protected":false},"featured_media":16609,"template":"","meta":{"_acf_changed":false},"product_brand":[],"product_cat":[17,46,36],"product_tag":[],"class_list":{"0":"post-16608","1":"product","2":"type-product","3":"status-publish","4":"has-post-thumbnail","6":"product_cat-caixas","7":"product_cat-jbl","8":"product_cat-subwoofer","10":"first","11":"outofstock","12":"sold-individually","13":"shipping-taxable","14":"purchasable","15":"product-type-simple"},"acf":[],"aioseo_notices":[],"_links":{"self":[{"href":"https:\/\/hificlub.com.br\/loja\/wp-json\/wp\/v2\/product\/16608","targetHints":{"allow":["GET"]}}],"collection":[{"href":"https:\/\/hificlub.com.br\/loja\/wp-json\/wp\/v2\/product"}],"about":[{"href":"https:\/\/hificlub.com.br\/loja\/wp-json\/wp\/v2\/types\/product"}],"wp:featuredmedia":[{"embeddable":true,"href":"https:\/\/hificlub.com.br\/loja\/wp-json\/wp\/v2\/media\/16609"}],"wp:attachment":[{"href":"https:\/\/hificlub.com.br\/loja\/wp-json\/wp\/v2\/media?parent=16608"}],"wp:term":[{"taxonomy":"product_brand","embeddable":true,"href":"https:\/\/hificlub.com.br\/loja\/wp-json\/wp\/v2\/product_brand?post=16608"},{"taxonomy":"product_cat","embeddable":true,"href":"https:\/\/hificlub.com.br\/loja\/wp-json\/wp\/v2\/product_cat?post=16608"},{"taxonomy":"product_tag","embeddable":true,"href":"https:\/\/hificlub.com.br\/loja\/wp-json\/wp\/v2\/product_tag?post=16608"}],"curies":[{"name":"wp","href":"https:\/\/api.w.org\/{rel}","templated":true}]}}