{"id":16588,"date":"2024-07-21T04:15:27","date_gmt":"2024-07-21T07:15:27","guid":{"rendered":"https:\/\/hificlub.com.br\/loja\/?post_type=product&#038;p=16588"},"modified":"2026-03-03T22:18:27","modified_gmt":"2026-03-04T01:18:27","slug":"rodgers-fr-1-7-lx","status":"publish","type":"product","link":"https:\/\/hificlub.com.br\/loja\/produto\/rodgers-fr-1-7-lx\/","title":{"rendered":"RODGERS FR 1.7 LX"},"content":{"rendered":"<p>A Rodgers Instruments se orgulha de conduzir a tecnologia<br \/>\nde manufatura de sistemas de som para \u00f3rg\u00e3os digitais,<br \/>\ndesde a funda\u00e7\u00e3o da empresa, em 1958. A sonoridade \u00edmpar<br \/>\ndos sistemas de som Rodgers Audiophile origina-se no<br \/>\ntrabalho pioneiro com as tecnologias Stereo Digital Signal<br \/>\nProcessing, Parallel Digital Imaging\u00ae (PDI\u2122) e Dimensional<br \/>\nSound Modeling\u2122 (DSM). Estas tecnologias elevaram a Rodgers<br \/>\na um n\u00edvel muito superior, quando comparado a qualquer<br \/>\noutro sistema concorrente, pois o sistema Rodgers foi elaborado<br \/>\npara emular com perfei\u00e7\u00e3o o timbre e a presen\u00e7a dimensional de<br \/>\num \u00f3rg\u00e3o de tubos real. Como membro da fam\u00edlia Roland \u2013 l\u00edder<br \/>\nmundial em inova\u00e7\u00e3o de tecnologia musical \u2013 a Rodgers \u00e9 \u00fanica<br \/>\nentre as empresas de \u00f3rg\u00e3o, com sua habilidade em investir em<br \/>\ntecnologia avan\u00e7ada. O resultado \u00e9 a reconhecida lideran\u00e7a da<br \/>\nRodgers em design e reputa\u00e7\u00e3o mundial em excel\u00eancia.Nossos<br \/>\nengenheiros de \u00e1udio criaram a linha de alto-falantes Rodgers<br \/>\nAudiophile para que o som seja emitido com qualidade cristalina,<br \/>\ntanto para sons de \u00f3rg\u00e3o quanto para timbres orquestrais.<br \/>\nPelo fato de terem sido constru\u00eddos com a tecnologia Rodgers<br \/>\nAdvanced DSP, os falantes oferecem excepcional profundidade<br \/>\ne dimens\u00e3o sonora. Os falantes Audiophile possuem incr\u00edvel<br \/>\nlineariedade em resposta de frequ\u00eancia, com extens\u00f5es entre<br \/>\n16 Hz e 25 kHz. Desta forma, junto com dispers\u00e3o e imagem espacial<br \/>\nsuperiores, ultrapassa a performance da maioria dos<br \/>\nalto-falantes profissionais elaborados para uso em est\u00fadio.<\/p>\n<p>FR 1.7 LX<br \/>\nALTO-FALANTE DE CAIXA DE PORTA SINTONIZADA DE TR\u00caS VIAS<br \/>\nAlto-falante recomendado por Rodgers para canais manuais. Ideal como um alto-falante de monitor de audi\u00f3filo, coral<br \/>\nou est\u00fadio, alto-falante de aprimoramento ac\u00fastico, alto-falante antifonal compacto<br \/>\nou alto-falante de &#8220;preenchimento&#8221; adicional quando maior n\u00edvel de press\u00e3o sonora ou dispers\u00e3o<br \/>\n\u00e9 necess\u00e1rio. Esses alto-falantes compactos de tr\u00eas vias produzem som linear n\u00e3o distorcido<br \/>\nem toda a sua largura de banda.<br \/>\nRede de crossover de segunda ordem, de tr\u00eas vias, pot\u00eancia constante e passiva. Woofer de 8\u201d com<br \/>\ncone de polipropileno. M\u00e9dio de 4,8\u201d com caixa fundida e cone de domo de seda.<br \/>\nTweeter de ampla dispers\u00e3o de domo exposto de 1\u201d.<br \/>\nALCANCE COMPLETO NO EIXO<br \/>\nIMPED\u00c2NCIA<br \/>\nDecaimento<br \/>\nEspectral Cumulativo<\/p>\n<p>Potencia: 75 watts RMS<br \/>\nResposta de Frequencia: 40 Hz to 24 kHz<br \/>\nSensibilidade: 90 dB SPL @ 1W\/1m<br \/>\nImpedancia Nominal: 8 ohms<br \/>\nDimens\u00f5es: 65 cm A x 35.3 cm L x 28.3 cm P<br \/>\nPeso 17.2 Kg<\/p>\n","protected":false},"excerpt":{"rendered":"<p>A Rodgers Instruments se orgulha de conduzir a tecnologia de manufatura de sistemas de som para \u00f3rg\u00e3os digitais, desde a funda\u00e7\u00e3o da empresa, em 1958. A sonoridade \u00edmpar dos sistemas de som Rodgers Audiophile origina-se no trabalho pioneiro com as tecnologias Stereo Digital Signal Processing, Parallel Digital Imaging\u00ae (PDI\u2122) e Dimensional Sound Modeling\u2122 (DSM). Estas [&hellip;]<\/p>\n","protected":false},"featured_media":16589,"template":"","meta":{"_acf_changed":false},"product_brand":[],"product_cat":[25,17,47],"product_tag":[],"class_list":{"0":"post-16588","1":"product","2":"type-product","3":"status-publish","4":"has-post-thumbnail","6":"product_cat-bookshelf","7":"product_cat-caixas","8":"product_cat-linha-profissional","10":"first","11":"instock","12":"sold-individually","13":"shipping-taxable","14":"purchasable","15":"product-type-simple"},"acf":[],"aioseo_notices":[],"_links":{"self":[{"href":"https:\/\/hificlub.com.br\/loja\/wp-json\/wp\/v2\/product\/16588","targetHints":{"allow":["GET"]}}],"collection":[{"href":"https:\/\/hificlub.com.br\/loja\/wp-json\/wp\/v2\/product"}],"about":[{"href":"https:\/\/hificlub.com.br\/loja\/wp-json\/wp\/v2\/types\/product"}],"wp:featuredmedia":[{"embeddable":true,"href":"https:\/\/hificlub.com.br\/loja\/wp-json\/wp\/v2\/media\/16589"}],"wp:attachment":[{"href":"https:\/\/hificlub.com.br\/loja\/wp-json\/wp\/v2\/media?parent=16588"}],"wp:term":[{"taxonomy":"product_brand","embeddable":true,"href":"https:\/\/hificlub.com.br\/loja\/wp-json\/wp\/v2\/product_brand?post=16588"},{"taxonomy":"product_cat","embeddable":true,"href":"https:\/\/hificlub.com.br\/loja\/wp-json\/wp\/v2\/product_cat?post=16588"},{"taxonomy":"product_tag","embeddable":true,"href":"https:\/\/hificlub.com.br\/loja\/wp-json\/wp\/v2\/product_tag?post=16588"}],"curies":[{"name":"wp","href":"https:\/\/api.w.org\/{rel}","templated":true}]}}