{"id":16545,"date":"2024-07-20T06:49:26","date_gmt":"2024-07-20T09:49:26","guid":{"rendered":"https:\/\/hificlub.com.br\/loja\/?post_type=product&#038;p=16545"},"modified":"2026-03-03T22:18:27","modified_gmt":"2026-03-04T01:18:27","slug":"dcs-bartok-apex-streaming-dac","status":"publish","type":"product","link":"https:\/\/hificlub.com.br\/loja\/produto\/dcs-bartok-apex-streaming-dac\/","title":{"rendered":"dCS BARTOK APEX Streaming DAC"},"content":{"rendered":"<p>O Bart\u00f3k APEX mant\u00e9m a paisagem sonora poderosa, din\u00e2mica e detalhada do original e adiciona elementos de resolu\u00e7\u00e3o e refinamento que antes s\u00f3 eram poss\u00edveis com o Rossini ou Vivaldi APEX.<\/p>\n<p>A dCS projetou o Bart\u00f3k APEX para informar e inspirar. APEX estabelece um novo padr\u00e3o de transpar\u00eancia. Ele resolve organicamente os m\u00ednimos detalhes e revela texturas e sutilezas que a maioria dos sistemas ignora. Desde as mais amplas oscila\u00e7\u00f5es din\u00e2micas de volume at\u00e9 as mais sutis mudan\u00e7as de tom, Bart\u00f3k APEX revela cada aspecto de uma grava\u00e7\u00e3o com uma sensa\u00e7\u00e3o de refinamento e controle sem esfor\u00e7o.<\/p>\n<p>Amplificador de fone de ouvido opcional dispon\u00edvel em ambos os acabamentos.<\/p>\n<p>VIS\u00c3O GERAL<br \/>\nEste reprodutor de m\u00fasica digital de caixa \u00fanica apresenta o lend\u00e1rio dCS Ring DAC\u2122 e plataforma de processamento de sinal, al\u00e9m de um streamer de m\u00fasica UPnP personalizado de alto desempenho.<\/p>\n<p>Bart\u00f3k reproduz m\u00fasica atrav\u00e9s de uma variedade de entradas digitais USB, AES ou S\/PDIF padr\u00e3o da ind\u00fastria. Ele pode transmitir por Ethernet a partir de um drive NAS ou por meio de servi\u00e7os de m\u00fasica on-line, como TIDAL\u2122 ou Spotify\u2122, e de dispositivos Apple via Airplay\u2122. A interface de rede pode realizar decodifica\u00e7\u00e3o e renderiza\u00e7\u00e3o MQA\u2122 completas.<\/p>\n<p>A se\u00e7\u00e3o DAC \u00e9 equipada com sa\u00eddas de linha independentes balanceadas e n\u00e3o balanceadas que podem acionar amplificadores de pot\u00eancia diretamente, evitando a necessidade de um pr\u00e9-amplificador separado. Todas as sa\u00eddas podem ser definidas para um dos 4 n\u00edveis m\u00e1ximos para melhorar a compatibilidade do sistema.<\/p>\n<p>Projetado para flexibilidade e facilidade de uso sem compromisso, Bart\u00f3k usa a mais recente plataforma de processamento digital dCS e tecnologia Ring DAC\u2122, originalmente desenvolvida para a s\u00e9rie Rossini. Seu \u00fanico FPGA oferece processamento de sinal simplificado e flexibilidade superior, tornando-o efetivamente \u00e0 prova de futuro.<\/p>\n<p>Bart\u00f3k DAC possui uma nova interface de usu\u00e1rio poderosa, al\u00e9m de um aplicativo de controle personalizado que permite aos ouvintes gerenciar sua reprodu\u00e7\u00e3o de m\u00fasica de qualquer fonte de uma maneira elegante e simples \u2013 acessando canais iRadio, fontes digitais e UPnP, tudo a partir de um ponto de controle. O aplicativo Bart\u00f3k oferece acesso f\u00e1cil \u00e0s configura\u00e7\u00f5es do DAC.<\/p>\n<p>Apresentando upsampling DXD como padr\u00e3o, o design de oversampling de v\u00e1rios est\u00e1gios oferece upsampling DSD opcional, al\u00e9m de uma extensa sele\u00e7\u00e3o de filtros DSP para atender ao gosto individual e \u00e0 escolha musical. A funcionalidade de streaming de rede do Bart\u00f3k \u00e9 comprovada em termos de jitter, facilidade de uso e desempenho sonoro. A interface de rede atualmente funciona em at\u00e9 24 bits, 384kS\/s e DSD128, suportando todos os principais codecs sem perdas, al\u00e9m de DSD no formato DoP e DSD nativo.<\/p>\n<p>Bart\u00f3k suporta a arquitetura de &#8220;rel\u00f3gio autom\u00e1tico&#8221; dCS simples, mas altamente eficaz, usada no Vivaldi, que minimiza o jitter e melhora significativamente a qualidade do som.<\/p>\n<p>Projetado e fabricado na Gr\u00e3-Bretanha de acordo com os mais altos padr\u00f5es, Bart\u00f3k segue sugest\u00f5es de design da premiada linha Rossini, usando alum\u00ednio usinado de n\u00edvel aeroespacial com pain\u00e9is internos de amortecimento ac\u00fastico para reduzir vibra\u00e7\u00f5es mec\u00e2nicas e efeitos magn\u00e9ticos que degradam o som. \u00c9 empregada regula\u00e7\u00e3o de pot\u00eancia em v\u00e1rios est\u00e1gios, com transformadores de rede duplos para isolar o circuito DAC do amplificador de fone de ouvido.<\/p>\n<p>Tal como acontece com todos os produtos dCS, o firmware Bart\u00f3k pode ser facilmente atualizado via CD, USB ou pelo novo recurso automatizado de download e atualiza\u00e7\u00e3o. Isso permite que o dCS adicione novos recursos e melhore o desempenho do Bartok ao longo de sua vida \u00fatil.<\/p>\n<p>Ouvir m\u00fasica digital atrav\u00e9s de um sistema Bart\u00f3k \u00e9, de certa forma, uma experi\u00eancia surpreendente. As caracter\u00edsticas gerais da reprodu\u00e7\u00e3o dCS \u2013 precis\u00e3o, detalhes, som envolvente e envolvente est\u00e3o presentes, juntamente com uma musicalidade natural e fidelidade \u00e0 grava\u00e7\u00e3o original.<\/p>\n<p>\u00c1PICE<br \/>\nO dCS Ring DAC \u00e9 parte integrante de todos os dCS DACs e reprodutores de m\u00fasica integrados. Esta nova inven\u00e7\u00e3o \u2013 uma das v\u00e1rias tecnologias personalizadas criadas pela dCS \u2013 \u00e9 uma das raz\u00f5es pelas quais os seus sistemas ganharam aclama\u00e7\u00e3o global pela sua transpar\u00eancia e fidelidade.<\/p>\n<p>Desenvolvido desde o in\u00edcio pelos engenheiros da dCS, ele apresenta uma combina\u00e7\u00e3o de hardware e software propriet\u00e1rios que foram cuidadosamente aprimorados e refinados ao longo de tr\u00eas d\u00e9cadas para oferecer desempenho t\u00e9cnico e sonoro l\u00edder mundial.<\/p>\n<p>Em 2022, a dCS lan\u00e7ou o APEX, uma atualiza\u00e7\u00e3o significativa para o hardware do Ring DAC, que lhes permitiu melhorar ainda mais o desempenho musical de seu Vivaldi DAC, Rossini DAC e Rossini Player. A obsess\u00e3o da dCS em permanecer na vanguarda do desempenho musical e comedido significava que era apenas uma quest\u00e3o de tempo at\u00e9 que desenvolvessem uma atualiza\u00e7\u00e3o APEX para os propriet\u00e1rios do Bart\u00f3k.<\/p>\n<p>O hardware Ring DAC APEX de \u00faltima gera\u00e7\u00e3o traz v\u00e1rios benef\u00edcios. O ru\u00eddo e a distor\u00e7\u00e3o foram ainda mais reduzidos e a linearidade aumentou em mais de 12dB. Os testes subjetivos de audi\u00e7\u00e3o do dCS, por sua vez, revelaram uma s\u00e9rie de melhorias sonoras, com os ouvintes notando din\u00e2mica, ritmo e tempo aprimorados, maior resolu\u00e7\u00e3o do palco sonoro e foco de imagem, fundos mais pretos e uma maior sensa\u00e7\u00e3o de realismo.<\/p>\n<p>ESPECIFICA\u00c7\u00d5ES<br \/>\nTipo de conversor: topologia Ring DAC\u2122 propriet\u00e1ria dCS<br \/>\nEntradas Digitais: Porta de rede Ethernet no conector RJ45, aceita 24 bits 44.1 \u2013 384kS\/s PCM, DSD\/64 e DSD128 no formato DFF\/DSF; Interface USB 2.0 no conector tipo B, aceita PCM de 24 bits 44.1 \u2013 384kS\/s, DSD\/64 e DSD128 no formato DoP; Interface USB On-The-Go no conector tipo A, aceita PCM de 24 bits 44.1 \u2013 384kS\/s, DSD\/64 e DSD128 no formato DFF\/DSF; 2 x entradas AES\/EBU em conectores XLR f\u00eamea de 3 pinos, aceita PCM de 24 bits 44.1 \u2013 192kS\/s, DSD\/64 e DSD\/128 no formato DoP; 1 par Dual AES, aceita PCM de 24 bits 88,2 \u2013 384kS\/s, DSD\/64 e DSD\/128 no formato DoP; 1 x SPDIF no conector RCA Phono, aceita 24 bits 44.1 \u2013 192kS\/s PCM e DSD\/64 no formato DoP; 1 x SPDIF no conector BNC, aceita 24 bits 44.1 \u2013 192kS\/s PCM e DSD\/64 no formato DoP; 1 x SPDIF \u00f3ptico no conector TOSLINK, aceita PCM de 24 bits 44.1 \u2013 96kS\/s<br \/>\nEntradas anal\u00f3gicas: 1 par de sa\u00eddas balanceadas em 2 conectores XLR. N\u00edveis de sa\u00edda: 0,2 V, 0,6 V, 2 V, 6 V rms para uma entrada em escala total, definidos no menu. Imped\u00e2ncia de sa\u00edda: 3\u03a9. Carga m\u00e1xima: 600\u03a9 (10k-100k\u03a9 \u00e9 recomendado); 1 par de sa\u00eddas n\u00e3o balanceadas em 2 conectores RCA. N\u00edveis de sa\u00edda: 0,2 V, 0,6 V, 2 V, 6 V rms para uma entrada em escala total, definidos no menu. Imped\u00e2ncia de sa\u00edda: 52\u03a9. Carga m\u00e1xima: 600\u03a9 (10k-100k\u03a9 \u00e9 recomendado)<br \/>\nWordclock IO: 2 entradas de Word Clock em 2 conectores BNC, aceita Word Clock padr\u00e3o em 44,1, 48, 88,2, 96, 176,4 ou 192kHz. A taxa de dados pode ser igual \u00e0 taxa de clock ou um m\u00faltiplo exato da taxa de clock. Sens\u00edvel aos n\u00edveis de TTL. 1 x sa\u00edda Word Clock em 1 conector BNC. Com o Modo de Sincroniza\u00e7\u00e3o definido como Master, um Word Clock compat\u00edvel com TTL \u00e9 gerado<br \/>\nMQA: Decodifica\u00e7\u00e3o e renderiza\u00e7\u00e3o completa de dados MQA das entradas de rede e USB2. Renderiza\u00e7\u00e3o final de dados MQA desdobrados apenas de outras entradas<br \/>\nRu\u00eddo residual: dados de 24 bits: melhor que \u2013113dB0, 20Hz &#8211; 20kHz n\u00e3o ponderado (configura\u00e7\u00e3o de sa\u00edda de 6V)<br \/>\nLR Crosstalk: Melhor que -115dB0, 20Hz \u2013 20kHz<br \/>\nRespostas esp\u00farias: melhores que -105dB0, 20Hz \u2013 20kHz<br \/>\nFiltros: Modo PCM: at\u00e9 6 filtros oferecem diferentes compensa\u00e7\u00f5es entre a rejei\u00e7\u00e3o da imagem Nyquist e a resposta de fase. Modo DSD: 4 filtros reduzem progressivamente o n\u00edvel de ru\u00eddo fora da banda de \u00e1udio<br \/>\nConvers\u00f5es: DXD como padr\u00e3o ou upsampling DSD opcional<br \/>\nAtualiza\u00e7\u00f5es de software: funcionalidade de download e atualiza\u00e7\u00e3o dispon\u00edvel atrav\u00e9s do aplicativo dCS Mosaic Control<br \/>\nControle local: aplicativo dCS Mosaic Control para configura\u00e7\u00e3o e reprodu\u00e7\u00e3o da unidade. Interface RS232 (controlada por um sistema de automa\u00e7\u00e3o de terceiros). dCS Universal Remote est\u00e1 dispon\u00edvel como um extra opcional<br \/>\nFonte de alimenta\u00e7\u00e3o: Configura\u00e7\u00e3o de f\u00e1brica para 100, 115\/120, 220 ou 230\/240 V CA 50\/60 Hz<br \/>\nConsumo de energia: 30 Watts t\u00edpico \/ 50 Watts m\u00e1ximo<br \/>\nDimens\u00f5es: 444 mm \/ 17,5&#8243; x 430 mm \/ 17,0&#8243; x 115 mm \/ 4,6&#8243;. Permitir profundidade extra para conectores de cabo<br \/>\nPeso: 36,8 libras<\/p>\n","protected":false},"excerpt":{"rendered":"<p>O Bart\u00f3k APEX mant\u00e9m a paisagem sonora poderosa, din\u00e2mica e detalhada do original e adiciona elementos de resolu\u00e7\u00e3o e refinamento que antes s\u00f3 eram poss\u00edveis com o Rossini ou Vivaldi APEX. A dCS projetou o Bart\u00f3k APEX para informar e inspirar. APEX estabelece um novo padr\u00e3o de transpar\u00eancia. Ele resolve organicamente os m\u00ednimos detalhes e [&hellip;]<\/p>\n","protected":false},"featured_media":16546,"template":"","meta":{"_acf_changed":false},"product_brand":[],"product_cat":[43,137,41,142],"product_tag":[],"class_list":{"0":"post-16545","1":"product","2":"type-product","3":"status-publish","4":"has-post-thumbnail","6":"product_cat-dac","7":"product_cat-dcs","8":"product_cat-digital","9":"product_cat-streamers","11":"first","12":"instock","13":"sold-individually","14":"shipping-taxable","15":"purchasable","16":"product-type-simple"},"acf":[],"aioseo_notices":[],"_links":{"self":[{"href":"https:\/\/hificlub.com.br\/loja\/wp-json\/wp\/v2\/product\/16545","targetHints":{"allow":["GET"]}}],"collection":[{"href":"https:\/\/hificlub.com.br\/loja\/wp-json\/wp\/v2\/product"}],"about":[{"href":"https:\/\/hificlub.com.br\/loja\/wp-json\/wp\/v2\/types\/product"}],"wp:featuredmedia":[{"embeddable":true,"href":"https:\/\/hificlub.com.br\/loja\/wp-json\/wp\/v2\/media\/16546"}],"wp:attachment":[{"href":"https:\/\/hificlub.com.br\/loja\/wp-json\/wp\/v2\/media?parent=16545"}],"wp:term":[{"taxonomy":"product_brand","embeddable":true,"href":"https:\/\/hificlub.com.br\/loja\/wp-json\/wp\/v2\/product_brand?post=16545"},{"taxonomy":"product_cat","embeddable":true,"href":"https:\/\/hificlub.com.br\/loja\/wp-json\/wp\/v2\/product_cat?post=16545"},{"taxonomy":"product_tag","embeddable":true,"href":"https:\/\/hificlub.com.br\/loja\/wp-json\/wp\/v2\/product_tag?post=16545"}],"curies":[{"name":"wp","href":"https:\/\/api.w.org\/{rel}","templated":true}]}}