{"id":16504,"date":"2024-07-18T04:39:02","date_gmt":"2024-07-18T07:39:02","guid":{"rendered":"https:\/\/hificlub.com.br\/loja\/?post_type=product&#038;p=16504"},"modified":"2026-03-24T05:23:07","modified_gmt":"2026-03-24T08:23:07","slug":"jbl-ma9100hp-9-2-8k-wifi-dolby-atmos-dtsx-direct-live-ready-140-watts","status":"publish","type":"product","link":"https:\/\/hificlub.com.br\/loja\/produto\/jbl-ma9100hp-9-2-8k-wifi-dolby-atmos-dtsx-direct-live-ready-140-watts\/","title":{"rendered":"JBL MA9100HP Receiver AV 9.2 8K WiFi  Dolby Atmos DTS:X Direct Live Ready 140 watts"},"content":{"rendered":"<p>O JBL MA9100HP \u00e9 um receptor A\/V de alto desempenho que oferece realismo impressionante com as mais recentes especifica\u00e7\u00f5es HDMI 8K e decodifica\u00e7\u00e3o nativa de 9 canais de \u00e1udio imersivo da Dolby Atmos e DTS:X para a experi\u00eancia definitiva de cinema em casa. Integre perfeitamente sua smart TV ou projetor com 6 entradas HDMI e 2 sa\u00eddas, al\u00e9m de eARC. Ele \u00e9 projetado com paix\u00e3o para m\u00fasica e filmes, dando vida a ambos com verdadeira alta fidelidade. O MA9100HP possui nove canais de amplifica\u00e7\u00e3o Classe D de baixo ru\u00eddo para fornecer pot\u00eancia real a todos os canais. Al\u00e9m da entrada de phono para Moving Magnet integrada para conectar um toca-discos, um conte\u00fado musical adicional pode ser acessado imediatamente atrav\u00e9s do streaming integrado usando Apple Airplay 2, Google Chromecast e Bluetooth AptX Adaptive. Levando o desempenho para o pr\u00f3ximo n\u00edvel, o MA9100HP vem com \u201cDirac Live Ready\u201d para corre\u00e7\u00e3o autom\u00e1tica da sala, assegurando uma qualidade sonora de alta fidelidade e permitindo que integradores e usu\u00e1rios avan\u00e7ados otimizem o sistema de acordo com a ac\u00fastica pessoal de sua sala. Com um segundo HDMI para sa\u00edda de v\u00eddeo e zona de \u00e1udio separada, o conte\u00fado pode ser disponibilizado em uma localiza\u00e7\u00e3o secund\u00e1ria. Al\u00e9m dos controles f\u00edsicos, o MA9100HP permite o controle IP para integra\u00e7\u00e3o de sistemas de controle de terceiros.<\/p>\n<p>Conectividade e Realismo Incr\u00edveis<br \/>\nEste receiver de 9.2 canais proporciona uma experi\u00eancia de cinema em casa incompar\u00e1vel com suporte a v\u00eddeo 8K. Equipado com 6 entradas HDMI e 2 sa\u00eddas, incluindo uma eARC, ele garante conectividade vers\u00e1til e de alta qualidade.<\/p>\n<p>\u00c1udio Imersivo<br \/>\nCom suporte para Dolby Atmos e DTS:X, este receiver pode ser configurado em at\u00e9 9.2 ou 5.2.4 canais, oferecendo um som tridimensional que envolve o ambiente. Al\u00e9m disso, \u00e9 Dirac Live Ready, permitindo ajustes precisos para uma ac\u00fastica perfeita<\/p>\n<p>Amplifica\u00e7\u00e3o de Alta Qualidade<br \/>\nOs nove canais possuem amplifica\u00e7\u00e3o Classe D audi\u00f3fila, conhecida por sua baixa distor\u00e7\u00e3o e alta efici\u00eancia, garantindo um som claro e potente. O receiver \u00e9 bivolt, adaptando-se facilmente a diferentes voltagens.<\/p>\n<p>Conectividade Sem Fio<br \/>\nA conectividade Bluetooth v5.3 oferece suporte para Low Energy, APTX HD e APTX Adaptive, proporcionando uma transmiss\u00e3o de \u00e1udio sem fio de alta qualidade e com baixo consumo de energia.<\/p>\n<p>Este receiver \u00e9 ideal para quem busca uma experi\u00eancia de \u00e1udio e v\u00eddeo de alta qualidade, com recursos avan\u00e7ados e conectividade vers\u00e1til.<\/p>\n<p>Marca JBL<br \/>\nCanal 9.2<br \/>\nModelo MA9100HP<br \/>\nPot\u00eancia Din\u00e2mica por Canal (8\/6\/4\/2 ohms) 140 Watts RMS @8\u03a9\/ch Stereo<br \/>\nDolby Atmos Sim<br \/>\nHDR 10+ HDR10+\/Dolby Vision<br \/>\nEntrada\/Sa\u00edda HDMI 6 Entradas, 2 Sa\u00eddas sendo 8K (HDMI 2.1) 3 Entradas, 1 Sa\u00edda<br \/>\nEntrada USB 1xUSB<br \/>\nWi-Fi Gigabite, 2.4 \/ 5GHz<br \/>\nAirplay 2 Sim<br \/>\nBluetooth v5.3 &#8211; Low Energy, APTX HD e APTX Adaptive<br \/>\nEntrada\/Sa\u00edda Digital de \u00c1udio: \u00d3ptica 1x\u00d3ptica<br \/>\nEntrada Phono Sim &#8211; MM Phono<br \/>\nPr\u00e9-Sa\u00edda Stereo Zone 2, Subwoofer 1, Subwoofer 2<br \/>\nDimens\u00f5es (xwxd): 135x432x396,4mm).<br \/>\nPeso: 7,6kg.<br \/>\nIlumina\u00e7\u00e3o LED de cor vari\u00e1vel localizada sob o painel frontal.<br \/>\nPainel frontal em vidro anti-impress\u00e3o digital.<\/p>\n","protected":false},"excerpt":{"rendered":"<p>O JBL MA9100HP \u00e9 um receptor A\/V de alto desempenho que oferece realismo impressionante com as mais recentes especifica\u00e7\u00f5es HDMI 8K e decodifica\u00e7\u00e3o nativa de 9 canais de \u00e1udio imersivo da Dolby Atmos e DTS:X para a experi\u00eancia definitiva de cinema em casa. Integre perfeitamente sua smart TV ou projetor com 6 entradas HDMI e [&hellip;]<\/p>\n","protected":false},"featured_media":16512,"template":"","meta":{"_acf_changed":false},"product_brand":[],"product_cat":[21,46,22],"product_tag":[],"class_list":{"0":"post-16504","1":"product","2":"type-product","3":"status-publish","4":"has-post-thumbnail","6":"product_cat-home-theater","7":"product_cat-jbl","8":"product_cat-receivers","10":"first","11":"instock","12":"sold-individually","13":"shipping-taxable","14":"purchasable","15":"product-type-simple"},"acf":[],"aioseo_notices":[],"_links":{"self":[{"href":"https:\/\/hificlub.com.br\/loja\/wp-json\/wp\/v2\/product\/16504","targetHints":{"allow":["GET"]}}],"collection":[{"href":"https:\/\/hificlub.com.br\/loja\/wp-json\/wp\/v2\/product"}],"about":[{"href":"https:\/\/hificlub.com.br\/loja\/wp-json\/wp\/v2\/types\/product"}],"wp:featuredmedia":[{"embeddable":true,"href":"https:\/\/hificlub.com.br\/loja\/wp-json\/wp\/v2\/media\/16512"}],"wp:attachment":[{"href":"https:\/\/hificlub.com.br\/loja\/wp-json\/wp\/v2\/media?parent=16504"}],"wp:term":[{"taxonomy":"product_brand","embeddable":true,"href":"https:\/\/hificlub.com.br\/loja\/wp-json\/wp\/v2\/product_brand?post=16504"},{"taxonomy":"product_cat","embeddable":true,"href":"https:\/\/hificlub.com.br\/loja\/wp-json\/wp\/v2\/product_cat?post=16504"},{"taxonomy":"product_tag","embeddable":true,"href":"https:\/\/hificlub.com.br\/loja\/wp-json\/wp\/v2\/product_tag?post=16504"}],"curies":[{"name":"wp","href":"https:\/\/api.w.org\/{rel}","templated":true}]}}