{"id":16484,"date":"2024-07-18T03:39:19","date_gmt":"2024-07-18T06:39:19","guid":{"rendered":"https:\/\/hificlub.com.br\/loja\/?post_type=product&#038;p=16484"},"modified":"2026-03-24T05:20:55","modified_gmt":"2026-03-24T08:20:55","slug":"jbl-ma510-receiver-av-5-2-8k-wifi-dolby-digital-e-dts","status":"publish","type":"product","link":"https:\/\/hificlub.com.br\/loja\/produto\/jbl-ma510-receiver-av-5-2-8k-wifi-dolby-digital-e-dts\/","title":{"rendered":"JBL MA510 Receiver AV 5.2 8K WiFi  Dolby Digital e DTS 75 watts"},"content":{"rendered":"<p>RECEIVER JBL MA510 5.2CH 8K WIFI DOLBY DIGITAL E DTS<\/p>\n<div id=\"pdp-specs--description-content\" class=\"ds-accordion-content\">\n<p>O JBL MA510 \u00e9 um receiver A\/V que oferece um realismo espetacular com especifica\u00e7\u00f5es HDMI 8K para uma super experi\u00eancia de cinema em casa. Integre perfeitamente sua smart TV ou projetor com 4 entradas HDMI e 1 sa\u00edda, al\u00e9m de suporte para eARC. Com decodifica\u00e7\u00e3o nativa de 5 canais dos formatos Dolby e DTS, o MA510 pode proporcionar experi\u00eancias de cinema incr\u00edveis. Ele \u00e9 projetado com paix\u00e3o para m\u00fasica e filmes, dando vida a ambos com verdadeira alta fidelidade. Conte\u00fado de m\u00fasica adicional pode ser acessado via Bluetooth e streaming de rede. O MA510 possui cinco canais de amplifica\u00e7\u00e3o Classe D de baixo ru\u00eddo para fornecer pot\u00eancia real a todos os canais.<\/p>\n<\/div>\n<p><label class=\"ds-accordion-label\" role=\"button\" for=\"pdp-specs--specifications\" aria-controls=\"pdp-specs--specifications-content\">Especifica\u00e7\u00f5es<\/label><\/p>\n<p>Conectividade Digital Avan\u00e7ada<br \/>\nAl\u00e9m do design Possui uma ampla gama de recursos. Ele inclui entradas digitais, como 1x \u00d3ptica (OPT), 1x Coaxial (COAX) e 1x USB, al\u00e9m de entradas anal\u00f3gicas com 2x RCA. Suporta ARC e e-ARC, e possui 5.2 canais com uma pot\u00eancia de 75 Watts RMS a 8\u03a9 por canal em est\u00e9reo. Compat\u00edvel com Chromecast e Airplay.<\/p>\n<p>\u00c1udio Imersivo com ARC e e-ARC<br \/>\nSuporta ARC e e-ARC, e possui 5.2 canais com uma pot\u00eancia de 75 Watts RMS a 8\u03a9 por canal em est\u00e9reo.<\/p>\n<p>Streaming e HDR de Alta Qualidade e Conectividade<br \/>\n\u00c9 compat\u00edvel com Chromecast e Airplay e oferece tamb\u00e9m suporte para HDR10+ e Dolby Vision. Possui conectividade Ethernet Gigabit e Wi-Fi de 2.4\/5GHz. As conex\u00f5es de entrada incluem 1x \u00d3ptica (OPT), 1x Coaxial (COAX) e 1x USB. O Bluetooth \u00e9 vers\u00e3o 4.1 com baixo consumo de energia.<\/p>\n<p>Suporte para 8K com HDMI 2.1<br \/>\nEm termos de HDMI, ele possui 4 entradas e 1 sa\u00edda, todas compat\u00edveis com HDMI 2.1 e suporte para 8K. H\u00e1 sa\u00eddas pr\u00e9-amplificadas para dois subwoofers.<\/p>\n<p>Marca JBL<br \/>\nCanal 5.2<br \/>\nModelo MA510<br \/>\nPot\u00eancia Din\u00e2mica por Canal (8\/6\/4\/2 ohms) 75 Watts RMS @8\u03a9\/ch Stereo<br \/>\nDolby Atmos N\u00e3o<br \/>\nHDR 10+ HDR10+\/Dolby Vision<br \/>\nEntrada\/Sa\u00edda HDMI 4 In, 1 Out<br \/>\nEntrada USB 1xUSB<br \/>\nWi-Fi Gigabite, 2.4 \/ 5GHz<br \/>\nAirplay 2 Sim<br \/>\nBluetooth v4.1 &#8211; Low Energy<br \/>\nEntrada\/Sa\u00edda Digital de \u00c1udio: \u00d3ptica 1x\u00d3ptica<br \/>\nEntrada Phono N\u00e3o<br \/>\nPr\u00e9-Sa\u00edda Subwoofer 1, Subwoofer 2<\/p>\n<p>Dimens\u00f5es incluindo p\u00e9s e alto-falante<br \/>\nterminais (A x L x P): 4,3&#8243; x 17,0&#8243; x 13,7&#8243;<br \/>\n(109,2 mm x 432,0 mm x 347,6 mm)<br \/>\nPeso: 12 libras (5,4 kg)<\/p>\n","protected":false},"excerpt":{"rendered":"<p>RECEIVER JBL MA510 5.2CH 8K WIFI DOLBY DIGITAL E DTS O JBL MA510 \u00e9 um receiver A\/V que oferece um realismo espetacular com especifica\u00e7\u00f5es HDMI 8K para uma super experi\u00eancia de cinema em casa. Integre perfeitamente sua smart TV ou projetor com 4 entradas HDMI e 1 sa\u00edda, al\u00e9m de suporte para eARC. Com decodifica\u00e7\u00e3o [&hellip;]<\/p>\n","protected":false},"featured_media":16485,"template":"","meta":{"_acf_changed":false},"product_brand":[],"product_cat":[21,46,22],"product_tag":[],"class_list":{"0":"post-16484","1":"product","2":"type-product","3":"status-publish","4":"has-post-thumbnail","6":"product_cat-home-theater","7":"product_cat-jbl","8":"product_cat-receivers","10":"first","11":"instock","12":"sold-individually","13":"shipping-taxable","14":"purchasable","15":"product-type-simple"},"acf":[],"aioseo_notices":[],"_links":{"self":[{"href":"https:\/\/hificlub.com.br\/loja\/wp-json\/wp\/v2\/product\/16484","targetHints":{"allow":["GET"]}}],"collection":[{"href":"https:\/\/hificlub.com.br\/loja\/wp-json\/wp\/v2\/product"}],"about":[{"href":"https:\/\/hificlub.com.br\/loja\/wp-json\/wp\/v2\/types\/product"}],"wp:featuredmedia":[{"embeddable":true,"href":"https:\/\/hificlub.com.br\/loja\/wp-json\/wp\/v2\/media\/16485"}],"wp:attachment":[{"href":"https:\/\/hificlub.com.br\/loja\/wp-json\/wp\/v2\/media?parent=16484"}],"wp:term":[{"taxonomy":"product_brand","embeddable":true,"href":"https:\/\/hificlub.com.br\/loja\/wp-json\/wp\/v2\/product_brand?post=16484"},{"taxonomy":"product_cat","embeddable":true,"href":"https:\/\/hificlub.com.br\/loja\/wp-json\/wp\/v2\/product_cat?post=16484"},{"taxonomy":"product_tag","embeddable":true,"href":"https:\/\/hificlub.com.br\/loja\/wp-json\/wp\/v2\/product_tag?post=16484"}],"curies":[{"name":"wp","href":"https:\/\/api.w.org\/{rel}","templated":true}]}}