{"id":16431,"date":"2024-07-14T23:42:21","date_gmt":"2024-07-15T02:42:21","guid":{"rendered":"https:\/\/hificlub.com.br\/loja\/?post_type=product&#038;p=16431"},"modified":"2026-03-03T22:18:28","modified_gmt":"2026-03-04T01:18:28","slug":"ferrum-power-splitter-divisor-de-energia","status":"publish","type":"product","link":"https:\/\/hificlub.com.br\/loja\/produto\/ferrum-power-splitter-divisor-de-energia\/","title":{"rendered":"FERRUM POWER SPLITTER Divisor de Energia"},"content":{"rendered":"<p>Divisor de energia Ferrum<\/p>\n<p>N\u00f3s da Ferrum ouvimos nossos clientes e quando alguns deles nos disseram que gostariam de alimentar mais de um dispositivo com seu HYPSOS, imediatamente sentamos e discutimos essa quest\u00e3o com nossos engenheiros.<\/p>\n<p>Para tornar isso poss\u00edvel, nossos engenheiros projetaram o Ferrum Power Splitter (FPS). Agora voc\u00ea pode alimentar dois dispositivos de sua escolha com apenas um HYPSOS. Basta lembrar as configura\u00e7\u00f5es corretas de sa\u00edda (tens\u00e3o e polaridade), isso \u00e9 fundamental para o bom funcionamento de todos os dispositivos.<br \/>\n&#8211;<br \/>\nJunto com o Ferrum Power Splitter um Ferrum Power Link de 0,5 metro est\u00e1 inclu\u00eddo na caixa. \u00c9 claro que oferecemos a op\u00e7\u00e3o de outros cabos de alimenta\u00e7\u00e3o de diferentes comprimentos (incluindo o FPL) por um custo extra. Entre em contato conosco para conhecer as op\u00e7\u00f5es dispon\u00edveis.<\/p>\n<p>Consumo de energia<br \/>\nAo conectar mais de um dispositivo ao HYPSOS voc\u00ea deve estar ciente de tr\u00eas coisas: o consumo de energia combinado dos dois dispositivos, a tens\u00e3o operacional e a polaridade (+\/- orienta\u00e7\u00e3o). O consumo m\u00e1ximo de energia n\u00e3o deve exceder 80W e a corrente n\u00e3o deve exceder 6A. E vamos supor que voc\u00ea queira alimentar um OOR com um segundo componente de sua escolha, o segundo deve ser compat\u00edvel com a configura\u00e7\u00e3o da fonte de alimenta\u00e7\u00e3o do OOR, sendo polaridade central positiva e 24 volts. Ao procurar o valor ideal com o Sweet Spot Tuning, esteja ciente de que isso se aplica a ambos os componentes combinados.<\/p>\n<p>Ao usar o Ferrum Power Splitter junto com um Ferrum MicroUSB, lembre-se de que as configura\u00e7\u00f5es corretas de tens\u00e3o dos dispositivos s\u00e3o 5 volts, com polaridade positiva.<\/p>\n<p>O Ferrum Power Splitter (FPS) \u00e9 uma solu\u00e7\u00e3o inovadora projetada para audi\u00f3filos que exigem o melhor de seus equipamentos de \u00e1udio. Desenvolvido em resposta ao feedback dos clientes, o FPS permite alimentar dois dispositivos simultaneamente com apenas uma fonte de alimenta\u00e7\u00e3o HYPSOS. Este acess\u00f3rio inovador garante que sua configura\u00e7\u00e3o de \u00e1udio permane\u00e7a simplificada e eficiente, sem comprometer a qualidade do som.<\/p>\n<p>*Se voc\u00ea deseja usar Ferrum Hypsos, Ferrum Oor e Ferrum WANDLA ao mesmo tempo, \u00e9 necess\u00e1rio um cabo Ferrum Power Link (FPL) adicional. Voc\u00ea precisar\u00e1 de tr\u00eas cabos FPL no total.<\/p>\n<p>Principais recursos do divisor de energia Ferrum<br \/>\nO Ferrum Power Splitter possui v\u00e1rios recursos importantes que o tornam uma adi\u00e7\u00e3o essencial a qualquer sistema de \u00e1udio de \u00faltima gera\u00e7\u00e3o. Ele foi projetado para manter as configura\u00e7\u00f5es de sa\u00edda corretas, incluindo tens\u00e3o e polaridade, garantindo a opera\u00e7\u00e3o ideal de todos os dispositivos conectados. A inclus\u00e3o de um cabo Ferrum Power Link (FPL) na caixa aumenta a comodidade, proporcionando uma conex\u00e3o perfeita entre seu HYPSOS e o FPS.<\/p>\n<p>Op\u00e7\u00f5es de personaliza\u00e7\u00e3o para sua configura\u00e7\u00e3o exclusiva<br \/>\nEntendendo que cada configura\u00e7\u00e3o de \u00e1udio \u00e9 \u00fanica, a Ferrum oferece op\u00e7\u00f5es de personaliza\u00e7\u00e3o para o Power Splitter. Voc\u00ea pode escolher entre diferentes comprimentos de cabos de alimenta\u00e7\u00e3o, incluindo o FPL, para atender \u00e0s suas necessidades espec\u00edficas. Essas op\u00e7\u00f5es est\u00e3o dispon\u00edveis por um custo extra, permitindo que voc\u00ea personalize seu sistema de \u00e1udio de acordo com suas prefer\u00eancias exatas.<\/p>\n<p>Considera\u00e7\u00f5es sobre consumo de energia<br \/>\nAo usar o Ferrum Power Splitter, \u00e9 importante estar atento ao consumo combinado de energia dos dispositivos conectados. O FPS foi projetado para suportar um consumo m\u00e1ximo de energia de 80W e uma corrente de at\u00e9 6A. Garantir a compatibilidade com a configura\u00e7\u00e3o da fonte de alimenta\u00e7\u00e3o dos seus dispositivos, como polaridade central positiva e tens\u00e3o apropriada, \u00e9 crucial para um desempenho ideal.<\/p>\n<p>Compatibilidade com Ferrum MicroUSB<br \/>\nPara quem utiliza o Ferrum MicroUSB em conjunto com o Power Splitter, \u00e9 essencial seguir as configura\u00e7\u00f5es corretas de tens\u00e3o de 5 volts e polaridade positiva. Esta aten\u00e7\u00e3o aos detalhes garante que os seus dispositivos funcionem harmoniosamente, proporcionando uma experi\u00eancia de \u00e1udio incompar\u00e1vel.<\/p>\n<p>Eleve o seu sistema de \u00e1udio com o Ferrum Power Splitter<br \/>\nO Ferrum Power Splitter \u00e9 um acess\u00f3rio indispens\u00e1vel para audi\u00f3filos que buscam aprimorar seus sistemas de \u00e1udio. Seu design inteligente, op\u00e7\u00f5es de personaliza\u00e7\u00e3o e aten\u00e7\u00e3o ao consumo de energia tornam-no uma adi\u00e7\u00e3o valiosa a qualquer configura\u00e7\u00e3o. Experimente a diferen\u00e7a na qualidade do seu \u00e1udio com o Ferrum Power Splitter, dispon\u00edvel agora em Headphones.com.<\/p>\n","protected":false},"excerpt":{"rendered":"<p>Divisor de energia Ferrum N\u00f3s da Ferrum ouvimos nossos clientes e quando alguns deles nos disseram que gostariam de alimentar mais de um dispositivo com seu HYPSOS, imediatamente sentamos e discutimos essa quest\u00e3o com nossos engenheiros. Para tornar isso poss\u00edvel, nossos engenheiros projetaram o Ferrum Power Splitter (FPS). Agora voc\u00ea pode alimentar dois dispositivos de [&hellip;]<\/p>\n","protected":false},"featured_media":16439,"template":"","meta":{"_acf_changed":false},"product_brand":[],"product_cat":[89,106,224],"product_tag":[],"class_list":{"0":"post-16431","1":"product","2":"type-product","3":"status-publish","4":"has-post-thumbnail","6":"product_cat-acessorios","7":"product_cat-energia","8":"product_cat-ferrum","10":"first","11":"instock","12":"sold-individually","13":"shipping-taxable","14":"purchasable","15":"product-type-simple"},"acf":[],"aioseo_notices":[],"_links":{"self":[{"href":"https:\/\/hificlub.com.br\/loja\/wp-json\/wp\/v2\/product\/16431","targetHints":{"allow":["GET"]}}],"collection":[{"href":"https:\/\/hificlub.com.br\/loja\/wp-json\/wp\/v2\/product"}],"about":[{"href":"https:\/\/hificlub.com.br\/loja\/wp-json\/wp\/v2\/types\/product"}],"wp:featuredmedia":[{"embeddable":true,"href":"https:\/\/hificlub.com.br\/loja\/wp-json\/wp\/v2\/media\/16439"}],"wp:attachment":[{"href":"https:\/\/hificlub.com.br\/loja\/wp-json\/wp\/v2\/media?parent=16431"}],"wp:term":[{"taxonomy":"product_brand","embeddable":true,"href":"https:\/\/hificlub.com.br\/loja\/wp-json\/wp\/v2\/product_brand?post=16431"},{"taxonomy":"product_cat","embeddable":true,"href":"https:\/\/hificlub.com.br\/loja\/wp-json\/wp\/v2\/product_cat?post=16431"},{"taxonomy":"product_tag","embeddable":true,"href":"https:\/\/hificlub.com.br\/loja\/wp-json\/wp\/v2\/product_tag?post=16431"}],"curies":[{"name":"wp","href":"https:\/\/api.w.org\/{rel}","templated":true}]}}