{"id":16316,"date":"2024-07-09T07:54:02","date_gmt":"2024-07-09T10:54:02","guid":{"rendered":"https:\/\/hificlub.com.br\/loja\/?post_type=product&#038;p=16316"},"modified":"2026-03-03T22:18:28","modified_gmt":"2026-03-04T01:18:28","slug":"eversolo-dmp-a6-master-streamer-dac","status":"publish","type":"product","link":"https:\/\/hificlub.com.br\/loja\/produto\/eversolo-dmp-a6-master-streamer-dac\/","title":{"rendered":"EVERSOLO DMP-A6 Master Edition Streamer DAC"},"content":{"rendered":"<p>EVERSOLO DMP-A6 MASTER Streamer 2xES9038Q2M WiFi MQA Bluetooth 5.0 aptX HD<\/p>\n<p>EverSolo DMP-A6 MASTER \u00e9 uma lufada de ar fresco no cen\u00e1rio atual de dispositivos de streaming de \u00e1udio de alta resolu\u00e7\u00e3o. Com um processador quad-core e grande mem\u00f3ria integrada, este \u00e9 um reprodutor de \u00e1udio completo desenvolvido para streaming e reprodu\u00e7\u00e3o de m\u00fasica sem perdas.<\/p>\n<p>Ricas portas de entrada e sa\u00edda digital, sa\u00edda multicanal HDMI DSD, dois DACs profissionais ESS 9038Q2M, um circuito diferencial totalmente balanceado e ajuste de \u00e1udio profissional, todos esses fatores contribuem para o desempenho superior do DMP-A6. Uma experi\u00eancia in\u00e9dita \u00e9 oferecida aos amantes da m\u00fasica com servi\u00e7os de streaming de m\u00fasica, gerenciamento local de m\u00fasica, controle de aplicativos m\u00f3veis e um sistema de controle exclusivo. O DMP-A6 implica o in\u00edcio de uma nova \u00e9poca no streaming de m\u00fasica.<\/p>\n<p>CHIP DAC ES9038 Q2M X2<br \/>\nA decodifica\u00e7\u00e3o de \u00e1udio do DMP-A6 \u00e9 confiada a dois chips DAC ESS ES9038 Q2M , um modelo de alto desempenho amplamente reconhecido pelos audi\u00f3filos. Ele tamb\u00e9m suporta fluxos de \u00e1udio de alta resolu\u00e7\u00e3o de at\u00e9 PCM 32 bits 768kHz e DSD512, bem como decodifica\u00e7\u00e3o de arquivos MQA .<\/p>\n<p>Tela de toque LCD<br \/>\nO ecr\u00e3 t\u00e1ctil LCD de 6\u2033 de alta defini\u00e7\u00e3o perfeitamente integrado no chassis de alum\u00ednio do DMP-A6 permite uma utiliza\u00e7\u00e3o pr\u00e1tica e ergon\u00f3mica. A experi\u00eancia do usu\u00e1rio pretende ser o mais intuitiva poss\u00edvel. Assim, \u00e9 poss\u00edvel acessar todas as op\u00e7\u00f5es e informa\u00e7\u00f5es do jogador atrav\u00e9s desta bela interface.<\/p>\n<p>Suporte SSD de alta velocidade<br \/>\nO DMP-A6 est\u00e1 equipado com uma mem\u00f3ria integrada de 4GB DDR + 32GB eMMC para poder usar muitas aplica\u00e7\u00f5es.<br \/>\nUm slot compat\u00edvel com um SSD M.2 NVME 2280 de 4 TB \u00e9 fornecido para instala\u00e7\u00e3o sem remover a tampa e permite armazenar suas m\u00fasicas localmente e acess\u00e1-las com extrema rapidez. Al\u00e9m disso, a utiliza\u00e7\u00e3o de um SSD em vez de um disco r\u00edgido permite reduzir a temperatura e as vibra\u00e7\u00f5es do dispositivo.<\/p>\n<p>M\u00f3dulo de fonte de alimenta\u00e7\u00e3o de comuta\u00e7\u00e3o de baixo ru\u00eddo<br \/>\nO DMP-A6 possui um m\u00f3dulo de fonte de alimenta\u00e7\u00e3o de baixo ru\u00eddo , v\u00e1rios capacitores reduzem a interfer\u00eancia. Al\u00e9m disso, o circuito de filtro \u00e9 especialmente projetado para entrada de corrente CA e reduz o ru\u00eddo de alta frequ\u00eancia de 100KHz a 5MHz, garantindo pot\u00eancia cont\u00ednua, ru\u00eddo de fundo mais suave e detalhes musicais mais n\u00edtidos.<\/p>\n<p>Chip multicanal DSD HDMI DOH<br \/>\nEquipado com chips de processamento DOH para HDMI, o DMP-A6 pode transcrever um sinal de som mestre DSD com alta precis\u00e3o de clock HDMI.<\/p>\n<p>Decodificador MQA<br \/>\nO DMP-A6 incorpora um decodificador MQA (Master Quality Authenticated) , permitindo reproduzir este tipo de arquivo e desfrutar de uma qualidade de som o mais pr\u00f3xima poss\u00edvel da grava\u00e7\u00e3o original em est\u00fadio. Al\u00e9m disso, os fluxos MQA s\u00e3o leves o suficiente para serem transmitidos.<\/p>\n<p>Bluetooth 5.0<br \/>\nA recep\u00e7\u00e3o Bluetooth 5.0 do DMP-A6 usa um chip Qualcomm QCC5125 . Suporta os codecs de transmiss\u00e3o de alta defini\u00e7\u00e3o SBC, AAC, aptX, aptX LL, aptX HD e LDAC , permitindo que voc\u00ea desfrute de reprodu\u00e7\u00e3o de som de alta qualidade via Bluetooth.<\/p>\n<p>Aplicativo de controle inteligente<br \/>\nO DMP-A6 pode ser controlado a partir de um smartphone ou tablet usando o aplicativo m\u00f3vel gratuito Eversolo Controller. Isso permitir\u00e1 que voc\u00ea simplesmente acesse suas m\u00fasicas enquanto desfruta de uma interface remota para facilitar o uso em seu sof\u00e1.<\/p>\n<p>Vis\u00e3o geral da conectividade<br \/>\nParticularmente vers\u00e1til, o DMP-A6 cobre a grande maioria das necessidades de integra\u00e7\u00e3o gra\u00e7as \u00e0 conectividade completa.<\/p>\n<p>ESPECIFICA\u00c7\u00d5ES<br \/>\nTipo de Produto Fl\u00e2mula<br \/>\nTela sens\u00edvel ao toque LCD6\u2033<br \/>\nCPU ARM Cortex-A55 (quad-core)<br \/>\nMem\u00f3ria interna 4Go DDR + 32Go eMMCSuporte SSD M.2 NVME 3.0 at\u00e9 4 Tb (n\u00e3o inclu\u00eddo)<br \/>\nChip DAC 2x ES9038 Q2M<br \/>\nDecodifica\u00e7\u00e3o de \u00e1udio PCM: 32 bits 768kHz<br \/>\nDSD: DSD512<br \/>\nMQA<br \/>\nInterface USB XU316 (3\u00aa gera\u00e7\u00e3o)<br \/>\nChip de decodifica\u00e7\u00e3o HDMI 2x chips DOH<br \/>\nChips Bluetooth Qualcomm QCC5125 Bluetooth 5.0<br \/>\nChips AOP OPA1612 ULTRA BAIXO RU\u00cdDO \/ DISTOR\u00c7\u00c3O<\/p>\n<p>CONECTIVIDADE<br \/>\nWi-fi Banda dupla 2.4G+5G<br \/>\nEthernet RJ45 (10\/100\/1000Mbps)<br \/>\nPorta USB de entrada Compatibilidade com sistema USB-C 3.0: Windows (7, 10), Mac, Android, IOS<br \/>\nCompatibilidade de \u00e1udio: Est\u00e9reo DSD512, PCM 768KHz 32Bit, MQA<br \/>\nSa\u00edda de \u00e1udio HDMI Multicanal: DSD64 Native<br \/>\nRaw Multicanal: PCM 192KHz<br \/>\nEntrada Bluetooth 5.0 Codecs suportados pelo chip QCC5125<br \/>\n: SBC, AAC, aptX, aptX LL, aptX HD, LDAC<br \/>\nEntradas de \u00e1udio digital Bluetooth<br \/>\n1x USB-C<br \/>\n1x Coaxial<br \/>\n1x Toslink \u00f3ptico<br \/>\nSa\u00eddas de \u00e1udio digitais Bluetooth<br \/>\n1x Coaxial<br \/>\n1x \u00d3ptico Toslink<br \/>\n1x HDMI<br \/>\n2x USB-A<br \/>\nSa\u00eddas de \u00e1udio anal\u00f3gicas 1 * RCA est\u00e9reo n\u00e3o balanceado<br \/>\n1 * XLR est\u00e9reo balanceado<br \/>\nServi\u00e7os de m\u00fasica integrados Tidal, Qobuz, Highresaudio, Amazon, WebDAV, UPnP<br \/>\nServi\u00e7os de streaming compat\u00edveis Air Play, DLNA, Roon Ready, Spotify, Tidal Connect, Qobuz Connect etc.<br \/>\nProtocolo de rede suportado NFS\/SMB v1-v2-V3\/UPnP<\/p>\n<p>GEN\u00c9RICO<br \/>\nFonte de energia 110-240 Vca 50\/60 Hz<br \/>\nPot\u00eancia nominal 13W<br \/>\nDimens\u00f5es (L*P*H) 180*270*90mm<br \/>\nCor Preto<br \/>\nPacote 1 * EVERSOLO DMP-A6<br \/>\n1 * cabo de alimenta\u00e7\u00e3o<br \/>\n1 * cabo USB<br \/>\n1 * chave de fenda<br \/>\n1 * manual do usu\u00e1rio<\/p>\n","protected":false},"excerpt":{"rendered":"<p>EVERSOLO DMP-A6 MASTER Streamer 2xES9038Q2M WiFi MQA Bluetooth 5.0 aptX HD EverSolo DMP-A6 MASTER \u00e9 uma lufada de ar fresco no cen\u00e1rio atual de dispositivos de streaming de \u00e1udio de alta resolu\u00e7\u00e3o. Com um processador quad-core e grande mem\u00f3ria integrada, este \u00e9 um reprodutor de \u00e1udio completo desenvolvido para streaming e reprodu\u00e7\u00e3o de m\u00fasica sem [&hellip;]<\/p>\n","protected":false},"featured_media":16317,"template":"","meta":{"_acf_changed":false},"product_brand":[],"product_cat":[43,41,225,142],"product_tag":[],"class_list":{"0":"post-16316","1":"product","2":"type-product","3":"status-publish","4":"has-post-thumbnail","6":"product_cat-dac","7":"product_cat-digital","8":"product_cat-eversolo","9":"product_cat-streamers","11":"first","12":"instock","13":"sold-individually","14":"shipping-taxable","15":"purchasable","16":"product-type-simple"},"acf":[],"aioseo_notices":[],"_links":{"self":[{"href":"https:\/\/hificlub.com.br\/loja\/wp-json\/wp\/v2\/product\/16316","targetHints":{"allow":["GET"]}}],"collection":[{"href":"https:\/\/hificlub.com.br\/loja\/wp-json\/wp\/v2\/product"}],"about":[{"href":"https:\/\/hificlub.com.br\/loja\/wp-json\/wp\/v2\/types\/product"}],"wp:featuredmedia":[{"embeddable":true,"href":"https:\/\/hificlub.com.br\/loja\/wp-json\/wp\/v2\/media\/16317"}],"wp:attachment":[{"href":"https:\/\/hificlub.com.br\/loja\/wp-json\/wp\/v2\/media?parent=16316"}],"wp:term":[{"taxonomy":"product_brand","embeddable":true,"href":"https:\/\/hificlub.com.br\/loja\/wp-json\/wp\/v2\/product_brand?post=16316"},{"taxonomy":"product_cat","embeddable":true,"href":"https:\/\/hificlub.com.br\/loja\/wp-json\/wp\/v2\/product_cat?post=16316"},{"taxonomy":"product_tag","embeddable":true,"href":"https:\/\/hificlub.com.br\/loja\/wp-json\/wp\/v2\/product_tag?post=16316"}],"curies":[{"name":"wp","href":"https:\/\/api.w.org\/{rel}","templated":true}]}}