{"id":16304,"date":"2024-07-09T07:19:28","date_gmt":"2024-07-09T10:19:28","guid":{"rendered":"https:\/\/hificlub.com.br\/loja\/?post_type=product&#038;p=16304"},"modified":"2026-03-13T06:36:57","modified_gmt":"2026-03-13T09:36:57","slug":"eversolo-dmp-a8-ultimate-streamer-dac-ak4499ex-ak4191eq","status":"publish","type":"product","link":"https:\/\/hificlub.com.br\/loja\/produto\/eversolo-dmp-a8-ultimate-streamer-dac-ak4499ex-ak4191eq\/","title":{"rendered":"EVERSOLO DMP-A8 Ultimate Streamer DAC (AK4499EX \/ AK4191EQ)"},"content":{"rendered":"<p>O DMP-A8 \u00e9 um novo produto de \u00e1udio criado pela Eversolo e \u00e9 capaz de quase tudo, combinando Music Streamer, DAP, DAC e Preamp, tudo em um \u00fanico dispositivo.<br \/>\nSuporta quase todos os formatos de grava\u00e7\u00e3o master de amostragem ultra-alta dispon\u00edveis no mercado, incluindo formatos com qualidade de CD (FLAC, WAV, APE), DSD512 (.dsf\/.dff\/.iso\/.dst) est\u00e9reo\/multicanal e etc.<\/p>\n<p>Utiliza o EOS (mecanismo de taxa de amostragem de \u00e1udio original Eversolo) desenvolvido pela pr\u00f3pria empresa, suportando sa\u00edda em todas as taxas de amostragem de \u00e1udio original. Em outras palavras, qualquer reprodu\u00e7\u00e3o de \u00e1udio pode ignorar totalmente a limita\u00e7\u00e3o do Android SRC, suportando a passagem direta de \u00e1udio de aplicativos de terceiros (como a sa\u00edda direta de alta resolu\u00e7\u00e3o do Apple Music).<\/p>\n<p>Destaques<br \/>\nApar\u00eancia \u00danica<br \/>\nReprodu\u00e7\u00e3o e decodifica\u00e7\u00e3o vers\u00e1til de grava\u00e7\u00e3o master<br \/>\nMotor de \u00e1udio EOS autodesenvolvido<br \/>\nGrande tela LCD sens\u00edvel ao toque com interface de usu\u00e1rio exclusiva<br \/>\nEntradas e sa\u00eddas ricas<br \/>\nProjeto de fontes de alimenta\u00e7\u00e3o duplas<br \/>\nExpans\u00e3o de armazenamento flex\u00edvel<br \/>\nSolu\u00e7\u00e3o DAC de separa\u00e7\u00e3o digital-anal\u00f3gica AK4499EX \/ AK4191EQ<br \/>\nCircuito de controle de volume R2R<br \/>\nRel\u00f3gios duplos de alta precis\u00e3o<br \/>\nCircuito pr\u00e9-amplificador anal\u00f3gico totalmente balanceado<br \/>\nFuncionalidade DSP flex\u00edvel e poderosa<br \/>\nComponentes de \u00e1udio escolhidos a dedo<br \/>\nM\u00f3dulo Qualcomm QCC5125<br \/>\nStreaming de m\u00fasica sem fio<br \/>\nServi\u00e7os de m\u00fasica ao seu alcance<br \/>\nBiblioteca de m\u00fasica para reprodu\u00e7\u00e3o local<br \/>\nV\u00e1rios protocolos de rede<br \/>\nSistema eficaz de gerenciamento de m\u00eddia<br \/>\nReprodu\u00e7\u00e3o e extra\u00e7\u00e3o de CD<br \/>\nAplicativo de controle inteligente<br \/>\nFiltros digitais atendem a diferentes prefer\u00eancias pessoais<br \/>\n\u00c1udio de alta resolu\u00e7\u00e3o<\/p>\n<p>ESPECIFICA\u00c7\u00d5ES<br \/>\nModelo EVERSOLO DMP-A8<br \/>\nMostrar Tela LCD sens\u00edvel ao toque de 6\u2033<br \/>\nMem\u00f3ria interna 4GDDR4 + 64GeMMC<br \/>\nDAC AK4191EQ + AK4499EX<br \/>\nProcessador de \u00e1udio XMOS XU316<br \/>\nAmplificador operacional ChipOPA1612<br \/>\nFonte de energia Fonte de alimenta\u00e7\u00e3o dupla linear + digital de alta qualidade e baixo ru\u00eddo<br \/>\nSuporte SSD Protocolo M.2 NVME3.0 2280, at\u00e9 4 TB (SSD n\u00e3o inclu\u00eddo)<br \/>\nPorta USB-A USB3.0*2<br \/>\nEthernet RJ-45(10\/100\/1000Mbps)<br \/>\nWi-fi Banda dupla Wi-Fi 2.4G + 5G<br \/>\nReprodu\u00e7\u00e3o e decodifica\u00e7\u00e3o DAC Suporta at\u00e9 DSD512 est\u00e9reo, PCM 768KHz 32Bit<br \/>\nStreaming de servi\u00e7o de m\u00fasica Tidal, Qobuz, Highresaudio, Amazon Music, Deezer, Radio Paradise, WebDAV, UPnP, Air Play, DLNA, Tidal Connect etc.<br \/>\nEntrada de \u00e1udio de \u00e1udio Bluetooth Entrada BLuetooth BT5.0, suporte SBC\/AAC\/aptX\/aptX LL\/aptX HD\/LDAC<br \/>\nEntrada de \u00e1udio USB-B Suporta Windows (10, 11), Android, IOS. Suporta at\u00e9 DSD512 est\u00e9reo, PCM 768KHz 32Bit.<br \/>\nEntrada de \u00e1udio \u00f3ptica\/coaxial Suporta at\u00e9 est\u00e9reo PCM 192KHz 24Bit, Dop64<br \/>\nARCO HDMI Suporta at\u00e9 PCM est\u00e9reo 192KHz 24Bit<br \/>\nEntrada de \u00e1udio pr\u00e9-amplificador anal\u00f3gico XLR (Balanceado)*1+RCA (Desequilibrado), Ganho M\u00e1ximo +10d<br \/>\nSa\u00edda de \u00e1udio USB Suporta at\u00e9 DSD512 est\u00e9reo, PCM 768KHz 32Bit<br \/>\nSa\u00edda do IIS Suporta at\u00e9 DSD512 est\u00e9reo, PCM 768KHz 32Bit<br \/>\nSa\u00edda de \u00e1udio \u00f3ptica\/coaxial Suporta at\u00e9 est\u00e9reo PCM 192KHz 24Bit, Dop64<br \/>\nSa\u00edda de \u00e1udio anal\u00f3gica Sa\u00edda de \u00e1udio do pr\u00e9-amplificador: XLR (balanceado) + RCA (n\u00e3o balanceado)<br \/>\nCaracter\u00edsticas de \u00e1udio de sa\u00edda XLR N\u00edvel de sa\u00edda: 4,2V<br \/>\nResposta de frequ\u00eancia: 20Hz ~ 20KHz(\u00b1 0,25dB)<br \/>\nFaixa din\u00e2mica: &gt; 128dB<br \/>\nSNR: &gt;128dB<br \/>\nTHD+N: -121dB<br \/>\nCaracter\u00edsticas de \u00e1udio de sa\u00edda RCA N\u00edvel de sa\u00edda: 2,1V<br \/>\nResposta de frequ\u00eancia: 20Hz ~ 20KHz (\u00b10,25dB)<br \/>\nFaixa din\u00e2mica: &gt; 125dB<br \/>\nSNR: &gt;125dB<br \/>\nTHD+N: -121dB<br \/>\nM\u00e9todo de controle Aplicativo m\u00f3vel, controle de tela sens\u00edvel ao toque, controle remoto IR + Bluetooth<br \/>\nfonte de alimenta\u00e7\u00e3o AC 110~240V 50\/60HzClassificado<br \/>\nPoder 16W<br \/>\nDimens\u00f5es L 388mm*C 248mm* A 90mm<br \/>\nLista de embalagem Cabo de alimenta\u00e7\u00e3o * 1, controle remoto * 1, chave de fenda * 1, manual do usu\u00e1rio * 1<\/p>\n","protected":false},"excerpt":{"rendered":"<p>O DMP-A8 \u00e9 um novo produto de \u00e1udio criado pela Eversolo e \u00e9 capaz de quase tudo, combinando Music Streamer, DAP, DAC e Preamp, tudo em um \u00fanico dispositivo. Suporta quase todos os formatos de grava\u00e7\u00e3o master de amostragem ultra-alta dispon\u00edveis no mercado, incluindo formatos com qualidade de CD (FLAC, WAV, APE), DSD512 (.dsf\/.dff\/.iso\/.dst) est\u00e9reo\/multicanal [&hellip;]<\/p>\n","protected":false},"featured_media":16305,"template":"","meta":{"_acf_changed":false},"product_brand":[],"product_cat":[43,41,225,142],"product_tag":[],"class_list":{"0":"post-16304","1":"product","2":"type-product","3":"status-publish","4":"has-post-thumbnail","6":"product_cat-dac","7":"product_cat-digital","8":"product_cat-eversolo","9":"product_cat-streamers","11":"first","12":"instock","13":"sold-individually","14":"shipping-taxable","15":"purchasable","16":"product-type-simple"},"acf":[],"aioseo_notices":[],"_links":{"self":[{"href":"https:\/\/hificlub.com.br\/loja\/wp-json\/wp\/v2\/product\/16304","targetHints":{"allow":["GET"]}}],"collection":[{"href":"https:\/\/hificlub.com.br\/loja\/wp-json\/wp\/v2\/product"}],"about":[{"href":"https:\/\/hificlub.com.br\/loja\/wp-json\/wp\/v2\/types\/product"}],"wp:featuredmedia":[{"embeddable":true,"href":"https:\/\/hificlub.com.br\/loja\/wp-json\/wp\/v2\/media\/16305"}],"wp:attachment":[{"href":"https:\/\/hificlub.com.br\/loja\/wp-json\/wp\/v2\/media?parent=16304"}],"wp:term":[{"taxonomy":"product_brand","embeddable":true,"href":"https:\/\/hificlub.com.br\/loja\/wp-json\/wp\/v2\/product_brand?post=16304"},{"taxonomy":"product_cat","embeddable":true,"href":"https:\/\/hificlub.com.br\/loja\/wp-json\/wp\/v2\/product_cat?post=16304"},{"taxonomy":"product_tag","embeddable":true,"href":"https:\/\/hificlub.com.br\/loja\/wp-json\/wp\/v2\/product_tag?post=16304"}],"curies":[{"name":"wp","href":"https:\/\/api.w.org\/{rel}","templated":true}]}}