{"id":16298,"date":"2024-07-09T06:59:06","date_gmt":"2024-07-09T09:59:06","guid":{"rendered":"https:\/\/hificlub.com.br\/loja\/?post_type=product&#038;p=16298"},"modified":"2026-03-03T22:18:29","modified_gmt":"2026-03-04T01:18:29","slug":"eversolo-amp-f2-class-d-250-watts-4%cf%89","status":"publish","type":"product","link":"https:\/\/hificlub.com.br\/loja\/produto\/eversolo-amp-f2-class-d-250-watts-4%cf%89\/","title":{"rendered":"EVERSOLO AMP-F2  Class D  250 watts 4\u03a9"},"content":{"rendered":"<p>A busca cont\u00ednua da EverSolo por melhor qualidade de som, um novo amplificador de pot\u00eancia Classe D com m\u00f3dulos propriet\u00e1rios de pot\u00eancia e amplificador. \u00c9 um amplificador exclusivo de 2 canais que pode ser conectado em ponte para opera\u00e7\u00e3o de 1 ou 2 canais usando interruptores simples no painel traseiro. Alimente seu sistema de m\u00fasica audi\u00f3filo de 2 canais ou conecte 2 canais e use 2x AMP-F2 para requisitos de alta pot\u00eancia. Flexibilidade, pot\u00eancia substancial e grande valor: EverSolo AMP-F2.<\/p>\n<p>A nova fonte de alimenta\u00e7\u00e3o comutada SAPS fornece ao circuito de \u00e1udio um sinal el\u00e9trico limpo, garantindo n\u00edveis muito baixos de ru\u00eddo e distor\u00e7\u00e3o. Compat\u00edvel com ponte, o AMP-F2 \u00e9 um modelo vers\u00e1til que pode ser usado em est\u00e9reo ou mono.<\/p>\n<p>O EverSolo AMP-F2, desenvolvido em colabora\u00e7\u00e3o com a equipe Starke Sound, \u00e9 um amplificador Classe D baseado na integra\u00e7\u00e3o do inovador m\u00f3dulo NS600 desta \u00faltima. Como resultado, oferece alta reserva de energia, \u00f3tima din\u00e2mica e som de alta precis\u00e3o. A nova fonte de alimenta\u00e7\u00e3o comutada SAPS fornece ao circuito de \u00e1udio um sinal el\u00e9trico limpo, garantindo n\u00edveis muito baixos de ru\u00eddo e distor\u00e7\u00e3o. Compat\u00edvel com ponte, o AMP-F2 \u00e9 um modelo vers\u00e1til que pode ser usado em est\u00e9reo ou mono.<\/p>\n<p>EverSolo AMP-F2: Uma generosa reserva de energia<br \/>\nBaseado em um m\u00f3dulo amplificador Classe D NS600 da Starke Sound, o EverSolo AMP-F2 \u00e9 capaz de fornecer pot\u00eancia significativa, at\u00e9 2x250W RMS a 4 Ohm (1% THD). Quando o amplificador \u00e9 utilizado em ponte (BTL), ou seja, em mono, sua pot\u00eancia sobe para 450W RMS a 2 Ohm (1% THD). Esta capacidade de suportar imped\u00e2ncias de carga muito baixas garante pot\u00eancia suficiente mesmo em configura\u00e7\u00f5es que utilizam alto-falantes particularmente exigentes.<\/p>\n<p>EverSolo AMP-F2: Reprodu\u00e7\u00e3o de som incrivelmente precisa<br \/>\nO m\u00f3dulo NS600 do EverSolo AMP-F2 usa tecnologia PurePath\u2122 Ultra-HD e um design de feedback avan\u00e7ado, incorporando uma fun\u00e7\u00e3o de corre\u00e7\u00e3o de erros. Esta tecnologia atinge um n\u00edvel extremamente baixo de distor\u00e7\u00e3o em toda a faixa de frequ\u00eancia para uma precis\u00e3o sonora impec\u00e1vel.<\/p>\n<p>EverSolo AMP-F2: Trigger (entrada e sa\u00edda)<br \/>\nEquipado com uma entrada e sa\u00edda de trigger de 5-12V em formato jack de 3,5 mm, o EverSolo AMP-F2 permite criar uma cadeia liga\/desliga autom\u00e1tica entre seus v\u00e1rios dispositivos equipados com trigger. Isso proporciona uma experi\u00eancia de usu\u00e1rio perfeita, pois todo o seu sistema de \u00e1udio pode ser ligado e desligado com um \u00fanico toque.<\/p>\n<p>EverSolo AMP-F2: Uma fonte de alimenta\u00e7\u00e3o generosamente dimensionada<br \/>\nUsando uma fonte de alimenta\u00e7\u00e3o de 600 W com alta efici\u00eancia, baixa ondula\u00e7\u00e3o e EMI, o EverSolo AMP-F2 \u00e9 capaz de fornecer uma sa\u00edda est\u00e1vel e poderosa, melhorando a din\u00e2mica geral do sistema.<\/p>\n<p>EverSolo AMP-F2: Chassi e blindagem de alum\u00ednio<br \/>\nO amplificador EverSolo AMP-F2 possui um chassi de alum\u00ednio moderno e robusto. Esteticamente agrad\u00e1vel, tamb\u00e9m atua como blindagem, limitando o impacto de interfer\u00eancias nos circuitos do AMP-F2.<\/p>\n<p>EverSolo AMP-F2: Baixo consumo de energia<br \/>\nO EverSolo AMP-F2 se beneficia de um consumo de energia em standby muito baixo, medido em menos de 0,5W. Ligado mas sem sinal, esse consumo sobe para apenas 14W. Isto significa que o amplificador est\u00e1 em conformidade com os padr\u00f5es ErP da Uni\u00e3o Europeia.<\/p>\n<p>EverSolo AMP-F2: Um ecossistema perfeitamente projetado<br \/>\nO amplificador EverSolo AMP-F2 est\u00e1 perfeitamente projetado e otimizado para acompanhar os demais produtos da marca. \u00c9 o companheiro ideal para os streamers EverSolo DMP-A6, EverSolo DMP-A6 Master Edition, EverSolo DMP-A6 Master Edition Upgrade e EverSolo DMP-A8, bem como para os DACs EverSolo DAC-Z8 e EverSolo DAC Z6.<\/p>\n<p> ESPECIFICA\u00c7\u00d5ES DO AMP-F2<\/p>\n<p>Tipo de Produto\tAmplificador<br \/>\nTipo de amplifica\u00e7\u00e3o\tClasse D<br \/>\nPot\u00eancia de sa\u00edda\t2x250W RMS a 4\u03a9 (1% THD)<br \/>\n2x145W a 8\u03a9 (1% THD)<br \/>\nPot\u00eancia de sa\u00edda (BTL)\t280 W RMS a 4\u03a9 (1% THD)<br \/>\n450 W RMS a 2\u03a9 (1% THD)<br \/>\nEntradas<br \/>\nXLR balanceado RCA de termina\u00e7\u00e3o \u00fanica<br \/>\nResultados\tTerminais de alto-falante (cobre ber\u00edlio)<br \/>\nGanho\t21,5dB<br \/>\nResposta de frequ\u00eancia\t10Hz \u2013 20kHz (-1dB)<br \/>\nM\u00e1x. corrente de sa\u00edda por canal\t16,5A<br \/>\n33A (BTL)<br \/>\nTHD\t0,003% @ 10W, 1kHz<br \/>\nSNR\t&gt; 110dBA @ 4\u03a9, 260W<br \/>\nImped\u00e2ncia de entrada\tRCA: 11k\u03a9<br \/>\nXLR: 22k\u03a9<br \/>\nSensibilidade de entrada\t2,7V<br \/>\nImped\u00e2ncia de sa\u00edda\t0,136\u03a9 (5Hz a 100kHz)<br \/>\nImped\u00e2ncia de carga m\u00ednima\t0,8\u03a9<br \/>\nFator de amortecimento\t100<br \/>\nCircuito balanceado<br \/>\nGatilho 5-12V\tEntrada e sa\u00edda<br \/>\nEM GERAL<br \/>\nTens\u00e3o de alimenta\u00e7\u00e3o\t115 VCA \u2013 230 VCA (comut\u00e1vel)<br \/>\nAquecer\t65BTU\/hora<br \/>\nConsumo\tEspera: \u2264 0,5 W<br \/>\nInativo: \u2264 14 W<br \/>\nM\u00e1x.: 900 W<br \/>\nDimens\u00f5es\t270x228x80mm<br \/>\nMaterial de habita\u00e7\u00e3o\tAlum\u00ednio<br \/>\nPeso\t3,65kg<br \/>\nCor\tPreto<\/p>\n","protected":false},"excerpt":{"rendered":"<p>A busca cont\u00ednua da EverSolo por melhor qualidade de som, um novo amplificador de pot\u00eancia Classe D com m\u00f3dulos propriet\u00e1rios de pot\u00eancia e amplificador. \u00c9 um amplificador exclusivo de 2 canais que pode ser conectado em ponte para opera\u00e7\u00e3o de 1 ou 2 canais usando interruptores simples no painel traseiro. Alimente seu sistema de m\u00fasica [&hellip;]<\/p>\n","protected":false},"featured_media":16299,"template":"","meta":{"_acf_changed":false},"product_brand":[],"product_cat":[27,28,225],"product_tag":[],"class_list":{"0":"post-16298","1":"product","2":"type-product","3":"status-publish","4":"has-post-thumbnail","6":"product_cat-amplificador","7":"product_cat-estereo","8":"product_cat-eversolo","10":"first","11":"instock","12":"sold-individually","13":"shipping-taxable","14":"purchasable","15":"product-type-simple"},"acf":[],"aioseo_notices":[],"_links":{"self":[{"href":"https:\/\/hificlub.com.br\/loja\/wp-json\/wp\/v2\/product\/16298","targetHints":{"allow":["GET"]}}],"collection":[{"href":"https:\/\/hificlub.com.br\/loja\/wp-json\/wp\/v2\/product"}],"about":[{"href":"https:\/\/hificlub.com.br\/loja\/wp-json\/wp\/v2\/types\/product"}],"wp:featuredmedia":[{"embeddable":true,"href":"https:\/\/hificlub.com.br\/loja\/wp-json\/wp\/v2\/media\/16299"}],"wp:attachment":[{"href":"https:\/\/hificlub.com.br\/loja\/wp-json\/wp\/v2\/media?parent=16298"}],"wp:term":[{"taxonomy":"product_brand","embeddable":true,"href":"https:\/\/hificlub.com.br\/loja\/wp-json\/wp\/v2\/product_brand?post=16298"},{"taxonomy":"product_cat","embeddable":true,"href":"https:\/\/hificlub.com.br\/loja\/wp-json\/wp\/v2\/product_cat?post=16298"},{"taxonomy":"product_tag","embeddable":true,"href":"https:\/\/hificlub.com.br\/loja\/wp-json\/wp\/v2\/product_tag?post=16298"}],"curies":[{"name":"wp","href":"https:\/\/api.w.org\/{rel}","templated":true}]}}