{"id":16285,"date":"2024-07-09T06:18:38","date_gmt":"2024-07-09T09:18:38","guid":{"rendered":"https:\/\/hificlub.com.br\/loja\/?post_type=product&#038;p=16285"},"modified":"2026-03-03T22:18:29","modified_gmt":"2026-03-04T01:18:29","slug":"eversolo-dac-z8-mqa-full-decoder-headphone-amp","status":"publish","type":"product","link":"https:\/\/hificlub.com.br\/loja\/produto\/eversolo-dac-z8-mqa-full-decoder-headphone-amp\/","title":{"rendered":"EVERSOLO DAC-Z8 MQA Full Decoder Preamp \/ Headphone Amp"},"content":{"rendered":"<p>EverSolo DAC-Z8 DAC&amp;Headphone Amplifier, Digital to Analog Converter MQA Full Decoder ES9038Pro XMOS DSD512 PCM768kHz\/32Bit Bluetooth 5.0<\/p>\n<p>O DAC-Z8 da EverSolo \u00e9 um DAC topo de linha extremamente poderoso. Ele incorpora componentes de \u00faltima gera\u00e7\u00e3o, principalmente um chip de convers\u00e3o digital\/anal\u00f3gico ESS ES9038Pro e uma interface USB XMOS XU316, permitindo suportar fluxos de \u00e1udio de alta resolu\u00e7\u00e3o e fornecer uma reprodu\u00e7\u00e3o de som clara e detalhada. O DAC-Z8 tamb\u00e9m oferece uma ampla gama de recursos que o tornam um dispositivo vers\u00e1til e eficiente.<\/p>\n<p>Vis\u00e3o geral funcional<br \/>\nDAC ES9038Pro<br \/>\nO cora\u00e7\u00e3o do DAC-Z8, seu est\u00e1gio de convers\u00e3o digital para anal\u00f3gico, est\u00e1 equipado com um excelente  chip ESS ES9038Pro . Isso garante  baixa distor\u00e7\u00e3o e ru\u00eddo  para uma  experi\u00eancia musical de alta fidelidade verdadeiramente convincente . Al\u00e9m disso, o circuito de \u00e1udio do DAC-Z8 \u00e9 especificamente calibrado para oferecer todo o seu potencial.<\/p>\n<p>Interface USB XMOS XU316<br \/>\nA entrada USB do DAC-Z8 \u00e9 combinada com uma  interface XMOS XU316 , que \u00e9 capaz de  processar dados de \u00e1udio de forma r\u00e1pida e eficiente  para uma transmiss\u00e3o de sinal ideal. Este chip tamb\u00e9m suporta fluxos de alta resolu\u00e7\u00e3o de at\u00e9  PCM 32 bits 768kHz  e  DSD512 Native , bem como  arquivos MQA .<\/p>\n<p>MQA<br \/>\nO EverSolo DAC-Z8 suporta a  decodifica\u00e7\u00e3o de  arquivos MQA (Master Quality Authenticated) de suas entradas USB, Toslink \u00f3ptica e coaxial. Este formato permite desfrutar de uma qualidade de som o mais pr\u00f3xima poss\u00edvel da grava\u00e7\u00e3o original em est\u00fadio.<\/p>\n<p>Rel\u00f3gios de alta precis\u00e3o<br \/>\nO DAC-Z8 est\u00e1 equipado com  dois clocks de alt\u00edssima precis\u00e3o  nas frequ\u00eancias 45,1584MHz e 49,152MHz. Eles permitem que voc\u00ea desfrute de uma  decodifica\u00e7\u00e3o de alta qualidade , garantindo um  jitter muito baixo para um som detalhado e preciso.<\/p>\n<p>Circuito I\/V otimizado<br \/>\nO  circuito I\/V  do DAC-Z8 consiste em  8 OPAs OPA1612 . Ele usa tecnologia de compensa\u00e7\u00e3o de desvio de sinal multicanal, com os 8 OPAs correspondendo aos 8 canais de sa\u00edda do est\u00e1gio de convers\u00e3o I\/V, fornecendo em \u00faltima an\u00e1lise uma sa\u00edda paralela de dois canais. Al\u00e9m dos resistores de alta precis\u00e3o, esse circuito auxilia na amplifica\u00e7\u00e3o sem perdas das sa\u00eddas XLR, RCA e de fone de ouvido,  melhorando a separa\u00e7\u00e3o de canais, a faixa din\u00e2mica e a integridade sonora .<\/p>\n<p>Circuito amplificador e sa\u00edda de pr\u00e9-amplificador balanceada<br \/>\nO circuito de \u00e1udio anal\u00f3gico do DAC-Z8 \u00e9  totalmente balanceado . As sa\u00eddas XLR, RCA e fone de ouvido s\u00e3o todas processadas por um  circuito amplificador diferencial balanceado  para  baixo ru\u00eddo  e  melhor separa\u00e7\u00e3o de canais . O circuito pr\u00e9-amplificador de alta fidelidade fornece controle de volume preciso e eficiente.<\/p>\n<p>Bluetooth 5.0<br \/>\nAl\u00e9m de uma  conectividade completa , o DAC-Z8 possui um  receptor Bluetooth 5.0 Qualcomm QCC5125 , que permite  transmitir sua m\u00fasica remotamente , de um smartphone ou tablet por exemplo, ao mesmo tempo que suporta os codecs de transmiss\u00e3o de alta resolu\u00e7\u00e3o  aptX HD  e  LDAC  para uma restitui\u00e7\u00e3o de alta qualidade em wireless.<\/p>\n<p>Filtros DSP digitais<br \/>\nO EverSolo DAC-Z8 oferece nada menos que  7 filtros PCM e 4 filtros DSD . Eles permitem que voc\u00ea adapte a reprodu\u00e7\u00e3o do som do dispositivo de acordo com suas prefer\u00eancias auditivas e seu sistema de \u00e1udio<\/p>\n<p>Amplificador de fone de ouvido<br \/>\nO amplificador de fones de ouvido do DAC-Z8   tamb\u00e9m tem um desempenho muito bom e \u00e9 capaz de fornecer  pot\u00eancia confort\u00e1vel  para acompanhar fones de ouvido com imped\u00e2ncia de 16 a 300\u03a9 sem dificuldade. Este tamb\u00e9m possui um  controle de ganho de duas etapas  para acomodar fones de ouvido exigentes e fones de ouvido mais sens\u00edveis.<\/p>\n<p>Aplicativo de controle<br \/>\nO DAC-Z8 pode ser controlado atrav\u00e9s do  aplicativo gratuito EverSolo Control  dispon\u00edvel para  Android e iOS . Este \u00faltimo permite o acesso \u00e0 grande maioria dos par\u00e2metros dispon\u00edveis no dispositivo.<\/p>\n<p>ESPECIFICA\u00c7\u00d5ES<br \/>\nTipo de Produto\tDAC ES9038 PRO<br \/>\nEntradas\tBluetooth 5.0<br \/>\n1* USB-B<br \/>\n1* USB-C<br \/>\n1* Toslink \u00f3ptico<br \/>\n1* Coaxial<br \/>\nResultados\t1 * XLR est\u00e9reo balanceado<br \/>\n1 * RCA est\u00e9reo de extremidade \u00fanica<br \/>\n1 * Jack Sa\u00edda de fone de ouvido de 6,35 mm<br \/>\nChip DAC\tES9038Pro<br \/>\nInterface USB\tXMOS XU316<br \/>\nOPA\t10 * OPA1612<br \/>\nReceptor Bluetooth\tQualcomm QCC5125<br \/>\nTaxas de amostragem suportadas\tUSB: PCM at\u00e9 32 bits 768kHz, DSD nativo at\u00e9 DSD512, MQA<br \/>\n\u00f3ptico\/coaxial: PCM at\u00e9 24 bits 192kHz, DSD DoP at\u00e9 DSD64, MQA<br \/>\nCodecs Bluetooth suportados\tSBC<br \/>\nAAC<br \/>\naptX<br \/>\naptX LL<br \/>\naptX HD<br \/>\nLDAC<br \/>\nTela\tLCD3\u2033<br \/>\nAplicativo de controle\tAndroid\/iOS<br \/>\nImped\u00e2ncia recomendada para fones de ouvido\t16-300\u03a9<br \/>\nDESEMPENHO DE SA\u00cdDA XLR<br \/>\nN\u00edvel de sa\u00edda\t4,1Vrms a 0dBFS<br \/>\nTHD+N (ponderado A)\t0,000062% a 1kHz (-124dB a 1kHz)<br \/>\nTHD+N (sem pondera\u00e7\u00e3o)\t0,000069% a 1kHz (-123dB a 1kHz)<br \/>\nRu\u00eddo (sem pondera\u00e7\u00e3o)\t&lt; 1,2\u00b5Vrms<br \/>\nSNR (sem pondera\u00e7\u00e3o)\t133dB a 1kHz<br \/>\nResposta de frequ\u00eancia\t20Hz-20kHz (\u00b10,1dB)<br \/>\nConversa cruzada\t-130dB a 1kHz<br \/>\nDNR (sem pondera\u00e7\u00e3o)\t133dB a 1kHz<br \/>\nDESEMPENHO DE SA\u00cdDA RCA<br \/>\nN\u00edvel de sa\u00edda\t2,3Vrms a 0dBFS<br \/>\nTHD+N (ponderado A)\t0,000086% a 1kHz (-121dB a 1kHz)<br \/>\nTHD+N (sem pondera\u00e7\u00e3o)\t0,000097% a 1kHz (-120dB a 1kHz)<br \/>\nRu\u00eddo (sem pondera\u00e7\u00e3o)\t&lt; 1,2\u00b5Vrms<br \/>\nSNR (sem pondera\u00e7\u00e3o)\t133dB a 1kHz<br \/>\nResposta de frequ\u00eancia\t20Hz-20kHz (\u00b10,1dB)<br \/>\nConversa cruzada\t-130dB a 1kHz<br \/>\nFaixa din\u00e2mica (sem pondera\u00e7\u00e3o)\t133dB a 1kHz<br \/>\nDESEMPENHO DE SA\u00cdDA DE FONE DE OUVIDO (MODO DE BAIXO GANHO)<br \/>\nN\u00edvel de sa\u00edda\t1,2Vrms a 0dBFS<br \/>\nPot\u00eancia de sa\u00edda\t45mW a 32\u03a9<br \/>\nTHD+N (ponderado A)\t0,00015% a 1kHz (-116dB a 1kHz)<br \/>\nTHD+N (sem pondera\u00e7\u00e3o)\t0,00018% a 1kHz (-115dB a 1kHz)<br \/>\nRu\u00eddo (sem pondera\u00e7\u00e3o)\t&lt;2\u00b5Vrms<br \/>\nSNR (sem pondera\u00e7\u00e3o)\t124dB a 1kHz<br \/>\nResposta de frequ\u00eancia\t20Hz-20kHz (\u00b10,1dB)<br \/>\nFaixa din\u00e2mica (sem pondera\u00e7\u00e3o)\t119dB a 1kHz<br \/>\nDESEMPENHO DE SA\u00cdDA DE FONE DE OUVIDO (MODO DE ALTO GANHO)<br \/>\nN\u00edvel de sa\u00edda\t2,8Vrms a 0dBFS<br \/>\nPot\u00eancia de sa\u00edda\t26mW a 300\u03a9<br \/>\nTHD+N (ponderado A)\t0,00016% a 1kHz (-116dB a 1kHz)<br \/>\nTHD+N (sem pondera\u00e7\u00e3o)\t0,00018% a 1kHz (-115dB a 1kHz)<br \/>\nRu\u00eddo (sem pondera\u00e7\u00e3o)\t&lt;2\u00b5Vrms<br \/>\nSNR (sem pondera\u00e7\u00e3o)\t124dB a 1kHz<br \/>\nResposta de frequ\u00eancia\t20Hz-20kHz (\u00b10,1dB)<br \/>\nFaixa din\u00e2mica (sem pondera\u00e7\u00e3o)\t124dB a 1kHz<br \/>\nEM GERAL<br \/>\nTens\u00e3o de alimenta\u00e7\u00e3o\t110 ~ 240 VCA 50\/60 Hz<br \/>\nConsumo\t9W<br \/>\nDimens\u00f5es (L*P*H)\t270*187*50mm<br \/>\nCor\tPreto<br \/>\nPacote\t1 * EverSolo DAC-Z8<br \/>\n1 * controle remoto<br \/>\n1 * cabo de alimenta\u00e7\u00e3o<br \/>\n1 * cabo USB<\/p>\n","protected":false},"excerpt":{"rendered":"<p>EverSolo DAC-Z8 DAC&amp;Headphone Amplifier, Digital to Analog Converter MQA Full Decoder ES9038Pro XMOS DSD512 PCM768kHz\/32Bit Bluetooth 5.0 O DAC-Z8 da EverSolo \u00e9 um DAC topo de linha extremamente poderoso. Ele incorpora componentes de \u00faltima gera\u00e7\u00e3o, principalmente um chip de convers\u00e3o digital\/anal\u00f3gico ESS ES9038Pro e uma interface USB XMOS XU316, permitindo suportar fluxos de \u00e1udio de [&hellip;]<\/p>\n","protected":false},"featured_media":16287,"template":"","meta":{"_acf_changed":false},"product_brand":[],"product_cat":[43,41,225],"product_tag":[],"class_list":{"0":"post-16285","1":"product","2":"type-product","3":"status-publish","4":"has-post-thumbnail","6":"product_cat-dac","7":"product_cat-digital","8":"product_cat-eversolo","10":"first","11":"instock","12":"sold-individually","13":"shipping-taxable","14":"purchasable","15":"product-type-simple"},"acf":[],"aioseo_notices":[],"_links":{"self":[{"href":"https:\/\/hificlub.com.br\/loja\/wp-json\/wp\/v2\/product\/16285","targetHints":{"allow":["GET"]}}],"collection":[{"href":"https:\/\/hificlub.com.br\/loja\/wp-json\/wp\/v2\/product"}],"about":[{"href":"https:\/\/hificlub.com.br\/loja\/wp-json\/wp\/v2\/types\/product"}],"wp:featuredmedia":[{"embeddable":true,"href":"https:\/\/hificlub.com.br\/loja\/wp-json\/wp\/v2\/media\/16287"}],"wp:attachment":[{"href":"https:\/\/hificlub.com.br\/loja\/wp-json\/wp\/v2\/media?parent=16285"}],"wp:term":[{"taxonomy":"product_brand","embeddable":true,"href":"https:\/\/hificlub.com.br\/loja\/wp-json\/wp\/v2\/product_brand?post=16285"},{"taxonomy":"product_cat","embeddable":true,"href":"https:\/\/hificlub.com.br\/loja\/wp-json\/wp\/v2\/product_cat?post=16285"},{"taxonomy":"product_tag","embeddable":true,"href":"https:\/\/hificlub.com.br\/loja\/wp-json\/wp\/v2\/product_tag?post=16285"}],"curies":[{"name":"wp","href":"https:\/\/api.w.org\/{rel}","templated":true}]}}