{"id":16273,"date":"2024-07-08T06:30:03","date_gmt":"2024-07-08T09:30:03","guid":{"rendered":"https:\/\/hificlub.com.br\/loja\/?post_type=product&#038;p=16273"},"modified":"2026-03-02T14:17:59","modified_gmt":"2026-03-02T17:17:59","slug":"jbl-hartsfield","status":"publish","type":"product","link":"https:\/\/hificlub.com.br\/loja\/produto\/jbl-hartsfield\/","title":{"rendered":"JBL HARTSFIELD"},"content":{"rendered":"<p>ESTADO 9\/10<\/p>\n<p>A Hartsfield deve ser creditada por estabelecer a reputa\u00e7\u00e3o da JBL como construtora dos melhores alto-falantes dispon\u00edveis. Isto n\u00e3o \u00e9 uma hip\u00e9rbole. Em um artigo de 1955 sobre a ind\u00fastria de alta fidelidade, a revista Life chamou o Hartsfield de &#8220;o alto-falante dos sonhos&#8221;. A revista High Fidelity declarou em outro artigo de 1955, &#8220;de toda a fam\u00edlia derivada de Klipsch, um orador, em minha opini\u00e3o, \u00e9 visivelmente superior &#8211; o Lansing Hartsfield.&#8221;<\/p>\n<p>O desenvolvimento do Hartsfield estava intrinsecamente ligado ao sucesso do Klipschhorn anteriormente introduzido. Paul Klipsch desenvolveu seu alto-falante hom\u00f4nimo em 1949. Era um design engenhoso que usava uma buzina dobrada complexa para carregar frontalmente um driver de baixo de 15 &#8220;e, em seguida, usava um posicionamento de canto que permitia que as paredes de uma sala funcionassem como uma extens\u00e3o da buzina Isso aumentou o comprimento efetivo da buzina para permitir a extens\u00e3o dos graves para 35 Hz.<\/p>\n<p>Esse alto-falante foi um sucesso impressionante devido \u00e0 sua combina\u00e7\u00e3o de efici\u00eancia incompar\u00e1vel e resposta de largura de banda total. Quase todos os fabricantes de alto-falantes dom\u00e9sticos se apressaram em desenvolver uma vers\u00e3o da buzina de canto. imune a essa press\u00e3o. Os revendedores da JBL clamavam por um produto para competir nesse mercado. Entra William L. Hartsfield<\/p>\n<p>era funcion\u00e1rio do Bureau of Standards dos EUA em Washington DC. Ele pertencia ao mesmo cap\u00edtulo da AES que Ray. Pepe, vice-presidente de marketing da JBL, quando Pepe morava na costa leste, Ray estava ciente do trabalho de Hartsfield na constru\u00e7\u00e3o de sua pr\u00f3pria variante caseira do Klipschhorn. Foi uma escolha natural que Bill Hartsfield seria chamado a desenvolver. A vers\u00e3o da JBL de uma buzina de canto. Ele foi contratado como consultor da JBL para desenvolver um alto-falante de canto.<\/p>\n<p>O design do Hartsfield n\u00e3o era muito inovador. Em vez disso, foi um exemplo de refinamento de um conceito comprovado com uma abordagem intransigente para projetar e construir qualidade. (No entanto, o projeto Hartsfield foi considerado \u00fanico o suficiente para que uma patente fosse emitida em 1957) Embora tenha havido algumas cr\u00edticas ao Klipschhorn no uso de unidades de acionamento para o mercado de massa e um gabinete insuficientemente r\u00edgido, n\u00e3o haveria tais compromissos com o Hartsfield .<\/p>\n<p>O Hartsfield incorporaria drivers da mais alta qualidade no invent\u00e1rio da JBL &#8211; o kit 085 composto pelo driver de graves 150-4C e pelo driver de compress\u00e3o de alta frequ\u00eancia 375. Ambas as unidades foram originalmente projetadas para uso profissional em alto-falantes de teatro. O 150-4C usou o mesmo \u00edm\u00e3 e cesta dos anteriores D130 e 130A, mas adicionou uma extens\u00e3o \u00e0 borda externa. Isso permitiu a instala\u00e7\u00e3o de um cone de \u00e2ngulo acentuado e lados retos em compara\u00e7\u00e3o com o cone curvil\u00edneo das unidades anteriores. Este design de cone proporcionou resist\u00eancia adicional para acomodar a carga da buzina do motorista.<\/p>\n<p>O 375 tinha acabado de ser lan\u00e7ado e estava desenvolvendo uma reputa\u00e7\u00e3o como o melhor driver de alta frequ\u00eancia dispon\u00edvel. Foi \u00fanico no uso de um diafragma de 4&#8243; e sa\u00edda de garganta de 2&#8221;. O diafragma de 4&#8243; e a bobina de voz permitiram uma sa\u00edda incompar\u00e1vel e a garganta grande resultou em distor\u00e7\u00e3o m\u00ednima. Este driver foi combinado com uma nova buzina exponencial H-5039 e &#8220;Lente Koustical&#8221; desenvolvida por Bart Locanthi. Foi cruzado em 500 Hz usando a rede divis\u00f3ria N-500<\/p>\n<p>O gabinete do Hartsfield usou material excessivamente pesado para sua constru\u00e7\u00e3o. Foi totalmente refor\u00e7ado para resultar em um gabinete extremamente s\u00f3lido e r\u00edgido. O Hartsfield<\/p>\n<p>foi lan\u00e7ado em 1954 com aclama\u00e7\u00e3o quase universal que atingiu o auge com a publica\u00e7\u00e3o do artigo da revista Life mencionado anteriormente. A publicidade gerada por esse artigo resultou em um salto imediato no reconhecimento do nome e nas vendas da JBL em Los Angeles. , no centro da ind\u00fastria cinematogr\u00e1fica e fonogr\u00e1fica, resultou na venda de v\u00e1rios sistemas Hartsfield para celebridades locais. Esse fato foi enfatizado em campanhas de marketing subsequentes com grande sucesso.<\/p>\n<p>Em 1959, houve um redesenho significativo da trompa de baixo no Hartsfield. No entanto, era prov\u00e1vel que a maior motiva\u00e7\u00e3o fosse monet\u00e1ria, uma vez que o redesenho resultou numa constru\u00e7\u00e3o simplificada que reduziu significativamente os custos de produ\u00e7\u00e3o.<\/p>\n<p>Em 1964, a configura\u00e7\u00e3o do driver foi alterada para adicionar o radiador de anel 075 para formar um sistema de tr\u00eas vias. Isto resolveu uma limita\u00e7\u00e3o de longa data do Hartsfield \u2013 uma largura de banda restrita de alta frequ\u00eancia. O driver 375 nunca foi muito al\u00e9m de 10Khz. Na d\u00e9cada de 1950, isso n\u00e3o era t\u00e3o significativo, j\u00e1 que a maioria das grava\u00e7\u00f5es tamb\u00e9m era restrita na resposta de ponta. No entanto, na d\u00e9cada de 1960, era comum que as grava\u00e7\u00f5es contivessem informa\u00e7\u00f5es que chegavam \u00e0s oitavas mais altas. A nova configura\u00e7\u00e3o 085, consistindo no driver de graves 150-4C, m\u00e9dios 375, buzina 537-509, tweeter 075, crossovers N400 (ou N500H) e N7000, agora poderia ostentar uma largura de banda que se estenderia al\u00e9m dos limites da audi\u00e7\u00e3o humana .<\/p>\n<p>Infelizmente, 1964 tamb\u00e9m foi o \u00faltimo ano de produ\u00e7\u00e3o do Hartsfield. Sua descontinua\u00e7\u00e3o esteve relacionada ao sucesso da reprodu\u00e7\u00e3o est\u00e9reo. A exig\u00eancia de posicionamento nos cantos n\u00e3o era um problema significativo quando apenas um alto-falante precisava ser localizado em um sistema mono. No entanto, um sistema est\u00e9reo exigia dois cantos adjacentes desobstru\u00eddos e razoavelmente espa\u00e7ados. Nem todas as casas podiam acomodar este requisito e, portanto, o mercado dispon\u00edvel era restrito.<\/p>\n<p>No entanto, o sucesso e o impacto do Hartsfield para a JBL n\u00e3o podem ser exagerados. De acordo com Margaret Thomas, esposa de Bill Thomas e funcion\u00e1ria de longa data da JBL, o Hartsfield &#8220;fez&#8221; a JBL. Foi esse palestrante que deu reconhecimento nacional \u00e0 empresa. Foi em grande parte respons\u00e1vel por aumentos de vendas que atingiriam em m\u00e9dia mais de 50% ao ano durante os pr\u00f3ximos tr\u00eas anos.<\/p>\n<p>Especifica\u00e7\u00f5es<\/p>\n<p>Tipo: sistema de alto-falantes de 2 vias e 2 drivers<\/p>\n<p>Frequ\u00eancia de cruzamento: 500Hz<\/p>\n<p>Imped\u00e2ncia: 16\u03a9<\/p>\n<p>Baixo: 1 x cone 150-4C<\/p>\n<p>Tweeter: 1&#215;375<\/p>\n<p>Dimens\u00f5es: 1162 x 1194 x 662 mm<\/p>\n<p>Peso: 90,2kg<\/p>\n","protected":false},"excerpt":{"rendered":"<p>ESTADO 9\/10 A Hartsfield deve ser creditada por estabelecer a reputa\u00e7\u00e3o da JBL como construtora dos melhores alto-falantes dispon\u00edveis. Isto n\u00e3o \u00e9 uma hip\u00e9rbole. Em um artigo de 1955 sobre a ind\u00fastria de alta fidelidade, a revista Life chamou o Hartsfield de &#8220;o alto-falante dos sonhos&#8221;. A revista High Fidelity declarou em outro artigo de [&hellip;]<\/p>\n","protected":false},"featured_media":16274,"template":"","meta":{"_acf_changed":false},"product_brand":[],"product_cat":[17,46,18,26],"product_tag":[],"class_list":{"0":"post-16273","1":"product","2":"type-product","3":"status-publish","4":"has-post-thumbnail","6":"product_cat-caixas","7":"product_cat-jbl","8":"product_cat-torres","9":"product_cat-vintage","11":"first","12":"instock","13":"sold-individually","14":"shipping-taxable","15":"purchasable","16":"product-type-simple"},"acf":[],"aioseo_notices":[],"_links":{"self":[{"href":"https:\/\/hificlub.com.br\/loja\/wp-json\/wp\/v2\/product\/16273","targetHints":{"allow":["GET"]}}],"collection":[{"href":"https:\/\/hificlub.com.br\/loja\/wp-json\/wp\/v2\/product"}],"about":[{"href":"https:\/\/hificlub.com.br\/loja\/wp-json\/wp\/v2\/types\/product"}],"wp:featuredmedia":[{"embeddable":true,"href":"https:\/\/hificlub.com.br\/loja\/wp-json\/wp\/v2\/media\/16274"}],"wp:attachment":[{"href":"https:\/\/hificlub.com.br\/loja\/wp-json\/wp\/v2\/media?parent=16273"}],"wp:term":[{"taxonomy":"product_brand","embeddable":true,"href":"https:\/\/hificlub.com.br\/loja\/wp-json\/wp\/v2\/product_brand?post=16273"},{"taxonomy":"product_cat","embeddable":true,"href":"https:\/\/hificlub.com.br\/loja\/wp-json\/wp\/v2\/product_cat?post=16273"},{"taxonomy":"product_tag","embeddable":true,"href":"https:\/\/hificlub.com.br\/loja\/wp-json\/wp\/v2\/product_tag?post=16273"}],"curies":[{"name":"wp","href":"https:\/\/api.w.org\/{rel}","templated":true}]}}