{"id":16253,"date":"2024-07-07T20:12:38","date_gmt":"2024-07-07T23:12:38","guid":{"rendered":"https:\/\/hificlub.com.br\/loja\/?post_type=product&#038;p=16253"},"modified":"2026-03-03T22:18:29","modified_gmt":"2026-03-04T01:18:29","slug":"osd-black-trevoce-15-triple-driver-15-1600-watts","status":"publish","type":"product","link":"https:\/\/hificlub.com.br\/loja\/produto\/osd-black-trevoce-15-triple-driver-15-1600-watts\/","title":{"rendered":"OSD BLACK TREVOCE 15EQ DSP Triple Driver 15&#8243; 1600 watts"},"content":{"rendered":"<p>OSD Black apresenta os woofers Trevoce 15EQ DSP 1500W triplos de 15\u201d com  equalizador nativo  e equalizador param\u00e9trico baseado em aplicativo para corre\u00e7\u00e3o da ac\u00fastica da sala, se necess\u00e1rio.<\/p>\n<p>Nosso objetivo era produzir um subwoofer pequeno, abaixo de US$ 1.000,00, com distor\u00e7\u00e3o muito baixa, que pudesse atingir 16 Hz +\/- 3dB e 14 Hz +\/- 10dB e exceder as recomenda\u00e7\u00f5es da CEDIA para especifica\u00e7\u00f5es de refer\u00eancia de design de \u00e1udio de home theater.<\/p>\n<p>Isso exigiu mais de 12 meses de ajustes de projeto e engenharia, incluindo o desenvolvimento de um novo amplificador de 1.500 W capaz de fornecer o controle necess\u00e1rio para um projeto de driver triplo.<\/p>\n<p>Por que um design de driver triplo? Vemos esse projeto como tendo os melhores atributos de um gabinete selado e com porta e minimizando as desvantagens.<\/p>\n<p>Resposta de frequ\u00eancia:  Projetos de suspens\u00e3o selada ou ac\u00fastica permitem gabinetes menores, mas o aumento da resist\u00eancia do ar dentro do gabinete faz com que as baixas frequ\u00eancias comecem a diminuir em uma frequ\u00eancia mais alta, a suaves 12dB por oitava. Os designs de porta ou bass reflex s\u00e3o muito maiores, exigem um design de porta cuidadoso e, embora o roll-off comece em frequ\u00eancias mais baixas, ele o faz a \u00edngremes 24dB por oitava. Os drivers passivos duplos usados \u200b\u200bno Trevoce atuam como uma porta de \u201cresist\u00eancia vari\u00e1vel\u201d, permitindo que a resposta de frequ\u00eancia seja mais baixa do que um gabinete selado e, ent\u00e3o, tenha um roll-off mais suave do que um gabinete portado.<\/p>\n<p>Distor\u00e7\u00e3o:  Mecanicamente, no design do Trevoce, quando o driver ativo se move em n\u00edveis baixos ou frequ\u00eancias mais altas ele \u201cv\u00ea\u201d apenas uma pequena resist\u00eancia do entorno do driver passivo \u2013 semelhante a um design portado. Em n\u00edveis mais altos e frequ\u00eancias mais baixas, \u00e0 medida que a excurs\u00e3o do driver ativo aumenta, ele \u201cv\u00ea\u201d a resist\u00eancia crescente do ambiente do driver passivo e isso amortece acusticamente o movimento da bobina de voz na tampa magn\u00e9tica, reduzindo a distor\u00e7\u00e3o. Num design portado, o movimento do condutor \u00e9 restringido \u201cmecanicamente\u201d pelo seu entorno e depois \u201celetronicamente\u201d. \u00c0 medida que a bobina de voz se move para fora da tampa magn\u00e9tica, isso aumenta a distor\u00e7\u00e3o.<\/p>\n<p>Em um design selado, o ar dentro do gabinete cria resist\u00eancia conforme o driver se move para fora ou para dentro. Isso mant\u00e9m a distor\u00e7\u00e3o baixa, mas tamb\u00e9m restringe a extens\u00e3o de frequ\u00eancia.<\/p>\n<p>EQ:  Empregamos dois n\u00edveis de EQ. O primeiro \u00e9 o equalizador \u201cnativo\u201d, fixo e determinado pela resposta de frequ\u00eancia dos drivers utilizados e pelo design empregado. Medimos a resposta \u201canecoicamente\u201d, retirando qualquer ac\u00fastica da sala da equa\u00e7\u00e3o, e usamos equalizador param\u00e9trico digital para tornar a resposta o mais plana poss\u00edvel (da\u00ed a curva plana que voc\u00ea v\u00ea). O segundo \u00e9 o equalizador param\u00e9trico digital integrado e que pode ser empregado e controlado por um aplicativo. Isso permite que propriet\u00e1rios avan\u00e7ados que desejam experimentar equalizadores adicionais ajustem a resposta em casa e no ambiente. Isso pode ser feito de ouvido ou usando um microfone (n\u00e3o inclu\u00eddo) e software como REW. Muito tem sido escrito sobre baixos e ac\u00fastica de ambientes, e \u00e9 um assunto complexo.<\/p>\n<p>Nossa recomenda\u00e7\u00e3o \u00e9 sempre usar v\u00e1rios subwoofers (mesmo que as restri\u00e7\u00f5es or\u00e7ament\u00e1rias signifiquem o uso de dois ou tr\u00eas mais baratos) em vez de tentar equalizar um subwoofer em uma sala acusticamente desafiadora. O que significa acusticamente desafiador? Dependendo de onde voc\u00ea coloca o sub na sala, voc\u00ea pode acabar com as frequ\u00eancias graves sendo canceladas ou exageradas em determinados lugares. Isso \u00e9 causado por reflexos nas paredes, pisos e tetos; das ondas longas e de baixa frequ\u00eancia que v\u00eam do seu sub, anulando-se umas \u00e0s outras; ou dobrando. Voc\u00ea pode chamar esses efeitos de pontos \u201cboomy\u201d ou \u201cmortos\u201d. Usar EQ para retificar muitos graves \u00e9 relativamente f\u00e1cil, tentar adicionar graves para \u201cpreencher\u201d um cancelamento n\u00e3o \u00e9 (quanto mais voc\u00ea adiciona, mais ele \u00e9 cancelado).<\/p>\n<p>Usado criteriosamente, nosso equalizador param\u00e9trico digital pode ajudar a curar pequenos picos e passagens de baixa frequ\u00eancia. Ele tamb\u00e9m pode ser usado para criar uma resposta de frequ\u00eancia preferida e personalizada, talvez para ouvir tarde da noite com frequ\u00eancias superbaixas reduzidas ou para m\u00fasica em vez de filmes. Nosso software permite que configura\u00e7\u00f5es personalizadas sejam salvas e recuperadas quando necess\u00e1rio. Sugerimos que isso n\u00e3o seja para iniciantes, mas sim para usu\u00e1rios avan\u00e7ados, algu\u00e9m que possui um microfone e est\u00e1 familiarizado com software de equaliza\u00e7\u00e3o param\u00e9trica.<\/p>\n<p>Product information<br \/>\nMounting Type\tFloor Standing<br \/>\nModel Name\tTrevoce 15<br \/>\nSpeaker Type\tSubwoofer<br \/>\nSpecial Feature\tBass Boost<br \/>\nRecommended Uses For Product\tFor Surround Sound Systems<br \/>\nSubwoofer Diameter\t15 Inches<br \/>\nUnit Count\t1.0 Count<br \/>\nController Type\tapp control<br \/>\nIncluded Components\tPower Cord<br \/>\nProduct Dimensions\t19.3&#8243;D x 19.3&#8243;W x 19.3&#8243;H<br \/>\nAge Range (Description)\tAdult<br \/>\nItem Weight\t97 Pounds<br \/>\nIs Waterproof\tFALSE<br \/>\nNumber of Items\t1<br \/>\nControl Method\tApp<br \/>\nWireless Communication Technology\tBluetooth<br \/>\nSpeaker Size\t15 Inches<br \/>\nPower Source\tCorded Electric<br \/>\nWater Resistance Level\tNot Water Resistant<br \/>\nConnectivity Protocol\tBluetooth<br \/>\nNumber Of Circuits\t3<br \/>\nUPC\t810074880046<br \/>\nManufacturer\tOSD Audio<br \/>\nItem Weight\t97 pounds<\/p>\n","protected":false},"excerpt":{"rendered":"<p>OSD Black apresenta os woofers Trevoce 15EQ DSP 1500W triplos de 15\u201d com equalizador nativo e equalizador param\u00e9trico baseado em aplicativo para corre\u00e7\u00e3o da ac\u00fastica da sala, se necess\u00e1rio. Nosso objetivo era produzir um subwoofer pequeno, abaixo de US$ 1.000,00, com distor\u00e7\u00e3o muito baixa, que pudesse atingir 16 Hz +\/- 3dB e 14 Hz +\/- [&hellip;]<\/p>\n","protected":false},"featured_media":16254,"template":"","meta":{"_acf_changed":false},"product_brand":[],"product_cat":[17,226,36],"product_tag":[],"class_list":{"0":"post-16253","1":"product","2":"type-product","3":"status-publish","4":"has-post-thumbnail","6":"product_cat-caixas","7":"product_cat-osd","8":"product_cat-subwoofer","10":"first","11":"instock","12":"sold-individually","13":"shipping-taxable","14":"purchasable","15":"product-type-simple"},"acf":[],"aioseo_notices":[],"_links":{"self":[{"href":"https:\/\/hificlub.com.br\/loja\/wp-json\/wp\/v2\/product\/16253","targetHints":{"allow":["GET"]}}],"collection":[{"href":"https:\/\/hificlub.com.br\/loja\/wp-json\/wp\/v2\/product"}],"about":[{"href":"https:\/\/hificlub.com.br\/loja\/wp-json\/wp\/v2\/types\/product"}],"wp:featuredmedia":[{"embeddable":true,"href":"https:\/\/hificlub.com.br\/loja\/wp-json\/wp\/v2\/media\/16254"}],"wp:attachment":[{"href":"https:\/\/hificlub.com.br\/loja\/wp-json\/wp\/v2\/media?parent=16253"}],"wp:term":[{"taxonomy":"product_brand","embeddable":true,"href":"https:\/\/hificlub.com.br\/loja\/wp-json\/wp\/v2\/product_brand?post=16253"},{"taxonomy":"product_cat","embeddable":true,"href":"https:\/\/hificlub.com.br\/loja\/wp-json\/wp\/v2\/product_cat?post=16253"},{"taxonomy":"product_tag","embeddable":true,"href":"https:\/\/hificlub.com.br\/loja\/wp-json\/wp\/v2\/product_tag?post=16253"}],"curies":[{"name":"wp","href":"https:\/\/api.w.org\/{rel}","templated":true}]}}