{"id":1618,"date":"2023-10-17T19:56:57","date_gmt":"2023-10-17T22:56:57","guid":{"rendered":"https:\/\/hificlub.com.br\/loja2\/produto\/cary-cai1-125-watts\/"},"modified":"2024-10-07T17:10:37","modified_gmt":"2024-10-07T20:10:37","slug":"cary-cai1-125-watts","status":"publish","type":"product","link":"https:\/\/hificlub.com.br\/loja\/produto\/cary-cai1-125-watts\/","title":{"rendered":"CARY CAI 1  125 watts"},"content":{"rendered":"<p>ESTADO 9\/10<\/p>\n<p>Cary \u00e9 um especialista reconhecido na \u00e1rea de amplificadores valvulados de \u00faltima gera\u00e7\u00e3o. no entanto, o mundo est\u00e1 mudando. A decis\u00e3o foi tomada para entrar em \u00e1reas de pre\u00e7os mais baixos. No entanto, isso \u00e9 bastante dif\u00edcil com amplificadores valvulado. Da\u00ed o pr\u00f3ximo passo &#8211; a transi\u00e7\u00e3o para semicondutores neste setor. E isso n\u00e3o foi suficiente. No amplificador testado, o amplificador de pot\u00eancia opera na classe D<\/p>\n<p>O amplificador integrado CAI 1 da Cary foi projetado com o objetivo de produzir um integrado de alto desempenho a um pre\u00e7o m\u00e9dio (US$ 1.999). Parte da acess\u00edvel &#8220;S\u00e9rie Concept&#8221; de Cary, o design Classe D do CAI \u00e9 um fator importante para manter este amplificador, com pe\u00e7as de qualidade bastante premium, a um pre\u00e7o relativamente modesto.<br \/>\nO amplificador oferece quatro conjuntos de conex\u00f5es de est\u00e1gio de linha de termina\u00e7\u00e3o \u00fanica (sem est\u00e1gio phono), um par de conex\u00f5es balanceadas e um bypass de cinema e loop de monitor de fita.<\/p>\n<p>O CAI \u00e9 o primeiro amplificador Classe D que tive o prazer de testar em minha casa, e devo dizer desde j\u00e1 que v\u00e1rios aspectos de seu design e fun\u00e7\u00e3o foram uma lufada de ar fresco. O amplificador tem dimens\u00f5es modestas &#8211; f\u00e1cil de encontrar espa\u00e7o nas prateleiras &#8211; mas tem qualidade de constru\u00e7\u00e3o semelhante a um tanque. Funciona t\u00e3o fresco quanto um pepino. E utiliza surpreendentemente pouca energia, resultado da efici\u00eancia da pot\u00eancia Classe D e da natureza de funcionamento uniforme.<\/p>\n<p>Especifica\u00e7\u00f5es<\/p>\n<p>Entradas: 1 par XLR, 6 pares RCA<\/p>\n<p>Sensibilidade de entrada: 1,2 V (sa\u00edda com classifica\u00e7\u00e3o total)<\/p>\n<p>Sa\u00edda de registro: 1 par RCA<\/p>\n<p>Conectores do controlador: entrada IR de miniplugue, 3 miniplugues para sa\u00edda de gatilho<\/p>\n<p>Comunica\u00e7\u00f5es: Interface de configura\u00e7\u00e3o remota completa RS 232<\/p>\n<p>Faixa de controle de volume: 63dB em passos de 1dB<\/p>\n<p>Sobrecarga de entrada: 3V (termina\u00e7\u00e3o \u00fanica) \/ 6V (balanceado)<\/p>\n<p>Imped\u00e2ncia de entrada: 100K Ohms (termina\u00e7\u00e3o \u00fanica) \/ 200K Ohms (balanceado)<\/p>\n<p>Imped\u00e2ncia de sa\u00edda: 4\u00ce\u00a9 a 8\u00ce\u00a9<\/p>\n<p>Resposta de frequ\u00eancia: 20Hz a 22kHz (0,5dB)<\/p>\n<p>Pot\u00eancia nominal de sa\u00edda: 125wpc rms em 8\u00ce\u00a9 \/ 250wpc rms em 4\u00ce\u00a9<\/p>\n<p>THD: 0,0005% 10W, 4 Ohms 14kHz\/15kHz<\/p>\n<p>THD+N: 0,006% @ 1W, 8\u00ce\u00a9 1kHz,  4000, 100 Hz 8\u00ce\u00a9<\/p>\n<p>Peso: 23 libras<\/p>\n<p>Tamanho: 4,5 x 17 x 13 (AxLxP em polegadas)<\/p>\n","protected":false},"excerpt":{"rendered":"<p>ESTADO 9\/10 Cary \u00e9 um especialista reconhecido na \u00e1rea de amplificadores valvulados de \u00faltima gera\u00e7\u00e3o. no entanto, o mundo est\u00e1 mudando. A decis\u00e3o foi tomada para entrar em \u00e1reas de pre\u00e7os mais baixos. No entanto, isso \u00e9 bastante dif\u00edcil com amplificadores valvulado. Da\u00ed o pr\u00f3ximo passo &#8211; a transi\u00e7\u00e3o para semicondutores neste setor. E isso [&hellip;]<\/p>\n","protected":false},"featured_media":1616,"template":"","meta":{"_acf_changed":false},"product_brand":[],"product_cat":[27,81,51],"product_tag":[],"class_list":{"0":"post-1618","1":"product","2":"type-product","3":"status-publish","4":"has-post-thumbnail","6":"product_cat-amplificador","7":"product_cat-cary","8":"product_cat-integrado","10":"first","11":"instock","12":"sold-individually","13":"shipping-taxable","14":"purchasable","15":"product-type-simple"},"acf":[],"aioseo_notices":[],"_links":{"self":[{"href":"https:\/\/hificlub.com.br\/loja\/wp-json\/wp\/v2\/product\/1618","targetHints":{"allow":["GET"]}}],"collection":[{"href":"https:\/\/hificlub.com.br\/loja\/wp-json\/wp\/v2\/product"}],"about":[{"href":"https:\/\/hificlub.com.br\/loja\/wp-json\/wp\/v2\/types\/product"}],"wp:featuredmedia":[{"embeddable":true,"href":"https:\/\/hificlub.com.br\/loja\/wp-json\/wp\/v2\/media\/1616"}],"wp:attachment":[{"href":"https:\/\/hificlub.com.br\/loja\/wp-json\/wp\/v2\/media?parent=1618"}],"wp:term":[{"taxonomy":"product_brand","embeddable":true,"href":"https:\/\/hificlub.com.br\/loja\/wp-json\/wp\/v2\/product_brand?post=1618"},{"taxonomy":"product_cat","embeddable":true,"href":"https:\/\/hificlub.com.br\/loja\/wp-json\/wp\/v2\/product_cat?post=1618"},{"taxonomy":"product_tag","embeddable":true,"href":"https:\/\/hificlub.com.br\/loja\/wp-json\/wp\/v2\/product_tag?post=1618"}],"curies":[{"name":"wp","href":"https:\/\/api.w.org\/{rel}","templated":true}]}}