{"id":16179,"date":"2024-07-05T05:08:41","date_gmt":"2024-07-05T08:08:41","guid":{"rendered":"https:\/\/hificlub.com.br\/loja\/?post_type=product&#038;p=16179"},"modified":"2026-03-03T22:18:30","modified_gmt":"2026-03-04T01:18:30","slug":"velodyne-impact-x10-10-600-watts","status":"publish","type":"product","link":"https:\/\/hificlub.com.br\/loja\/produto\/velodyne-impact-x10-10-600-watts\/","title":{"rendered":"VELODYNE IMPACT X10 &#8211; Subwoofer 10&#8243; &#8211; 600 watts"},"content":{"rendered":"<p><strong>Velodyne Ac\u00fastica Impacto X<\/strong><\/p>\n<p>Os novos modelos Impact X da Velodyne Acoustics usam um driver que foi projetado completamente novo. A bobina de voz de duas polegadas feita de quatro camadas de cobre de alta pureza \u00e9 acionada por um poderoso \u00edm\u00e3 duplo de ferrite \u2013 para m\u00e1xima efici\u00eancia \u2013, que junto com o entorno flex\u00edvel feito de borracha nitr\u00edlica permite um deslocamento de at\u00e9 25 (modelo de 10 polegadas) ou 28 (modelo de 12 polegadas) mil\u00edmetros. A cesta est\u00e1vel, junto com a centraliza\u00e7\u00e3o feita de um material composto de algod\u00e3o-poli\u00e9ster, deve garantir a m\u00e1xima precis\u00e3o. O cone de papel leve, por\u00e9m r\u00edgido, tamb\u00e9m permite uma reprodu\u00e7\u00e3o transiente precisa com vibra\u00e7\u00f5es parciais m\u00ednimas.<\/p>\n<p>Os subwoofers Impact X s\u00e3o controlados por poderosos DSPs de alta resolu\u00e7\u00e3o do renomado fabricante Analog Devices. Os amplificadores de pot\u00eancia Classe D usam quatro transistores MOSFET de 180 volts com uma capacidade de entrega de corrente de 34 amperes, e a fonte de alimenta\u00e7\u00e3o de comuta\u00e7\u00e3o eficiente tamb\u00e9m foi projetada em torno de dois transistores MOSFET de 17 amperes\/650 volts. De acordo com a Velodyne, o modelo de dez polegadas fornece 250 watts de pot\u00eancia cont\u00ednua e 500 watts de pot\u00eancia de impulso, enquanto o subwoofer de 12 polegadas fornece 300 e 600 watts, respectivamente.<\/p>\n<p>Al\u00e9m dos par\u00e2metros usuais para volume, frequ\u00eancia de crossover e fase, a s\u00e9rie Impact X oferece quatro predefini\u00e7\u00f5es de som para diferentes usos: &#8220;Flat&#8221; fornece os graves mais baixos, enquanto &#8220;Movie&#8221; \u00e9 projetado para sa\u00edda m\u00e1xima para filmes e &#8220;Rock \/ Pop&#8221; tem uma resposta de frequ\u00eancia otimizada para esses g\u00eaneros musicais. O &#8220;Night Mode&#8221; limita a reprodu\u00e7\u00e3o de graves. A predefini\u00e7\u00e3o selecionada no momento \u00e9 exibida no visor frontal dos subwoofers Impact X. Al\u00e9m de alternar os modos de som, o controle remoto inclu\u00eddo tamb\u00e9m permite o ajuste conveniente da frequ\u00eancia de crossover, volume e fase da posi\u00e7\u00e3o de audi\u00e7\u00e3o. Al\u00e9m disso, o visor dos subwoofers Impact X tamb\u00e9m pode ser escurecido remotamente.<\/p>\n<p>Os novos subwoofers Velodyne s\u00e3o feitos de material MDF extragrosso, enquanto os p\u00e9s de isolamento de elast\u00f4mero s\u00e3o ditos para fornecer desacoplamento eficiente do ch\u00e3o. As entradas RCA para os canais esquerdo e direito permitem a conex\u00e3o com os players de origem, e subwoofers adicionais podem ser conectados por meio de conectores de sa\u00edda correspondentes. Grampos de cabo tamb\u00e9m tornam poss\u00edvel integrar os subwoofers em sistemas onde a fonte n\u00e3o tem uma sa\u00edda RCA adequada.<\/p>\n<p><strong>Esses poderosos subwoofers combinam drivers frontais eficientes com uma porta bass reflex de disparo inferior ou traseiro.<\/strong><br \/>\nA s\u00e9rie Impact X cria uma impress\u00e3o duradoura com incr\u00edvel som de baixa frequ\u00eancia. A atraente caixa de MDF dos subwoofers com acabamento preto e branco tamb\u00e9m combina perfeitamente com interiores modernos. A experi\u00eancia de m\u00fasica e home theater, especificamente no menor pacote poss\u00edvel, se beneficia enormemente dos drivers de 10 e 12 polegadas completamente redesenhados, que estabelecem novos padr\u00f5es nesta faixa de pre\u00e7o. Um amplificador Classe D altamente eficiente, juntamente com as principais tecnologias da Velodyne Acoustics, minimiza a distor\u00e7\u00e3o e possibilita um incr\u00edvel desempenho de graves.<\/p>\n<p>Agora, um subwoofer de 15 polegadas tamb\u00e9m expande a linha Impact X. Ele apresenta um design especial de slot traseiro com fluxo otimizado que \u00e9 usado como bass reflex. Com um limite de frequ\u00eancia inferior de 19 Hertz e 9 modos DSP que tamb\u00e9m controlam os modos de ambiente, ele foi especialmente projetado para aplica\u00e7\u00f5es exigentes de home theater e grandes salas de estar.<\/p>\n<p><strong>Caracter\u00edsticas<\/strong><br \/>\nOs drivers ativos de 10, 12 e 15 polegadas dos tr\u00eas modelos fornecem som potente de baixa frequ\u00eancia com a porta bass reflex na parte inferior ou traseira.<br \/>\nNove predefini\u00e7\u00f5es DSP ajust\u00e1veis \u200b\u200bvia controle remoto no modelo de 15 polegadas (quatro no Impact X 10 e 12 polegadas).<br \/>\nCom 600 watts de pot\u00eancia m\u00e1xima (1.000 watts no modelo de 15 polegadas), o amplificador Classe D cl\u00e1ssico fornece pot\u00eancia suficiente para a grande experi\u00eancia de home theater.<br \/>\nCircuito anti-clipping para limitar a distor\u00e7\u00e3o do amplificador.<\/p>\n<p>&nbsp;<\/p>\n<p><a href=\"https:\/\/www.whathifi.com\/velodyne\/impact-10\/review\" target=\"_blank\" rel=\"noopener\"><img loading=\"lazy\" decoding=\"async\" class=\"alignnone wp-image-22447 \" src=\"https:\/\/hificlub.com.br\/loja\/wp-content\/uploads\/2024\/01\/what-hifi-awards-10.png\" alt=\"\" width=\"251\" height=\"127\" srcset=\"https:\/\/hificlub.com.br\/loja\/wp-content\/uploads\/2024\/01\/what-hifi-awards-10.png 316w, https:\/\/hificlub.com.br\/loja\/wp-content\/uploads\/2024\/01\/what-hifi-awards-10-300x152.png 300w\" sizes=\"auto, (max-width: 251px) 100vw, 251px\" \/>\u00a0\u00a0\u00a0\u00a0 <\/a><a href=\"https:\/\/www.fidelity-online.de\/velodyne-impact-x\/\" target=\"_blank\" rel=\"noopener\"><img loading=\"lazy\" decoding=\"async\" class=\"alignnone wp-image-22943\" src=\"https:\/\/hificlub.com.br\/loja\/wp-content\/uploads\/2025\/06\/Fidelity-Magazine-award.jpg\" alt=\"\" width=\"410\" height=\"121\" srcset=\"https:\/\/hificlub.com.br\/loja\/wp-content\/uploads\/2025\/06\/Fidelity-Magazine-award.jpg 373w, https:\/\/hificlub.com.br\/loja\/wp-content\/uploads\/2025\/06\/Fidelity-Magazine-award-300x88.jpg 300w\" sizes=\"auto, (max-width: 410px) 100vw, 410px\" \/><\/a><\/p>\n<p>&nbsp;<\/p>\n","protected":false},"excerpt":{"rendered":"<p>Velodyne Ac\u00fastica Impacto X Os novos modelos Impact X da Velodyne Acoustics usam um driver que foi projetado completamente novo. A bobina de voz de duas polegadas feita de quatro camadas de cobre de alta pureza \u00e9 acionada por um poderoso \u00edm\u00e3 duplo de ferrite \u2013 para m\u00e1xima efici\u00eancia \u2013, que junto com o entorno [&hellip;]<\/p>\n","protected":false},"featured_media":16180,"template":"","meta":{"_acf_changed":false},"product_brand":[],"product_cat":[17,36,143],"product_tag":[],"class_list":{"0":"post-16179","1":"product","2":"type-product","3":"status-publish","4":"has-post-thumbnail","6":"product_cat-caixas","7":"product_cat-subwoofer","8":"product_cat-velodyne","10":"first","11":"instock","12":"sold-individually","13":"shipping-taxable","14":"purchasable","15":"product-type-simple"},"acf":[],"aioseo_notices":[],"_links":{"self":[{"href":"https:\/\/hificlub.com.br\/loja\/wp-json\/wp\/v2\/product\/16179","targetHints":{"allow":["GET"]}}],"collection":[{"href":"https:\/\/hificlub.com.br\/loja\/wp-json\/wp\/v2\/product"}],"about":[{"href":"https:\/\/hificlub.com.br\/loja\/wp-json\/wp\/v2\/types\/product"}],"wp:featuredmedia":[{"embeddable":true,"href":"https:\/\/hificlub.com.br\/loja\/wp-json\/wp\/v2\/media\/16180"}],"wp:attachment":[{"href":"https:\/\/hificlub.com.br\/loja\/wp-json\/wp\/v2\/media?parent=16179"}],"wp:term":[{"taxonomy":"product_brand","embeddable":true,"href":"https:\/\/hificlub.com.br\/loja\/wp-json\/wp\/v2\/product_brand?post=16179"},{"taxonomy":"product_cat","embeddable":true,"href":"https:\/\/hificlub.com.br\/loja\/wp-json\/wp\/v2\/product_cat?post=16179"},{"taxonomy":"product_tag","embeddable":true,"href":"https:\/\/hificlub.com.br\/loja\/wp-json\/wp\/v2\/product_tag?post=16179"}],"curies":[{"name":"wp","href":"https:\/\/api.w.org\/{rel}","templated":true}]}}