{"id":16145,"date":"2024-07-04T06:27:19","date_gmt":"2024-07-04T09:27:19","guid":{"rendered":"https:\/\/hificlub.com.br\/loja\/?post_type=product&#038;p=16145"},"modified":"2025-01-20T06:25:21","modified_gmt":"2025-01-20T09:25:21","slug":"soulution-520-preamp-com-mc-phono","status":"publish","type":"product","link":"https:\/\/hificlub.com.br\/loja\/produto\/soulution-520-preamp-com-mc-phono\/","title":{"rendered":"SOULUTION 520 Preamp com MC Phono"},"content":{"rendered":"<p>ESTADO 9\/10<\/p>\n<p>SOULUTION 520 PR\u00c9-AMPLIFICADOR com MC PHONO<br \/>\nDin\u00e2mica. Resolu\u00e7\u00e3o. Controle. Musicalidade.<br \/>\nTudo o mais pr\u00f3ximo poss\u00edvel da perfei\u00e7\u00e3o. \u00c9 o que caracteriza um pr\u00e9-amplificador de primeira classe.<br \/>\nO Soulution 520 atende a esses desafios e muito mais.<br \/>\nCom quatro entradas de linha e um est\u00e1gio phono de alta qualidade integrado, o Soulution 520 est\u00e1 perfeitamente equipado para todos os requisitos de audi\u00f3filos.<\/p>\n<p>Filosofia<br \/>\nUm pr\u00e9-amplificador deve apenas amplificar ou atenuar o sinal de m\u00fasica, n\u00e3o alter\u00e1-lo de forma alguma, ao mesmo tempo em que atende \u00e0s mais altas especifica\u00e7\u00f5es t\u00e9cnicas. Sem distor\u00e7\u00e3o, sem zumbido ou ru\u00eddo, ao mesmo tempo em que atinge a menor diafonia e a maior largura de banda. O pr\u00e9-amplificador Soulution 520 atende elegantemente a essas demandas e \u00e9 uma carga benigna para qualquer componente de fonte.<br \/>\nDesign<br \/>\nO design desbalanceado garante o menor n\u00famero de componentes no caminho do sinal. A separa\u00e7\u00e3o f\u00edsica dos canais esquerdo e direito fornece desempenho ideal de separa\u00e7\u00e3o e diafonia. Rel\u00e9s de alta qualidade alternam entre as entradas. Os sinais de fonte s\u00e3o armazenados em buffer diretamente na entrada. Por seguran\u00e7a, um capacitor de acoplamento de n\u00edvel de \u00e1udio protege o pr\u00e9-amplificador, bem como os amplificadores e alto-falantes downstream de potenciais componentes DC em sinais de fonte.<br \/>\nControle de volume<br \/>\nO controle de volume do 520 usa apenas resistores de folha de metal de alta precis\u00e3o e baixo ru\u00eddo, e controla o volume e o equil\u00edbrio. Para bloquear picos de comuta\u00e7\u00e3o durante mudan\u00e7as de volume que podem ser perigosas para amplificadores de pot\u00eancia, o 520 \u00e9 equipado com um segundo controle de volume com um PGA (Amplificador de Ganho Program\u00e1vel). Ativo somente durante o processo de controle de volume, ele \u00e9 similar a um potenci\u00f4metro e permite que o volume seja ajustado em passos suaves e sem cliques. Assim que o novo valor de n\u00edvel desejado for selecionado, a unidade retorna o controle para os resistores de precis\u00e3o.<br \/>\nEst\u00e1gio de sa\u00edda<br \/>\nMultiest\u00e1gio, similar ao usado no pr\u00e9-amplificador de refer\u00eancia 720, ele alcan\u00e7a amplifica\u00e7\u00e3o muito r\u00e1pida, ultra wideband (1MHz\/-3dB) e \u00e9 capaz de conduzir as interconex\u00f5es mais longas com facilidade.<br \/>\nPhono-MC-Preamplifier<br \/>\nSemelhante ao 720, o pr\u00e9-amplificador phono do 520 tamb\u00e9m \u00e9 multiest\u00e1gio usando componentes de alt\u00edssima qualidade.<br \/>\nOpera\u00e7\u00e3o<br \/>\nO 520 \u00e9 operado por meio de seus bot\u00f5es no painel frontal e controle girat\u00f3rio. Multifuncionais, eles permitem a otimiza\u00e7\u00e3o de todo o sistema de \u00e1udio e uma configura\u00e7\u00e3o ideal dos componentes individuais.<\/p>\n<p>Especifica\u00e7\u00f5es<br \/>\nRede el\u00e9trica 220 \u2013 240 V (50 \u2013 60 Hz) \/ 100 \u2013 120 V (50 \u2013 60 Hz)<br \/>\nConsumo de energia &lt; 0,5 W em espera \/ 100 W dispositivo em opera\u00e7\u00e3o<br \/>\nEntradas 2 \u00d7 balanceadas (XLR) \/ 2 \u00d7 desbalanceadas (RCA<br \/>\nImped\u00e2ncia de entrada XLR: 3 k\u03a9 \/ RCA: 3 k\u03a9 \/ Phono: ajust\u00e1vel<br \/>\nSa\u00eddas 1 \u00d7 balanceadas (XLR) \/ 1 \u00d7 desbalanceadas (RCA)<br \/>\nResposta de frequ\u00eancia (\u2013 3 dB) 0 \u2013 500 kHz<br \/>\nTHD + N  120 dB<br \/>\nSepara\u00e7\u00e3o de canais &lt; 120 dB<br \/>\nGanho m\u00e1x. balanceado \u2013 83 \u2026 + 16 dB \/ desbalanceado \u2013 89 \u2026 + 10 dB<br \/>\nFaixa de controle de volume + 15 DB a \u2013 79 dB em passos de 1 dB<br \/>\nImped\u00e2ncia de sa\u00edda 10 \u03a9 balanceada (XLR) \/ 10 \u03a9 desbalanceada (RCA)<br \/>\nTens\u00e3o de sa\u00edda 14 VRMS balanceada (XLR) \/ 7 VRMS desbalanceada (RCA)<br \/>\nCorrente de sa\u00edda m\u00e1x. 0,2 A (limitada)<br \/>\nDimens\u00f5es 442 \u00d7 143 \u00d7 448 mm (L \u00d7 A \u00d7 P)<br \/>\nPeso aprox. 18,5 kg<\/p>\n","protected":false},"excerpt":{"rendered":"<p>ESTADO 9\/10 SOULUTION 520 PR\u00c9-AMPLIFICADOR com MC PHONO Din\u00e2mica. Resolu\u00e7\u00e3o. Controle. Musicalidade. Tudo o mais pr\u00f3ximo poss\u00edvel da perfei\u00e7\u00e3o. \u00c9 o que caracteriza um pr\u00e9-amplificador de primeira classe. O Soulution 520 atende a esses desafios e muito mais. Com quatro entradas de linha e um est\u00e1gio phono de alta qualidade integrado, o Soulution 520 est\u00e1 [&hellip;]<\/p>\n","protected":false},"featured_media":16146,"template":"","meta":{"_acf_changed":false},"product_brand":[],"product_cat":[38,232],"product_tag":[],"class_list":{"0":"post-16145","1":"product","2":"type-product","3":"status-publish","4":"has-post-thumbnail","6":"product_cat-pre-amplificador","7":"product_cat-soulution","9":"first","10":"instock","11":"sold-individually","12":"shipping-taxable","13":"purchasable","14":"product-type-simple"},"acf":[],"aioseo_notices":[],"_links":{"self":[{"href":"https:\/\/hificlub.com.br\/loja\/wp-json\/wp\/v2\/product\/16145","targetHints":{"allow":["GET"]}}],"collection":[{"href":"https:\/\/hificlub.com.br\/loja\/wp-json\/wp\/v2\/product"}],"about":[{"href":"https:\/\/hificlub.com.br\/loja\/wp-json\/wp\/v2\/types\/product"}],"wp:featuredmedia":[{"embeddable":true,"href":"https:\/\/hificlub.com.br\/loja\/wp-json\/wp\/v2\/media\/16146"}],"wp:attachment":[{"href":"https:\/\/hificlub.com.br\/loja\/wp-json\/wp\/v2\/media?parent=16145"}],"wp:term":[{"taxonomy":"product_brand","embeddable":true,"href":"https:\/\/hificlub.com.br\/loja\/wp-json\/wp\/v2\/product_brand?post=16145"},{"taxonomy":"product_cat","embeddable":true,"href":"https:\/\/hificlub.com.br\/loja\/wp-json\/wp\/v2\/product_cat?post=16145"},{"taxonomy":"product_tag","embeddable":true,"href":"https:\/\/hificlub.com.br\/loja\/wp-json\/wp\/v2\/product_tag?post=16145"}],"curies":[{"name":"wp","href":"https:\/\/api.w.org\/{rel}","templated":true}]}}