{"id":16137,"date":"2024-07-04T06:03:29","date_gmt":"2024-07-04T09:03:29","guid":{"rendered":"https:\/\/hificlub.com.br\/loja\/?post_type=product&#038;p=16137"},"modified":"2025-12-03T18:57:03","modified_gmt":"2025-12-03T21:57:03","slug":"m2tech-young-dsd-pcm-dxd-dsd128-dac-preamp","status":"publish","type":"product","link":"https:\/\/hificlub.com.br\/loja\/produto\/m2tech-young-dsd-pcm-dxd-dsd128-dac-preamp\/","title":{"rendered":"M2TECH YOUNG &#8211; DSD, PCM\/DXD\/DSD128, DAC e Digital Preamp."},"content":{"rendered":"<p>A <strong>M2Tech<\/strong>, com sede em Pisa, parece estar buscando o mercado de baixo pre\u00e7o, mas ainda assim sofisticado, com sua linha de DACs, amplificadores de fone de ouvido, fontes de alimenta\u00e7\u00e3o externas, rel\u00f3gios mestres e conversores USB digitais. Seu Young DSD DAC, embora pequeno, re\u00fane muitos recursos em suas dimens\u00f5es organizadas (7,8 &#8220;L x 2&#8221; A x 7,8 &#8220;P, 3,75 libras). Como acontece com a maioria dos DACs atuais, n\u00e3o h\u00e1 taxa de amostragem que este modelo n\u00e3o oferece. aceita em sua entrada USB ass\u00edncrona: de 16 a 32 bits em 44,1, 48, 88,2, 96, 176,4, 192, 352,8, 384kHz, DSD64 e DSD128. As entradas digitais restantes no painel traseiro s\u00e3o dois S\/PDIFs (um de cada). em RCA e BNC), um AES\/EBU (XLR) e um TosLink. Estas \u00faltimas entradas s\u00e3o compat\u00edveis com \u00e1udio PCM de at\u00e9 24 bits\/192kHz e a sa\u00edda anal\u00f3gica \u00e9 via conectores XLR est\u00e9reo (adaptadores s\u00e3o fornecidos para conex\u00e3o RCA. ). Uma tomada de entrada DC se conecta \u00e0 fonte de alimenta\u00e7\u00e3o fornecida.<\/p>\n<p>Dentro do Young DSD h\u00e1 um chip DAC Burr-Brown PCM1795. M2Tech afirma que Young usa um \u201cesquema propriet\u00e1rio de sobreamostragem para PCM baseado em um FPGA (field-programmable gate array). Um circuito integrado D\/A de 32 bits \u00e9 usado em um modo n\u00e3o convencional para permitir opera\u00e7\u00e3o interna de 705,6\/768kHz em PCM e 5,6448MHz em DSD. A sinergia entre o DAC IC e o oversampler personalizado permite um n\u00edvel de ru\u00eddo e THD excepcionalmente baixo.\u201d O controle de volume do Young \u00e9 no dom\u00ednio anal\u00f3gico, mas \u00e9 controlado digitalmente, m\u00e9todo que evita qualquer perda de resolu\u00e7\u00e3o em volumes mais baixos. A M2Tech tamb\u00e9m afirma que \u201cum filtro anti-aliasing passivo exclusivo \u00e9 usado no lugar do buffer opamp usual, junto com um circuito especial de cancelamento de deslocamento no modo de corrente que faz o conversor I\/V operar com maior simetria e menor THD\u201d. A rela\u00e7\u00e3o sinal-ru\u00eddo \u00e9 especificada como 118dB, ponderada A.<\/p>\n<p>O painel frontal, que parece ser feito de pl\u00e1stico escuro, \u00e9 inserido em uma caixa de alum\u00ednio extrudado que envolve a parte superior, inferior e as laterais. \u00c0 direita de um pequeno display central est\u00e1 um grande bot\u00e3o multifuncional; \u00e0 esquerda, um pequeno bot\u00e3o liga \/ desliga. O bot\u00e3o grande controla o n\u00edvel de volume das sa\u00eddas anal\u00f3gicas \u2013 se voc\u00ea tiver todas as fontes digitais, poder\u00e1 usar o Young DSD como pr\u00e9-amplificador. O volume \u00e9 ajust\u00e1vel de \u201c0\u201d a \u201c96\u201d em passos de 0,5dB, portanto o ajuste fino \u00e9 f\u00e1cil. Pressione o bot\u00e3o para percorrer as entradas. As fun\u00e7\u00f5es de equil\u00edbrio (+\/-6dB em passos de 1dB), mudo (reduz o volume em 20dB), invers\u00e3o de fase, desligamento autom\u00e1tico e escurecimento da tela tamb\u00e9m podem ser acessadas com este bot\u00e3o.<\/p>\n<p>&nbsp;<\/p>\n","protected":false},"excerpt":{"rendered":"<p>A M2Tech, com sede em Pisa, parece estar buscando o mercado de baixo pre\u00e7o, mas ainda assim sofisticado, com sua linha de DACs, amplificadores de fone de ouvido, fontes de alimenta\u00e7\u00e3o externas, rel\u00f3gios mestres e conversores USB digitais. Seu Young DSD DAC, embora pequeno, re\u00fane muitos recursos em suas dimens\u00f5es organizadas (7,8 &#8220;L x 2&#8221; [&hellip;]<\/p>\n","protected":false},"featured_media":16138,"template":"","meta":{"_acf_changed":false},"product_brand":[],"product_cat":[43,41],"product_tag":[],"class_list":{"0":"post-16137","1":"product","2":"type-product","3":"status-publish","4":"has-post-thumbnail","6":"product_cat-dac","7":"product_cat-digital","9":"first","10":"instock","11":"sold-individually","12":"shipping-taxable","13":"purchasable","14":"product-type-simple"},"acf":[],"aioseo_notices":[],"_links":{"self":[{"href":"https:\/\/hificlub.com.br\/loja\/wp-json\/wp\/v2\/product\/16137","targetHints":{"allow":["GET"]}}],"collection":[{"href":"https:\/\/hificlub.com.br\/loja\/wp-json\/wp\/v2\/product"}],"about":[{"href":"https:\/\/hificlub.com.br\/loja\/wp-json\/wp\/v2\/types\/product"}],"wp:featuredmedia":[{"embeddable":true,"href":"https:\/\/hificlub.com.br\/loja\/wp-json\/wp\/v2\/media\/16138"}],"wp:attachment":[{"href":"https:\/\/hificlub.com.br\/loja\/wp-json\/wp\/v2\/media?parent=16137"}],"wp:term":[{"taxonomy":"product_brand","embeddable":true,"href":"https:\/\/hificlub.com.br\/loja\/wp-json\/wp\/v2\/product_brand?post=16137"},{"taxonomy":"product_cat","embeddable":true,"href":"https:\/\/hificlub.com.br\/loja\/wp-json\/wp\/v2\/product_cat?post=16137"},{"taxonomy":"product_tag","embeddable":true,"href":"https:\/\/hificlub.com.br\/loja\/wp-json\/wp\/v2\/product_tag?post=16137"}],"curies":[{"name":"wp","href":"https:\/\/api.w.org\/{rel}","templated":true}]}}