{"id":16129,"date":"2024-07-04T05:29:49","date_gmt":"2024-07-04T08:29:49","guid":{"rendered":"https:\/\/hificlub.com.br\/loja\/?post_type=product&#038;p=16129"},"modified":"2025-10-10T16:56:01","modified_gmt":"2025-10-10T19:56:01","slug":"audioquest-diamondback-xlr-1-metro","status":"publish","type":"product","link":"https:\/\/hificlub.com.br\/loja\/produto\/audioquest-diamondback-xlr-1-metro\/","title":{"rendered":"AUDIOQUEST DIAMONDBACK RCA 1 metro"},"content":{"rendered":"<p><strong>AudioQuest Diamondback Interconnects<\/strong><\/p>\n<p>Esses cabos de interconex\u00e3o triplamente balanceados e de \u00f3timo som<\/p>\n<p>AudioQuest Perfect Surface Copper, isolamento de tubo de ar e blindagem de camada tripla garantem o melhor som pelo seu dinheiro<\/p>\n<p>Excelente resolu\u00e7\u00e3o e din\u00e2mica, juntamente com um equil\u00edbrio tonal uniforme, fazem do Diamondback uma \u00f3tima escolha para todos os amantes da m\u00fasica e audi\u00f3filos com or\u00e7amento limitado. Os condutores de cobre PSC da AudioQuest t\u00eam tubos de ar , geometria triplamente balanceada e conectores soldados, tornando o Diamondback ultra suave e extremamente resolutivo. Muitas t\u00e9cnicas de design sofisticadas, materiais superiores e um sistema de termina\u00e7\u00e3o excepcional se combinam para tornar o AudioQuest Diamondback poss\u00edvel. Os resultados colocaram o Diamondback no topo de qualquer lista de pre\u00e7o\/desempenho de qualquer pessoa que exija cabos adequados, mas n\u00e3o possa gastar uma fortuna.<\/p>\n<p>&#8220;O Diamondback tem um agudo perspicaz e revelador com bom timing e separa\u00e7\u00e3o&#8230;[O Diamondback \u00e9] capaz de excelente qualidade sonora porque ele funde os vocais e a m\u00fasica com autoridade. Ele nunca sai do controle&#8230;&#8221;<br \/>\n\u2013 HiFi World<\/p>\n<p>O Diamondback \u00e9 triplamente balanceado. Isso significa que h\u00e1 tr\u00eas condutores isolados id\u00eanticos, al\u00e9m de um condutor separado sob a blindagem de folha de cobertura de 100%. Quando usado com conectores XLR e eletr\u00f4nicos balanceados, os dois sinais positivos (inversores e n\u00e3o inversores) e o negativo, todos obt\u00eam o mesmo caminho condutor de baixa distor\u00e7\u00e3o. A blindagem \u00e9 conectada ao aterramento do chassi atrav\u00e9s do gabinete do XLR, fornecendo blindagem extremamente eficaz sem contaminar a qualidade do caminho condutor negativo. Quando o Diamondback \u00e9 equipado com plugues RCA, dois condutores s\u00e3o usados \u200b\u200bjuntos para o potencial muito maior na conex\u00e3o negativa, fornecendo uma vantagem substancial de desempenho. A blindagem \u00e9 conectada apenas em uma extremidade, fornecendo cobertura total da blindagem sem comprometer o caminho condutor negativo.<\/p>\n<p>Condutores: Todos os condutores da Diamondback s\u00e3o s\u00f3lidos. A intera\u00e7\u00e3o el\u00e9trica e magn\u00e9tica entre os fios em um cabo convencional \u00e9 a maior fonte de distor\u00e7\u00e3o, frequentemente causando um som \u00e1spero e sujo. Condutores s\u00f3lidos s\u00e3o fundamentais para atingir o som muito limpo da Diamondback.<\/p>\n<p>Metal: PSC (Perfect Surface Copper) tem uma superf\u00edcie surpreendentemente lisa e pura. A tecnologia propriet\u00e1ria de processamento de metal protege a superf\u00edcie do fio em todas as etapas de trefila\u00e7\u00e3o e fabrica\u00e7\u00e3o. Quando o cobre de alta pureza e baixo teor de \u00f3xido \u00e9 mantido o mais macio, puro e liso poss\u00edvel, ele se torna um condutor de distor\u00e7\u00e3o maravilhosamente baixa. Por quinze anos, a AudioQuest foi pioneira no uso de metais superiores; no entanto, at\u00e9 n\u00f3s ficamos surpresos com esse enorme salto no desempenho. O PSC supera claramente os metais AQ anteriores que custavam mais de dez vezes mais.<\/p>\n<p>Isolamento: Qualquer material s\u00f3lido adjacente a um condutor \u00e9, na verdade, parte de um circuito imperfeito. O isolamento do fio, materiais da placa de circuito, todos absorvem energia (perda). Parte dessa energia \u00e9 armazenada e ent\u00e3o liberada como distor\u00e7\u00e3o. Diamondback usa isolamento FPE (Polietileno Espumado) preenchido com ar em ambos os condutores porque o ar absorve quase nenhuma energia, e o Polietileno tem baixa perda e um perfil de distor\u00e7\u00e3o benigno. Gra\u00e7as a todo o ar no FPE, ele causa muito menos do efeito fora de foco comum a outros materiais.<\/p>\n<p>Sistema Cold-Weld: O novo design do plugue permite uma conex\u00e3o perfeita sem calor entre o cabo e o plugue. Plugues XLR tamb\u00e9m est\u00e3o dispon\u00edveis. Os plugues RCA banhados a prata da Diamondback usam um design patenteado que elimina a distor\u00e7\u00e3o causada pelo contato extra dentro da maioria dos plugues. Como os revestimentos de aterramento s\u00e3o estampados em vez de usinados, o metal pode ser escolhido para baixa distor\u00e7\u00e3o em vez de por sua usinabilidade. Uma combina\u00e7\u00e3o desses ingredientes principais e muitos outros detalhes sutis se somam para explicar como a Diamondback pode soar t\u00e3o limpa, clara e din\u00e2mica.<\/p>\n","protected":false},"excerpt":{"rendered":"<p>AudioQuest Diamondback Interconnects Esses cabos de interconex\u00e3o triplamente balanceados e de \u00f3timo som AudioQuest Perfect Surface Copper, isolamento de tubo de ar e blindagem de camada tripla garantem o melhor som pelo seu dinheiro Excelente resolu\u00e7\u00e3o e din\u00e2mica, juntamente com um equil\u00edbrio tonal uniforme, fazem do Diamondback uma \u00f3tima escolha para todos os amantes da [&hellip;]<\/p>\n","protected":false},"featured_media":26370,"template":"","meta":{"_acf_changed":false},"product_brand":[],"product_cat":[68,61,71],"product_tag":[],"class_list":{"0":"post-16129","1":"product","2":"type-product","3":"status-publish","4":"has-post-thumbnail","6":"product_cat-audioquest","7":"product_cat-cabos","8":"product_cat-interconnect-rca","10":"first","11":"instock","12":"sold-individually","13":"shipping-taxable","14":"purchasable","15":"product-type-simple"},"acf":[],"aioseo_notices":[],"_links":{"self":[{"href":"https:\/\/hificlub.com.br\/loja\/wp-json\/wp\/v2\/product\/16129","targetHints":{"allow":["GET"]}}],"collection":[{"href":"https:\/\/hificlub.com.br\/loja\/wp-json\/wp\/v2\/product"}],"about":[{"href":"https:\/\/hificlub.com.br\/loja\/wp-json\/wp\/v2\/types\/product"}],"wp:featuredmedia":[{"embeddable":true,"href":"https:\/\/hificlub.com.br\/loja\/wp-json\/wp\/v2\/media\/26370"}],"wp:attachment":[{"href":"https:\/\/hificlub.com.br\/loja\/wp-json\/wp\/v2\/media?parent=16129"}],"wp:term":[{"taxonomy":"product_brand","embeddable":true,"href":"https:\/\/hificlub.com.br\/loja\/wp-json\/wp\/v2\/product_brand?post=16129"},{"taxonomy":"product_cat","embeddable":true,"href":"https:\/\/hificlub.com.br\/loja\/wp-json\/wp\/v2\/product_cat?post=16129"},{"taxonomy":"product_tag","embeddable":true,"href":"https:\/\/hificlub.com.br\/loja\/wp-json\/wp\/v2\/product_tag?post=16129"}],"curies":[{"name":"wp","href":"https:\/\/api.w.org\/{rel}","templated":true}]}}