{"id":16119,"date":"2024-07-03T07:33:53","date_gmt":"2024-07-03T10:33:53","guid":{"rendered":"https:\/\/hificlub.com.br\/loja\/?post_type=product&#038;p=16119"},"modified":"2024-12-04T06:35:38","modified_gmt":"2024-12-04T09:35:38","slug":"eat-jo-no-5-capsula-mc","status":"publish","type":"product","link":"https:\/\/hificlub.com.br\/loja\/produto\/eat-jo-no-5-capsula-mc\/","title":{"rendered":"EAT JO No. 5  Capsula MC"},"content":{"rendered":"<p>Cartucho EAT de \u00faltima gera\u00e7\u00e3o. Ele vem na inconfund\u00edvel cor verde menta e apresenta um som verdadeiro e envolvente que \u00e9 puro EAT<\/p>\n<p>A EAT tem muito orgulho de anunciar a cria\u00e7\u00e3o de seu segundo cartucho na hist\u00f3ria, depois do altamente aclamado e bem-sucedido Yosegi MC. Jo No.5 \u00e9 uma obra-prima elegante, tanto sonora quanto visualmente.<\/p>\n<p>O corpo do cartucho e a prote\u00e7\u00e3o da ponta s\u00e3o produzidos por um processo de fabrica\u00e7\u00e3o aditiva chamado Sinteriza\u00e7\u00e3o Seletiva a Laser (SLS). Este processo sinteriza finas camadas de p\u00f3 com laser para construir a estrutura final.<\/p>\n<p>Cartucho de bobina m\u00f3vel<\/p>\n<p>Captador de toca-discos Moving Coil<br \/>\nTipo de caneta Nude Fine Line!<br \/>\nProtetor do corpo e da caneta em poliamida<br \/>\nProcesso de fabrica\u00e7\u00e3o de sinteriza\u00e7\u00e3o seletiva a laser<br \/>\nApar\u00eancia elegante<br \/>\nInconfund\u00edvel cor menta EAT!<br \/>\nINFORMA\u00c7\u00d5ES T\u00c9CNICAS DO CARTUCHO EAT JO N\u00b05<br \/>\nTIPO DE CANETA\tLinha Fina Nua<br \/>\nPESO DO CARTUCHO\t15g<br \/>\nRAIO DA PONTA DA CANETA\t8\/40 \u03bcm<br \/>\nRESPOSTA DE FREQU\u00caNCIA\t20 \u2013 26.000Hz \u00b11,5dB<br \/>\nTENS\u00c3O DE SA\u00cdDA A 1000 HZ\t5cm\/seg. 0,33 mV<br \/>\nSEPARA\u00c7\u00c3O DE CANAIS A 1 KHZ\t&gt; 25dB<br \/>\nSEPARA\u00c7\u00c3O DE CANAIS A 15 KHZ\t&gt; 16dB<br \/>\nBALAN\u00c7O DE CANAL EM 1KHZ\t&gt; 1,2dB<br \/>\nCONFORMIDADE, DIN\u00c2MICA\/LATERAL\t12 \u03bcm\/mN<br \/>\nFAIXA DE FOR\u00c7A DE RASTREAMENTO\t2,2-2,5g (22-25mN)<br \/>\nFOR\u00c7A DE RASTREAMENTO RECOMENDADA\t2,4 g (24 mN)<br \/>\nCAPACIDADE DE RASTREAMENTO A 315 HZ COM FOR\u00c7A DE RASTREAMENTO RECOMENDADA\t80 \u03bcm<br \/>\n\u00c2NGULO DE RASTREAMENTO\t20\u00b0<br \/>\nMATERIAL DO FIO DA BOBINA\tCobre 4N puro<br \/>\nIMPED\u00c2NCIA DE CARGA RECOMENDADA\t&gt; 20\u03a9<br \/>\nIMPED\u00c2NCIA INTERNA, RESIST\u00caNCIA DC\t5\u03a9<br \/>\nAvalia\u00e7\u00f5es<br \/>\nAvalia\u00e7\u00e3o do EAT Jo N\u00b0 5 por Feedback Positivo<br \/>\nO cartucho EAT Jo N\u00b0 5 MC \u00e9 o cartucho MC com melhor desempenho geral que j\u00e1 ouvi h\u00e1 muito tempo e o atual &#8220;valor pre\u00e7o\/desempenho&#8221; da d\u00e9cada.<br \/>\nAn\u00e1lise da plataforma girat\u00f3ria EAT E-Flat por HighStyle<br \/>\nEste toca-discos \u00e9 colorido e esteticamente cheio de contrastes, mesmo na constru\u00e7\u00e3o. Placa pesada e chassi pesado (High Mass) em oposi\u00e7\u00e3o a um ombro leve unipivot criam uma harmonia para os olhos, mas tamb\u00e9m para os ouvidos\u2026 Sua rela\u00e7\u00e3o desempenho\/pre\u00e7o realmente torna um produto \u00fanico. Parece que seu car\u00e1ter e a qualidade do som est\u00e3o \u00e0 altura da categoria High-End de seu irm\u00e3o EAT Forte.<br \/>\nAvalia\u00e7\u00e3o do EAT Jo N\u00b0 5 por AnalogPlanet<br \/>\nO N\u00b0 5 consegue ter um som rico e emocionante. Nunca induza a soneca ou seja &#8220;suave&#8221;.<br \/>\nEAT C-Major, E-Glo e Jo N\u00b0 5 avalia\u00e7\u00e3o por HomeTheaterHifi.com<br \/>\nGostei muito da minha experi\u00eancia com o EAT GEAR. \u00c9 bem feito, tem um som \u00f3timo \u2013 com excelente clareza, detalhes e din\u00e2mica \u2013 e o pacote de tr\u00eas partes tem um bom valor.<br \/>\nPr\u00eamios<br \/>\nEAT Jo N\u00b0 5 excelente produto da Hi-Fi News<br \/>\nA European Audio Team (EAT), inclusive, apresentou o que pode ser uma virada de jogo.<\/p>\n","protected":false},"excerpt":{"rendered":"<p>Cartucho EAT de \u00faltima gera\u00e7\u00e3o. Ele vem na inconfund\u00edvel cor verde menta e apresenta um som verdadeiro e envolvente que \u00e9 puro EAT A EAT tem muito orgulho de anunciar a cria\u00e7\u00e3o de seu segundo cartucho na hist\u00f3ria, depois do altamente aclamado e bem-sucedido Yosegi MC. Jo No.5 \u00e9 uma obra-prima elegante, tanto sonora quanto [&hellip;]<\/p>\n","protected":false},"featured_media":16120,"template":"","meta":{"_acf_changed":false},"product_brand":[],"product_cat":[78,99],"product_tag":[],"class_list":{"0":"post-16119","1":"product","2":"type-product","3":"status-publish","4":"has-post-thumbnail","6":"product_cat-analogico-audio","7":"product_cat-capsulas","9":"first","10":"instock","11":"sold-individually","12":"shipping-taxable","13":"purchasable","14":"product-type-simple"},"acf":[],"aioseo_notices":[],"_links":{"self":[{"href":"https:\/\/hificlub.com.br\/loja\/wp-json\/wp\/v2\/product\/16119","targetHints":{"allow":["GET"]}}],"collection":[{"href":"https:\/\/hificlub.com.br\/loja\/wp-json\/wp\/v2\/product"}],"about":[{"href":"https:\/\/hificlub.com.br\/loja\/wp-json\/wp\/v2\/types\/product"}],"wp:featuredmedia":[{"embeddable":true,"href":"https:\/\/hificlub.com.br\/loja\/wp-json\/wp\/v2\/media\/16120"}],"wp:attachment":[{"href":"https:\/\/hificlub.com.br\/loja\/wp-json\/wp\/v2\/media?parent=16119"}],"wp:term":[{"taxonomy":"product_brand","embeddable":true,"href":"https:\/\/hificlub.com.br\/loja\/wp-json\/wp\/v2\/product_brand?post=16119"},{"taxonomy":"product_cat","embeddable":true,"href":"https:\/\/hificlub.com.br\/loja\/wp-json\/wp\/v2\/product_cat?post=16119"},{"taxonomy":"product_tag","embeddable":true,"href":"https:\/\/hificlub.com.br\/loja\/wp-json\/wp\/v2\/product_tag?post=16119"}],"curies":[{"name":"wp","href":"https:\/\/api.w.org\/{rel}","templated":true}]}}