{"id":16106,"date":"2024-07-03T06:54:42","date_gmt":"2024-07-03T09:54:42","guid":{"rendered":"https:\/\/hificlub.com.br\/loja\/?post_type=product&#038;p=16106"},"modified":"2025-05-03T05:30:45","modified_gmt":"2025-05-03T08:30:45","slug":"clearaudio-maestro-v2-ebony-capsula-mm","status":"publish","type":"product","link":"https:\/\/hificlub.com.br\/loja\/produto\/clearaudio-maestro-v2-ebony-capsula-mm\/","title":{"rendered":"CLEARAUDIO MAESTRO V2 Ebony Capsula MM"},"content":{"rendered":"<p>ESTADO 9\/10<\/p>\n<p>Um grande passo \u00e0 frente no desempenho do aclamado Virtuoso Wood, o Maestro promove esse design com um novo corpo de madeira integral para maior rigidez. Isso resulta em maior din\u00e2mica e foco de imagem mais preciso. O Maestro \u00e9 equipado com seu cantilever de haste de boro s\u00f3lido e agulha Trygon P2 para resolver pot\u00eancia antes inimagin\u00e1vel em um cartucho MM. A sa\u00edda saud\u00e1vel do Maestro e a liberdade de preocupa\u00e7\u00f5es com carga resistiva o tornam a escolha perfeita para qualquer pessoa que esteja procurando um \u00f3timo som que rivalize com os designs MC que custam muito mais.<\/p>\n<p>O Clearaudio Maestro \u00e9 o cartucho topo de linha da linha de cartuchos Moving Magnet da Clearaudio, com um corpo s\u00f3lido de madeira satinada para um som um pouco mais quente.<\/p>\n<p>O Maestro apresenta o mesmo design do popular Virtuoso Wood, mas com um novo corpo de madeira integral para maior rigidez. Com essa melhoria, voc\u00ea notar\u00e1 um aumento na din\u00e2mica e foco de imagem mais preciso. O Maestro \u00e9 equipado com um cantilever de haste de boro s\u00f3lido e agulha Trygon P2 (a mesma agulha usada no famoso cartucho Insider MC!) para poder decisivo geralmente n\u00e3o encontrado em um cartucho Moving Magnet.<\/p>\n<p>A Clearaudio come\u00e7ou a fabricar cartuchos de bobina m\u00f3vel na d\u00e9cada de 1970 e s\u00f3 mais tarde entrou no neg\u00f3cio de \u00edm\u00e3s m\u00f3veis. Os projetistas de cartuchos magn\u00e9ticos m\u00f3veis devem agora estar cientes de que a maioria dos bra\u00e7os atuais s\u00e3o de massa m\u00e9dia a alta e que, portanto, para serem compat\u00edveis, seus MMs devem ser de baixa a m\u00e9dia complac\u00eancia e de massa maior do que aqueles das d\u00e9cadas de 1960 e 1970.<br \/>\nCustando US$ 1.200, o Maestro V2 est\u00e1 entre os cartuchos MM mais caros, sen\u00e3o o mais caro, que voc\u00ea pode comprar hoje. Como todos os outros quatro modelos da linha V2, exceto um, ele apresenta um corpo de \u00e9bano com resson\u00e2ncia otimizada. As especifica\u00e7\u00f5es da Clearaudio para o Maestro V2 s\u00e3o: peso de 8,4gm, tens\u00e3o de sa\u00edda de 3,6mV, separa\u00e7\u00e3o de canal maior que 30dB, equil\u00edbrio de canal menor ou igual a 0,2dB e imped\u00e2ncia de bobina de 660 ohms (os tr\u00eas \u00faltimos todos em 1kHz). Essa imped\u00e2ncia da bobina de 660 ohms \u00e9 muito maior do que a imped\u00e2ncia MC t\u00edpica de 4\u20138 ohms, e a raz\u00e3o para isso j\u00e1 deveria ser \u00f3bvia: s\u00e3o necess\u00e1rias muito mais voltas da bobina para atingir a sa\u00edda mais alta, sem nenhum pre\u00e7o mec\u00e2nico a pagar &#8211; o as bobinas s\u00e3o fixas.<\/p>\n<p>A indutividade da bobina do Maestro V2 \u00e9 avaliada em 429 milihenrys em compara\u00e7\u00e3o com a faixa MC de 5\u00caH\u20135mH. A resist\u00eancia de carga nominal \u00e9 o padr\u00e3o de 47k ohms (embora muitas vezes se argumente, corretamente, que a carga resistiva &#8220;nominal&#8221; aceita \u00e9 um &#8220;padr\u00e3o&#8221; baseado mais na conveni\u00eancia do que na necessidade matem\u00e1tica ditada pelos outros n\u00fameros que fazem parte do circuito ). Depois de calcular a carga real do cartucho MM, voc\u00ea pode acessar o pr\u00e9-amplificador MM e, se poss\u00edvel, substituir os resistores de carga corretos pelos fornecidos. A maioria dos propriet\u00e1rios de MM fica com 47k ohms, mas como a carga resistiva \u00e9 o que amortece a frequ\u00eancia ressonante do sistema, isso \u00e9 cr\u00edtico.<\/p>\n<p>A capacit\u00e2ncia de carga do Clearaudio \u00e9 especificada como 100 picofarads. Embora a capacit\u00e2ncia de carga n\u00e3o seja cr\u00edtica para MCs, ela \u00e9 cr\u00edtica para MMs porque a alta indut\u00e2ncia pode diminuir a frequ\u00eancia de resson\u00e2ncia do sistema para um n\u00edvel bem dentro da banda de \u00e1udio. Mas a rela\u00e7\u00e3o entre indut\u00e2ncia, capacit\u00e2ncia, largura de banda e frequ\u00eancia de resson\u00e2ncia \u00e9 complexa. (Veja esta p\u00e1gina do site Graham Slee .)<\/p>\n<p>Como a capacit\u00e2ncia especificada inclui a contribui\u00e7\u00e3o capacitiva do cabo do bra\u00e7o, \u00e9 uma boa ideia saber qual \u00e9, se poss\u00edvel, antes de definir a carga capacitiva do pr\u00e9-amplificador phono. A capacit\u00e2ncia da maioria dos fios do bra\u00e7o mais interconex\u00e3o \u00e9 de pelo menos 100pF (quanto mais longo o cabo, maior a capacit\u00e2ncia); portanto, em m\u00e9dia, para atingir uma carga total de 100pF, as chaves DIP do pr\u00e9-amplificador phono devem ser configuradas n\u00e3o para 100pF, mas para 0pF.<\/p>\n<p>O Maestro V2 possui uma caneta Micro HD acoplada a um cantilever de boro \u2013 uma combina\u00e7\u00e3o encontrada apenas nos cartuchos MC mais caros da Clearaudio, incluindo o Goldfinger Statement (US$ 15.000). Os MMs menores da linha V2 \u2013 o Performer V2 (US$ 400), o Artist V2 (US$ 600) e o Virtuoso V2 (US$ 900) \u2013 possuem cantilevers de alum\u00ednio e pontas el\u00edpticas.<\/p>\n<p>A vantagem do boro sobre o alum\u00ednio \u00e9 que o boro \u00e9 muito mais r\u00edgido e mais leve. As vantagens de uma Micro HD em rela\u00e7\u00e3o a uma caneta el\u00edptica s\u00e3o duplas: menor massa e melhor rastreabilidade. Rastreabilidade \u00e9 a capacidade de uma caneta de entrar nas fendas, cantos e recantos mais estreitos do groove. ( Rastreabilidade \u00e9 sua capacidade de permanecer na ranhura e manter contato efetivo com ela.) Quanto mais arredondada a se\u00e7\u00e3o transversal da caneta, menos bem ela consegue entrar nos cantos mais estreitos da ranhura. Quanto mais severo ( ou seja , estreito e alto) o perfil, maior ser\u00e1 sua capacidade de penetrar nessas fendas para fornecer todos os detalhes que a grava\u00e7\u00e3o cont\u00e9m, especialmente a reprodu\u00e7\u00e3o limpa de transientes de alta frequ\u00eancia.<\/p>\n<p>Um perfil de caneta severo tem outra vantagem. Pense em uma onda senoidal vista de lado (uma colina), negociada por uma agulha redonda (um disco). O disco se move para o topo da colina em sua borda circunferencial principal, mas em vez de come\u00e7ar imediatamente a descer a colina, h\u00e1 uma pausa enquanto a frente do disco, que acabou de negociar a subida, passa a tarefa para o disco. borda traseira para descer o outro lado da colina. Quanto maior o di\u00e2metro do c\u00edrculo, mais tempo leva para a borda posterior do c\u00edrculo iniciar a jornada descendente. As pausas dos handoffs em cada crista da ranhura, tanto na dimens\u00e3o vertical quanto na horizontal, produzem erros de temporiza\u00e7\u00e3o aud\u00edveis.<\/p>\n<p>Agora imagine comprimir o disco circular em uma elipse, para diminuir a dist\u00e2ncia entre as bordas dianteira e traseira da caneta. As vantagens de uma caneta com esse formato, que possui uma &#8220;\u00e1rea de contato&#8221; mais estreita do que uma caneta esf\u00e9rica, deveriam ser \u00f3bvias. Agora imagine uma caneta com um perfil severo que resulta em uma \u00e1rea de contato ainda menor. Uma caneta com esse formato pode atingir profundamente as fendas da ranhura enquanto produz uma transfer\u00eancia quase instant\u00e2nea no topo de cada &#8220;colina&#8221;.<\/p>\n<p>As diferen\u00e7as f\u00edsicas e as dist\u00e2ncias podem ser microsc\u00f3picas, mas as consequ\u00eancias sonoras s\u00e3o enormes. Entretanto, para obter todos os benef\u00edcios de um perfil de ponta severo, voc\u00ea deve tomar mais cuidado ao definir o balan\u00e7o, o \u00e2ngulo zenital (tang\u00eancia da ranhura) e, especialmente, o \u00e2ngulo de sa\u00edda da ponta (SRA). Se a crista vertical da caneta tra\u00e7ar imprecisamente as modula\u00e7\u00f5es verticais da ranhura, batendo contra elas em vez de deslizar suavemente para cima e para baixo, produzir\u00e1 grandes quantidades de distor\u00e7\u00e3o de intermodula\u00e7\u00e3o aud\u00edvel (IM). Portanto, embora perfis de caneta severos &#8211; por exemplo , Micro HD, Geiger, Replicant e Shibata &#8211; tenham vantagens \u00f3bvias, a menos que todos esses par\u00e2metros sejam definidos corretamente, as desvantagens podem superar as vantagens &#8211; seja em um MC ou em um MM.<\/p>\n<p>Especifica\u00e7\u00f5es<br \/>\nCartucho fono com \u00edm\u00e3 m\u00f3vel MC.<br \/>\nPeso: 8,4g. Tens\u00e3o de sa\u00edda: 3,6mV a 1kHz.<br \/>\nSepara\u00e7\u00e3o de canais: &gt;30dB.<br \/>\nBalan\u00e7o do canal: &lt;0,2dB.<br \/>\nImped\u00e2ncia da bobina: 660 ohms a 1kHz.<\/p>\n","protected":false},"excerpt":{"rendered":"<p>ESTADO 9\/10 Um grande passo \u00e0 frente no desempenho do aclamado Virtuoso Wood, o Maestro promove esse design com um novo corpo de madeira integral para maior rigidez. Isso resulta em maior din\u00e2mica e foco de imagem mais preciso. O Maestro \u00e9 equipado com seu cantilever de haste de boro s\u00f3lido e agulha Trygon P2 [&hellip;]<\/p>\n","protected":false},"featured_media":16107,"template":"","meta":{"_acf_changed":false},"product_brand":[],"product_cat":[78,99,257],"product_tag":[],"class_list":{"0":"post-16106","1":"product","2":"type-product","3":"status-publish","4":"has-post-thumbnail","6":"product_cat-analogico-audio","7":"product_cat-capsulas","8":"product_cat-clearaudio","10":"first","11":"instock","12":"sold-individually","13":"shipping-taxable","14":"purchasable","15":"product-type-simple"},"acf":[],"aioseo_notices":[],"_links":{"self":[{"href":"https:\/\/hificlub.com.br\/loja\/wp-json\/wp\/v2\/product\/16106","targetHints":{"allow":["GET"]}}],"collection":[{"href":"https:\/\/hificlub.com.br\/loja\/wp-json\/wp\/v2\/product"}],"about":[{"href":"https:\/\/hificlub.com.br\/loja\/wp-json\/wp\/v2\/types\/product"}],"wp:featuredmedia":[{"embeddable":true,"href":"https:\/\/hificlub.com.br\/loja\/wp-json\/wp\/v2\/media\/16107"}],"wp:attachment":[{"href":"https:\/\/hificlub.com.br\/loja\/wp-json\/wp\/v2\/media?parent=16106"}],"wp:term":[{"taxonomy":"product_brand","embeddable":true,"href":"https:\/\/hificlub.com.br\/loja\/wp-json\/wp\/v2\/product_brand?post=16106"},{"taxonomy":"product_cat","embeddable":true,"href":"https:\/\/hificlub.com.br\/loja\/wp-json\/wp\/v2\/product_cat?post=16106"},{"taxonomy":"product_tag","embeddable":true,"href":"https:\/\/hificlub.com.br\/loja\/wp-json\/wp\/v2\/product_tag?post=16106"}],"curies":[{"name":"wp","href":"https:\/\/api.w.org\/{rel}","templated":true}]}}