{"id":16084,"date":"2024-07-02T07:22:38","date_gmt":"2024-07-02T10:22:38","guid":{"rendered":"https:\/\/hificlub.com.br\/loja\/?post_type=product&#038;p=16084"},"modified":"2024-10-07T16:54:20","modified_gmt":"2024-10-07T19:54:20","slug":"avm-evolution-cs-5-2-all-in-one-streaming-cd-receiver-330-watts","status":"publish","type":"product","link":"https:\/\/hificlub.com.br\/loja\/produto\/avm-evolution-cs-5-2-all-in-one-streaming-cd-receiver-330-watts\/","title":{"rendered":"AVM Evolution CS 5.2  All in One Streaming CD Receiver 330 watts"},"content":{"rendered":"<p>ESTADO 9\/10<\/p>\n<p>Receptor AVM Evolution CS 5.2<br \/>\nReceptor de CD de streaming compacto com 2 x 330 Watts<br \/>\nNosso sistema de m\u00fasica mais compacto da linha EVOLUTION \u00e9 o CS 5.2. Oferece grande pot\u00eancia de mais de 330 Watts por canal. O CS 5.2 oferece uma grande variedade de fun\u00e7\u00f5es de conectividade e controle. Todos os formatos conhecidos s\u00e3o suportados quando a m\u00fasica \u00e9 transmitida de diferentes fontes. Al\u00e9m disso, o CS 5.2 oferece uma variedade de entradas digitais, como entrada USB s\u00edncrona e entradas e sa\u00eddas SPDIF. Um NAS ou unidade externa s\u00e3o suportados, bem como uma unidade USB (stick). Um excelente est\u00e1gio phono tamb\u00e9m est\u00e1 inclu\u00eddo, bem como 3 entradas de linha. O firmware do cliente de streaming \u00e9 atualiz\u00e1vel e atualiz\u00e1vel, tornando o CS 5.2 \u00e0 prova de futuro. Desta forma, poss\u00edveis formatos futuros tamb\u00e9m poder\u00e3o ser implementados.<\/p>\n<p>Com seu amplificador potente de 330 Watt\/ch, o CS 5.2 lida facilmente com todos os alto-falantes do mercado. Tecnologias de ponta s\u00e3o aplicadas quando se trata de processamento de sinal digital, com todos os sinais digitais sendo amostrados para 192kHz\/24 bits e um DAC duplo convertendo para sinal anal\u00f3gico a partir deste formato. Tudo isso garante uma reprodu\u00e7\u00e3o musical perfeita de todas as fontes aplic\u00e1veis. Foi dado especial enfoque \u00e0 obten\u00e7\u00e3o da reprodu\u00e7\u00e3o mais aut\u00eantica do CD. A unidade Pure CD acusticamente blindada tem extremidade montada em mola e \u00e9 efetivamente protegida contra vibra\u00e7\u00f5es e passos.<\/p>\n<p>Como todos os componentes hi-fi AVM, o CS 5.2 \u00e9 cuidadosamente desenvolvido e montado pelos nossos engenheiros em Malsch, Alemanha. Nossos fornecedores de caixas e pe\u00e7as eletr\u00f4nicas residem nas proximidades. Esta proximidade ajuda-nos a garantir e manter facilmente um excelente n\u00edvel de qualidade das pe\u00e7as fornecidas para os componentes hi-fi AVM fabricados com estas pe\u00e7as.<\/p>\n<p>Durante o processo de fabrica\u00e7\u00e3o realizamos v\u00e1rios testes repetidamente para garantir a qualidade absoluta de nossos produtos. Terminada a montagem e realizada a primeira inspe\u00e7\u00e3o, todas as unidades devem passar por um teste de funcionamento para comprovar sua confiabilidade. Depois disso, segue-se uma cuidadosa inspe\u00e7\u00e3o final antes de embalar e enviar. Tudo isso garante a cria\u00e7\u00e3o de um produto AVM perfeito para nossos clientes.<\/p>\n<p>O lindo controle remoto RC 9 com display colorido est\u00e1 dispon\u00edvel como op\u00e7\u00e3o. Este controle remoto program\u00e1vel e recarreg\u00e1vel sempre vem com uma base de carregamento.<\/p>\n<p>O aplicativo AVM RC S para dispositivos iOS e Android transformar\u00e1 seu smartphone ou tablet em um controle remoto f\u00e1cil de usar para seus componentes de \u00e1udio AVM com recursos de streaming integrados e fornece uma variedade de recursos intuitivos para aproveitar ao m\u00e1ximo sua rede. dispositivo AVM HiFi habilitado.<\/p>\n<p>O CS 5.2 em resumo:<br \/>\n4 entradas de linha, 1 entrada fono (MM e MC)<br \/>\n1 pr\u00e9-sa\u00edda, 1 sa\u00edda de linha<br \/>\n3 entradas digitais (SPDIF, opt., entrada USB s\u00edncrona)<br \/>\nUnidade de CD pura com slot, montada em mola<br \/>\nFormatos de streaming: MP3, WMA, AAC, OGG Vorbis, FLAC (192\/32 via LAN), WAV (192\/32 via LAN), AIFF (192\/32 via LAN), ALAC (96\/24 via LAN)<br \/>\nServidor de m\u00eddia compat\u00edvel: UPnP 1.1, servidor compat\u00edvel com UPnP-AV e DLNA, Microsoft Windows Media Connect Server (WMDRM 10), servidores compat\u00edveis com DLNA: NAS<br \/>\nWeb r\u00e1dio: vTuner Internet Radio Service, configura\u00e7\u00e3o autom\u00e1tica de rede, banco de dados da Internet Radio Station (atualiza\u00e7\u00f5es autom\u00e1ticas)<br \/>\nProcessamento de sinal digital com 192 kHz \/ 24 bits (Upsampling de todos os sinais digitais recebidos neste formato)<br \/>\nWLAN e LAN<br \/>\nSintonizador FM-RDS<br \/>\nAmplificadores de pot\u00eancia altamente eficientes com 330 W\/Ch<br \/>\nAlto-falantes comut\u00e1veis \u200b\u200bA\/B<br \/>\nSa\u00edda de fone de ouvido Classe A pura com plugue de 6,3 mm<br \/>\nSleepmode: Mant\u00e9m o acesso \u00e0 rede e permite ligar e desligar o CS 5.2 atrav\u00e9s do controle remoto RC 9 e do aplicativo AVM RC S<br \/>\nControle de tom e volume param\u00e9trico com fun\u00e7\u00e3o de bypass<br \/>\nGrande display gr\u00e1fico azul<br \/>\nVastas fun\u00e7\u00f5es de menu (ou seja, sensibilidade de entrada ajust\u00e1vel, nomea\u00e7\u00e3o individual de entradas, etc.)<br \/>\nOp\u00e7\u00f5es de carca\u00e7a: Alum\u00ednio prateado ou preto, frente cromada opcional<br \/>\nControle remoto RC 9 com display colorido e plataforma de carga opcionalmente dispon\u00edvel<br \/>\nAplicativo de controle remoto RC S para iOS e Android<br \/>\nMAR\u00c9 &amp; QOBUZ<\/p>\n<p>Todos os dispositivos AVM HiFi Streaming agora incluem suporte para TIDAL e QOBUZ. TIDAL s\u00e3o plataformas inovadoras de streaming de m\u00fasica que oferecem qualidade de som de alta fidelidade, conte\u00fado com curadoria especializada e experi\u00eancias de artistas exclusivas para assinantes registrados.<\/p>\n<p>Qobuz oferece v\u00e1rios planos de assinatura para seu servi\u00e7o de streaming com \u00e1udio genu\u00edno com qualidade de CD de mais de 40 milh\u00f5es de faixas de todos os repert\u00f3rios e g\u00eaneros. Hoje, Qobuz tem o maior cat\u00e1logo de \u00e1lbuns de alta resolu\u00e7\u00e3o de 24 bits para download e agora oferece a primeira assinatura de streaming de alta resolu\u00e7\u00e3o do mundo, chamada Sublime+.<\/p>\n<p>Mantenha-se atualizado<\/p>\n<p>Para tirar o m\u00e1ximo proveito do seu sistema de streaming AVM HiFi, certifique-se de manter sempre o aplicativo RC S e o software de streaming do seu dispositivo AVM atualizados. Voc\u00ea pode baixar a vers\u00e3o mais recente do aplicativo RC S na  Apple App Store ou na  Google Play Store . Para garantir que o seu dispositivo AVM execute a vers\u00e3o mais recente do software de streaming, use o aplicativo RC S ou o controle remoto RC 9 dispon\u00edvel opcionalmente.<\/p>\n<p>RC S: Navegue at\u00e9 a  guia Configura\u00e7\u00f5es  e escolha  Configura\u00e7\u00f5es do dispositivo\/Software\/Verificar atualiza\u00e7\u00f5es<br \/>\nRC 9: Navegue at\u00e9 o  menu Configura\u00e7\u00f5es do Receptor  e escolha  Software\/Atualiza\u00e7\u00e3o<br \/>\nESPECIFICA\u00c7\u00d5ES<br \/>\nAVM EVOLU\u00c7\u00c3O CS 5.2<br \/>\nAmplificador<\/p>\n<p>-Sensibilidade de entrada 12,5 mV \u2013 125 mV<br \/>\n-Sensibilidade Phono 40 \u00b5V \u2013 400 \u00b5V<br \/>\n-Linha de imped\u00e2ncia de entrada 6,8 k\u03a9<br \/>\n-Imped\u00e2ncia de entrada Phono 47 k\u03a9 \/ 100 pF<br \/>\n-SNR 96 dB(A)<br \/>\n-SNR Phono 83 dB(A)<br \/>\n-Crosstalk (Phono) 55 dB<br \/>\n-Faixa de frequ\u00eancia 50 kHz<br \/>\n-ITM 25 W\/4 \u03a9 200<br \/>\n-Pot\u00eancia nominal em 4 \u03a9 2 x 330 Watt<br \/>\n-Pot\u00eancia nominal em 8 \u03a9 2 x 220 Watt<\/p>\n<p>Sintonizador<\/p>\n<p>-Faixa de frequ\u00eancia 87,5 \u2013 108,0 MHz<br \/>\n-Etapas de sintonia 50 kHz<br \/>\n-Sensibilidade (mono \/ est\u00e9reo) 1,5 \u00b5V \/ 50 \u00b5V<br \/>\n-TIM (mono \/ est\u00e9reo) 73\/68 dB(A)<br \/>\n-AVM Audio Video Manufaktur GmbH , Daimlerstrasse 8, 76316 Malsch, Alemanha, Tel.: 07246 309910, avm.audio<br \/>\n-Vers\u00e3o: 08\/2017. N\u00e3o \u00e9 confi\u00e1vel para erros e omiss\u00f5es. S\u00e3o poss\u00edveis altera\u00e7\u00f5es sem aviso pr\u00e9vio no sentido de atualiza\u00e7\u00f5es tecnol\u00f3gicas. -Receptor de CD de streaming compacto<br \/>\nEVOLUTION CS 5.2 com 2 x 330 Watts<\/p>\n<p>CD, entrada\/sa\u00edda digital<\/p>\n<p>-Formatos CD-\u00c1udio, CD-R<br \/>\n-Upsampling 192 kHz \/ 24 Bit<br \/>\n-Faixa de frequ\u00eancia &lt;5 Hz \u2013 20 kHz<br \/>\n-De\u00eanfase sim, autom\u00e1tico<br \/>\n-Entradas digitais 33\u2013192 kHz \/ 16\u201324 Bit<br \/>\n-(S\/PDIF, TOSLINK)<br \/>\n-Entrada USB at\u00e9 48 kHz \/ 16 Bit<br \/>\n-Sa\u00eddas digitais 44,1 kHz \/ 16 Bit<br \/>\n-(S\/PDIF, TOSLINK) ou formato de entrada<\/p>\n<p>\u00c1udio de computador: streaming, NAS e muito mais<\/p>\n<p>-Formatos de streaming:<br \/>\nMP3, WMA, AAC, OGG Vorbis, FLAC (192\/32 via LAN), WAV (192\/32 via LAN), AIFF (192\/32 via LAN), ALAC (96\/24<br \/>\nvia LAN)<br \/>\n-Suportado Servi\u00e7os de streaming HiFi:<br \/>\nTIDAL, Qobuz<br \/>\n-Servidor de m\u00eddia compat\u00edvel:<br \/>\nUPnP 1.1, UPnP-AV e servidor compat\u00edvel com DLNA, Microsoft Windows Media Connect Server (WMDRM 10), compat\u00edvel com DLNA<br \/>\n-Servidor: NAS<br \/>\n-Webradio e Podcasts:<br \/>\nbanco de dados de r\u00e1dio da Internet air\u00e1vel, Auto configura\u00e7\u00e3o de rede, atualiza\u00e7\u00f5es autom\u00e1ticas<br \/>\n-Processamento de sinal digital com 192 kHz \/ 24 bits (todos os sinais digitais recebidos est\u00e3o sendo convertidos para este formato)<br \/>\n-Conex\u00e3o de rede via WLAN ou LAN<\/p>\n<p>Diversos<\/p>\n<p>-Fonte de alimenta\u00e7\u00e3o 230V\/50Hz ou 120V\/60Hz<br \/>\n-Consumo m\u00e1ximo de energia 990 W<br \/>\n-Dimens\u00f5es (B x A x T) 430 x 130 x 370 mm<br \/>\n-Peso 12 kg<\/p>\n","protected":false},"excerpt":{"rendered":"<p>ESTADO 9\/10 Receptor AVM Evolution CS 5.2 Receptor de CD de streaming compacto com 2 x 330 Watts Nosso sistema de m\u00fasica mais compacto da linha EVOLUTION \u00e9 o CS 5.2. Oferece grande pot\u00eancia de mais de 330 Watts por canal. O CS 5.2 oferece uma grande variedade de fun\u00e7\u00f5es de conectividade e controle. Todos [&hellip;]<\/p>\n","protected":false},"featured_media":16085,"template":"","meta":{"_acf_changed":false},"product_brand":[],"product_cat":[27,28],"product_tag":[],"class_list":{"0":"post-16084","1":"product","2":"type-product","3":"status-publish","4":"has-post-thumbnail","6":"product_cat-amplificador","7":"product_cat-estereo","9":"first","10":"instock","11":"sold-individually","12":"shipping-taxable","13":"purchasable","14":"product-type-simple"},"acf":[],"aioseo_notices":[],"_links":{"self":[{"href":"https:\/\/hificlub.com.br\/loja\/wp-json\/wp\/v2\/product\/16084","targetHints":{"allow":["GET"]}}],"collection":[{"href":"https:\/\/hificlub.com.br\/loja\/wp-json\/wp\/v2\/product"}],"about":[{"href":"https:\/\/hificlub.com.br\/loja\/wp-json\/wp\/v2\/types\/product"}],"wp:featuredmedia":[{"embeddable":true,"href":"https:\/\/hificlub.com.br\/loja\/wp-json\/wp\/v2\/media\/16085"}],"wp:attachment":[{"href":"https:\/\/hificlub.com.br\/loja\/wp-json\/wp\/v2\/media?parent=16084"}],"wp:term":[{"taxonomy":"product_brand","embeddable":true,"href":"https:\/\/hificlub.com.br\/loja\/wp-json\/wp\/v2\/product_brand?post=16084"},{"taxonomy":"product_cat","embeddable":true,"href":"https:\/\/hificlub.com.br\/loja\/wp-json\/wp\/v2\/product_cat?post=16084"},{"taxonomy":"product_tag","embeddable":true,"href":"https:\/\/hificlub.com.br\/loja\/wp-json\/wp\/v2\/product_tag?post=16084"}],"curies":[{"name":"wp","href":"https:\/\/api.w.org\/{rel}","templated":true}]}}