{"id":15971,"date":"2024-06-20T05:32:20","date_gmt":"2024-06-20T08:32:20","guid":{"rendered":"https:\/\/hificlub.com.br\/loja\/?post_type=product&#038;p=15971"},"modified":"2026-04-18T21:25:11","modified_gmt":"2026-04-19T00:25:11","slug":"hegel-mohican-cd-player","status":"publish","type":"product","link":"https:\/\/hificlub.com.br\/loja\/produto\/hegel-mohican-cd-player\/","title":{"rendered":"HEGEL MOHICAN Reference CD Player"},"content":{"rendered":"<p>ESTADO 9\/10<\/p>\n<p>Milhares de pessoas ainda possuem milhares de CDs. Alguns ainda preferem tocar um disco f\u00edsico, em vez de transmitir o seu telefone, quando realmente apreciam o seu sistema de \u00e1udio. N\u00e3o h\u00e1 falta de CD-players, mas hoje em dia a maioria deles est\u00e1 tentando ser \u201ctudo\u201d. Eles devem jogar SACD, ter entradas digitais, suportar DSD e talvez at\u00e9 ter um aplicativo e uma tomada de fone de ouvido. O problema \u00e9 que essas funcionalidades n\u00e3o s\u00f3 geram o custo, mas, de fato, reduzem a qualidade do som ao reproduzir o CD. Durante anos, quer\u00edamos fazer algo sobre isso. E, finalmente, \u00e9 aqui \u2026 O Mohican \u2013 para pessoas que desejam o melhor de seus CD\u2019s.<\/p>\n<p>O Mohican \u00e9 algo t\u00e3o raro como um CD-Player dedicado. Um CD-Player dedicado usando o mais recente processamento digital \u2013 adaptado para CD-only. Os resultados s\u00e3o surpreendentes. H\u00e1 v\u00e1rios anos, quando o streaming de alta resolu\u00e7\u00e3o estava em sua inf\u00e2ncia (mas aumentando), uma equipe da Hegel teve uma revela\u00e7\u00e3o. Ouvindo um CD-rig, percebemos que havia muito na CD. Desde aquele momento, houve um debate intermin\u00e1vel no escrit\u00f3rio. Devemos sair, fazer esse final \u2013 fenomenal \u2013 jogador? O nome foi a primeira coisa que decidimos. Tinha que ser chamado de Mohican, como na novela \u201cThe Last of the Mohicans\u201d.<\/p>\n<p>Este \u00e9 o super jogador. O Mohican. \u00c9 um verdadeiro CD player, usando mecanismos originais de CD-drive da Sanyo, atualizados com nossos pr\u00f3prios servos personalizados. Possui os mais novos e melhores chips DAC, trabalhando na resolu\u00e7\u00e3o nativa de 16 bits \/ 44,1 kHz. Tem o melhor mecanismo de rel\u00f3gio que j\u00e1 criamos. Usamos o nosso SoundEngine patenteado para controlar o rel\u00f3gio, for\u00e7ando o jitter a n\u00edveis que nunca alcan\u00e7amos antes. Talvez o mais baixo do mundo. Mas n\u00e3o nos enterremos nos detalhes t\u00e9cnicos. O que ele faz para voc\u00ea? Ele joga magicamente natural. Canta \u2026 fluido e com grande temperamento, quando necess\u00e1rio. Comparado com qualquer outro dispositivo digital que ouvimos, ele simplesmente joga sem \u201cbordas\u201d no som. Quase anal\u00f3gico. Voc\u00ea ousa ouvir?<\/p>\n<p>Resolu\u00e7\u00e3o de DAC: 16 bit \/ 44.1 kHz<\/p>\n<p>Sa\u00edda de linha: 2.6 V RMS<br \/>\nSa\u00eddas anal\u00f3gicas: 1 n\u00edvel de linha fixa (RCA), 1 n\u00edvel de linha fixa (XLR balanceado)<br \/>\nSa\u00eddas digitais: 1 BNC, verdadeiro 75 Ohm<br \/>\nResposta de freq\u00fc\u00eancia: 0 Hz \u2013 50 kHz<br \/>\nPiso de ru\u00eddo: -145 dB<br \/>\nDistor\u00e7\u00e3o: t\u00edpico 0,0015%<br \/>\nImped\u00e2ncia de sa\u00edda: 22 ohms desequilibrados e 44 ohms em equil\u00edbrio<br \/>\nDimens\u00f5es: 8 cm (10 cm w \/ p\u00e9s) x 43 cm x 29 cm (HxLxD)<br \/>\nPeso: 6,5 kg (l\u00edquido), 9 kg (envio)<br \/>\nDimens\u00f5es EUA: 3,14 \u201c(3.93\u201d w \/ feet) x 16.93 \u201cx 11.42\u201d (HxBxD)<br \/>\nPeso US: 14.3lbs (net), 20lbs (envio)<\/p>\n","protected":false},"excerpt":{"rendered":"<p>ESTADO 9\/10 Milhares de pessoas ainda possuem milhares de CDs. Alguns ainda preferem tocar um disco f\u00edsico, em vez de transmitir o seu telefone, quando realmente apreciam o seu sistema de \u00e1udio. N\u00e3o h\u00e1 falta de CD-players, mas hoje em dia a maioria deles est\u00e1 tentando ser \u201ctudo\u201d. Eles devem jogar SACD, ter entradas digitais, [&hellip;]<\/p>\n","protected":false},"featured_media":15972,"template":"","meta":{"_acf_changed":false},"product_brand":[],"product_cat":[42,41,93],"product_tag":[],"class_list":{"0":"post-15971","1":"product","2":"type-product","3":"status-publish","4":"has-post-thumbnail","6":"product_cat-cd-players","7":"product_cat-digital","8":"product_cat-hegel","10":"first","11":"instock","12":"sold-individually","13":"shipping-taxable","14":"purchasable","15":"product-type-simple"},"acf":[],"aioseo_notices":[],"_links":{"self":[{"href":"https:\/\/hificlub.com.br\/loja\/wp-json\/wp\/v2\/product\/15971","targetHints":{"allow":["GET"]}}],"collection":[{"href":"https:\/\/hificlub.com.br\/loja\/wp-json\/wp\/v2\/product"}],"about":[{"href":"https:\/\/hificlub.com.br\/loja\/wp-json\/wp\/v2\/types\/product"}],"wp:featuredmedia":[{"embeddable":true,"href":"https:\/\/hificlub.com.br\/loja\/wp-json\/wp\/v2\/media\/15972"}],"wp:attachment":[{"href":"https:\/\/hificlub.com.br\/loja\/wp-json\/wp\/v2\/media?parent=15971"}],"wp:term":[{"taxonomy":"product_brand","embeddable":true,"href":"https:\/\/hificlub.com.br\/loja\/wp-json\/wp\/v2\/product_brand?post=15971"},{"taxonomy":"product_cat","embeddable":true,"href":"https:\/\/hificlub.com.br\/loja\/wp-json\/wp\/v2\/product_cat?post=15971"},{"taxonomy":"product_tag","embeddable":true,"href":"https:\/\/hificlub.com.br\/loja\/wp-json\/wp\/v2\/product_tag?post=15971"}],"curies":[{"name":"wp","href":"https:\/\/api.w.org\/{rel}","templated":true}]}}