{"id":15951,"date":"2024-06-18T05:27:33","date_gmt":"2024-06-18T08:27:33","guid":{"rendered":"https:\/\/hificlub.com.br\/loja\/?post_type=product&#038;p=15951"},"modified":"2026-03-17T05:58:03","modified_gmt":"2026-03-17T08:58:03","slug":"mcintosh-mcd600-dac-cd-sacd-player","status":"publish","type":"product","link":"https:\/\/hificlub.com.br\/loja\/produto\/mcintosh-mcd600-dac-cd-sacd-player\/","title":{"rendered":"MCINTOSH MCD600  DAC \/ CD SACD Player  220v"},"content":{"rendered":"<p>Leitor SACD\/CD de 2 canais MCD600<br \/>\nDAC balanceado qu\u00e1druplo PCM\/DSD premium de 8 canais e 32 bits<br \/>\nReproduz discos de dados de CD\/DVD e unidades flash USB<br \/>\nSa\u00eddas est\u00e9reo anal\u00f3gicas fixas e vari\u00e1veis<\/p>\n<p>Desfrute de horas de prazer auditivo com o MCD600 SACD\/CD Player. No cora\u00e7\u00e3o do MCD600 est\u00e1 um circuito digital rec\u00e9m-projetado, destacado por um novo conversor digital-anal\u00f3gico (DAC) PCM\/DSD premium de 8 canais e 32 bits. O DAC \u00e9 usado no modo Quad Balanced, com 4 canais DAC alocados para cada um dos canais de \u00e1udio esquerdo e direito, resultando em uma reprodu\u00e7\u00e3o de som verdadeiramente excepcional. Todos os sinais PCM s\u00e3o amostrados em at\u00e9 32 bits\/384kHz.<\/p>\n<p>Al\u00e9m de SACDs e CDs comerciais, o MCD600 tamb\u00e9m pode reproduzir m\u00fasicas de CDs ou DVDs de dados gerados pelo usu\u00e1rio, bem como de unidades flash USB. V\u00e1rios formatos de arquivo podem ser reproduzidos a partir desses discos e unidades flash USB, incluindo AAC, AIFF, ALAC, DSD (at\u00e9 DSD128), FLAC, MP3, WAV (at\u00e9 24 bits\/192kHz) e WMA. As unidades flash podem ser facilmente conectadas atrav\u00e9s da conveniente entrada USB do painel frontal.<\/p>\n<p>&#8220;O som do MCD600 encanta voc\u00ea desde o in\u00edcio: primeiro com a qualidade dos graves, depois com sua tridimensionalidade e imagem est\u00e9reo e, finalmente, com seus tons m\u00e9dios. Juntas, todas essas caracter\u00edsticas proporcionam uma musicalidade excepcional e irresist\u00edvel.&#8221; Vencedor do pr\u00eamio de Produto do Ano em SACD\/CD Player 2020. &#8211; Hi-Fi e m\u00fasica<\/p>\n<p>O MCD600 inclui sa\u00eddas balanceadas e n\u00e3o balanceadas fixas e vari\u00e1veis; as sa\u00eddas vari\u00e1veis \u200b\u200bcombinadas com controle de volume permitem que o MCD600 seja conectado diretamente ao seu amplificador sem a necessidade de um pr\u00e9-amplificador . Sa\u00eddas digitais coaxiais e \u00f3pticas est\u00e3o inclu\u00eddas se voc\u00ea preferir enviar o sinal de \u00e1udio digital para um processador externo para convers\u00e3o anal\u00f3gica. Tamb\u00e9m est\u00e1 inclu\u00edda uma entrada digital coaxial e \u00f3ptica para conectar outras fontes digitais. E para aqueles momentos em que voc\u00ea procura uma experi\u00eancia auditiva pessoal, a se\u00e7\u00e3o do amplificador de fone de ouvido High Drive apresenta maior ganho e pot\u00eancia de sa\u00edda e \u00e9 otimizada para praticamente todos os tipos de fones de ouvido.<\/p>\n<p>&#8220;Digno de seu pedigree, oferecendo constru\u00e7\u00e3o s\u00f3lida e som excelente e detalhado.&#8221; Vencedor do Pr\u00eamio Thumbs Up 2019 &#8211; Segredos do Home Theater e Alta Fidelidade .<\/p>\n<p>Um captador \u00f3ptico de laser duplo garante leitura ideal de todos os tipos de discos comuns, incluindo SACD, CD, CD-R\/RW e DVD-R. Um novo transporte de disco com uma bandeja de alum\u00ednio fundido de precis\u00e3o proporciona um manuseio suave e silencioso do disco, enquanto um servo digital avan\u00e7ado proporciona uma opera\u00e7\u00e3o r\u00e1pida, silenciosa e precisa. Os dados de \u00e1udio do disco s\u00e3o lidos com o dobro da taxa normal, garantindo melhor rastreamento do disco e processamento de corre\u00e7\u00e3o de erros. O controle de energia e as portas de dados permitem integra\u00e7\u00e3o perfeita com outros componentes do sistema McIntosh.<\/p>\n<p>&#8220;O resultado sonoro foi muito, muito bonito. A m\u00fasica fluiu suave, suave e clara com um tom rico e ressonante do emparelhamento vocal.&#8221; &#8211; O Homem Audi\u00f3filo<\/p>\n<p>O MCD600 \u00e9 envolto no estilo cl\u00e1ssico McIntosh com chassi de a\u00e7o inoxid\u00e1vel polido, painel frontal de vidro preto, logotipo iluminado, bot\u00f5es e tampas de alum\u00ednio. O painel frontal apresenta nova retroilumina\u00e7\u00e3o LED direta para melhorar a apar\u00eancia. Na parte superior h\u00e1 um painel de vidro impresso em tela listando especifica\u00e7\u00f5es de desempenho e um diagrama de blocos.<\/p>\n<p>ESPECIFICA\u00c7\u00d5ES DE \u00c1UDIO<br \/>\nN\u00famero de canais<br \/>\n2<br \/>\nN\u00edvel de sa\u00edda fixo<br \/>\n2,0Vrms n\u00e3o balanceado<br \/>\n4,0Vrms balanceado<br \/>\nN\u00edvel de sa\u00edda vari\u00e1vel<br \/>\n0 &#8211; 8,0 Vrms n\u00e3o balanceado<br \/>\n0 &#8211; 16,0 Vrms balanceado<br \/>\nImped\u00e2ncia de Sa\u00edda<br \/>\n600 ohms desequilibrado e balanceado<br \/>\nResposta de frequ\u00eancia<br \/>\n4Hz a 40kHz, +0,5, -2dB (SACD)<br \/>\n4Hz a 20kHz, \u00b10,5dB (CD)<br \/>\n4Hz a 40kHz, +0,5, -2dB (dados)<br \/>\nA rela\u00e7\u00e3o sinal-ru\u00eddo<br \/>\nMelhor que 110dB (ponderada A)<br \/>\nFaixa Din\u00e2mica<br \/>\nMelhor que 100dB<br \/>\nDistor\u00e7\u00e3o Harm\u00f4nica Total<br \/>\n0,002% a 1000 Hz (SACD)<br \/>\n0,002% a 1000 Hz (CD)<br \/>\n0,002% a 1000 Hz (dados)<br \/>\nSepara\u00e7\u00e3o de canais<br \/>\nMelhor que 98dB (1.000Hz)<br \/>\nImped\u00e2ncia de sa\u00edda de fone de ouvido<br \/>\n47 ohms<br \/>\nESPECIFICA\u00c7\u00d5ES DE \u00c1UDIO DIGITAL<br \/>\nTipo de conversor digital para anal\u00f3gico (DAC)<br \/>\nPCM\/DSD Premium de 8 canais, 32 bits, Quad balanceado<br \/>\nTaxa de amostragem coaxial<br \/>\n16, 24 bits\/96kHz<br \/>\nTaxa de amostragem \u00f3ptica<br \/>\n16, 24 bits\/192kHz<br \/>\nTaxa de amostragem USB<br \/>\n16, 24 bits\/192kHz<br \/>\nEntrada Coaxial Digital<br \/>\n0,5 V pp\/75 ohms<br \/>\nEntrada \u00f3ptica digital<br \/>\n-15dbm a -21dbm<br \/>\nTaxa de amostragem de sa\u00edda digital<br \/>\nAt\u00e9 24 bits\/192kHz<br \/>\nSa\u00edda \u00f3ptica digital<br \/>\n-15dbm a -21dbm<br \/>\nSa\u00edda Coaxial Digital<br \/>\n0,5 V pp\/75 ohms<br \/>\nTremula\u00e7\u00e3o de sa\u00edda digital<br \/>\nN \/ D<br \/>\nSa\u00edda digital XLR<br \/>\nN \/ D<br \/>\nSa\u00edda digital MCT<br \/>\nN \/ D<br \/>\nCONECTIVIDADE<br \/>\nSa\u00edda fixa balanceada<br \/>\n1<br \/>\nSa\u00edda fixa desequilibrada<br \/>\n1<br \/>\nSa\u00edda vari\u00e1vel balanceada<br \/>\n1<br \/>\nSa\u00edda vari\u00e1vel desequilibrada<br \/>\n1<br \/>\nEntrada Coaxial Digital<br \/>\n1<br \/>\nEntrada Digital MCT<br \/>\n0<br \/>\nEntrada \u00f3ptica digital<br \/>\n1<br \/>\nEntrada USB Digital<br \/>\n1 (frente)<br \/>\nTipo de entrada USB digital<br \/>\nTipo A<br \/>\nSa\u00edda Coaxial Digital<br \/>\n1<br \/>\nSa\u00edda digital MCT<br \/>\n0<br \/>\nSa\u00edda \u00f3ptica digital<br \/>\n1<br \/>\nSa\u00edda digital XLR<br \/>\n0<br \/>\nSa\u00edda de fone de ouvido<br \/>\nUnidade alta de 1\/4&#8243;<br \/>\nAO CONTROLE<br \/>\nEntrada de controle de energia<br \/>\n1<br \/>\nSa\u00edda de controle de pot\u00eancia<br \/>\n1<br \/>\nEntrada de dados do painel traseiro<br \/>\n1<br \/>\nEntrada do sensor IR do painel traseiro<br \/>\n1<br \/>\nEntrada de controle RS232<br \/>\n0<br \/>\nESPECIFICA\u00c7\u00d5ES GERAIS<br \/>\nFormatos de disco<br \/>\nSACD, CD, CD-R\/RW e DVD-R; formatos de arquivo populares como AAC, AIFF, ALAC, DSD (at\u00e9 DSD128), FLAC, MP3, WAV (at\u00e9 24 bits\/192kHz) e WMA<br \/>\nCapacidade do disco<br \/>\n1<br \/>\nTipo Laser<br \/>\nFeixe Duplo<br \/>\nComprimento de onda do feixe laser<br \/>\n650 nm (SACD)<br \/>\n790 nm (CD)<br \/>\nPot\u00eancia Laser<br \/>\nCLASSE IIa\/CLASSE I<br \/>\nRequisito de energia em espera<br \/>\n&lt;0,5 watts<br \/>\nPESOS E DIMENS\u00d5ES<br \/>\nDimens\u00f5es da unidade (L x A x P)<br \/>\n17-1\/2&#8243; (44,45cm) x 6&#8243; (15,24cm) x 19&#8243; (48,3cm)Observa\u00e7\u00e3o: Quando a bandeja do disco \u00e9 aberta, o espa\u00e7o livre necess\u00e1rio na frente do painel de montagem \u00e9 de 6-3\/4 polegadas ( 17,2cm).<br \/>\nUnidade de peso<br \/>\n28 libras (12,7 kg)<br \/>\nPeso<br \/>\n45 libras (20,4 kg)<\/p>\n","protected":false},"excerpt":{"rendered":"<p>Leitor SACD\/CD de 2 canais MCD600 DAC balanceado qu\u00e1druplo PCM\/DSD premium de 8 canais e 32 bits Reproduz discos de dados de CD\/DVD e unidades flash USB Sa\u00eddas est\u00e9reo anal\u00f3gicas fixas e vari\u00e1veis Desfrute de horas de prazer auditivo com o MCD600 SACD\/CD Player. No cora\u00e7\u00e3o do MCD600 est\u00e1 um circuito digital rec\u00e9m-projetado, destacado por [&hellip;]<\/p>\n","protected":false},"featured_media":15952,"template":"","meta":{"_acf_changed":false},"product_brand":[],"product_cat":[42,43,41,39,304],"product_tag":[],"class_list":{"0":"post-15951","1":"product","2":"type-product","3":"status-publish","4":"has-post-thumbnail","6":"product_cat-cd-players","7":"product_cat-dac","8":"product_cat-digital","9":"product_cat-mcintosh","10":"product_cat-sacd","12":"first","13":"instock","14":"sold-individually","15":"shipping-taxable","16":"purchasable","17":"product-type-simple"},"acf":[],"aioseo_notices":[],"_links":{"self":[{"href":"https:\/\/hificlub.com.br\/loja\/wp-json\/wp\/v2\/product\/15951","targetHints":{"allow":["GET"]}}],"collection":[{"href":"https:\/\/hificlub.com.br\/loja\/wp-json\/wp\/v2\/product"}],"about":[{"href":"https:\/\/hificlub.com.br\/loja\/wp-json\/wp\/v2\/types\/product"}],"wp:featuredmedia":[{"embeddable":true,"href":"https:\/\/hificlub.com.br\/loja\/wp-json\/wp\/v2\/media\/15952"}],"wp:attachment":[{"href":"https:\/\/hificlub.com.br\/loja\/wp-json\/wp\/v2\/media?parent=15951"}],"wp:term":[{"taxonomy":"product_brand","embeddable":true,"href":"https:\/\/hificlub.com.br\/loja\/wp-json\/wp\/v2\/product_brand?post=15951"},{"taxonomy":"product_cat","embeddable":true,"href":"https:\/\/hificlub.com.br\/loja\/wp-json\/wp\/v2\/product_cat?post=15951"},{"taxonomy":"product_tag","embeddable":true,"href":"https:\/\/hificlub.com.br\/loja\/wp-json\/wp\/v2\/product_tag?post=15951"}],"curies":[{"name":"wp","href":"https:\/\/api.w.org\/{rel}","templated":true}]}}