{"id":15919,"date":"2024-06-18T03:33:49","date_gmt":"2024-06-18T06:33:49","guid":{"rendered":"https:\/\/hificlub.com.br\/loja\/?post_type=product&#038;p=15919"},"modified":"2024-10-07T16:54:20","modified_gmt":"2024-10-07T19:54:20","slug":"elac-cc241-black-gloss","status":"publish","type":"product","link":"https:\/\/hificlub.com.br\/loja\/produto\/elac-cc241-black-gloss\/","title":{"rendered":"ELAC CC241 Black Gloss"},"content":{"rendered":"<p>ESTADO 9\/10<\/p>\n<p>A ELAC \u00e9 um fabricante alem\u00e3o de alto-falantes de alta qualidade, conhecido por sua resposta sonora natural e realista. Isto \u00e9 conseguido atrav\u00e9s da filosofia de design intransigente da empresa, um esfor\u00e7o simples mas altamente eficaz em cada elemento do processo de fabrica\u00e7\u00e3o: destreza manual, engenhosidade, aten\u00e7\u00e3o \u00e0 qualidade, rotas curtas, altos n\u00edveis de fabrica\u00e7\u00e3o vertical. <\/p>\n<p>Onde a apar\u00eancia e o desempenho s\u00e3o igualmente importantes, o alto-falante de canal central ELAC CC 241 \u00e9 a escolha ideal para o seu sistema de home cinema. Alojado em um gabinete compacto e de alto brilho, o ELAC CC 241 tem um design bass reflex de 2,5 vias com dois drivers de graves m\u00e9dios AS-XR de 150 mm e um \u00fanico tweeter JET III para uma apresenta\u00e7\u00e3o de som impressionante e de ampla largura de banda com excelente clareza de voz.<\/p>\n<p>Com capacidade de sa\u00edda de at\u00e9 200 W do seu amplificador ou receptor AV, o ELAC CC 241 \u00e9 uma pe\u00e7a central de alto desempenho para o seu sistema de home theater.<\/p>\n<p>Especifica\u00e7\u00f5es<\/p>\n<p>Tipo: Bass Reflex de 2 1\/2 vias, alto-falante central<br \/>\nChassi: woofer: 1x membrana de cristal de 150 mm, Alto-falante de graves e m\u00e9dios: 1x membrana de cristal de 150 mm, Tweeter: 1x JET<br \/>\nManuseio de energia (nominal\/m\u00fasica): 110\/140 Watt<br \/>\nEfici\u00eancia: 89dB<br \/>\nResposta de frequ\u00eancia: 34 \u2013 50.000 Hz<br \/>\nFaixas de transi\u00e7\u00e3o: 450\/2.600 Hz<br \/>\nImped\u00e2ncia: 4 Ohm<\/p>\n","protected":false},"excerpt":{"rendered":"<p>ESTADO 9\/10 A ELAC \u00e9 um fabricante alem\u00e3o de alto-falantes de alta qualidade, conhecido por sua resposta sonora natural e realista. Isto \u00e9 conseguido atrav\u00e9s da filosofia de design intransigente da empresa, um esfor\u00e7o simples mas altamente eficaz em cada elemento do processo de fabrica\u00e7\u00e3o: destreza manual, engenhosidade, aten\u00e7\u00e3o \u00e0 qualidade, rotas curtas, altos n\u00edveis [&hellip;]<\/p>\n","protected":false},"featured_media":15920,"template":"","meta":{"_acf_changed":false},"product_brand":[],"product_cat":[35,17,149],"product_tag":[],"class_list":{"0":"post-15919","1":"product","2":"type-product","3":"status-publish","4":"has-post-thumbnail","6":"product_cat-caixas-centrais","7":"product_cat-caixas","8":"product_cat-elac","10":"first","11":"instock","12":"sold-individually","13":"shipping-taxable","14":"purchasable","15":"product-type-simple"},"acf":[],"aioseo_notices":[],"_links":{"self":[{"href":"https:\/\/hificlub.com.br\/loja\/wp-json\/wp\/v2\/product\/15919","targetHints":{"allow":["GET"]}}],"collection":[{"href":"https:\/\/hificlub.com.br\/loja\/wp-json\/wp\/v2\/product"}],"about":[{"href":"https:\/\/hificlub.com.br\/loja\/wp-json\/wp\/v2\/types\/product"}],"wp:featuredmedia":[{"embeddable":true,"href":"https:\/\/hificlub.com.br\/loja\/wp-json\/wp\/v2\/media\/15920"}],"wp:attachment":[{"href":"https:\/\/hificlub.com.br\/loja\/wp-json\/wp\/v2\/media?parent=15919"}],"wp:term":[{"taxonomy":"product_brand","embeddable":true,"href":"https:\/\/hificlub.com.br\/loja\/wp-json\/wp\/v2\/product_brand?post=15919"},{"taxonomy":"product_cat","embeddable":true,"href":"https:\/\/hificlub.com.br\/loja\/wp-json\/wp\/v2\/product_cat?post=15919"},{"taxonomy":"product_tag","embeddable":true,"href":"https:\/\/hificlub.com.br\/loja\/wp-json\/wp\/v2\/product_tag?post=15919"}],"curies":[{"name":"wp","href":"https:\/\/api.w.org\/{rel}","templated":true}]}}