{"id":1587,"date":"2023-10-17T19:56:45","date_gmt":"2023-10-17T22:56:45","guid":{"rendered":"https:\/\/hificlub.com.br\/loja2\/produto\/synergistic-research-tesla-apex-1m\/"},"modified":"2024-10-07T17:10:38","modified_gmt":"2024-10-07T20:10:38","slug":"synergistic-research-tesla-apex-1m","status":"publish","type":"product","link":"https:\/\/hificlub.com.br\/loja\/produto\/synergistic-research-tesla-apex-1m\/","title":{"rendered":"SYNERGISTIC RESEARCH TESLA APEX  RCA &#8211; 1M"},"content":{"rendered":"<p>COR: PRETO<br \/>\nCONDI\u00c7\u00c3O: 9\/10<br \/>\nTAMANHO 1 metro<\/p>\n<p>A perspectiva pode ser uma mercadoria rara em um mundo onde a \u00faltima \u201cpr\u00f3xima melhor coisa\u201d sempre parece estar nas manchetes. Escrevi sobre os cabos Tesla de Synergistic Research na edi\u00e7\u00e3o 171 e fiquei impressionado com a linha inteira, desde o acelerador de pre\u00e7o m\u00e9dio, Refer\u00eancia de precis\u00e3o de alcance m\u00e9dio-alto at\u00e9 o alto Apex. Eles tinham uma voz comum, uma tonalidade persuasiva e equilibrada que tornava a audi\u00e7\u00e3o um esfor\u00e7o musical e totalmente n\u00e3o fatigante. Verdadeiramente sobre o que esse hobby deveria ser. Tenho vivido com o Apex dentro e fora do meu sistema de refer\u00eancia nos \u00faltimos dois anos, sua presen\u00e7a geralmente depende da configura\u00e7\u00e3o do sistema ou se fui encarregado de ouvir alguns cabos novos. Me chame de pregui\u00e7oso,mas com os cabos, tenho que admitir que n\u00e3o tenho a obsess\u00e3o de trocar fios constantemente &#8211; pode haver longos per\u00edodos de tempo em que eu simplesmente considero ou considero garantida qualquer fia\u00e7\u00e3o que esteja conectando os componentes do meu sistema. Nas \u00faltimas semanas, no entanto, tenho me reencontrado conscientemente com o Apex, tratando-os como amostras de revis\u00e3o recentes &#8211; como se nunca os tivesse ouvido antes.<\/p>\n<p>Isso tudo \u00e9 uma longa maneira de dizer que o Synergistic Tesla Apex realmente resistiu ao teste do tempo &#8211; no m\u00ednimo, eles soam ainda melhores hoje do que quando escrevi a cr\u00edtica original. Certamente a invas\u00e3o pode ser considerada parte desse motivo. Mas a verdade \u00e9 que ouvi muitos novos cabos nos \u00faltimos meses e o status do Apex realmente cresceu em compara\u00e7\u00e3o. No piano solo, por exemplo, eles aumentaram o peso nas frequ\u00eancias mais baixas, especialmente na regi\u00e3o do baixo superior. H\u00e1 mais informa\u00e7\u00f5es de mesa de som e detalhes internos junto com uma energia, dinamismo e ataque que rivaliza com qualquer coisa que j\u00e1 ouvi em meu sistema. Os agudos tamb\u00e9m t\u00eam uma do\u00e7ura e delicadeza que acredito ser realmente o produto de centenas de horas adicionais de brincadeira.Os harm\u00f4nicos est\u00e3o mais alinhados com os fundamentos e o tempo e os ritmos da m\u00fasica foram alinhados com mais precis\u00e3o. E isso nem sempre foi verdade. Anteriormente, havia um pouco de constri\u00e7\u00e3o aguda e brancura que velou um pouco a oitava superior. N\u00e3o muito, mas o suficiente para distanci\u00e1-lo dos meninos grandes do quarteir\u00e3o como a ent\u00e3o Tara Omega. Esse artefato desapareceu. Apex sempre pareceu o cabeamento sin\u00e9rgico mais equilibrado e isso \u00e9 muito para uma empresa de cabeamento que sempre adotou valores m\u00e9dios estritos primeiro e evitou balan\u00e7os tonais falsos destinados a prender o ouvinte novato incauto. N\u00e3o \u00e9 barato, mas para esses ouvidos tem mais valor do que nunca.N\u00e3o muito, mas o suficiente para distanci\u00e1-lo dos meninos grandes do quarteir\u00e3o como a ent\u00e3o Tara Omega. Esse artefato desapareceu. Apex sempre pareceu o cabeamento sin\u00e9rgico mais equilibrado e isso \u00e9 muito para uma empresa de cabeamento que sempre adotou valores m\u00e9dios estritos primeiro e evitou balan\u00e7os tonais falsos destinados a prender o ouvinte novato incauto. N\u00e3o \u00e9 barato, mas para esses ouvidos tem mais valor do que nunca.N\u00e3o muito, mas o suficiente para distanci\u00e1-lo dos meninos grandes do quarteir\u00e3o como a ent\u00e3o Tara Omega. Esse artefato desapareceu. A Apex sempre pareceu o cabeamento sin\u00e9rgico mais equilibrado e isso \u00e9 muito para uma empresa de cabos que sempre adotou valores m\u00e9dios estritos primeiro e evitou balan\u00e7os tonais falsos destinados a prender o ouvinte novato incauto. N\u00e3o \u00e9 barato, mas para esses ouvidos tem mais valor do que nunca.<br \/>\nSynergisticresearch.com $ 3600 \/ 1M pr.\u00a01-800-578-6489<\/p>\n<p>&nbsp;<\/p>\n","protected":false},"excerpt":{"rendered":"<p>COR: PRETO CONDI\u00c7\u00c3O: 9\/10 TAMANHO 1 metro A perspectiva pode ser uma mercadoria rara em um mundo onde a \u00faltima \u201cpr\u00f3xima melhor coisa\u201d sempre parece estar nas manchetes. Escrevi sobre os cabos Tesla de Synergistic Research na edi\u00e7\u00e3o 171 e fiquei impressionado com a linha inteira, desde o acelerador de pre\u00e7o m\u00e9dio, Refer\u00eancia de precis\u00e3o [&hellip;]<\/p>\n","protected":false},"featured_media":13615,"template":"","meta":{"_acf_changed":false},"product_brand":[],"product_cat":[61,71,135],"product_tag":[],"class_list":{"0":"post-1587","1":"product","2":"type-product","3":"status-publish","4":"has-post-thumbnail","6":"product_cat-cabos","7":"product_cat-interconnect-rca","8":"product_cat-synergistic-research","10":"first","11":"instock","12":"sold-individually","13":"shipping-taxable","14":"purchasable","15":"product-type-simple"},"acf":[],"aioseo_notices":[],"_links":{"self":[{"href":"https:\/\/hificlub.com.br\/loja\/wp-json\/wp\/v2\/product\/1587","targetHints":{"allow":["GET"]}}],"collection":[{"href":"https:\/\/hificlub.com.br\/loja\/wp-json\/wp\/v2\/product"}],"about":[{"href":"https:\/\/hificlub.com.br\/loja\/wp-json\/wp\/v2\/types\/product"}],"wp:featuredmedia":[{"embeddable":true,"href":"https:\/\/hificlub.com.br\/loja\/wp-json\/wp\/v2\/media\/13615"}],"wp:attachment":[{"href":"https:\/\/hificlub.com.br\/loja\/wp-json\/wp\/v2\/media?parent=1587"}],"wp:term":[{"taxonomy":"product_brand","embeddable":true,"href":"https:\/\/hificlub.com.br\/loja\/wp-json\/wp\/v2\/product_brand?post=1587"},{"taxonomy":"product_cat","embeddable":true,"href":"https:\/\/hificlub.com.br\/loja\/wp-json\/wp\/v2\/product_cat?post=1587"},{"taxonomy":"product_tag","embeddable":true,"href":"https:\/\/hificlub.com.br\/loja\/wp-json\/wp\/v2\/product_tag?post=1587"}],"curies":[{"name":"wp","href":"https:\/\/api.w.org\/{rel}","templated":true}]}}