{"id":15739,"date":"2024-06-04T04:45:27","date_gmt":"2024-06-04T07:45:27","guid":{"rendered":"https:\/\/hificlub.com.br\/loja\/?post_type=product&#038;p=15739"},"modified":"2026-03-03T22:18:31","modified_gmt":"2026-03-04T01:18:31","slug":"rega-fono-mc-mk3","status":"publish","type":"product","link":"https:\/\/hificlub.com.br\/loja\/produto\/rega-fono-mc-mk3\/","title":{"rendered":"REGA FONO MC MK3"},"content":{"rendered":"<p>O Fono MC \u00e9 um est\u00e1gio de phono MC de qualidade excepcional, projetado para maximizar o potencial de qualquer cartucho MC. Embora especificamente para complementar a mais recente linha de bobinas m\u00f3veis Rega, voc\u00ea encontrar\u00e1 um ajuste completo para carregamento por meio de interruptores dip convenientemente posicionados no painel traseiro com duas configura\u00e7\u00f5es de ganho diferentes localizadas no painel traseiro, tornando o Fono MC compat\u00edvel com a maioria dos cartuchos MC de baixa sa\u00edda .<\/p>\n<p>Detalhes do produto<br \/>\nO Fono MC foi projetado para ser eficaz, f\u00e1cil de usar e, acima de tudo, para reproduzir m\u00fasica. O Fono MC usa o LSK389 FET de baixo n\u00edvel de ru\u00eddo da Linear Systems em um est\u00e1gio de entrada discreto, onde baixo ru\u00eddo e linearidade s\u00e3o de vital import\u00e2ncia para obter o melhor de um cartucho de MC. Devido \u00e0 alta imped\u00e2ncia de entrada do FET, os efeitos de carga do circuito do amplificador s\u00e3o min\u00fasculos e n\u00e3o afetam o desempenho do cartucho.<\/p>\n<p>Um amplificador operacional MUSE \u00e9 usado no amplificador de equaliza\u00e7\u00e3o RIAA. Capacitores de polipropileno foram utilizados no caminho do sinal e nos circuitos de equaliza\u00e7\u00e3o RIAA. H\u00e1 carga de entrada selecion\u00e1vel para resist\u00eancia e capacit\u00e2ncia, juntamente com duas configura\u00e7\u00f5es de ganho diferentes localizadas no painel traseiro, tornando o Fono MC compat\u00edvel com a maioria dos cartuchos MC de baixa sa\u00edda.<\/p>\n<p>O design est\u00e9tico do Fono MC era t\u00e3o importante quanto a qualidade de suas capacidades el\u00e9tricas, por isso se beneficia do mesmo estojo de alum\u00ednio do amplificador Rega TTPSU e Fono MM, oferecendo um design que oferece uma sensa\u00e7\u00e3o familiar e, al\u00e9m disso, alinha-o com seus ilustres irm\u00e3os maiores. O novo circuito Fono MC resultou do trabalho de projeto realizado no amplificador phono Aria.<\/p>\n<p>ESPECIFICA\u00c7\u00d5ES<br \/>\nSensibilidade de entrada = 1.7mV para sa\u00edda de 200mV<br \/>\nCarga de entrada = 47K\u03a9 em paralelo com 100pF<br \/>\nN\u00edvel de entrada m\u00e1ximo = 60mV a 1KHz<br \/>\nGanho = 41.4dB a 1KHz<br \/>\nImped\u00e2ncia de sa\u00edda = 200\u03a9<br \/>\nResist\u00eancia de carga m\u00ednima recomendada = 5K\u03a9<br \/>\nResposta de freq\u00fc\u00eancia (carga de sa\u00edda de 50K\u03a9) = 15Hz ( -3dB) a 100KHz (-0.2dB)<br \/>\nPrecis\u00e3o RIAA (carga de sa\u00edda de 50K\u03a9) = melhor que +\/- 0.2dB 100Hz a 100KHz<br \/>\nRequisitos de energia = 24V AC a 80mA m\u00e1ximo.<br \/>\nSomente para ser usado com o Rega PS1.<br \/>\nDimens\u00f5es (AxLxP): 45 x 178 x 150mm<br \/>\nPeso: 640g<\/p>\n","protected":false},"excerpt":{"rendered":"<p>O Fono MC \u00e9 um est\u00e1gio de phono MC de qualidade excepcional, projetado para maximizar o potencial de qualquer cartucho MC. Embora especificamente para complementar a mais recente linha de bobinas m\u00f3veis Rega, voc\u00ea encontrar\u00e1 um ajuste completo para carregamento por meio de interruptores dip convenientemente posicionados no painel traseiro com duas configura\u00e7\u00f5es de ganho [&hellip;]<\/p>\n","protected":false},"featured_media":15740,"template":"","meta":{"_acf_changed":false},"product_brand":[],"product_cat":[78,79,55],"product_tag":[],"class_list":{"0":"post-15739","1":"product","2":"type-product","3":"status-publish","4":"has-post-thumbnail","6":"product_cat-analogico-audio","7":"product_cat-pre-de-phono","8":"product_cat-rega","10":"first","11":"instock","12":"sold-individually","13":"shipping-taxable","14":"purchasable","15":"product-type-simple"},"acf":[],"aioseo_notices":[],"_links":{"self":[{"href":"https:\/\/hificlub.com.br\/loja\/wp-json\/wp\/v2\/product\/15739","targetHints":{"allow":["GET"]}}],"collection":[{"href":"https:\/\/hificlub.com.br\/loja\/wp-json\/wp\/v2\/product"}],"about":[{"href":"https:\/\/hificlub.com.br\/loja\/wp-json\/wp\/v2\/types\/product"}],"wp:featuredmedia":[{"embeddable":true,"href":"https:\/\/hificlub.com.br\/loja\/wp-json\/wp\/v2\/media\/15740"}],"wp:attachment":[{"href":"https:\/\/hificlub.com.br\/loja\/wp-json\/wp\/v2\/media?parent=15739"}],"wp:term":[{"taxonomy":"product_brand","embeddable":true,"href":"https:\/\/hificlub.com.br\/loja\/wp-json\/wp\/v2\/product_brand?post=15739"},{"taxonomy":"product_cat","embeddable":true,"href":"https:\/\/hificlub.com.br\/loja\/wp-json\/wp\/v2\/product_cat?post=15739"},{"taxonomy":"product_tag","embeddable":true,"href":"https:\/\/hificlub.com.br\/loja\/wp-json\/wp\/v2\/product_tag?post=15739"}],"curies":[{"name":"wp","href":"https:\/\/api.w.org\/{rel}","templated":true}]}}