{"id":15697,"date":"2024-06-03T04:55:43","date_gmt":"2024-06-03T07:55:43","guid":{"rendered":"https:\/\/hificlub.com.br\/loja\/?post_type=product&#038;p=15697"},"modified":"2026-03-13T07:52:16","modified_gmt":"2026-03-13T10:52:16","slug":"airtight-atm-2-80-watts","status":"publish","type":"product","link":"https:\/\/hificlub.com.br\/loja\/produto\/airtight-atm-2-80-watts\/","title":{"rendered":"AIRTIGHT ATM-2  Amplificador Integrado 80 watts"},"content":{"rendered":"<p>ESTADO 9\/10<\/p>\n<p>Air Tight \u00e9 uma marca japonesa de \u00e1udio de alta fidelidade conhecida por seus produtos artesanais e de alt\u00edssima qualidade. Fundada em 1986, a marca rapidamente ganhou uma reputa\u00e7\u00e3o s\u00f3lida no mercado de Hi-Fi gra\u00e7as \u00e0 sua dedica\u00e7\u00e3o \u00e0 excel\u00eancia sonora e \u00e0 constru\u00e7\u00e3o meticulosa de seus equipamentos. tsushi Miura, um engenheiro de \u00e1udio com vasta experi\u00eancia na ind\u00fastria. Antes de fundar a Air Tight, Miura trabalhou na Luxman, uma das mais prestigiadas empresas de \u00e1udio do Jap\u00e3o. Ele trouxe para a Air Tight uma profunda compreens\u00e3o da engenharia de \u00e1udio e uma paix\u00e3o pela m\u00fasica. A filosofia da marca \u00e9 centrada na cria\u00e7\u00e3o de equipamentos que ofere\u00e7am a mais alta qualidade sonora poss\u00edvel, combinando a tradi\u00e7\u00e3o da constru\u00e7\u00e3o manual com inova\u00e7\u00f5es tecnol\u00f3gicas. O primeiro produto lan\u00e7ado pela Air Tight foi o amplificador valvulado ATM-1, que rapidamente se tornou um cl\u00e1ssico entre os audi\u00f3filos. O design elegante e a qualidade sonora excepcional do ATM-1 estabeleceram a reputa\u00e7\u00e3o da Air Tight como uma marca de refer\u00eancia no segmento de amplificadores valvulados. Nos anos seguintes, a Air Tight expandiu sua linha de produtos para incluir pr\u00e9-amplificadores, amplificadores de pot\u00eancia, tocadores de CD e componentes para sistemas de \u00e1udio de alta fidelidade. Cada produto \u00e9 cuidadosamente projetado e montado \u00e0 m\u00e3o, seguindo os padr\u00f5es rigorosos estabelecidos por Miura. A marca utiliza v\u00e1lvulas de v\u00e1cuo de alta qualidade e componentes selecionados \u00e0 m\u00e3o para garantir a m\u00e1xima fidelidade sonora. Os amplificadores valvulados da Air Tight s\u00e3o especialmente apreciados por sua capacidade de reproduzir m\u00fasica com uma riqueza e uma profundidade que muitos consideram incompar\u00e1veis.<\/p>\n<p>Caracter\u00edsticas<\/p>\n<p>CRISTALIZA\u00c7\u00c3O DA T\u00c9CNICA CONTEMPOR\u00c2NEA E DO ROMANTISMO<br \/>\nV\u00e1lvulas de sa\u00edda 6550\/KT-88 renomadas para alta pot\u00eancia<br \/>\nAjustador de polariza\u00e7\u00e3o para opera\u00e7\u00e3o ideal das v\u00e1lvulas de sa\u00edda<br \/>\nCircuito de acionamento direto seguidor de c\u00e1todo sob conex\u00e3o UL<br \/>\nFia\u00e7\u00e3o manual total sem PCB<br \/>\nFia\u00e7\u00e3o OFC completa com chassi banhado a cobre e placa inferior<br \/>\nTransformadores de sa\u00edda Tamura confi\u00e1veis \u200b\u200bcom grande capacidade de entrada superior a 100W<br \/>\nEntrada direta de CD permitindo reprodu\u00e7\u00e3o digital perfeita<br \/>\nEspecifica\u00e7\u00f5es<br \/>\nV\u00e1lvulas empregadas:<br \/>\n6550 \/ KT88 \u00d7 4, 12AX7A \u00d7 2, 12AU7A \u00d7 2, 12BH7A \u00d7 2<br \/>\nPot\u00eancia da sa\u00edda:<br \/>\n80W + 80W<br \/>\nImped\u00e2ncia de entrada:<br \/>\n100kohms<br \/>\nCaracter\u00edsticas:<br \/>\nseletor de entrada (2 canais), ajustador de polariza\u00e7\u00e3o<br \/>\nDimens\u00f5es:<br \/>\n415(L) \u00d7 380(P) \u00d7 223(A)mm<br \/>\nPeso:<br \/>\n32kg<\/p>\n","protected":false},"excerpt":{"rendered":"<p>ESTADO 9\/10 Air Tight \u00e9 uma marca japonesa de \u00e1udio de alta fidelidade conhecida por seus produtos artesanais e de alt\u00edssima qualidade. Fundada em 1986, a marca rapidamente ganhou uma reputa\u00e7\u00e3o s\u00f3lida no mercado de Hi-Fi gra\u00e7as \u00e0 sua dedica\u00e7\u00e3o \u00e0 excel\u00eancia sonora e \u00e0 constru\u00e7\u00e3o meticulosa de seus equipamentos. tsushi Miura, um engenheiro de [&hellip;]<\/p>\n","protected":false},"featured_media":15698,"template":"","meta":{"_acf_changed":false},"product_brand":[],"product_cat":[256,27,51,30],"product_tag":[],"class_list":{"0":"post-15697","1":"product","2":"type-product","3":"status-publish","4":"has-post-thumbnail","6":"product_cat-airtight","7":"product_cat-amplificador","8":"product_cat-integrado","9":"product_cat-valvulado","11":"first","12":"instock","13":"sold-individually","14":"shipping-taxable","15":"purchasable","16":"product-type-simple"},"acf":[],"aioseo_notices":[],"_links":{"self":[{"href":"https:\/\/hificlub.com.br\/loja\/wp-json\/wp\/v2\/product\/15697","targetHints":{"allow":["GET"]}}],"collection":[{"href":"https:\/\/hificlub.com.br\/loja\/wp-json\/wp\/v2\/product"}],"about":[{"href":"https:\/\/hificlub.com.br\/loja\/wp-json\/wp\/v2\/types\/product"}],"wp:featuredmedia":[{"embeddable":true,"href":"https:\/\/hificlub.com.br\/loja\/wp-json\/wp\/v2\/media\/15698"}],"wp:attachment":[{"href":"https:\/\/hificlub.com.br\/loja\/wp-json\/wp\/v2\/media?parent=15697"}],"wp:term":[{"taxonomy":"product_brand","embeddable":true,"href":"https:\/\/hificlub.com.br\/loja\/wp-json\/wp\/v2\/product_brand?post=15697"},{"taxonomy":"product_cat","embeddable":true,"href":"https:\/\/hificlub.com.br\/loja\/wp-json\/wp\/v2\/product_cat?post=15697"},{"taxonomy":"product_tag","embeddable":true,"href":"https:\/\/hificlub.com.br\/loja\/wp-json\/wp\/v2\/product_tag?post=15697"}],"curies":[{"name":"wp","href":"https:\/\/api.w.org\/{rel}","templated":true}]}}