{"id":15639,"date":"2024-06-02T08:13:40","date_gmt":"2024-06-02T11:13:40","guid":{"rendered":"https:\/\/hificlub.com.br\/loja\/?post_type=product&#038;p=15639"},"modified":"2026-03-03T22:18:31","modified_gmt":"2026-03-04T01:18:31","slug":"eat-jo-no-8-mc-catridge","status":"publish","type":"product","link":"https:\/\/hificlub.com.br\/loja\/produto\/eat-jo-no-8-mc-catridge\/","title":{"rendered":"EAT Jo No 8 Capsula MC"},"content":{"rendered":"<p>EAT European Audio Team<\/p>\n<p>A capsula de bobina m\u00f3vel de alto desempenho Jo N\u00b08 extrair\u00e1 mais da ranhura do que se imaginava anteriormente.<\/p>\n<p>Em 2018, o cartucho de bobina m\u00f3vel Jo N\u00b05 da EAT elevou o padr\u00e3o para transdutores acess\u00edveis e capazes de desempenho de ponta. Revisores de todo o mundo reconheceram que era not\u00e1vel para um cartucho nessa faixa de pre\u00e7o. Mas, refletiram, o que o EAT ofereceria sem restri\u00e7\u00f5es de pre\u00e7o? Segundo a fundadora e CEO Jozefina Lichtenegger, &#8220;O Jo N\u00b08 foi criado devido \u00e0 necessidade de dar um passo adiante, ap\u00f3s o sucesso do Jo N\u00b05. Clientes e distribuidores concordaram que o design era um candidato \u00f3bvio para componentes mais exclusivos , um n\u00edvel de sele\u00e7\u00e3o ainda mais cuidadosamente conduzido e \u2013 em \u00faltima an\u00e1lise \u2013 um corpo superlativo, mas inevitavelmente mais caro e exclusivo, feito com precis\u00e3o. Sab\u00edamos que esta receita resultaria em um transdutor de som maravilhoso.<\/p>\n<p>O uso da palavra &#8220;transdutor&#8221; \u00e9 a chave para entender as demandas dos crit\u00e9rios de projeto, com o reconhecimento de que um cartucho \u00e9 exatamente um desses dispositivos: uma mesa girat\u00f3ria\/cartucho \u00e9 um transdutor eletromec\u00e2nico que converte informa\u00e7\u00f5es mec\u00e2nicas em um sinal el\u00e9trico, trabalhando em exatamente a maneira oposta de um alto-falante. Esta convers\u00e3o \u00e9, na opini\u00e3o da EAT, o elemento MAIS CR\u00cdTICO em uma cadeia de \u00e1udio porque qualquer distor\u00e7\u00e3o ou n\u00e3o linearidade na amplifica\u00e7\u00e3o \u00e9 dez vezes menor do que a que ocorre nos alto-falantes ou atrav\u00e9s do cartucho.<\/p>\n<p>Para o ouvinte exigente, qualquer aumento no investimento em um cartucho fino vale a pena. Os benef\u00edcios incluem a redu\u00e7\u00e3o da distor\u00e7\u00e3o ao m\u00ednimo e a obten\u00e7\u00e3o de uma resposta de frequ\u00eancia perfeitamente plana. Realizar ambos \u00e9 extremamente exigente, exigindo a m\u00e1xima aten\u00e7\u00e3o aos detalhes, auxiliada pela utiliza\u00e7\u00e3o apenas de materiais da mais alta qualidade.<\/p>\n<p>Mas isso n\u00e3o basta: o projetista deve saber como aplic\u00e1-los em combina\u00e7\u00e3o: a ponta, o cantilever, o rolamento, a suspens\u00e3o, o \u201cmotor\u201d e por \u00faltimo, a carroceria, funcionando em perfeita harmonia. Para elevar o desempenho j\u00e1 excepcional do N\u00b05, a EAT empregou para o N\u00b08 uma caneta Shibata nude sobre um cantilever de boro, contida em um corpo de madeira com acabamento fosco feito de castanha maci\u00e7a. Uma combina\u00e7\u00e3o perfeita para o novo bra\u00e7o F-Note, o cartucho de bobina m\u00f3vel Jo N\u00b08 extrair\u00e1 mais do groove do que se imaginava anteriormente.<\/p>\n<p>Capsula de bobina m\u00f3vel<\/p>\n<p>Bobina M\u00f3vel<br \/>\nNude Shibata<br \/>\nCantilever de boro<br \/>\nApar\u00eancia elegante<br \/>\nFio de bobina de cobre puro 8N<br \/>\nSele\u00e7\u00e3o para menores toler\u00e2ncias<br \/>\nSuspens\u00e3o especial TPE<br \/>\nCastanha Escura Estabilizada \/ Corpo em Alum\u00ednio<br \/>\nCaixa exclusiva para joias em madeira real<br \/>\nINFORMA\u00c7\u00d5ES T\u00c9CNICAS DO CARTUCHO EAT JO N\u00b08<br \/>\nTIPO DE CANETA\tShibata nu em cantilever de boro<br \/>\nPESO\t12,5g<br \/>\nRESPOSTA DE FREQU\u00caNCIA\t20 \u2013 30.000Hz (-3dB)<br \/>\nVOLTAGEM DE SA\u00cdDA\t0,3mV<br \/>\nSEPARA\u00c7\u00c3O DE CANAIS\t&gt; 25 dB (1kHz), &gt; 17 dB (15kHz)<br \/>\nCONFORMIDADE DIN\u00c2MICA\/LATERAL\t15 \u03bcm\/mN<br \/>\nFAIXA DE FOR\u00c7A DE RASTREAMENTO\t2,0-2,5g (20-25mN)<br \/>\nFOR\u00c7A DE RASTREAMENTO RECOMENDADA\t2,3g (23mN)<br \/>\n\u00c2NGULO DE RASTREAMENTO\t20\u00b0<br \/>\nMATERIAL DO FIO DA BOBINA\t8-Noves cobre<br \/>\nIMPED\u00c2NCIA INTERNA, RESIST\u00caNCIA DC\t5 ohms<br \/>\nRESIST\u00caNCIA DE CARGA RECOMENDADA\t&gt; 15Ohm<\/p>\n","protected":false},"excerpt":{"rendered":"<p>EAT European Audio Team A capsula de bobina m\u00f3vel de alto desempenho Jo N\u00b08 extrair\u00e1 mais da ranhura do que se imaginava anteriormente. Em 2018, o cartucho de bobina m\u00f3vel Jo N\u00b05 da EAT elevou o padr\u00e3o para transdutores acess\u00edveis e capazes de desempenho de ponta. Revisores de todo o mundo reconheceram que era not\u00e1vel [&hellip;]<\/p>\n","protected":false},"featured_media":15640,"template":"","meta":{"_acf_changed":false},"product_brand":[],"product_cat":[78,99],"product_tag":[],"class_list":{"0":"post-15639","1":"product","2":"type-product","3":"status-publish","4":"has-post-thumbnail","6":"product_cat-analogico-audio","7":"product_cat-capsulas","9":"first","10":"instock","11":"sold-individually","12":"shipping-taxable","13":"purchasable","14":"product-type-simple"},"acf":[],"aioseo_notices":[],"_links":{"self":[{"href":"https:\/\/hificlub.com.br\/loja\/wp-json\/wp\/v2\/product\/15639","targetHints":{"allow":["GET"]}}],"collection":[{"href":"https:\/\/hificlub.com.br\/loja\/wp-json\/wp\/v2\/product"}],"about":[{"href":"https:\/\/hificlub.com.br\/loja\/wp-json\/wp\/v2\/types\/product"}],"wp:featuredmedia":[{"embeddable":true,"href":"https:\/\/hificlub.com.br\/loja\/wp-json\/wp\/v2\/media\/15640"}],"wp:attachment":[{"href":"https:\/\/hificlub.com.br\/loja\/wp-json\/wp\/v2\/media?parent=15639"}],"wp:term":[{"taxonomy":"product_brand","embeddable":true,"href":"https:\/\/hificlub.com.br\/loja\/wp-json\/wp\/v2\/product_brand?post=15639"},{"taxonomy":"product_cat","embeddable":true,"href":"https:\/\/hificlub.com.br\/loja\/wp-json\/wp\/v2\/product_cat?post=15639"},{"taxonomy":"product_tag","embeddable":true,"href":"https:\/\/hificlub.com.br\/loja\/wp-json\/wp\/v2\/product_tag?post=15639"}],"curies":[{"name":"wp","href":"https:\/\/api.w.org\/{rel}","templated":true}]}}