{"id":15617,"date":"2024-05-31T06:22:04","date_gmt":"2024-05-31T09:22:04","guid":{"rendered":"https:\/\/hificlub.com.br\/loja\/?post_type=product&#038;p=15617"},"modified":"2026-03-03T22:18:31","modified_gmt":"2026-03-04T01:18:31","slug":"musical-fidelity-m6-encore-225-integrado-cd-streamer-dac-225-watts","status":"publish","type":"product","link":"https:\/\/hificlub.com.br\/loja\/produto\/musical-fidelity-m6-encore-225-integrado-cd-streamer-dac-225-watts\/","title":{"rendered":"MUSICAL FIDELITY M6 ENCORE 225 Integrado CD Streamer DAC 225 watts"},"content":{"rendered":"<p>M6 Encore 225 \u2013 Vis\u00e3o geral<br \/>\nATUALIZA\u00c7\u00c3O \u2013 Agora com o Spotify, Qobuz e Tidal streaming e suporte a unidades NAS principais !<\/p>\n<p>O Encore 225 \u00e9 uma solu\u00e7\u00e3o de \u00e1udio completa, permitindo que voc\u00ea mantenha todas as suas m\u00fasicas em um s\u00f3 lugar. Aceita praticamente qualquer fonte de \u00e1udio anal\u00f3gico ou digital conceb\u00edvel. Tamb\u00e9m \u00e9 compat\u00edvel com muitos alto-falantes da rede, como o Sonos. H\u00e1 uma tela colorida muito clara, grande e de alta resolu\u00e7\u00e3o para que voc\u00ea possa ver o que est\u00e1 acontecendo.<\/p>\n<p>Caracter\u00edsticas<br \/>\nF\u00e1cil e intuitivo de usar<br \/>\nEnorme conectividade<br \/>\nArmazenamento interno atualiz\u00e1vel de 1 TB para mais de 2.500 CDs (extra\u00e7\u00e3o perfeita da unidade de CD)<br \/>\nStreaming de Spotify, Qobuz e Tidal<br \/>\nOs amplificadores de pot\u00eancia s\u00e3o iguais aos do M6si<br \/>\nCompat\u00edvel com muitos alto-falantes de rede, como Sonos<br \/>\nTela grande, de alta resolu\u00e7\u00e3o e colorida<br \/>\nControle com aparelho IR ou aplicativos (Apple e Android)<br \/>\nCPU Intel dual core de 64 bits &#8211; t\u00e3o \u00e0 prova de futuro quanto o Musical Fidelity pode torn\u00e1-lo<br \/>\nDAC de 32 bits 384k<\/p>\n<p>ESPECIFICA\u00c7\u00d5ES<br \/>\nAmplificador Integradp<br \/>\nPot\u00eancia de sa\u00edda: 225 Watts por canal em 8 Ohms<br \/>\nTHD (+ ru\u00eddo):  107dB \u2018A\u2019 \u2013 ponderada<br \/>\nResposta de Freq\u00fc\u00eancia: +0, \u20130.1dB, 10Hz a 20 kHz<br \/>\nEntradas<br \/>\n3 x n\u00edvel de linha RCA 300mV nominal 2V t\u00edpico at\u00e9 7V rms<br \/>\n2 entradas \u00f3pticas S \/ PDIF de 24 bits at\u00e9 192kHz<br \/>\n2 entradas coaxiais S \/ PDIF de 24 bits at\u00e9 192kHz<br \/>\n1 conector USB tipo \u2018x\u2019<br \/>\n1 conector xUSB 3.0 tipo \u201cB\u201d (para expans\u00e3o futura)<br \/>\n3 x USB2.0 tipo \u2018A\u2019 conector (1 frente, 2 traseira)<br \/>\nConector Ethernet 10\/100\/1000 Base-T<br \/>\nSa\u00eddas<br \/>\n1x n\u00edvel de linha FIXED 2.0V @ 0dBFS (300mV rms nominal,&gt; 6V rms m\u00e1x.)<br \/>\n1x sa\u00eddas de vari\u00e1vel PREAMP no n\u00edvel da linha (&gt; 6V rms m\u00e1x.) (Ganho Preamp, entrada de linha para as sa\u00eddas PREAMP \u00e9 4.5x (13dB) no volume m\u00e1ximo)<br \/>\nSa\u00edda de fone de ouvido adequado para imped\u00e2ncia de fones de ouvido 8 ohms para \u221e. (Sa\u00edda de fone de ouvido apresenta configura\u00e7\u00e3o de volume independente)<br \/>\nSa\u00eddas de alto-falante 1 par de plugues banana de 4 mm por canal<br \/>\n1 sa\u00edda \u00f3ptica S \/ PDIF de 24 bits at\u00e9 192kHz<br \/>\nSa\u00edda de 24 bits coaxial S \/ PDIF de 1x at\u00e9 192kHz<br \/>\nArmazenamento interno de 2,5 \u201ddisco r\u00edgido SATA II de 1 TB (inclu\u00eddo) ou SSD (atualiz\u00e1vel no futuro)<br \/>\nGeral<br \/>\nDimens\u00f5es \u2013 LxAxP (mm): 440 x 125 x 400<br \/>\nPeso (embalado): 23 kg<\/p>\n","protected":false},"excerpt":{"rendered":"<p>M6 Encore 225 \u2013 Vis\u00e3o geral ATUALIZA\u00c7\u00c3O \u2013 Agora com o Spotify, Qobuz e Tidal streaming e suporte a unidades NAS principais ! O Encore 225 \u00e9 uma solu\u00e7\u00e3o de \u00e1udio completa, permitindo que voc\u00ea mantenha todas as suas m\u00fasicas em um s\u00f3 lugar. Aceita praticamente qualquer fonte de \u00e1udio anal\u00f3gico ou digital conceb\u00edvel. Tamb\u00e9m [&hellip;]<\/p>\n","protected":false},"featured_media":15618,"template":"","meta":{"_acf_changed":false},"product_brand":[],"product_cat":[27,42,43,41,51,50,95,142],"product_tag":[],"class_list":{"0":"post-15617","1":"product","2":"type-product","3":"status-publish","4":"has-post-thumbnail","6":"product_cat-amplificador","7":"product_cat-cd-players","8":"product_cat-dac","9":"product_cat-digital","10":"product_cat-integrado","11":"product_cat-music-server","12":"product_cat-musical-fidelity","13":"product_cat-streamers","15":"first","16":"instock","17":"sold-individually","18":"shipping-taxable","19":"purchasable","20":"product-type-simple"},"acf":[],"aioseo_notices":[],"_links":{"self":[{"href":"https:\/\/hificlub.com.br\/loja\/wp-json\/wp\/v2\/product\/15617","targetHints":{"allow":["GET"]}}],"collection":[{"href":"https:\/\/hificlub.com.br\/loja\/wp-json\/wp\/v2\/product"}],"about":[{"href":"https:\/\/hificlub.com.br\/loja\/wp-json\/wp\/v2\/types\/product"}],"wp:featuredmedia":[{"embeddable":true,"href":"https:\/\/hificlub.com.br\/loja\/wp-json\/wp\/v2\/media\/15618"}],"wp:attachment":[{"href":"https:\/\/hificlub.com.br\/loja\/wp-json\/wp\/v2\/media?parent=15617"}],"wp:term":[{"taxonomy":"product_brand","embeddable":true,"href":"https:\/\/hificlub.com.br\/loja\/wp-json\/wp\/v2\/product_brand?post=15617"},{"taxonomy":"product_cat","embeddable":true,"href":"https:\/\/hificlub.com.br\/loja\/wp-json\/wp\/v2\/product_cat?post=15617"},{"taxonomy":"product_tag","embeddable":true,"href":"https:\/\/hificlub.com.br\/loja\/wp-json\/wp\/v2\/product_tag?post=15617"}],"curies":[{"name":"wp","href":"https:\/\/api.w.org\/{rel}","templated":true}]}}