{"id":15612,"date":"2024-05-31T06:01:34","date_gmt":"2024-05-31T09:01:34","guid":{"rendered":"https:\/\/hificlub.com.br\/loja\/?post_type=product&#038;p=15612"},"modified":"2026-03-03T22:18:31","modified_gmt":"2026-03-04T01:18:31","slug":"musical-fidelity-m6-encore-connect-1tb-pre-dac-server","status":"publish","type":"product","link":"https:\/\/hificlub.com.br\/loja\/produto\/musical-fidelity-m6-encore-connect-1tb-pre-dac-server\/","title":{"rendered":"MUSICAL FIDELITY M6 ENCORE CONNECT 1TB Pre DAC Server"},"content":{"rendered":"<p>CD e Network player Musical Fidelity M6 Encore Connect 1TB \u2013 Streaming<br \/>\nO Musical Fidelity Encore Connect \u00e9 perfeito para quem deseja combinar o incr\u00edvel poder, realismo e envolvimento emocional do nosso amplificador M6s Pre com um CD player M3 de alta qualidade e acessibilidade a servi\u00e7os de streaming online e r\u00e1dio na web.<\/p>\n<p>Design + Constru\u00e7\u00e3o<br \/>\nO Encore possui hardware atemporal e qualidade de constru\u00e7\u00e3o massiva pela qual o Musical Fidelity \u00e9 conhecido e adiciona um lado de software aberto, oferecendo acesso aos modernos servi\u00e7os de streaming. Por outro lado, todas as op\u00e7\u00f5es tradicionais de entrada e sa\u00edda est\u00e3o dispon\u00edveis para tornar o Encore um dos pilares do seu sistema de m\u00fasica. Voc\u00ea desfrutar\u00e1 do excelente desempenho, instala\u00e7\u00f5es e energia do hardware, independentemente das mudan\u00e7as existentes no setor de streaming digital e de quais servi\u00e7os estar\u00e3o dispon\u00edveis no futuro.<\/p>\n<p>Tela colorida com bot\u00f5es de painel frontal de hardware<br \/>\nTodas as fun\u00e7\u00f5es do Encore podem ser acessadas atrav\u00e9s do painel frontal! At\u00e9 a navega\u00e7\u00e3o e a reprodu\u00e7\u00e3o dos seus servi\u00e7os de streaming podem ser controladas pelo painel frontal! A capacidade de navegar nesses servi\u00e7os de streaming com os bot\u00f5es no painel frontal (ou controle remoto IR) torna o Encore totalmente exclusivo e perfeito para quem valoriza a qualidade de constru\u00e7\u00e3o high-end tradicional e o acesso r\u00e1pido, sem a necessidade de ter seu telefone ou aplicativo por perto!<\/p>\n<p>Controle via Squeezebox Apps<br \/>\nO Encore pode ser controlado confortavelmente atrav\u00e9s de um aplicativo no seu telefone ou dispositivo m\u00f3vel. Navegue por uma infinidade de servi\u00e7os de streaming e r\u00e1dios da web de maneira f\u00e1cil e responsiva com o aplicativo Squeezebox de sua escolha!<\/p>\n<p>As diversas op\u00e7\u00f5es de controle e a capacidade de controlar totalmente o Encore no painel frontal tornam-no \u00e0 prova de futuro como nenhum outro produto de streaming digital. Em 20 anos, quando a infraestrutura digital ser\u00e1 completamente diferente de hoje, o seu Encore continuar\u00e1 a tocar m\u00fasica como no primeiro dia.<\/p>\n<p>Pr\u00e9 amplificador de \u00faltima gera\u00e7\u00e3o com 3 entradas anal\u00f3gicas, 4 entradas digitais<br \/>\nM6s pr\u00e9-embutido<br \/>\nLeitor de CD M3<br \/>\nChassi de alum\u00ednio de alta qualidade com bot\u00f5es de hardware na frente em qualidade de constru\u00e7\u00e3o impec\u00e1vel<br \/>\nVisor colorido grande, de alta resolu\u00e7\u00e3o e com alta resolu\u00e7\u00e3o permite controles f\u00e1ceis e intuitivos<br \/>\nControle total atrav\u00e9s dos bot\u00f5es de hardware do painel frontal, controle remoto IR, Squeezebox Apps e interface da web<br \/>\nR\u00e1dio na Web<br \/>\nTidal \/ Qobuz \/ Spotify streaming<\/p>\n<p>ESPECIFICA\u00c7\u00d5ES<br \/>\nEntradas<br \/>\n3 x RCA de n\u00edvel de linha 300mV nominal 2V t\u00edpico at\u00e9 7V rms<br \/>\n2 entradas S \/ PDIF \u00f3pticas de 24 bits at\u00e9 192kHz<br \/>\n2 entradas S \/ PDIF coaxiais de 24 bits at\u00e9 192kHz<br \/>\n1 x conector USB 3.0 tipo \u2018A\u2019<br \/>\n1 conector xUSB 3.0 tipo \u201cB\u201d (para expans\u00e3o futura)<br \/>\n3 x conector USB2.0 tipo \u2018A\u2019 (1 frontal, 2 traseiro)<br \/>\nConector Ethernet 10\/100\/1000 Base-T<br \/>\nSa\u00eddas<br \/>\n1x sa\u00eddas vari\u00e1veis \u200b\u200bPREAMP de n\u00edvel de linha (&gt; 6V rms m\u00e1x.)<br \/>\n1x n\u00edvel de linha FIXO 2.0V a 0dBFS (300mV rms nominal,&gt; 6V rms m\u00e1x.) \u2013 Ganho de pr\u00e9-amplificador, entrada de linha nas sa\u00eddas PREAMP \u00e9 4.5x (13dB) no volume m\u00e1ximo<br \/>\nSa\u00edda de fone de ouvido adequada para imped\u00e2ncia de fones de ouvido de 8 ohms a \u221e \u2013 A sa\u00edda de fone de ouvido possui configura\u00e7\u00e3o de volume independente<br \/>\n1x sa\u00edda \u00f3ptica de 24 bits S \/ PDIF at\u00e9 192kHz<br \/>\n1x sa\u00edda S \/ PDIF coaxial de 24 bits at\u00e9 192kHz<br \/>\nArmazenamento interno Disco r\u00edgido SATA II de 2,5 \u201de 1 TB (inclu\u00eddo) ou SSD (atualiz\u00e1vel)<br \/>\nGeral<br \/>\nDimens\u00f5es \u2013 LxAxP (mm): 440 x 125 x 400<br \/>\nPeso (embalado): 18 kg<\/p>\n","protected":false},"excerpt":{"rendered":"<p>CD e Network player Musical Fidelity M6 Encore Connect 1TB \u2013 Streaming O Musical Fidelity Encore Connect \u00e9 perfeito para quem deseja combinar o incr\u00edvel poder, realismo e envolvimento emocional do nosso amplificador M6s Pre com um CD player M3 de alta qualidade e acessibilidade a servi\u00e7os de streaming online e r\u00e1dio na web. Design [&hellip;]<\/p>\n","protected":false},"featured_media":15613,"template":"","meta":{"_acf_changed":false},"product_brand":[],"product_cat":[42,43,41,50,95,38,142],"product_tag":[],"class_list":{"0":"post-15612","1":"product","2":"type-product","3":"status-publish","4":"has-post-thumbnail","6":"product_cat-cd-players","7":"product_cat-dac","8":"product_cat-digital","9":"product_cat-music-server","10":"product_cat-musical-fidelity","11":"product_cat-pre-amplificador","12":"product_cat-streamers","14":"first","15":"instock","16":"sold-individually","17":"shipping-taxable","18":"purchasable","19":"product-type-simple"},"acf":[],"aioseo_notices":[],"_links":{"self":[{"href":"https:\/\/hificlub.com.br\/loja\/wp-json\/wp\/v2\/product\/15612","targetHints":{"allow":["GET"]}}],"collection":[{"href":"https:\/\/hificlub.com.br\/loja\/wp-json\/wp\/v2\/product"}],"about":[{"href":"https:\/\/hificlub.com.br\/loja\/wp-json\/wp\/v2\/types\/product"}],"wp:featuredmedia":[{"embeddable":true,"href":"https:\/\/hificlub.com.br\/loja\/wp-json\/wp\/v2\/media\/15613"}],"wp:attachment":[{"href":"https:\/\/hificlub.com.br\/loja\/wp-json\/wp\/v2\/media?parent=15612"}],"wp:term":[{"taxonomy":"product_brand","embeddable":true,"href":"https:\/\/hificlub.com.br\/loja\/wp-json\/wp\/v2\/product_brand?post=15612"},{"taxonomy":"product_cat","embeddable":true,"href":"https:\/\/hificlub.com.br\/loja\/wp-json\/wp\/v2\/product_cat?post=15612"},{"taxonomy":"product_tag","embeddable":true,"href":"https:\/\/hificlub.com.br\/loja\/wp-json\/wp\/v2\/product_tag?post=15612"}],"curies":[{"name":"wp","href":"https:\/\/api.w.org\/{rel}","templated":true}]}}