{"id":15600,"date":"2024-05-31T04:52:22","date_gmt":"2024-05-31T07:52:22","guid":{"rendered":"https:\/\/hificlub.com.br\/loja\/?post_type=product&#038;p=15600"},"modified":"2026-03-03T22:18:31","modified_gmt":"2026-03-04T01:18:31","slug":"monitor-audio-anthra-w12-12-1000-watts","status":"publish","type":"product","link":"https:\/\/hificlub.com.br\/loja\/produto\/monitor-audio-anthra-w12-12-1000-watts\/","title":{"rendered":"MONITOR AUDIO ANTHRA W12  12&#8243; 1000 watts"},"content":{"rendered":"<p>Antra W12<br \/>\nO W12 \u00e9 o modelo de tamanho m\u00e9dio da s\u00e9rie de subwoofers Anthra. Ele possui um driver C-CAM de alta excurs\u00e3o de 12\u201d (30 cm) Rigid Surface Technology II (RST II), alimentado por um amplificador Classe D de 1.000 Watts, alojado dentro de um gabinete de caixa selada e totalmente refor\u00e7ado internamente.<br \/>\nProjetado para fornecer graves impressionantes em espa\u00e7os m\u00e9dios e grandes, o subwoofer Anthra W12 possui um formid\u00e1vel amplificador Classe D de 1.000 Watts acionando um driver C-CAM de alta excurs\u00e3o de 12\u201d (30 cm) Rigid Surface Technology II (RST II). O W12 pode ser usado sozinho ou conectado a at\u00e9 tr\u00eas outros subwoofers Anthra para uma experi\u00eancia auditiva verdadeiramente envolvente e ultradin\u00e2mica.<\/p>\n<p>Um display LCD colorido e um dial girat\u00f3rio est\u00e3o localizados no painel traseiro, para permitir a configura\u00e7\u00e3o b\u00e1sica do subwoofer e a sele\u00e7\u00e3o de predefini\u00e7\u00f5es de EQ, enquanto recursos avan\u00e7ados, incluindo configura\u00e7\u00e3o de DSP e configura\u00e7\u00e3o de conectividade multi-sub, est\u00e3o dispon\u00edveis atrav\u00e9s do aplicativo MaestroUnite.<\/p>\n<p>Caracter\u00edsticas principais<br \/>\n1 x 12\u201d (30cm) Rigid Surface Technology II (RST II) e driver de alta excurs\u00e3o de alum\u00ednio e magn\u00e9sio revestido de cer\u00e2mica (C-CAM) para desempenho super limpo<br \/>\nO amplificador Classe D de 1 x 1000 Watts garante que o driver esteja funcionando com seu n\u00edvel de desempenho ideal, independentemente do volume<br \/>\nConjuntos de motores maci\u00e7os e bobinas de voz de enrolamento redondo mais longas, que s\u00e3o de camada dupla e feitas de fio de alum\u00ednio revestido de cobre (CCAW) para controle preciso em frequ\u00eancias extremamente baixas<br \/>\nTela LCD colorida de 2 polegadas com bot\u00e3o girat\u00f3rio para sele\u00e7\u00e3o de menu e configura\u00e7\u00e3o b\u00e1sica<br \/>\nEntradas RCA (esquerda\/direita. A entrada esquerda \u00e9 LFE)<br \/>\nAs sa\u00eddas RCA permitem a liga\u00e7\u00e3o em s\u00e9rie de at\u00e9 4 subwoofers Anthra<br \/>\nEntradas XLR para op\u00e7\u00e3o de conectividade de instala\u00e7\u00e3o profissional<br \/>\nAs sa\u00eddas XLR permitem a liga\u00e7\u00e3o em s\u00e9rie de at\u00e9 quatro subwoofers Anthra<br \/>\nDispon\u00edvel nos acabamentos Preto Brilhante e Branco Acetinado<br \/>\nA configura\u00e7\u00e3o MaestroUnite para subwoofers Monitor Audio Anthra permite uma configura\u00e7\u00e3o personalizada completa do usu\u00e1rio. Dispon\u00edvel para download na App Store e no Google Play .<\/p>\n<p>Especifica\u00e7\u00f5es<br \/>\nFormato do Sistema Ativo \u2013 Gabinete Selado<br \/>\nComplemento da unidade de acionamento 1x driver de suspens\u00e3o tripla de alta exclus\u00e3o linear de 300 mm (12\u2033)<br \/>\nClassifica\u00e7\u00e3o do amplificador Classe D de alta efici\u00eancia<br \/>\nLimite de frequ\u00eancia inferior -6dB @16Hz<br \/>\nLimite de frequ\u00eancia superior (LPF desligado) -6dB @400Hz<br \/>\nExcurs\u00e3o de motorista (pk-pk) 50 mm<br \/>\nDSP 28Bit 50MIPS configur\u00e1vel atrav\u00e9s do MaestroUnite<br \/>\nEntrada de ajuste autom\u00e1tico de convers\u00e3o digital anal\u00f3gica que combina uma entrada m\u00e1xima de 10Vrms com baixo sinal-ru\u00eddo para sinais pequenos<br \/>\nPot\u00eancia de sa\u00edda do amplificador, instant\u00e2nea: 900 W<br \/>\nControle de fase 0-360 graus medido no crossover LPF<br \/>\nFiltro passa-baixo LPF de 20-200 Hz com Roll off ajust\u00e1vel de -3 a -48dB\/Oct em passos de 3dB\/Oct<br \/>\nEQ personalizado configur\u00e1vel atrav\u00e9s do MaestroUnite; 3 curvas de EQ predefinidas mais 3 curvas de EQ personalizadas, cada uma com suporte para EQ personalizado de 8 bandas (Peaking, High Shelf, Low Shelf, High Pass)<br \/>\nN\u00edvel de volume Amplo ganho de entrada ajust\u00e1vel para permitir sa\u00edda m\u00e1xima de uma ampla gama de sinais de entrada<br \/>\nEntradas RCA est\u00e9reo n\u00e3o balanceado (ou mono\/LFE usando apenas conector marcado como LFE)Mono\/LFE XLR balanceado<br \/>\nSa\u00eddas Sa\u00eddas est\u00e9reo n\u00e3o balanceadas com taxa de transfer\u00eancia sem buffer de entradas RCA<br \/>\nSa\u00eddas XLR balanceadas Mono\/LFE com taxa de transfer\u00eancia sem buffer da entrada XLR<br \/>\nTens\u00e3o de entrada da rede el\u00e9trica universal, 85-265 VCA<br \/>\nDimens\u00f5es externas (sem p\u00e9s) (AxLxP)  374 x 374 x 374 mm<br \/>\n(14,72 x 14,72 x 14,72 polegadas)<br \/>\nConsumo de energia 200 W<br \/>\nConstru\u00e7\u00e3o do gabinete em MDF refor\u00e7ado de 18 mm de espessura com defletor frontal de 36 mm<br \/>\nGrade Pano coberto com grades fixadas magneticamente<br \/>\nPeso 32,4kg<\/p>\n","protected":false},"excerpt":{"rendered":"<p>Antra W12 O W12 \u00e9 o modelo de tamanho m\u00e9dio da s\u00e9rie de subwoofers Anthra. Ele possui um driver C-CAM de alta excurs\u00e3o de 12\u201d (30 cm) Rigid Surface Technology II (RST II), alimentado por um amplificador Classe D de 1.000 Watts, alojado dentro de um gabinete de caixa selada e totalmente refor\u00e7ado internamente. Projetado [&hellip;]<\/p>\n","protected":false},"featured_media":15601,"template":"","meta":{"_acf_changed":false},"product_brand":[],"product_cat":[17,109,36],"product_tag":[],"class_list":{"0":"post-15600","1":"product","2":"type-product","3":"status-publish","4":"has-post-thumbnail","6":"product_cat-caixas","7":"product_cat-monitor-audio","8":"product_cat-subwoofer","10":"first","11":"instock","12":"sold-individually","13":"shipping-taxable","14":"purchasable","15":"product-type-simple"},"acf":[],"aioseo_notices":[],"_links":{"self":[{"href":"https:\/\/hificlub.com.br\/loja\/wp-json\/wp\/v2\/product\/15600","targetHints":{"allow":["GET"]}}],"collection":[{"href":"https:\/\/hificlub.com.br\/loja\/wp-json\/wp\/v2\/product"}],"about":[{"href":"https:\/\/hificlub.com.br\/loja\/wp-json\/wp\/v2\/types\/product"}],"wp:featuredmedia":[{"embeddable":true,"href":"https:\/\/hificlub.com.br\/loja\/wp-json\/wp\/v2\/media\/15601"}],"wp:attachment":[{"href":"https:\/\/hificlub.com.br\/loja\/wp-json\/wp\/v2\/media?parent=15600"}],"wp:term":[{"taxonomy":"product_brand","embeddable":true,"href":"https:\/\/hificlub.com.br\/loja\/wp-json\/wp\/v2\/product_brand?post=15600"},{"taxonomy":"product_cat","embeddable":true,"href":"https:\/\/hificlub.com.br\/loja\/wp-json\/wp\/v2\/product_cat?post=15600"},{"taxonomy":"product_tag","embeddable":true,"href":"https:\/\/hificlub.com.br\/loja\/wp-json\/wp\/v2\/product_tag?post=15600"}],"curies":[{"name":"wp","href":"https:\/\/api.w.org\/{rel}","templated":true}]}}