{"id":15590,"date":"2024-05-31T04:36:18","date_gmt":"2024-05-31T07:36:18","guid":{"rendered":"https:\/\/hificlub.com.br\/loja\/?post_type=product&#038;p=15590"},"modified":"2026-03-03T22:18:32","modified_gmt":"2026-03-04T01:18:32","slug":"monitor-audio-anthra-w15-15-1500-watts","status":"publish","type":"product","link":"https:\/\/hificlub.com.br\/loja\/produto\/monitor-audio-anthra-w15-15-1500-watts\/","title":{"rendered":"MONITOR AUDIO ANTHRA W15  15&#8243; 1500 watts"},"content":{"rendered":"<p>Antra W15<br \/>\nO W15 \u00e9 o maior subwoofer da s\u00e9rie de subwoofers Anthra. Ele possui um driver C-CAM de alta excurs\u00e3o de tecnologia de superf\u00edcie r\u00edgida II (RST II) de 15\u201d (38 cm), alimentado por um amplificador Classe D de 1.500 Watts, alojado em um gabinete de caixa selada e totalmente refor\u00e7ado internamente.<br \/>\nProjetado para fornecer os graves mais profundos nos maiores espa\u00e7os, o subwoofer Anthra W15 possui um amplificador Classe D extremamente potente de 1.500 Watts acionando um driver C-CAM de alta excurs\u00e3o de 15\u201d (38cm) Rigid Surface Technology II (RST II). O W15 pode ser usado sozinho ou conectado a at\u00e9 tr\u00eas outros subwoofers Anthra para uma experi\u00eancia auditiva verdadeiramente envolvente e ultradin\u00e2mica.<\/p>\n<p>Um display LCD colorido e um dial girat\u00f3rio est\u00e3o localizados no painel traseiro, para permitir a configura\u00e7\u00e3o b\u00e1sica do subwoofer e a sele\u00e7\u00e3o de predefini\u00e7\u00f5es de EQ, enquanto recursos avan\u00e7ados, incluindo configura\u00e7\u00e3o de DSP e configura\u00e7\u00e3o de conectividade multi-sub, est\u00e3o dispon\u00edveis atrav\u00e9s do aplicativo MaestroUnite.<\/p>\n<p>Caracter\u00edsticas principais<br \/>\n1 x 15\u201d (38 cm) Rigid Surface Technology II (RST II) e driver de alta excurs\u00e3o de alum\u00ednio e magn\u00e9sio revestido de cer\u00e2mica (C-CAM) para desempenho super limpo<br \/>\nO amplificador Classe D de 1 x 1.500 Watts garante que o driver esteja funcionando com seu n\u00edvel de desempenho ideal, independentemente do volume<br \/>\nConjuntos de motores maci\u00e7os e bobinas de voz de enrolamento redondo mais longas, que s\u00e3o de camada dupla e feitas de fio de alum\u00ednio revestido de cobre (CCAW) para controle preciso em frequ\u00eancias extremamente baixas<br \/>\nTela LCD colorida de 2 polegadas com bot\u00e3o girat\u00f3rio para sele\u00e7\u00e3o de menu e configura\u00e7\u00e3o b\u00e1sica<br \/>\nEntradas RCA (esquerda\/direita. A entrada esquerda \u00e9 LFE)<br \/>\nAs sa\u00eddas RCA permitem a liga\u00e7\u00e3o em s\u00e9rie de at\u00e9 4 subwoofers Anthra<br \/>\nEntradas XLR para op\u00e7\u00e3o de conectividade de instala\u00e7\u00e3o profissional<br \/>\nAs sa\u00eddas XLR permitem a liga\u00e7\u00e3o em s\u00e9rie de at\u00e9 quatro subwoofers Anthra<br \/>\nDispon\u00edvel nos acabamentos Preto Brilhante e Branco Acetinado<br \/>\nA configura\u00e7\u00e3o MaestroUnite para subwoofers Monitor Audio Anthra permite uma configura\u00e7\u00e3o personalizada completa do usu\u00e1rio. Dispon\u00edvel para download na App Store e no Google Play .<\/p>\n<p>Formato do sistema\tAtivo &#8211; Gabinete Selado<br \/>\nComplemento da unidade de acionamento\t1 driver de suspens\u00e3o tripla de alta excurs\u00e3o linear de 15&#8243; (381 mm)<br \/>\nClassifica\u00e7\u00e3o do Amplificador\tClasse D de alta efici\u00eancia<br \/>\nLimite inferior de frequ\u00eancia\t-6dB a 16Hz<br \/>\nLimite superior de frequ\u00eancia\t(LPF desligado) -6dB @ 400Hz<br \/>\nExcurs\u00e3o de motorista\t50mm<br \/>\nDSP\t28 bits 50 MIPS configur\u00e1vel atrav\u00e9s do MaestroUnite<br \/>\nConvers\u00e3o Anal\u00f3gica Digital\tEntrada de escala autom\u00e1tica que combina uma entrada m\u00e1xima de 10 Vrms com baixo sinal-ru\u00eddo para sinais pequenos<br \/>\nPot\u00eancia de sa\u00edda do amplificador<br \/>\nInstant\u00e2neo: 2500W<br \/>\nCurto prazo cont\u00ednuo: 1400W<br \/>\nControle de Fase\t0-360 graus medidos no crossover LPF<br \/>\nFiltro passa-baixo<br \/>\nLPF de 20-200 Hz com Roll off<br \/>\nAjust\u00e1vel de -3 a -48dB\/outubro<br \/>\nEQ personalizado<br \/>\nConfigur\u00e1vel atrav\u00e9s do MaestroUnite<br \/>\n3 curvas de equaliza\u00e7\u00e3o predefinidas<br \/>\n3 curvas de equaliza\u00e7\u00e3o personalizadas, cada uma com suporte para equaliza\u00e7\u00e3o personalizada de 8 bandas (Peaking, High Shelf, Low Shelf, High Pass)<br \/>\nN\u00edvel de volume<br \/>\nAmplo ganho de entrada ajust\u00e1vel para permitir sa\u00edda m\u00e1xima de uma ampla gama de sinais de entrada<\/p>\n<p>Entradas<br \/>\nRCA est\u00e9reo n\u00e3o balanceado (ou mono\/LFE usando apenas conector marcado como LFE)<br \/>\nXLR balanceado mono\/LFE<br \/>\nResultados<br \/>\nSa\u00eddas est\u00e9reo n\u00e3o balanceadas com taxa de transfer\u00eancia sem buffer de entradas RCA<br \/>\nSa\u00eddas XLR balanceadas Mono\/LFE com taxa de transfer\u00eancia sem buffer da entrada XLR<br \/>\nConstru\u00e7\u00e3o de gabinete<br \/>\nMDF refor\u00e7ado de 18 mm de espessura com defletor frontal de 36 mm<br \/>\nGrades fixadas magneticamente cobertas com tecido<br \/>\nDimens\u00f5es Externas (AxLxP) &#8211; Sem P\u00e9s\t439 mm x 439 mm x 439 mm<br \/>\nPeso\t78 libras 1 on\u00e7a (35,41 kg)<\/p>\n","protected":false},"excerpt":{"rendered":"<p>Antra W15 O W15 \u00e9 o maior subwoofer da s\u00e9rie de subwoofers Anthra. Ele possui um driver C-CAM de alta excurs\u00e3o de tecnologia de superf\u00edcie r\u00edgida II (RST II) de 15\u201d (38 cm), alimentado por um amplificador Classe D de 1.500 Watts, alojado em um gabinete de caixa selada e totalmente refor\u00e7ado internamente. Projetado para [&hellip;]<\/p>\n","protected":false},"featured_media":15591,"template":"","meta":{"_acf_changed":false},"product_brand":[],"product_cat":[17,109,36],"product_tag":[],"class_list":{"0":"post-15590","1":"product","2":"type-product","3":"status-publish","4":"has-post-thumbnail","6":"product_cat-caixas","7":"product_cat-monitor-audio","8":"product_cat-subwoofer","10":"first","11":"instock","12":"sold-individually","13":"shipping-taxable","14":"purchasable","15":"product-type-simple"},"acf":[],"aioseo_notices":[],"_links":{"self":[{"href":"https:\/\/hificlub.com.br\/loja\/wp-json\/wp\/v2\/product\/15590","targetHints":{"allow":["GET"]}}],"collection":[{"href":"https:\/\/hificlub.com.br\/loja\/wp-json\/wp\/v2\/product"}],"about":[{"href":"https:\/\/hificlub.com.br\/loja\/wp-json\/wp\/v2\/types\/product"}],"wp:featuredmedia":[{"embeddable":true,"href":"https:\/\/hificlub.com.br\/loja\/wp-json\/wp\/v2\/media\/15591"}],"wp:attachment":[{"href":"https:\/\/hificlub.com.br\/loja\/wp-json\/wp\/v2\/media?parent=15590"}],"wp:term":[{"taxonomy":"product_brand","embeddable":true,"href":"https:\/\/hificlub.com.br\/loja\/wp-json\/wp\/v2\/product_brand?post=15590"},{"taxonomy":"product_cat","embeddable":true,"href":"https:\/\/hificlub.com.br\/loja\/wp-json\/wp\/v2\/product_cat?post=15590"},{"taxonomy":"product_tag","embeddable":true,"href":"https:\/\/hificlub.com.br\/loja\/wp-json\/wp\/v2\/product_tag?post=15590"}],"curies":[{"name":"wp","href":"https:\/\/api.w.org\/{rel}","templated":true}]}}