{"id":1557,"date":"2023-10-17T19:56:39","date_gmt":"2023-10-17T22:56:39","guid":{"rendered":"https:\/\/hificlub.com.br\/loja2\/produto\/bw-805-d4\/"},"modified":"2026-03-03T22:21:00","modified_gmt":"2026-03-04T01:21:00","slug":"bw-805-d4","status":"publish","type":"product","link":"https:\/\/hificlub.com.br\/loja\/produto\/bw-805-d4\/","title":{"rendered":"B&#038;W 805 D4"},"content":{"rendered":"<p><b><span class=\"type\">Vis\u00e3o geral<\/span><\/b><\/p>\n<div class=\"value\">\n<p>O alto-falante de montagem 805 D4 \u00e9 o modelo mais compacto da linha 800 Series Diamond, mas ainda est\u00e1 repleto de tecnologias avan\u00e7adas, incluindo o important\u00edssimo tweeter Diamond dome e o Solid Body Tweeter-on-Top.\u00a0\u00c9 a prova positiva de que o pequeno ainda pode ser bonito.<\/p>\n<div class=\"product attribute description\">\n<div class=\"value\">\n<p>Arm\u00e1rio de envolt\u00f3rio reverso<\/p>\n<p>Em vez de um alto-falante de frente plana com uma curva traseira, os gabinetes da Bowers &amp; Wilkins s\u00e3o formados a partir de uma curva cont\u00ednua, unida por uma coluna de alum\u00ednio s\u00f3lido.\u00a0Menos jun\u00e7\u00f5es tornam a estrutura mais r\u00edgida e inerte e uma frente curva significa menos confus\u00e3o em torno das unidades de acionamento.\u00a0Assim, a dispers\u00e3o do som \u00e9 melhorada e a reflex\u00e3o do gabinete \u00e9 reduzida.<\/p>\n<p>&nbsp;<\/p>\n<p>Cone Cont\u00ednuo\u2122<\/p>\n<p>Gra\u00e7as \u00e0 sua constru\u00e7\u00e3o composta, o cone Continuum\u2122 evita as transi\u00e7\u00f5es abruptas de comportamento que podem prejudicar o desempenho de uma unidade de acionamento convencional.\u00a0O resultado \u00e9 uma performance mais aberta e neutra que entrega vozes e instrumentos com precis\u00e3o e transpar\u00eancia.<\/p>\n<p>&nbsp;<\/p>\n<p>Placa superior de alum\u00ednio<\/p>\n<p>Cada modelo est\u00e9reo da nova linha 800 Series Diamond possui um design de gabinete significativamente atualizado com uma se\u00e7\u00e3o superior de alum\u00ednio totalmente nova para rigidez ainda maior.\u00a0O mesmo design tamb\u00e9m fornece um ponto de montagem perfeito para todos os novos detalhes de gabinete Leather by Connolly, com couro preto luxuoso para gabinetes escuros e cinza claro para acabamentos mais claros.<\/p>\n<p>Cruzamento<\/p>\n<p>Todos os modelos est\u00e9reo da nova linha 800 Series Diamond agora usam designs de crossover montados na parte traseira montados em lombadas de alum\u00ednio r\u00edgidas.\u00a0Isso isola os capacitores sens\u00edveis dos efeitos indesejados da press\u00e3o do ar dentro do gabinete e cria um dissipador de calor muito eficaz para garantir um \u00f3timo desempenho quando em uso.<\/p>\n<p>Couro por Connolly<\/p>\n<p>A parte superior de cada modelo est\u00e9reo apresenta uma placa superior de alum\u00ednio, coberta com o novo acabamento Leather by Connolly.\u00a0A Bowers &amp; Wilkins usa couro preto luxuoso de flor integral para acabamentos Gloss Black e Satin Rosenut, e um couro cinza claro para White e Satin Walnut.<\/p>\n<\/div>\n<\/div>\n<\/div>\n<p><b>O alto-falante de montagem standmount 805 D4 \u00e9 o modelo mais compacto da gama Diamond Series 800, mas ainda est\u00e1 repleto de tecnologias avan\u00e7adas, incluindo aquele tweeter de c\u00fapula Diamond important\u00edssimo e o Tweeter-on-Top de corpo s\u00f3lido.\u00a0\u00c9 a\u00a0<\/b><b>\u00a0prova de que o pequeno ainda pode ser bonito.<\/b><\/p>\n<p>&nbsp;<\/p>\n<p><i>Suportes de ch\u00e3o vendidos separadamente.<\/i><\/p>\n<div>\n<div>\n<div><b>\u00a0<\/b><\/div>\n<div>\n<div>\n<div><b>Pequeno diamante<\/b><\/div>\n<div>\n<div>\n<div>O 805 D4 pode ser menor do que seus irm\u00e3os de p\u00e9, mas n\u00e3o \u00e9 leve: seu gabinete Reverse-Wrap lindamente constru\u00eddo, pods de baixo de alum\u00ednio r\u00edgido e cone de m\u00e9dio-baixo Continuum \u2122 de 165 mm (6,5 pol.) Proporcionam uma extens\u00e3o e escala de graves excepcionais para um relativamente compacto alto falante.<\/div>\n<div><\/div>\n<\/div>\n<\/div>\n<\/div>\n<div><b>800 Series Diamond<\/b><\/div>\n<div>\n<div>Esta n\u00e3o \u00e9 apenas outra linha de alto-falantes.\u00a0Cada nova gera\u00e7\u00e3o do 800 Series Diamond \u00e9 um evento marcante para a Bowers &amp; Wilkins.\u00a0Este \u00e9 nosso benchmark, nosso \u00edcone;\u00a0a mais avan\u00e7ada linha de alto-falantes que sabemos fazer, equipada com todas as nossas tecnologias mais sofisticadas e projetada\u00a0\u00a0para oferecer o m\u00e1ximo em realismo sonoro.\u00a0Para n\u00f3s, o Diamante da S\u00e9rie 800 \u00e9 tudo o que sabemos e tudo o que somos.<\/div>\n<p>&nbsp;<\/p>\n<div>\n<div>\n<div>\n<div><b>Tweeter Diamond Dome<\/b><\/div>\n<div>\n<div>Uma das nossas conquistas mais significativas nas \u00faltimas duas d\u00e9cadas, o tweeter de c\u00fapula Diamond ultra-r\u00edgido e extremamente preciso \u00e9 a combina\u00e7\u00e3o perfeita de baixa massa, rigidez excepcional e precis\u00e3o excepcional.\u00a015 anos depois de lan\u00e7\u00e1-lo, n\u00e3o encontramos uma tecnologia de c\u00fapula de tweeter melhor.<\/div>\n<\/div>\n<div><b>\u00a0<\/b><\/div>\n<div><b>Conjunto de tweeter de corpo s\u00f3lido<\/b><\/div>\n<div>\n<div>A mais recente encarna\u00e7\u00e3o de nossa caixa ic\u00f4nica para Tweeter-on-Top Solid Body apresenta uma forma alongada com um sistema de carregamento de tubo mais longo, produzindo um som ainda mais livre e aberto com altas frequ\u00eancias.\u00a0Como antes, a caixa cuidadosamente desacoplada \u00e9 fresada a partir de um \u00fanico bloco s\u00f3lido de alum\u00ednio para melhor resistir \u00e0 resson\u00e2ncia.<\/div>\n<div><\/div>\n<div>\n<div><b>Gabinete Inv\u00f3lucro Inverso<\/b><\/div>\n<div>Em vez de um alto-falante de frente plana com uma curva posterior, nossos gabinetes s\u00e3o formados a partir de uma curva cont\u00ednua, unida por uma lombada de alum\u00ednio s\u00f3lido.\u00a0Menos juntas tornam a estrutura mais r\u00edgida e inerte, e uma frente curva significa menos desconcertante ao redor das unidades de acionamento.\u00a0Portanto, a dispers\u00e3o do som \u00e9 melhorada e a reflex\u00e3o do gabinete \u00e9 reduzida.<\/div>\n<div><\/div>\n<div>\n<div><b>Matriz<\/b><\/div>\n<div>\n<div>Matrix bracing usa pain\u00e9is intertravados para refor\u00e7ar as paredes do gabinete do alto-falante em todas as dire\u00e7\u00f5es internamente, reduzindo a resson\u00e2ncia e criando um ambiente sonoro mais confi\u00e1vel.\u00a0Todos os modelos da nova S\u00e9rie 800 Diamond se beneficiam de um design Matrix atualizado que combina uma constru\u00e7\u00e3o s\u00f3lida de compensado com contraventamento de alum\u00ednio para refor\u00e7ar os principais pontos de tens\u00e3o.<\/div>\n<div><\/div>\n<div>\n<div>\n<div><b>Cone cont\u00ednuo<\/b><\/div>\n<div>\n<div>Gra\u00e7as \u00e0 sua constru\u00e7\u00e3o composta, o cone Continuum evita as transi\u00e7\u00f5es abruptas de\u00a0\u00a0comportamento que podem prejudicar o desempenho de\u00a0\u00a0uma unidade de acionamento convencional.\u00a0O resultado \u00e9 uma performance mais aberta e neutra que entrega vozes e instrumentos com precis\u00e3o e transpar\u00eancia.<\/div>\n<div><\/div>\n<\/div>\n<\/div>\n<div>\n<div><b>Placa superior de alum\u00ednio<\/b><\/div>\n<div>\n<div>Todos os modelos est\u00e9reo da nova linha Diamond Series 800 t\u00eam um design de gabinete significativamente atualizado com uma se\u00e7\u00e3o superior de alum\u00ednio totalmente nova para maior rigidez.\u00a0O mesmo design tamb\u00e9m oferece\u00a0\u00a0um ponto de montagem perfeito para todos os novos detalhes de gabinetes Leather by Connolly, com couro preto luxuoso para gabinetes escuros e cinza claro para acabamentos mais claros.<\/div>\n<div><\/div>\n<div>\n<div><b>Crossover<\/b><\/div>\n<div><\/div>\n<\/div>\n<div>Todos os modelos est\u00e9reo na nova linha Diamond Series 800 agora usam designs de crossover montados na parte traseira montados em lombadas de alum\u00ednio r\u00edgido.\u00a0Isso isola os capacitores sens\u00edveis dos efeitos indesejados da press\u00e3o do ar dentro do gabinete\u00a0\u00a0e torna-se um dissipador de calor muito eficaz para\u00a0\u00a0garantir um desempenho ideal quando em uso.<\/div>\n<\/div>\n<\/div>\n<p>&nbsp;<\/p>\n<div>\n<div><b>Couro por Connolly<\/b><\/div>\n<div><\/div>\n<\/div>\n<div>A se\u00e7\u00e3o superior de cada modelo est\u00e9reo apresenta uma placa superior de alum\u00ednio, coberta com o novo acabamento Leather by Connolly.\u00a0Usamos couro preto de flor integral para acabamentos Gloss Black e Satin Rosenut, e couro cinza claro para White e Satin Walnut.<\/div>\n<div><\/div>\n<div>\n<div>\n<div><b>Procurando por algo maior?<\/b><\/div>\n<\/div>\n<div>\n<div>\n<div>Por que mudar de 805 D4 para 804 D4?\u00a0Primeiro, o 804 D4 \u00e9 um alto-falante de tr\u00eas vias, com dois cones de baixo Aerofoil \u2122 de 165 mm (6,5 pol.) &#8211; e isso traz enormes benef\u00edcios em sua pot\u00eancia e escala.\u00a0Em segundo lugar, como um alto-falante de tr\u00eas vias, ele inclui um cone de m\u00e9dio porte dedicado, para que as vozes e outros detalhes soem mais precisos.<\/div>\n<div><\/div>\n<\/div>\n<\/div>\n<\/div>\n<\/div>\n<\/div>\n<\/div>\n<\/div>\n<\/div>\n<\/div>\n<\/div>\n<\/div>\n<div>\n<div><\/div>\n<div>\n<div>\n<div><b>Descri\u00e7\u00e3o<\/b><\/div>\n<div>Sistema de caixa ventilada de 2 vias<\/div>\n<div><\/div>\n<\/div>\n<div><b>\u00a0<\/b><\/div>\n<div>\n<div><b>Unidades de acionamento<\/b><\/div>\n<div><\/div>\n<\/div>\n<div>\n<div>1x \u00f825mm (1in) c\u00fapula de diamante de alta frequ\u00eancia<\/div>\n<div>1x \u00f8165 mm (6,5 pol.) Intervalo m\u00e9dio de baixo de cone cont\u00ednuo<\/div>\n<div><\/div>\n<\/div>\n<div><b>Caracter\u00edsticas t\u00e9cnicas<\/b><\/div>\n<div>\n<div>Tweeter de diamante<\/div>\n<div>Tweeter no topo de corpo s\u00f3lido<\/div>\n<div>Continuum cone bass \/ mid<\/div>\n<div>Matriz<\/div>\n<div>Flowport<\/div>\n<div><\/div>\n<div>\n<div><b>Alcance de frequ\u00eancia<\/b><\/div>\n<div>34Hz a 35kHz<\/div>\n<div><\/div>\n<\/div>\n<div>\n<div><b>Resposta de frequ\u00eancia\u00a0\u00a0<\/b>(+\/- 3dB do eixo de refer\u00eancia)<\/div>\n<div>42Hz a 28kHz<\/div>\n<div><\/div>\n<\/div>\n<div><\/div>\n<div>\n<div><b>Sensibilidade\u00a0<\/b>\u00a0(no eixo em 2,83 Vrms em 1m)<\/div>\n<div>88dB<\/div>\n<div><\/div>\n<div>\n<div><b>Distor\u00e7\u00e3o harm\u00f4nica<\/b><\/div>\n<div>\n<div>2\u00ba e 3\u00ba harm\u00f4nicos (90dB, 1m no eixo)<\/div>\n<div>&lt;1% 90Hz &#8211; 20kHz<\/div>\n<div>&lt;0,3% 120Hz &#8211; 20kHz<\/div>\n<div><\/div>\n<div>\n<div><b>Imped\u00e2ncia nominal<\/b><\/div>\n<div>8\u03a9 (m\u00ednimo 4,6\u03a9)<\/div>\n<div><\/div>\n<div>\n<div><b>Pot\u00eancia recomendada do amplificador<\/b><\/div>\n<div>50W &#8211; 120W em 8\u03a9 no programa n\u00e3o cortado<\/div>\n<div><\/div>\n<div>\n<div><b>M\u00e1x.\u00a0imped\u00e2ncia de cabo recomendada<\/b><\/div>\n<div>0,1\u03a9<\/div>\n<div><\/div>\n<div>\n<div><b>Dimens\u00f5es<\/b><\/div>\n<div>Altura: 440 mm<\/div>\n<div>Largura: 240 mm<\/div>\n<div>Profundidade: 373 mm<\/div>\n<div><\/div>\n<div>\n<div><b>Peso l\u00edquido<\/b><\/div>\n<div>15,55kg<\/div>\n<div><\/div>\n<div>\n<div><b>Acabamentos<\/b><\/div>\n<div>Gabinete preto brilhante com grade preta<\/div>\n<div>Satin Rosenut\u00a0\u00a0gabinete\u00a0\u00a0com grelha preta<\/div>\n<div>Gabinete de\u00a0\u00a0nogueira acetinada\u00a0\u00a0com grade cinza<\/div>\n<div>Gabinete\u00a0\u00a0branco\u00a0\u00a0com grade cinza<\/div>\n<\/div>\n<\/div>\n<\/div>\n<\/div>\n<\/div>\n<\/div>\n<\/div>\n<\/div>\n<\/div>\n<\/div>\n<\/div>\n<\/div>\n<\/div>\n<\/div>\n<\/div>\n<\/div>\n","protected":false},"excerpt":{"rendered":"<p>Vis\u00e3o geral O alto-falante de montagem 805 D4 \u00e9 o modelo mais compacto da linha 800 Series Diamond, mas ainda est\u00e1 repleto de tecnologias avan\u00e7adas, incluindo o important\u00edssimo tweeter Diamond dome e o Solid Body Tweeter-on-Top.\u00a0\u00c9 a prova positiva de que o pequeno ainda pode ser bonito. Arm\u00e1rio de envolt\u00f3rio reverso Em vez de um [&hellip;]<\/p>\n","protected":false},"featured_media":5718,"template":"","meta":{"_acf_changed":false},"product_brand":[],"product_cat":[19,25,17],"product_tag":[],"class_list":{"0":"post-1557","1":"product","2":"type-product","3":"status-publish","4":"has-post-thumbnail","6":"product_cat-bw","7":"product_cat-bookshelf","8":"product_cat-caixas","10":"first","11":"instock","12":"sold-individually","13":"shipping-taxable","14":"product-type-simple"},"acf":[],"aioseo_notices":[],"_links":{"self":[{"href":"https:\/\/hificlub.com.br\/loja\/wp-json\/wp\/v2\/product\/1557","targetHints":{"allow":["GET"]}}],"collection":[{"href":"https:\/\/hificlub.com.br\/loja\/wp-json\/wp\/v2\/product"}],"about":[{"href":"https:\/\/hificlub.com.br\/loja\/wp-json\/wp\/v2\/types\/product"}],"wp:featuredmedia":[{"embeddable":true,"href":"https:\/\/hificlub.com.br\/loja\/wp-json\/wp\/v2\/media\/5718"}],"wp:attachment":[{"href":"https:\/\/hificlub.com.br\/loja\/wp-json\/wp\/v2\/media?parent=1557"}],"wp:term":[{"taxonomy":"product_brand","embeddable":true,"href":"https:\/\/hificlub.com.br\/loja\/wp-json\/wp\/v2\/product_brand?post=1557"},{"taxonomy":"product_cat","embeddable":true,"href":"https:\/\/hificlub.com.br\/loja\/wp-json\/wp\/v2\/product_cat?post=1557"},{"taxonomy":"product_tag","embeddable":true,"href":"https:\/\/hificlub.com.br\/loja\/wp-json\/wp\/v2\/product_tag?post=1557"}],"curies":[{"name":"wp","href":"https:\/\/api.w.org\/{rel}","templated":true}]}}