{"id":15510,"date":"2024-05-26T13:05:11","date_gmt":"2024-05-26T16:05:11","guid":{"rendered":"https:\/\/hificlub.com.br\/loja\/?post_type=product&#038;p=15510"},"modified":"2026-03-03T22:18:32","modified_gmt":"2026-03-04T01:18:32","slug":"sonus-faber-suprema","status":"publish","type":"product","link":"https:\/\/hificlub.com.br\/loja\/produto\/sonus-faber-suprema\/","title":{"rendered":"SONUS FABER SUPREMA"},"content":{"rendered":"<p>O sistema de alto-falantes Sonus faber Suprema \u00e9 sem d\u00favida o projeto mais ambicioso j\u00e1 elaborado pela Sonus faber e representa o auge do 40\u00ba anivers\u00e1rio da marca, onde detalhes requintados, materiais luxuosos e artesanato meticuloso elevam o projeto al\u00e9m do conceito de um sistema de alto-falantes, tornando-se uma prova da dedica\u00e7\u00e3o da Sonus Faber em ultrapassar os limites da excel\u00eancia de \u00e1udio.<\/p>\n<p>Suprema personifica a propens\u00e3o natural para solu\u00e7\u00f5es inovadoras da equipa de I&amp;D da Sonus faber. Nos \u00faltimos anos, este departamento deu origem a uma s\u00e9rie de avan\u00e7os estruturais e tecnol\u00f3gicos, todos culminando na cria\u00e7\u00e3o da Suprema.<\/p>\n<p>Este projeto n\u00e3o representa apenas o altifalante de maior desempenho na hist\u00f3ria da Sonus Faber, mas tamb\u00e9m serve como um marco cr\u00edtico para a equipa de I&amp;D. Funciona como uma bancada de testes para a cria\u00e7\u00e3o de um legado duradouro de solu\u00e7\u00f5es t\u00e9cnicas que definir\u00e3o as pr\u00f3ximas gera\u00e7\u00f5es de produtos Sonus faber<\/p>\n<p>ALTO FALANTES<\/p>\n<p>Cada coluna principal do Suprema \u00e9 um sistema de 4,5 vias e possui 4 woofers dual drive, 1 mid-woofer, 1 Camelia Midrange, 1 mid-tweeter, 1 super tweeter mais 2 drivers backfire.<\/p>\n<p>A Voz de Sonus faber<\/p>\n<p>A maior aten\u00e7\u00e3o foi dada \u00e0 Voz do Sonus faber, a configura\u00e7\u00e3o de tweeter e m\u00e9dios, que evolui para um sistema de tr\u00eas novos elementos:<\/p>\n<p>\u2022 uma Camelia midrange com diafragma de polpa de celulose;<br \/>\n\u2022 um novo mid-tweeter com c\u00fapula de seda tratada;<br \/>\n\u2022 Um super tweeter com c\u00fapula de seda tratada.<\/p>\n<p>Os materiais s\u00e3o puramente fi\u00e9is \u00e0 tradi\u00e7\u00e3o Sonus Faber, mas o design eletroac\u00fastico foi completamente redesenhado.<\/p>\n<p>Cam\u00e9lia m\u00e9dio<\/p>\n<p>Os novos m\u00e9dios Camelia, respons\u00e1veis \u200b\u200bpela parte mais importante do espectro ac\u00fastico, foram desenvolvidos pela equipa de engenheiros electroac\u00fasticos para garantir a m\u00e1xima resolu\u00e7\u00e3o, mantendo ao mesmo tempo o lend\u00e1rio som natural do Sonus faber.<\/p>\n<p>O formato da nova membrana, inspirado nas formas naturais, da\u00ed o nome cam\u00e9lia, n\u00e3o \u00e9 circular e n\u00e3o \u00e9 mascarado pelas suspens\u00f5es.<\/p>\n<p>A estrutura de propaga\u00e7\u00e3o de ondas distribu\u00eddas evita a forma\u00e7\u00e3o de resson\u00e2ncias t\u00edpicas de formas circulares e oferece toda a sua superf\u00edcie ao ouvinte.<\/p>\n<p>O plugue de fase aplicou o novo Damping Ring que otimiza o movimento do ar do driver para reduzir a turbul\u00eancia enquanto orienta as ondas sonoras para refor\u00e7ar sua propaga\u00e7\u00e3o em um padr\u00e3o de onda mais consistente nas dist\u00e2ncias de audi\u00e7\u00e3o.<\/p>\n<p>O resultado \u00e9 uma resposta de frequ\u00eancia mais suave com n\u00edveis mais elevados de clareza dentro e fora do eixo.<\/p>\n<p>Cam\u00e9lia m\u00e9dio<\/p>\n<p>O controle e a din\u00e2mica s\u00e3o garantidos pelo novo sistema magn\u00e9tico de acionamento duplo.<\/p>\n<p>A gest\u00e3o do fluxo de ar \u00e9 realizada pelo cesto org\u00e2nico, um design original da Sonus faber, anteriormente implementado nos woofers Stradivari e que ser\u00e1 implementado a partir de agora em todas as pr\u00f3ximas gera\u00e7\u00f5es de colunas Sonus faber.<\/p>\n<p>A Voz de Sonus faber 3D<\/p>\n<p>Essa combina\u00e7\u00e3o especial de tweeters e m\u00e9dios \u00e9 carregada em um volume interno dedicado exclusivo, projetado para melhorar o desempenho dos drivers.<\/p>\n<p>Esta c\u00e2mara tem uma forma org\u00e2nica particular obtida atrav\u00e9s da utiliza\u00e7\u00e3o de simulador computacional, mas resultando numa forma puramente org\u00e2nica, sem paredes interiores regulares e constru\u00edda num material novo, natural e sustent\u00e1vel: a corti\u00e7a.<\/p>\n<p>A Sonus Faber pode orgulhosamente afirmar ser a primeira a utilizar corti\u00e7a reciclada para criar volume ac\u00fastico. As propriedades ac\u00fasticas deste material desempenham um papel fundamental em termos de resolu\u00e7\u00e3o e naturalidade do desempenho dos m\u00e9dios.<\/p>\n<p>Woofers de unidade dupla<\/p>\n<p>O woofer dual gap projetado pela equipe Sonus Faber \u00e9 feito para garantir a simetria da for\u00e7a do motor e minimizar as distor\u00e7\u00f5es intr\u00ednsecas a um projeto de circuito magn\u00e9tico convencional.<\/p>\n<p>Equipado com cone sandu\u00edche de polpa de papel e surround projetado para perfeito equil\u00edbrio com as necessidades da a\u00e7\u00e3o motora, este woofer possui resposta de impulso r\u00e1pida e limpa, oferecendo uma experi\u00eancia \u00fanica na reprodu\u00e7\u00e3o de graves e ultra graves.<\/p>\n<p>O motor ventilado foi projetado para aliviar a compress\u00e3o de pot\u00eancia do alto-falante, com o copo terminal feito de alum\u00ednio que tem dupla fun\u00e7\u00e3o de dissipador e garantia de funcionamento do circuito.<\/p>\n<p>Sistema de disparo traseiro<\/p>\n<p>SDA \u2013 Sound Deep Adjustment \u2013 \u200b\u200bSistema de alto-falantes bidirecionais na parte traseira da coluna principal para melhorar o palco e a dispers\u00e3o, ajust\u00e1vel usando autoformer com taping.<\/p>\n<p>Sistema de dissocia\u00e7\u00e3o<\/p>\n<p>Controlar o acoplamento entre o alto-falante e o solo \u00e9 crucial para garantir o mais alto n\u00edvel de sil\u00eancio na textura musical.<\/p>\n<p>Suprema utiliza um sistema de desacoplamento, criado em colabora\u00e7\u00e3o com a IsoAcoustics, que lhe permite atingir n\u00edveis incomuns de din\u00e2mica e pot\u00eancia, preservando o conte\u00fado energ\u00e9tico e evitando a propaga\u00e7\u00e3o de vibra\u00e7\u00f5es indesejadas ao ambiente auditivo.<\/p>\n<p>O Subwoofer Suprema<\/p>\n<p>Para a reprodu\u00e7\u00e3o ideal de frequ\u00eancias infrass\u00f4nicas, um sistema de subwoofer separado foi projetado para otimizar a resposta de graves com base no ambiente de audi\u00e7\u00e3o, independentemente da posi\u00e7\u00e3o das colunas principais.<\/p>\n<p>O Subwoofer Suprema usa dois poderosos transdutores de 38 cm com membranas de fibra de carbono forjadas e um sistema de motor magn\u00e9tico de neod\u00edmio para garantir press\u00f5es sonoras de at\u00e9 16 Hz.<\/p>\n<p>Tempo e equil\u00edbrio<\/p>\n<p>Os filtros crossover Suprema, parcialmente vis\u00edveis nas laterais da coluna principal, utilizam a melhor combina\u00e7\u00e3o de configura\u00e7\u00f5es eletroac\u00fasticas experimentadas pela equipe de P&amp;D nos \u00faltimos 10 anos.<\/p>\n<p>Atrav\u00e9s de v\u00e1rias itera\u00e7\u00f5es de simula\u00e7\u00e3o, testes e audi\u00e7\u00e3o, a Sonus faber tenta alcan\u00e7ar o equil\u00edbrio tonal perfeito e o mais rigoroso controle das fases ac\u00fasticas, respons\u00e1veis \u200b\u200bpelo tempo e desempenho perfeito do palco sonoro em todas as 3 dimens\u00f5es.<\/p>\n<p>A topologia dos crossovers \u00e9 uma solu\u00e7\u00e3o h\u00edbrida que combina a tecnologia IFF e a topologia Paracross, para obter o melhor dos dois mundos. O design Phase Coherent garante o alinhamento de tempo ideal com controle total do comportamento relativo das fases.<\/p>\n<p>Eletr\u00f4nica de \u00faltima gera\u00e7\u00e3o<\/p>\n<p>A gest\u00e3o da integra\u00e7\u00e3o entre a coluna principal Suprema e os subwoofers est\u00e1 a cargo do crossover eletr\u00f3nico, dual mono e totalmente balanceado, desenhado pela Sonus faber para oferecer versatilidade de utiliza\u00e7\u00e3o com o m\u00e1ximo respeito pelo sinal el\u00e9trico.<\/p>\n<p>Todos os circuitos de corte e controle de fase s\u00e3o 100% anal\u00f3gicos e criados usando componentes discretos selecionados.<\/p>\n<p>O gabinete do crossover externo reflete a dupla ess\u00eancia desta pe\u00e7a: a fonte de alimenta\u00e7\u00e3o \u00e9 encerrada em um s\u00f3lido gabinete de alum\u00ednio. O sinal de \u00e1udio \u00e9 guardado em uma preciosa caixa de madeira lacada.<\/p>\n<p>COLUNA PRINCIPAL<\/p>\n<p>SUBWOOFER<\/p>\n<p>SISTEMA<\/p>\n<p>Caixa selada de 4,5 vias<\/p>\n<p>Carregamento de caixa selada, subwoofer passivo<\/p>\n<p>ALTO-FALANTES<\/p>\n<p>SUPER TWEETER: c\u00fapula de seda de 20 mm com guia de ondas dedicada, \u00edm\u00e3 de neod\u00edmio TWEETER: c\u00fapula de seda de 38 mm com guia de ondas dedicada, \u00edm\u00e3 de neod\u00edmio MIDRANGE: sistema de motor de driver duplo de 6,5\u201d com \u00edm\u00e3 de anel de neod\u00edmio, LINK MIDWOOFER: \u00edm\u00e3 de neod\u00edmio de 8\u201d, bobina de voz de \u00d8 65 mm, cone de papel sandu\u00edche WOOFERS: sistema de motor de driver duplo de 4 x 8\u201d com \u00edm\u00e3 de anel de neod\u00edmio, bobina de voz de \u00d8 50 mm, cone de papel sandu\u00edche BACK EMISSION TW: c\u00fapula de seda de 28 mm, \u00edm\u00e3 de neod\u00edmio BACK EMISSION MD: driver de cone de papel de 4\u201d, \u00edm\u00e3 de neod\u00edmio<\/p>\n<p>WOOFER:<\/p>\n<p>Cone sandu\u00edche de fibra de carbono de 2 x 38 cm<\/p>\n<p>PONTOS DE CRUZAMENTO<\/p>\n<p>Emiss\u00e3o frontal: 360, 430, 1700, 6700 Hz Emiss\u00e3o traseira: 500, 2300 Hz<\/p>\n<p>N \/ D<\/p>\n<p>RESPOSTA DE FREQU\u00caNCIA<\/p>\n<p>Emiss\u00e3o frontal: 45Hz \u2013 40KHz Emiss\u00e3o traseira: 500Hz \u2013 20KHz<\/p>\n<p>16 a 30\/80 Hz \u2013 vari\u00e1vel com base na configura\u00e7\u00e3o do crossover eletr\u00f4nico<\/p>\n<p>SENSIBILIDADE<\/p>\n<p>91dB 1m\/2,83V<\/p>\n<p>92dB 1m\/2,83V<\/p>\n<p>IMPED\u00c2NCIA NOMINAL<\/p>\n<p>4 ohms<\/p>\n<p>4 ohms<\/p>\n<p>SA\u00cdDA DE POT\u00caNCIA DO AMPLIFICADOR SUGERIDA<\/p>\n<p>100 W \u2013 700 W<\/p>\n<p>500 W \u2013 2.000 W<\/p>\n<p>CROSSOVER<\/p>\n<p>SISTEMA<\/p>\n<p>Totalmente Discreto \u2013 Crossover Anal\u00f3gico Puro Est\u00e9reo\/Mono ativo<\/p>\n<p>CANAIS DE ENTRADA<\/p>\n<p>2 RCA \u2013 2 Balanceado<\/p>\n<p>CANAIS DE SA\u00cdDA<\/p>\n<p>8 Balanceado \u2013 8 RCA<\/p>\n<p>RESPOSTA DE FREQU\u00caNCIA<\/p>\n<p>PRINCIPAL: 25Hz-150KHz PROC: 5Hz-150KHz<\/p>\n<p>IMPED\u00c2NCIA DE ENTRADA<\/p>\n<p>Desequilibrado: 20 k\u03a9 Balanceado: 10 k\u03a9<\/p>\n<p>CAPACIDADE DE CONDU\u00c7\u00c3O DE SA\u00cdDA<\/p>\n<p>N\u00e3o balanceado: 6 V rms (+15,5 dBv) a 490 \u03a9 Balanceado: 11 V rms (+20 dBv) a 980 \u03a9<\/p>\n<p>TENS\u00c3O DE REDE (FREQU\u00caNCIA)<\/p>\n<p>115 V (60 Hz) ou 230 V (50 Hz), configurado de f\u00e1brica.<\/p>\n","protected":false},"excerpt":{"rendered":"<p>O sistema de alto-falantes Sonus faber Suprema \u00e9 sem d\u00favida o projeto mais ambicioso j\u00e1 elaborado pela Sonus faber e representa o auge do 40\u00ba anivers\u00e1rio da marca, onde detalhes requintados, materiais luxuosos e artesanato meticuloso elevam o projeto al\u00e9m do conceito de um sistema de alto-falantes, tornando-se uma prova da dedica\u00e7\u00e3o da Sonus Faber [&hellip;]<\/p>\n","protected":false},"featured_media":15511,"template":"","meta":{"_acf_changed":false},"product_brand":[],"product_cat":[17,110,18],"product_tag":[],"class_list":{"0":"post-15510","1":"product","2":"type-product","3":"status-publish","4":"has-post-thumbnail","6":"product_cat-caixas","7":"product_cat-sonus-faber","8":"product_cat-torres","10":"first","11":"instock","12":"sold-individually","13":"shipping-taxable","14":"product-type-simple"},"acf":[],"aioseo_notices":[],"_links":{"self":[{"href":"https:\/\/hificlub.com.br\/loja\/wp-json\/wp\/v2\/product\/15510","targetHints":{"allow":["GET"]}}],"collection":[{"href":"https:\/\/hificlub.com.br\/loja\/wp-json\/wp\/v2\/product"}],"about":[{"href":"https:\/\/hificlub.com.br\/loja\/wp-json\/wp\/v2\/types\/product"}],"wp:featuredmedia":[{"embeddable":true,"href":"https:\/\/hificlub.com.br\/loja\/wp-json\/wp\/v2\/media\/15511"}],"wp:attachment":[{"href":"https:\/\/hificlub.com.br\/loja\/wp-json\/wp\/v2\/media?parent=15510"}],"wp:term":[{"taxonomy":"product_brand","embeddable":true,"href":"https:\/\/hificlub.com.br\/loja\/wp-json\/wp\/v2\/product_brand?post=15510"},{"taxonomy":"product_cat","embeddable":true,"href":"https:\/\/hificlub.com.br\/loja\/wp-json\/wp\/v2\/product_cat?post=15510"},{"taxonomy":"product_tag","embeddable":true,"href":"https:\/\/hificlub.com.br\/loja\/wp-json\/wp\/v2\/product_tag?post=15510"}],"curies":[{"name":"wp","href":"https:\/\/api.w.org\/{rel}","templated":true}]}}