{"id":15495,"date":"2024-05-26T12:20:06","date_gmt":"2024-05-26T15:20:06","guid":{"rendered":"https:\/\/hificlub.com.br\/loja\/?post_type=product&#038;p=15495"},"modified":"2026-03-03T22:18:33","modified_gmt":"2026-03-04T01:18:33","slug":"sonus-faber-stradivari-g2","status":"publish","type":"product","link":"https:\/\/hificlub.com.br\/loja\/produto\/sonus-faber-stradivari-g2\/","title":{"rendered":"SONUS FABER STRADIVARI G2"},"content":{"rendered":"<p>STRADIVARI G2<br \/>\nUm legado ic\u00f4nico redesenhado<\/p>\n<p>Projetada em homenagem a Antonio Stradivari, a segunda gera\u00e7\u00e3o do Stradivari \u00e9 rica em tradi\u00e7\u00e3o \u2013 mas reinventada com inova\u00e7\u00e3o e eleg\u00e2ncia modernas.<\/p>\n<p>UM FINO INSTRUMENTO<br \/>\nOs violinos do luthier italiano Antonio Stradivari s\u00e3o universalmente celebrados como alguns dos melhores j\u00e1 fabricados. O compromisso da Stradivari com a precis\u00e3o, a arte e a inova\u00e7\u00e3o continua a ser refletido nesta nova gera\u00e7\u00e3o do alto-falante Stradivari.<\/p>\n<p>Lan\u00e7ado vinte anos ap\u00f3s o design original para o mundo HiFi, a evolu\u00e7\u00e3o do Stradivari coincide com o 40\u00ba anivers\u00e1rio da Sonus Faber, enfatizando o nosso compromisso em honrar as nossas ra\u00edzes e permanecer na vanguarda da engenharia ac\u00fastica.<\/p>\n<p>DEDICA\u00c7\u00c3O AO PROGRESSO E ENGENHOSIDADE<br \/>\nStradivari se inspira na tradi\u00e7\u00e3o de fabrica\u00e7\u00e3o de violinos da Renascen\u00e7a italiana. No s\u00e9culo XVIII, os avan\u00e7os na fabrica\u00e7\u00e3o de violinos desafiaram as regras cl\u00e1ssicas, ampliando a forma do instrumento para criar um tom \u00fanico.<\/p>\n<p>Da mesma forma, a reintrodu\u00e7\u00e3o do alto-falante Stradivari utiliza os mais recentes avan\u00e7os em tecnologia de \u00e1udio para ampliar e aprimorar o palco sonoro. Com engenharia de ponta na gest\u00e3o de baixas frequ\u00eancias, uma das caracter\u00edsticas mais distintivas do Stradivari \u00e9 a capacidade de ajustar os woofers ao tamanho da sala, adaptando individualmente o som cristalino a cada espa\u00e7o \u00fanico.<\/p>\n<p>DESIGN TRADICIONAL COM UM TOQUE MODERNO<\/p>\n<p>A Stradivari mant\u00e9m o legado do trabalho meticuloso da madeira e do artesanato no centro de cada produto Sonus Faber. Sete camadas de laca resultam em um rico acabamento vermelho que cobre todo o corpo do Stradivari. A ic\u00f4nica mesa de som frontal evoca a arte de instrumentos musicais atemporais feitos em madeira com influ\u00eancias modernas tecidas atrav\u00e9s da arquitetura de alum\u00ednio intercalada.<\/p>\n<p>O design do Stradivari maximiza a pot\u00eancia das baixas frequ\u00eancias com um design exclusivo que expande o palco sonoro. Atrav\u00e9s de simula\u00e7\u00f5es e adapta\u00e7\u00f5es cuidadosas realizadas pela nossa equipe de Pesquisa e Design, as paredes n\u00e3o paralelas dentro da c\u00e2mara ac\u00fastica dos woofers evitam a forma\u00e7\u00e3o de ondas estacion\u00e1rias acima das frequ\u00eancias sintonizadas. O resultado \u00e9 a reprodu\u00e7\u00e3o de som da mais alta qualidade com nossa assinatura Natural Sound.<\/p>\n<p>Sistema<br \/>\nCaixa selada Midrange de 3,5 vias com Intono<\/p>\n<p>Caixa ventilada dos woofers Sistema \u201cStealth Ultraflex\u201d<\/p>\n<p>Alto-falantes<br \/>\nTweeter: Ponta de seta DAD\u2122 de \u00d8 28 mm,<\/p>\n<p>M\u00e9dios: Sistema magn\u00e9tico de neod\u00edmio \u00d8 150 mm,<\/p>\n<p>Woofer: \u00d8 260 mm 2 x Sistema de motor de acionamento duplo<\/p>\n<p>Pontos de cruzamento<br \/>\n160 Hz &#8211; 220 Hz \u2013 2.200 Hz<\/p>\n<p>Resposta de frequ\u00eancia<br \/>\n25 Hz &#8211; 35.000 Hz<\/p>\n<p>Sensibilidade<br \/>\n92dB SPL (2,83V\/1m)<\/p>\n<p>Imped\u00e2ncia nominal<br \/>\n4 ohms<\/p>\n<p>Amplificador de pot\u00eancia recomendado<br \/>\n100 W &#8211; 600 W<\/p>\n<p>Dimens\u00f5es do produto (AxLxP)<br \/>\n137,4 x 71,5 x 42,8 cm<\/p>\n<p>54 x 28,1 x 16,8 pol.<\/p>\n<p>Dimens\u00f5es com embalagem (AxLxP)<br \/>\n57 x 82 x 156 cm<\/p>\n<p>24,4 x 23,3 x 61,4 pol.<\/p>\n<p>Peso<br \/>\n63 kg \u2013 peso l\u00edquido<\/p>\n<p>138,9 libras \u2013 peso l\u00edquido<\/p>\n<p>Peso da embalagem<br \/>\n87,65kg<\/p>\n<p>193,09 libras cada<\/p>\n","protected":false},"excerpt":{"rendered":"<p>STRADIVARI G2 Um legado ic\u00f4nico redesenhado Projetada em homenagem a Antonio Stradivari, a segunda gera\u00e7\u00e3o do Stradivari \u00e9 rica em tradi\u00e7\u00e3o \u2013 mas reinventada com inova\u00e7\u00e3o e eleg\u00e2ncia modernas. UM FINO INSTRUMENTO Os violinos do luthier italiano Antonio Stradivari s\u00e3o universalmente celebrados como alguns dos melhores j\u00e1 fabricados. O compromisso da Stradivari com a precis\u00e3o, [&hellip;]<\/p>\n","protected":false},"featured_media":15498,"template":"","meta":{"_acf_changed":false},"product_brand":[],"product_cat":[17,110,18],"product_tag":[],"class_list":{"0":"post-15495","1":"product","2":"type-product","3":"status-publish","4":"has-post-thumbnail","6":"product_cat-caixas","7":"product_cat-sonus-faber","8":"product_cat-torres","10":"first","11":"instock","12":"sold-individually","13":"shipping-taxable","14":"product-type-simple"},"acf":[],"aioseo_notices":[],"_links":{"self":[{"href":"https:\/\/hificlub.com.br\/loja\/wp-json\/wp\/v2\/product\/15495","targetHints":{"allow":["GET"]}}],"collection":[{"href":"https:\/\/hificlub.com.br\/loja\/wp-json\/wp\/v2\/product"}],"about":[{"href":"https:\/\/hificlub.com.br\/loja\/wp-json\/wp\/v2\/types\/product"}],"wp:featuredmedia":[{"embeddable":true,"href":"https:\/\/hificlub.com.br\/loja\/wp-json\/wp\/v2\/media\/15498"}],"wp:attachment":[{"href":"https:\/\/hificlub.com.br\/loja\/wp-json\/wp\/v2\/media?parent=15495"}],"wp:term":[{"taxonomy":"product_brand","embeddable":true,"href":"https:\/\/hificlub.com.br\/loja\/wp-json\/wp\/v2\/product_brand?post=15495"},{"taxonomy":"product_cat","embeddable":true,"href":"https:\/\/hificlub.com.br\/loja\/wp-json\/wp\/v2\/product_cat?post=15495"},{"taxonomy":"product_tag","embeddable":true,"href":"https:\/\/hificlub.com.br\/loja\/wp-json\/wp\/v2\/product_tag?post=15495"}],"curies":[{"name":"wp","href":"https:\/\/api.w.org\/{rel}","templated":true}]}}