{"id":1549,"date":"2023-10-17T19:56:38","date_gmt":"2023-10-17T22:56:38","guid":{"rendered":"https:\/\/hificlub.com.br\/loja2\/produto\/mbl-n15-280-watts\/"},"modified":"2024-10-07T17:10:38","modified_gmt":"2024-10-07T20:10:38","slug":"mbl-n15-280-watts","status":"publish","type":"product","link":"https:\/\/hificlub.com.br\/loja\/produto\/mbl-n15-280-watts\/","title":{"rendered":"MBL N15 Monos 300 watts"},"content":{"rendered":"<p>Estado de conserva&ccedil;&atilde;o: Demo<\/p>\n<p>Amplificador de pot&ecirc;ncia mono N15<\/p>\n<div id=\"overviewContent\">\n<p><span>Para audi&oacute;filos com as mais altas exig&ecirc;ncias &ndash; o amplificador Noble Line mais avan&ccedil;ado<\/span><\/p>\n<p><strong>A NOBLE LINE &ndash; perfei&ccedil;&atilde;o intransigente para conhecedores<\/strong><\/p>\n<p><span><span>A filosofia da nossa empresa foi fundada no princ&iacute;pio de capturar e compartilhar a intensa experi&ecirc;ncia emocional criada pela arte da m&uacute;sica.&nbsp;<\/span><span>Assim como uma passagem musical pode ser requintada em sua sutileza, ou emocionante enquanto troveja em dire&ccedil;&atilde;o a um crescendo, alcan&ccedil;ar um som ao vivo como se os m&uacute;sicos estivessem se apresentando no palco dentro de sua sala de estar tem sido nossa for&ccedil;a motriz desde 1979.<\/span><\/span><\/p>\n<p><span><span>Os produtos Noble Line oferecem a mais recente inova&ccedil;&atilde;o em eletr&ocirc;nica vinda do laborat&oacute;rio de pesquisa MBL, conhecido por seu ponto ideal em engenharia entre a expertise tradicional e as t&eacute;cnicas de ponta.&nbsp;<\/span><span>Projetar a Noble Line nos permitiu reunir uma riqueza de tecnologia de ponta, como nossa amplifica&ccedil;&atilde;o de comuta&ccedil;&atilde;o anal&oacute;gica linear de 2&ordf; gera&ccedil;&atilde;o, o recurso Unity Gain em nossos pr&eacute;-amplificadores ou a prote&ccedil;&atilde;o contra sobrecarga entre amostras em nosso DAC.&nbsp;<\/span><span>Inova&ccedil;&atilde;o, habilidade e know-how n&atilde;o s&atilde;o apenas importantes, mas consideramos a apar&ecirc;ncia externa de nossa nova s&eacute;rie de produtos elegante e de bom gosto, refletindo a qualidade interna e a capacidade de cada dispositivo.<\/span><\/span><\/p>\n<p><span>Ent&atilde;o, por favor, d&ecirc; uma olhada em nossa nova linha Noble, toque seus controles e superf&iacute;cies, estude-a de todos os lados, absorva o que ela tem a oferecer.<\/span><\/p>\n<p><span>Mas acima de tudo, ou&ccedil;a.<\/span><\/p>\n<blockquote>\n<ul>\n<li><span>Layout sim&eacute;trico para melhor rejei&ccedil;&atilde;o de modo comum<\/span><\/li>\n<li><span>Amplificador de pot&ecirc;ncia LASA 2.0 &#8211; equil&iacute;brio tonal homog&ecirc;neo em toda a faixa de frequ&ecirc;ncia.<\/span><\/li>\n<li><span>Soft Clipping &ndash; entra suavemente no clipping, nunca agressivo ou distorcido<\/span><\/li>\n<li><span>Transformador toroidal anal&oacute;gico com escudo protetor<\/span><\/li>\n<li><span>Pot&ecirc;ncia de 560 watts (4&Omega;), corrente de sa&iacute;da de pico de 36 Amp<\/span><\/li>\n<li><span>2 entradas XLR \/ 1 passagem XLR (encadeamento em s&eacute;rie)<\/span><\/li>\n<\/ul>\n<\/blockquote>\n<\/div>\n<p>J\u00fcrgen Reis, engenheiro-chefe da MBL, teve o prazer de me mostrar o novo amplificador de pot\u00eancia mono de 560 W (em 4 ohms) da empresa, o MBL N15 (US$ 17.800). Mais finos que os amplificadores de linha de refer\u00eancia da MBL, quatro N15s (para biamplifica\u00e7\u00e3o) cabem em um rack de equipamento. Existem duas entradas XLR (balanceadas), uma para um pr\u00e9-amplificador e outra para um futuro servidor de m\u00eddia. Reis estava orgulhoso da alta rejei\u00e7\u00e3o de modo comum do N15 e das capacidades de sa\u00edda de 36 amperes. Usando a conex\u00e3o de rede smart-link do MBL, \u00e9 poss\u00edvel acessar um display que mostra a temperatura do amplificador e o status de falha. Recebi uma apresenta\u00e7\u00e3o detalhada em PowerPoint mostrando a estabilidade do amplificador e a baixa distor\u00e7\u00e3o durante a condu\u00e7\u00e3o de cargas dif\u00edceis de alto-falante. Fiquei impressionado com a forma como o amplificador \u00e9 resfriado usando dissipadores de calor internos fundidos por meio de distribui\u00e7\u00e3o de ar em estilo chamin\u00e9 que flui de uma entrada na parte inferior do chassi, passando pelo est\u00e1gio de sa\u00edda e fonte de alimenta\u00e7\u00e3o e saindo pelo painel traseiro.<\/p>\n<p>ESPECIFICA\u00c7\u00d5ES<br \/>\nPotencia Musical<br \/>\n900 W (2 \u03a9)<br \/>\n560 W (4 \u03a9)<br \/>\n300 W (8 \u03a9)<br \/>\nCom corrente de sa\u00edda de pico de 36 Amp, valores que garantem um desempenho soberano e irrestrito mesmo em n\u00edveis de volume mais altos<br \/>\nConex\u00f5es de alto-falantes totalmente em cobre com amortecimento de vibra\u00e7\u00f5es de alta qualidade (postes de liga\u00e7\u00e3o) do fabricante alem\u00e3o WBT<br \/>\n2 entradas anal\u00f3gicas (1 x RCA balanceada flutuante, 1 x XLR balanceada)<br \/>\nA fonte de alimenta\u00e7\u00e3o \u00e9 feita por um enorme transformador toroidal anal\u00f3gico com tecnologia de blindagem protetora em seu inv\u00f3lucro met\u00e1lico MU<br \/>\n2 conectores MBL SmartLink (RJ45)<br \/>\nAmplificador LASA 2.0 Tecnologia desenvolvida pela MBL que combina as vantagens de diferentes conceitos de amplificadores. O amplificador resultante \u00e9 perfeitamente adequado para acionar cargas complexas, como alto-falantes, garantindo que a resposta de frequ\u00eancia permane\u00e7a est\u00e1vel mesmo com cargas variadas e tenha um equil\u00edbrio tonal homog\u00eaneo em toda a faixa de frequ\u00eancia.<br \/>\nPeso 32 kg \/ 70.5 Ibs<\/p>\n","protected":false},"excerpt":{"rendered":"<p>Estado de conserva&ccedil;&atilde;o: Demo Amplificador de pot&ecirc;ncia mono N15 Para audi&oacute;filos com as mais altas exig&ecirc;ncias &ndash; o amplificador Noble Line mais avan&ccedil;ado A NOBLE LINE &ndash; perfei&ccedil;&atilde;o intransigente para conhecedores A filosofia da nossa empresa foi fundada no princ&iacute;pio de capturar e compartilhar a intensa experi&ecirc;ncia emocional criada pela arte da m&uacute;sica.&nbsp;Assim como uma [&hellip;]<\/p>\n","protected":false},"featured_media":14572,"template":"","meta":{"_acf_changed":false},"product_brand":[],"product_cat":[27,133,31],"product_tag":[],"class_list":{"0":"post-1549","1":"product","2":"type-product","3":"status-publish","4":"has-post-thumbnail","6":"product_cat-amplificador","7":"product_cat-mbl","8":"product_cat-mono","10":"first","11":"instock","12":"sold-individually","13":"shipping-taxable","14":"purchasable","15":"product-type-simple"},"acf":[],"aioseo_notices":[],"_links":{"self":[{"href":"https:\/\/hificlub.com.br\/loja\/wp-json\/wp\/v2\/product\/1549","targetHints":{"allow":["GET"]}}],"collection":[{"href":"https:\/\/hificlub.com.br\/loja\/wp-json\/wp\/v2\/product"}],"about":[{"href":"https:\/\/hificlub.com.br\/loja\/wp-json\/wp\/v2\/types\/product"}],"wp:featuredmedia":[{"embeddable":true,"href":"https:\/\/hificlub.com.br\/loja\/wp-json\/wp\/v2\/media\/14572"}],"wp:attachment":[{"href":"https:\/\/hificlub.com.br\/loja\/wp-json\/wp\/v2\/media?parent=1549"}],"wp:term":[{"taxonomy":"product_brand","embeddable":true,"href":"https:\/\/hificlub.com.br\/loja\/wp-json\/wp\/v2\/product_brand?post=1549"},{"taxonomy":"product_cat","embeddable":true,"href":"https:\/\/hificlub.com.br\/loja\/wp-json\/wp\/v2\/product_cat?post=1549"},{"taxonomy":"product_tag","embeddable":true,"href":"https:\/\/hificlub.com.br\/loja\/wp-json\/wp\/v2\/product_tag?post=1549"}],"curies":[{"name":"wp","href":"https:\/\/api.w.org\/{rel}","templated":true}]}}